{"id":38709,"date":"2021-12-21T18:05:55","date_gmt":"2021-12-21T18:05:55","guid":{"rendered":"https:\/\/www.elections.sbcounty.gov\/?page_id=38709"},"modified":"2021-12-21T18:05:55","modified_gmt":"2021-12-21T18:05:55","slug":"measures","status":"publish","type":"page","link":"https:\/\/elections.sbcounty.gov\/es\/elections\/2013\/1105\/measures\/","title":{"rendered":"Measures"},"content":{"rendered":"  <section data-isd-block-id=\"rov-content-blockblock_821d0f4551c22f92cc7065a39c52818b\"\n\t\t\t\t\t\t\t\t\t\t \t\t\t\t\t\t\t\t\t\t\t class=\"card-style main-content-wrapper rov-card-style mb-4\">\n\n\t<h2 class=\"block-subtitle blue\">Medidas Locales en la Boleta para las Elecciones Consolidadas de 2013<\/h2>\n\n\t<div class=\"ctnr-block-content\"><p><strong>Ciudad<\/strong><\/p>\n<table style=\"border-collapse: collapse\">\n<tbody>\n<tr style=\"height: 17.6pt\">\n<th style=\"width: 38.9pt;background: #f2f2f2;height: 17.6pt;border: windowtext 1pt solid;padding: 0in 5.4pt 0in 5.4pt\">\n<p style=\"text-align: center\"><strong>Letra<\/strong><\/p>\n<\/th>\n<th style=\"border-bottom: windowtext 1pt solid;border-left: #f0f0f0;width: 66.5pt;background: #f2f2f2;height: 17.6pt;border-top: windowtext 1pt solid;border-right: windowtext 1pt solid;padding: 0in 5.4pt 0in 5.4pt\">\n<p style=\"text-align: center\"><strong>Jurisdicci\u00f3n<\/strong><\/p>\n<\/th>\n<th style=\"border-bottom: windowtext 1pt solid;border-left: #f0f0f0;width: 100.6pt;background: #f2f2f2;height: 17.6pt;border-top: windowtext 1pt solid;border-right: windowtext 1pt solid;padding: 0in 5.4pt 0in 5.4pt\">\n<p style=\"text-align: center\"><strong>Descripci\u00f3n de la Medida<\/strong><\/p>\n<\/th>\n<th style=\"border-bottom: windowtext 1pt solid;border-left: #f0f0f0;width: 61.35pt;background: #f2f2f2;height: 17.6pt;border-top: windowtext 1pt solid;border-right: windowtext 1pt solid;padding: 0in\">\n<p style=\"text-align: center\"><strong>An\u00e1lisis<\/strong><\/p>\n<\/th>\n<th style=\"border-bottom: windowtext 1pt solid;border-left: #f0f0f0;width: 115.75pt;background: #f2f2f2;height: 17.6pt;border-top: windowtext 1pt solid;border-right: windowtext 1pt solid;padding: 0in 5.4pt 0in 5.4pt\">\n<p style=\"text-align: center\"><strong>Argumentos<\/strong><\/p>\n<\/th>\n<th style=\"border-bottom: windowtext 1pt solid;border-left: #f0f0f0;width: 81pt;background: #f2f2f2;height: 17.6pt;border-top: windowtext 1pt solid;border-right: windowtext 1pt solid;padding: 0in 5.4pt 0in 5.4pt\">\n<p style=\"text-align: center\"><strong>Refutaciones<\/strong><\/p>\n<\/th>\n<th style=\"border-bottom: windowtext 1pt solid;border-left: #f0f0f0;width: 81pt;background: #f2f2f2;height: 17.6pt;border-top: windowtext 1pt solid;border-right: windowtext 1pt solid;padding: 0in 5.4pt 0in 5.4pt\">\n<p style=\"text-align: center\"><strong>Porcentaje para ser Aprobada<\/strong><\/p>\n<\/th>\n<\/tr>\n<tr style=\"height: 38.15pt\">\n<td style=\"border-bottom: windowtext 1pt solid;border-left: windowtext 1pt solid;background-color: transparent;width: 37.9pt;height: 38.15pt;border-top: #f0f0f0;border-right: windowtext 1pt solid;padding: 0in 5.4pt 0in 5.4pt\">\n<p style=\"text-align: center\">B<\/p>\n<\/td>\n<td style=\"border-bottom: windowtext 1pt solid;border-left: #f0f0f0;background-color: transparent;width: 66.5pt;height: 38.15pt;border-top: #f0f0f0;border-right: windowtext 1pt solid;padding: 0in 5.4pt 0in 5.4pt\">\n<p style=\"text-align: center\">Chino<\/p>\n<\/td>\n<td style=\"border-bottom: windowtext 1pt solid;border-left: #f0f0f0;background-color: transparent;width: 100.6pt;height: 38.15pt;border-top: #f0f0f0;border-right: windowtext 1pt solid;padding: 0in 5.4pt 0in 5.4pt\">\n<p style=\"text-align: center\"><a href=\"https:\/\/www.sbcounty.gov\/uploads\/ROV\/Elections\/2013\/1105\/Measures\/WebpageMemo_Resolution_2013-07-17.pdf\" target=\"_blank\" rel=\"noopener\">Propuesta de Enmienda al Plan General<\/a><\/p>\n<\/td>\n<td style=\"border-bottom: windowtext 1pt solid;border-left: #f0f0f0;background-color: transparent;width: 61.35pt;height: 38.15pt;border-top: #f0f0f0;border-right: windowtext 1pt solid;padding: 0in\">\n<p style=\"text-align: center\"><span style=\"text-decoration: underline\"><a href=\"https:\/\/www.sbcounty.gov\/uploads\/ROV\/Elections\/2013\/1105\/Measures\/11.05.2013_Measure%20B_Impartial%20Analysis.pdf\" target=\"_blank\" rel=\"noopener\"><span style=\"text-decoration: underline\">Imparcial<\/span><\/a><\/span><\/p>\n<\/td>\n<td style=\"border-bottom: windowtext 1pt solid;border-left: #f0f0f0;background-color: transparent;width: 115.75pt;height: 38.15pt;border-top: #f0f0f0;border-right: windowtext 1pt solid;padding: 0in 5.4pt 0in 5.4pt\">\n<p style=\"text-align: center\"><span style=\"text-decoration: underline\"><a href=\"https:\/\/www.sbcounty.gov\/uploads\/ROV\/Elections\/2013\/1105\/Measures\/11.05.2013_Measure%20B_Argument%20in%20Favor%20of%20Measure.pdf\" target=\"_blank\" rel=\"noopener\">Argumento a Favor<\/a><\/span><\/p>\n<\/td>\n<td style=\"border-bottom: windowtext 1pt solid;border-left: #f0f0f0;background-color: transparent;width: 189pt;height: 38.15pt;border-top: #f0f0f0;border-right: windowtext 1pt solid;padding: 0in 5.4pt 0in 5.4pt\"><\/td>\n<td style=\"border-bottom: windowtext 1pt solid;border-left: #f0f0f0;background-color: transparent;width: 81pt;height: 38.15pt;border-top: #f0f0f0;border-right: windowtext 1pt solid;padding: 0in 5.4pt 0in 5.4pt\">\n<p style=\"text-align: center\">Mayor\u00eda de votos<\/p>\n<\/td>\n<\/tr>\n<tr style=\"height: 47.6pt\">\n<td style=\"border-bottom: windowtext 1pt solid;border-left: windowtext 1pt solid;background-color: transparent;width: 37.9pt;height: 47.6pt;border-top: #f0f0f0;border-right: windowtext 1pt solid;padding: 0in 5.4pt 0in 5.4pt\">\n<p style=\"text-align: center\">C<\/p>\n<\/td>\n<td style=\"border-bottom: windowtext 1pt solid;border-left: #f0f0f0;background-color: transparent;width: 66.5pt;height: 47.6pt;border-top: #f0f0f0;border-right: windowtext 1pt solid;padding: 0in 5.4pt 0in 5.4pt\">\n<p style=\"text-align: center\">Grand Terrace<\/p>\n<\/td>\n<td style=\"border-bottom: windowtext 1pt solid;border-left: #f0f0f0;background-color: transparent;width: 100.6pt;height: 47.6pt;border-top: #f0f0f0;border-right: windowtext 1pt solid;padding: 0in 5.4pt 0in 5.4pt\">\n<p style=\"text-align: center\"><a href=\"https:\/\/www.sbcounty.gov\/uploads\/ROV\/Elections\/2013\/1105\/Measures\/Memo_Resolution_2013-07-30.pdf\" target=\"_blank\" rel=\"noopener\">Propuesta de\u00a0Impuesto a los Consumidores de Servicios P\u00fablicos<\/a><\/p>\n<\/td>\n<td style=\"border-bottom: windowtext 1pt solid;border-left: #f0f0f0;background-color: transparent;width: 61.35pt;height: 47.6pt;border-top: #f0f0f0;border-right: windowtext 1pt solid;padding: 0in\">\n<p style=\"text-align: center\"><a href=\"https:\/\/www.sbcounty.gov\/uploads\/ROV\/Elections\/2013\/1105\/Measures\/ImpartialAnalysis_MeasureC.pdf\" target=\"_blank\" rel=\"noopener\"><span style=\"text-decoration: underline\">Imparcial<\/span><\/a><\/p>\n<\/td>\n<td style=\"border-bottom: windowtext 1pt solid;border-left: #f0f0f0;background-color: transparent;width: 115.75pt;height: 47.6pt;border-top: #f0f0f0;border-right: windowtext 1pt solid;padding: 0in 5.4pt 0in 5.4pt\">\n<p style=\"text-align: center\"><a href=\"https:\/\/www.sbcounty.gov\/uploads\/ROV\/Elections\/2013\/1105\/Measures\/11.05.2013_Measure%20B_Argument%20in%20Favor%20of%20Measure.pdf\" target=\"_blank\" rel=\"noopener\">Argumento a Favor<\/a><\/p>\n<p style=\"text-align: center\"><a href=\"https:\/\/www.sbcounty.gov\/uploads\/ROV\/Elections\/2013\/1105\/Measures\/Argument_AgainstMeasure.PDF\" target=\"_blank\" rel=\"noopener\">Argumento en Contra<\/a><\/p>\n<\/td>\n<td style=\"border-bottom: windowtext 1pt solid;border-left: #f0f0f0;background-color: transparent;width: 189pt;height: 47.6pt;border-top: #f0f0f0;border-right: windowtext 1pt solid;padding: 0in 5.4pt 0in 5.4pt\"><u>Refutaci\u00f3n del Argumento a Favor<\/u>\n<p>&nbsp;<\/p>\n<p><a href=\"https:\/\/www.sbcounty.gov\/uploads\/ROV\/Elections\/2013\/1105\/Measures\/Rebuttal_ForMeasure_2013-08-27.PDF\" target=\"_blank\" rel=\"noopener\">Refutaci\u00f3n del Argumento en Contra<\/a><\/p><\/td>\n<td style=\"border-bottom: windowtext 1pt solid;border-left: #f0f0f0;background-color: transparent;width: 81pt;height: 47.6pt;border-top: #f0f0f0;border-right: windowtext 1pt solid;padding: 0in 5.4pt 0in 5.4pt\">\n<p style=\"text-align: center\">Mayor\u00eda de votos<\/p>\n<\/td>\n<\/tr>\n<\/tbody>\n<\/table>\n<p><strong>Avisos P\u00fablicos y Formularios Relacionados:<\/strong><\/p>\n<p><a href=\"https:\/\/www.sbcounty.gov\/uploads\/ROV\/Elections\/2013\/1105\/PublicNotice_Measures.pdf\" target=\"_blank\" rel=\"noopener\">Aviso P\u00fablico:\u00a0Designaciones de Medidas<\/a>\u00a0[pdf]<\/p>\n<\/div>\n\n  <\/section>\n\n\t","protected":false},"excerpt":{"rendered":"<p>Medidas Locales en la Boleta para las Elecciones Consolidadas de 2013 Ciudad Letra Jurisdicci\u00f3n Descripci\u00f3n de la Medida An\u00e1lisis Argumentos Refutaciones Porcentaje para ser Aprobada B Chino Propuesta de Enmienda al Plan General Imparcial Argumento a Favor Mayor\u00eda de votos C Grand Terrace Propuesta de\u00a0Impuesto a los Consumidores de Servicios<span class=\"ellipsis\">&#8230;<\/span><\/p>\n","protected":false},"author":19,"featured_media":37382,"parent":38664,"menu_order":0,"comment_status":"closed","ping_status":"closed","template":"templates\/rov-full-width-no-title-template.php","meta":{"_acf_changed":false,"footnotes":""},"class_list":["post-38709","page","type-page","status-publish","has-post-thumbnail","hentry"],"acf":[],"_links":{"self":[{"href":"https:\/\/elections.sbcounty.gov\/es\/wp-json\/wp\/v2\/pages\/38709","targetHints":{"allow":["GET"]}}],"collection":[{"href":"https:\/\/elections.sbcounty.gov\/es\/wp-json\/wp\/v2\/pages"}],"about":[{"href":"https:\/\/elections.sbcounty.gov\/es\/wp-json\/wp\/v2\/types\/page"}],"author":[{"embeddable":true,"href":"https:\/\/elections.sbcounty.gov\/es\/wp-json\/wp\/v2\/users\/19"}],"replies":[{"embeddable":true,"href":"https:\/\/elections.sbcounty.gov\/es\/wp-json\/wp\/v2\/comments?post=38709"}],"version-history":[{"count":0,"href":"https:\/\/elections.sbcounty.gov\/es\/wp-json\/wp\/v2\/pages\/38709\/revisions"}],"up":[{"embeddable":true,"href":"https:\/\/elections.sbcounty.gov\/es\/wp-json\/wp\/v2\/pages\/38664"}],"wp:featuredmedia":[{"embeddable":true,"href":"https:\/\/elections.sbcounty.gov\/es\/wp-json\/wp\/v2\/media\/37382"}],"wp:attachment":[{"href":"https:\/\/elections.sbcounty.gov\/es\/wp-json\/wp\/v2\/media?parent=38709"}],"curies":[{"name":"wp","href":"https:\/\/api.w.org\/{rel}","templated":true}]}}