{"id":3854,"date":"2019-04-15T19:57:59","date_gmt":"2019-04-15T19:57:59","guid":{"rendered":"https:\/\/www.elections.sbcounty.gov\/?page_id=3854"},"modified":"2025-12-12T11:04:52","modified_gmt":"2025-12-12T19:04:52","slug":"federal","status":"publish","type":"page","link":"https:\/\/elections.sbcounty.gov\/es\/elected-officials-candidates\/federal\/","title":{"rendered":"Federales"},"content":{"rendered":"  <section data-isd-block-id=\"rov-content-blockblock_e1c4d4040978665c998cf4f0d2f7d9e6\"\n\t\t\t\t\t\t\t\t\t\t \t\t\t\t\t\t\t\t\t\t\t class=\"card-style main-content-wrapper rov-card-style mb-4\">\n\n\t<h2 class=\"block-subtitle blue\">Funcionarios Electos Federales<\/h2>\n\n\t<div class=\"ctnr-block-content\"><table style=\"border-collapse: collapse\" border=\"1\">\n<thead>\n<tr style=\"color: white;font-weight: bold;background-color: black\">\n<th colspan=\"4\"><strong>Estados Unidos<\/strong><\/th>\n<\/tr>\n<tr style=\"color: white;font-weight: bold;background-color: black\">\n<th><strong>Funcionario Electo<\/strong><\/th>\n<th><strong>Tel\u00e9fono<\/strong><\/th>\n<th>Sitio web<\/th>\n<th>Correo electr\u00f3nico<\/th>\n<\/tr>\n<\/thead>\n<tbody>\n<tr style=\"color: white;font-weight: bold;background-color: grey\">\n<td colspan=\"4\">Presidente y Vicepresidenta<\/td>\n<\/tr>\n<tr>\n<td>TRUMP, DONALD J. &#8211; VANCE, JD<\/td>\n<td>(202)456-1414<\/td>\n<td><a href=\"https:\/\/www.whitehouse.gov\/\" target=\"_blank\" rel=\"noopener\" aria-label=\"Haga Clic Aqu\u00ed para white house\">Haga Clic Aqu\u00ed<\/a><\/td>\n<td>President@whitehouse.gov<\/td>\n<\/tr>\n<tr style=\"color: white;font-weight: bold;background-color: grey\">\n<td colspan=\"4\">Senadores de Estados Unidos<\/td>\n<\/tr>\n<tr>\n<td>SCHIFF, ADAM B.<\/td>\n<td>(202)224-3841<\/td>\n<td><a href=\"https:\/\/www.schiff.senate.gov\/\" target=\"_blank\" rel=\"noopener\" aria-label=\"Haga Clic Aqu\u00ed para Unites States Senator for California, Alex Padilla\">Haga Clic Aqu\u00ed<\/a><\/td>\n<td>Ninguno registrado.<\/td>\n<\/tr>\n<tr>\n<td>PADILLA, ALEX<\/td>\n<td>(202)224-3553<\/td>\n<td><a href=\"https:\/\/www.padilla.senate.gov\/\" target=\"_blank\" rel=\"noopener\" aria-label=\"Haga Clic Aqu\u00ed para Unites States Senator for California, Alex Padilla\">Haga Clic Aqu\u00ed<\/a><\/td>\n<td>Ninguno registrado.<\/td>\n<\/tr>\n<tr style=\"color: white;font-weight: bold;background-color: grey\">\n<td colspan=\"4\">Representante de Estados Unidos Distrito 23<\/td>\n<\/tr>\n<tr>\n<td>OBERNOLTE, JAY<\/td>\n<td>(202)225-5861<\/td>\n<td><a href=\"https:\/\/obernolte.house.gov\/\" target=\"_blank\" rel=\"noopener\" aria-label=\"Haga Clic Aqu\u00ed para United States Representative District 8, Jay Obernolte\">Haga Clic Aqu\u00ed<\/a><\/td>\n<td>Ninguno registrado.<\/td>\n<\/tr>\n<tr style=\"color: white;font-weight: bold;background-color: grey\">\n<td colspan=\"4\">Representante de Estados Unidos Distrito 25<\/td>\n<\/tr>\n<tr>\n<td>RUIZ, RAUL<\/td>\n<td>(202)225-5330<\/td>\n<td><a href=\"https:\/\/ruiz.house.gov\/\" target=\"_blank\" rel=\"noopener\" aria-label=\"Haga Clic Aqu\u00ed para United States Representative District 27, Judy Chu\">Haga Clic Aqu\u00ed<\/a><\/td>\n<td>Ninguno registrado.<\/td>\n<\/tr>\n<tr style=\"color: white;font-weight: bold;background-color: grey\">\n<td colspan=\"4\">Representante de Estados Unidos Distrito 28<\/td>\n<\/tr>\n<tr>\n<td>CHU, JUDY<\/td>\n<td>(202)225-5464<\/td>\n<td><a href=\"https:\/\/chu.house.gov\/\" target=\"_blank\" rel=\"noopener\" aria-label=\"Haga Clic Aqu\u00ed para United States Representative District 31, Pete Aguliar\">Haga Clic Aqu\u00ed<\/a><\/td>\n<td>Ninguno registrado.<\/td>\n<\/tr>\n<tr style=\"color: white;font-weight: bold;background-color: grey\">\n<td colspan=\"4\">Representante de Estados Unidos Distrito 31<\/td>\n<\/tr>\n<tr>\n<td>A SER ELECTO EN 2026<\/td>\n<td>Ninguno registrado.<\/td>\n<td>Ninguno registrado.<\/td>\n<td>Ninguno registrado.<\/td>\n<\/tr>\n<tr style=\"color: white;font-weight: bold;background-color: grey\">\n<td colspan=\"4\">Representante de Estados Unidos Distrito 33<\/td>\n<\/tr>\n<tr>\n<td>AGUILAR, PETE<\/td>\n<td>(202)225-3201<\/td>\n<td><a href=\"https:\/\/aguilar.house.gov\/\" target=\"_blank\" rel=\"noopener\" aria-label=\"Haga Clic Aqu\u00ed para United States Representative District 35, Norma Torres\">Haga Clic Aqu\u00ed<\/a><\/td>\n<td>Ninguno registrado.<\/td>\n<\/tr>\n<tr style=\"color: white;font-weight: bold;background-color: grey\">\n<td colspan=\"4\">Representante de Estados Unidos Distrito 35<\/td>\n<\/tr>\n<tr>\n<td>TORRES, NORMA J.<\/td>\n<td>(202)225-6161<\/td>\n<td><a href=\"https:\/\/torres.house.gov\/\" target=\"_blank\" rel=\"noopener\" aria-label=\"Haga Clic Aqu\u00ed para United States Representative District 39, Young Kim\">Haga Clic Aqu\u00ed<\/a><\/td>\n<td>Ninguno registrado.<\/td>\n<\/tr>\n<tr style=\"color: white;font-weight: bold;background-color: grey\">\n<td colspan=\"4\">Representante de Estados Unidos Distrito 40<\/td>\n<\/tr>\n<tr>\n<td>KIM, YOUNG<\/td>\n<td>(202)225-4111<\/td>\n<td><a href=\"https:\/\/youngkim.house.gov\/\" target=\"_blank\" rel=\"noopener\" aria-label=\"Haga Clic Aqu\u00ed para United States Representative District 39, Young Kim\">Haga Clic Aqu\u00ed<\/a><\/td>\n<td>Ninguno registrado.<\/td>\n<\/tr>\n<\/tbody>\n<\/table>\n<\/div>\n\n  <\/section>\n\n\t","protected":false},"excerpt":{"rendered":"<p>Funcionarios Electos Federales Estados Unidos Funcionario Electo Tel\u00e9fono Sitio web Correo electr\u00f3nico Presidente y Vicepresidenta TRUMP, DONALD J. &#8211; VANCE, JD (202)456-1414 Haga Clic Aqu\u00ed President@whitehouse.gov Senadores de Estados Unidos SCHIFF, ADAM B. (202)224-3841 Haga Clic Aqu\u00ed Ninguno registrado. PADILLA, ALEX (202)224-3553 Haga Clic Aqu\u00ed Ninguno registrado. Representante de Estados<span class=\"ellipsis\">&#8230;<\/span><\/p>\n","protected":false},"author":19,"featured_media":37382,"parent":126,"menu_order":0,"comment_status":"closed","ping_status":"closed","template":"templates\/rov-left-sidebar-template.php","meta":{"_acf_changed":false,"footnotes":""},"class_list":["post-3854","page","type-page","status-publish","has-post-thumbnail","hentry"],"acf":[],"_links":{"self":[{"href":"https:\/\/elections.sbcounty.gov\/es\/wp-json\/wp\/v2\/pages\/3854","targetHints":{"allow":["GET"]}}],"collection":[{"href":"https:\/\/elections.sbcounty.gov\/es\/wp-json\/wp\/v2\/pages"}],"about":[{"href":"https:\/\/elections.sbcounty.gov\/es\/wp-json\/wp\/v2\/types\/page"}],"author":[{"embeddable":true,"href":"https:\/\/elections.sbcounty.gov\/es\/wp-json\/wp\/v2\/users\/19"}],"replies":[{"embeddable":true,"href":"https:\/\/elections.sbcounty.gov\/es\/wp-json\/wp\/v2\/comments?post=3854"}],"version-history":[{"count":9,"href":"https:\/\/elections.sbcounty.gov\/es\/wp-json\/wp\/v2\/pages\/3854\/revisions"}],"predecessor-version":[{"id":92236,"href":"https:\/\/elections.sbcounty.gov\/es\/wp-json\/wp\/v2\/pages\/3854\/revisions\/92236"}],"up":[{"embeddable":true,"href":"https:\/\/elections.sbcounty.gov\/es\/wp-json\/wp\/v2\/pages\/126"}],"wp:featuredmedia":[{"embeddable":true,"href":"https:\/\/elections.sbcounty.gov\/es\/wp-json\/wp\/v2\/media\/37382"}],"wp:attachment":[{"href":"https:\/\/elections.sbcounty.gov\/es\/wp-json\/wp\/v2\/media?parent=3854"}],"curies":[{"name":"wp","href":"https:\/\/api.w.org\/{rel}","templated":true}]}}