{"id":38517,"date":"2021-12-21T17:35:54","date_gmt":"2021-12-21T17:35:54","guid":{"rendered":"https:\/\/www.elections.sbcounty.gov\/?page_id=38517"},"modified":"2024-06-06T10:53:02","modified_gmt":"2024-06-06T17:53:02","slug":"0924","status":"publish","type":"page","link":"https:\/\/elections.sbcounty.gov\/es\/elections\/2013\/0924\/","title":{"rendered":"Archivo de Elecciones Generales Especiales del Distrito de Asamblea 52 del Estado"},"content":{"rendered":"  <section data-isd-block-id=\"rov-content-blockblock_592b6720ba8f7e9c63ba0a2b4dabbed5\"\n\t\t\t\t\t\t\t\t\t\t \t\t\t\t\t\t\t\t\t\t\t class=\"card-style main-content-wrapper rov-card-style mb-4\">\n\n\t<h2 class=\"block-subtitle blue\">Publicaciones Electorales<\/h2>\n\n\t<div class=\"ctnr-block-content\"><ul>\n<li>La\u00a0<a href=\"https:\/\/www.sbcounty.gov\/uploads\/ROV\/Elections\/2013\/0924\/InternetVIG_Sep-24-2013.pdf\" target=\"_blank\" rel=\"noopener\">Gu\u00eda de Informaci\u00f3n para el Votante<\/a>\u00a0[pdf] es un manual que se env\u00eda a todos los votantes donde se describe lo que hay en la boleta y las opciones de voto.<\/li>\n<li><a href=\"https:\/\/elections.sbcounty.gov\/es\/News\/2013\/\"><strong>Comunicados de Prensa y Avisos P\u00fablicos<\/strong><\/a><\/li>\n<\/ul>\n<\/div>\n\n  <\/section>\n\n\t\n\n  <section data-isd-block-id=\"rov-content-blockblock_072a1ec83fd4c6adb39986b394de39fa\"\n\t\t\t\t\t\t\t\t\t\t \t\t\t\t\t\t\t\t\t\t\t class=\"card-style main-content-wrapper rov-card-style mb-4\">\n\n\t<h2 class=\"block-subtitle blue\">Fechas Clave y Fechas L\u00edmite<\/h2>\n\n\t<div class=\"ctnr-block-content\"><table class=\"table table-striped\" style=\"width: 99%\">\n<colgroup>\n<col \/>\n<col \/><\/colgroup>\n<thead>\n<tr style=\"height: 12.6pt\">\n<th style=\"padding: 0in 5.4pt;border: 1pt solid windowtext;width: 134.3pt;height: 12.6pt;background-color: #d9d9d9\">\n<p style=\"text-align: center\"><strong>Fecha<\/strong><\/p>\n<\/th>\n<th style=\"border-color: windowtext windowtext windowtext #f0f0f0;padding: 0in 5.4pt;width: 368.3pt;height: 12.6pt;border-top-width: 1pt;border-right-width: 1pt;border-bottom-width: 1pt;border-top-style: solid;border-right-style: solid;border-bottom-style: solid;background-color: #d9d9d9\">\n<p style=\"text-align: center\"><strong>Acci\u00f3n<\/strong><\/p>\n<\/th>\n<\/tr>\n<\/thead>\n<tbody>\n<tr>\n<td>23 de julio\u00a0de 2013<\/td>\n<td>Elecciones Primarias Especiales del Distrito\u00a0de Asamblea 52 del Estado<\/td>\n<\/tr>\n<tr>\n<td>26 de agosto de 2013<\/td>\n<td>Comienza el voto anticipado<\/td>\n<\/tr>\n<tr>\n<td>9 de septiembre\u00a0de 2013<\/td>\n<td>Fecha l\u00edmite para el registro de votantes<\/td>\n<\/tr>\n<tr>\n<td>17 de septiembre\u00a0de 2013<\/td>\n<td>Fecha l\u00edmite para solicitar Boletas por Correo<\/td>\n<\/tr>\n<tr>\n<td><strong>24 de septiembre\u00a0de 2013<\/strong><\/td>\n<td><strong>Elecciones Generales Especiales del Distrito\u00a0de Asamblea 52 del Estado<\/strong><\/td>\n<\/tr>\n<tr>\n<td>25 de septiembre\u00a0de 2013<\/td>\n<td>Comienza el escrutinio de las Elecciones<\/td>\n<\/tr>\n<tr>\n<td>4 de octubre\u00a0de 2013<\/td>\n<td>Fecha l\u00edmite para que la Oficina de Elecciones complete el escrutinio y certifique los resultados ante el Secretario de Estado<\/td>\n<\/tr>\n<tr>\n<td>1.\u00ba de noviembre de 2013<\/td>\n<td>Fecha l\u00edmite para que el Secretario de Estado certifique las Elecciones<\/td>\n<\/tr>\n<\/tbody>\n<\/table>\n<\/div>\n\n  <\/section>\n\n\t\n\n  <section data-isd-block-id=\"rov-content-blockblock_ca89ee0f32f5caf7dab168018888c0f9\"\n\t\t\t\t\t\t\t\t\t\t \t\t\t\t\t\t\t\t\t\t\t class=\"card-style main-content-wrapper rov-card-style mb-4\">\n\n\t<h2 class=\"block-subtitle blue\">Informaci\u00f3n de los Cargos y Candidatos <\/h2>\n\n\t<div class=\"ctnr-block-content\"><p><strong>Cargos a Elegir:<\/strong><\/p>\n<ul>\n<li>Consulte\u00a0<a href=\"https:\/\/www.sbcounty.gov\/uploads\/ROV\/OfficialsandCandidates\/Calendar_Offices_Up_for_Election_2013-05-23.pdf\" target=\"_blank\" rel=\"noopener\">todos los Cargos a Elegir<\/a>\u00a0[pdf] para 2013.<\/li>\n<\/ul>\n<p><strong>Presentaci\u00f3n de Candidatos:<\/strong><\/p>\n<p>No se Present\u00f3 Candidato para esta elecci\u00f3n.\u00a0Visite nuestra p\u00e1gina de\u00a0<a href=\"https:\/\/elections.sbcounty.gov\/es\/Elected-Officials-Candidates\/\">Funcionarios Electos y Candidatos<\/a>\u00a0para obtener la informaci\u00f3n completa y las instrucciones.<\/p>\n<p><strong>Lista de Candidatos:<\/strong><\/p>\n<ul>\n<li>Consulte\u00a0la\u00a0<a href=\"https:\/\/elections.cdn.sos.ca.gov\/special-elections\/2013-ad52\/general-certified-list.pdf\" target=\"_blank\" rel=\"noopener\">Lista Certificada de Candidatos<\/a>\u00a0del Secretario de Estado [pdf].<\/li>\n<\/ul>\n<\/div>\n\n  <\/section>\n\n\t\n\n  <section data-isd-block-id=\"rov-content-blockblock_1d2d7edb4891a25a18d3f3d3e9551950\"\n\t\t\t\t\t\t\t\t\t\t \t\t\t\t\t\t\t\t\t\t\t class=\"card-style main-content-wrapper rov-card-style mb-4\">\n\n\t<h2 class=\"block-subtitle blue\">Registro de Votantes<\/h2>\n\n\t<div class=\"ctnr-block-content\"><p>Su solicitud de registro de votante debe tener el sello postal a m\u00e1s tardar el <strong>9 de septiembre de 2013<\/strong>\u00a0para que sea elegible para votar en las Elecciones Generales Especiales.\u00a0\u00a0Visite nuestra\u00a0<a href=\"https:\/\/elections.sbcounty.gov\/es\/VoterRegistration\/when\/\">p\u00e1gina del Registro de Votantes<\/a>\u00a0para obtener informaci\u00f3n completa e instrucciones.<\/p>\n<ul>\n<li>Consulte el\u00a0<a href=\"https:\/\/www.sbcounty.gov\/uploads\/ROV\/Elections\/2013\/0924\/15-DayCloseRegistrationSummary(09-24-2013%20Election).pdf\" target=\"_blank\" rel=\"noopener\">Resumen del Registro de Votantes Calificados<\/a>\u00a0[pdf].<\/li>\n<\/ul>\n<\/div>\n\n  <\/section>\n\n\t\n\n  <section data-isd-block-id=\"rov-content-blockblock_85a58a7bfd56cc878a172c593dd412b9\"\n\t\t\t\t\t\t\t\t\t\t \t\t\t\t\t\t\t\t\t\t\t class=\"card-style main-content-wrapper rov-card-style mb-4\">\n\n\t<h2 class=\"block-subtitle blue\">Opciones de Voto<\/h2>\n\n\t<div class=\"ctnr-block-content\"><ul>\n<li>Vote de manera anticipada en la Oficina de Elecciones a partir del\u00a0\u00a0\u00a0\u00a0\u00a0 26 de agosto de 2013.<\/li>\n<li>Vote en una Boleta de Voto por Correo. La\u00a0Solicitud de Boleta por Correo [ya no se encuentra disponible] vence el\u00a017 de septiembre de 2013.<\/li>\n<li>Encuentre la ubicaci\u00f3n de una Casilla Electoral [ya no est\u00e1 disponible]<\/li>\n<\/ul>\n<p>Visite nuestra\u00a0<a href=\"https:\/\/elections.sbcounty.gov\/es\/Voting\/\">p\u00e1gina de Opciones de Voto<\/a>\u00a0para obtener la informaci\u00f3n completa y las instrucciones.<\/p>\n<p><strong>Votantes Militares y en el Extranjero:<\/strong><\/p>\n<p>Los ciudadanos Uniformados y en el Extranjero pueden obtener una\u00a0Gu\u00eda de Informaci\u00f3n para el Votante y Boleta de Muestra [el enlace ya no est\u00e1 disponibles]\u00a0as\u00ed como una Boleta [el enlace ya no est\u00e1 disponible]\u00a0para estas elecciones. Para obtener informaci\u00f3n completa, visite nuestra\u00a0<a href=\"https:\/\/www.sos.ca.gov\/elections\/voter-registration\/military-overseas-voters\" target=\"_blank\" rel=\"noopener\">p\u00e1gina de Votantes Militares y en el Extranjero<\/a>.<\/p>\n<\/div>\n\n  <\/section>\n\n\t\n\n  <section data-isd-block-id=\"rov-content-blockblock_57e7baf7fa77c059c76a768d20ef179e\"\n\t\t\t\t\t\t\t\t\t\t \t\t\t\t\t\t\t\t\t\t\t class=\"card-style main-content-wrapper rov-card-style mb-4\">\n\n\t<h2 class=\"block-subtitle blue\">Resultados de las Elecciones<\/h2>\n\n\t<div class=\"ctnr-block-content\"><ul>\n<li><a href=\"https:\/\/results.rov.sbcounty.gov\/results\/20130924\/default.html\" target=\"_blank\" rel=\"noopener\">Resultados de las Elecciones<\/a><\/li>\n<li><a href=\"https:\/\/www.sbcounty.gov\/uploads\/ROV\/Elections\/2013\/0924\/SOVBook9-24-13.pdf\" target=\"_blank\" rel=\"noopener\">Declaraci\u00f3n de Votos Emitidos<\/a><u><\/u><\/li>\n<\/ul>\n<\/div>\n\n  <\/section>\n\n\t","protected":false},"excerpt":{"rendered":"<p>Publicaciones Electorales La\u00a0Gu\u00eda de Informaci\u00f3n para el Votante\u00a0[pdf] es un manual que se env\u00eda a todos los votantes donde se describe lo que hay en la boleta y las opciones de voto. Comunicados de Prensa y Avisos P\u00fablicos Fechas Clave y Fechas L\u00edmite Fecha Acci\u00f3n 23 de julio\u00a0de 2013 Elecciones<span class=\"ellipsis\">&#8230;<\/span><\/p>\n","protected":false},"author":19,"featured_media":37382,"parent":38190,"menu_order":0,"comment_status":"closed","ping_status":"closed","template":"templates\/rov-left-sidebar-template.php","meta":{"_acf_changed":false,"footnotes":""},"class_list":["post-38517","page","type-page","status-publish","has-post-thumbnail","hentry"],"acf":[],"_links":{"self":[{"href":"https:\/\/elections.sbcounty.gov\/es\/wp-json\/wp\/v2\/pages\/38517","targetHints":{"allow":["GET"]}}],"collection":[{"href":"https:\/\/elections.sbcounty.gov\/es\/wp-json\/wp\/v2\/pages"}],"about":[{"href":"https:\/\/elections.sbcounty.gov\/es\/wp-json\/wp\/v2\/types\/page"}],"author":[{"embeddable":true,"href":"https:\/\/elections.sbcounty.gov\/es\/wp-json\/wp\/v2\/users\/19"}],"replies":[{"embeddable":true,"href":"https:\/\/elections.sbcounty.gov\/es\/wp-json\/wp\/v2\/comments?post=38517"}],"version-history":[{"count":11,"href":"https:\/\/elections.sbcounty.gov\/es\/wp-json\/wp\/v2\/pages\/38517\/revisions"}],"predecessor-version":[{"id":84088,"href":"https:\/\/elections.sbcounty.gov\/es\/wp-json\/wp\/v2\/pages\/38517\/revisions\/84088"}],"up":[{"embeddable":true,"href":"https:\/\/elections.sbcounty.gov\/es\/wp-json\/wp\/v2\/pages\/38190"}],"wp:featuredmedia":[{"embeddable":true,"href":"https:\/\/elections.sbcounty.gov\/es\/wp-json\/wp\/v2\/media\/37382"}],"wp:attachment":[{"href":"https:\/\/elections.sbcounty.gov\/es\/wp-json\/wp\/v2\/media?parent=38517"}],"curies":[{"name":"wp","href":"https:\/\/api.w.org\/{rel}","templated":true}]}}