{"id":38478,"date":"2021-12-20T22:24:32","date_gmt":"2021-12-20T22:24:32","guid":{"rendered":"https:\/\/www.elections.sbcounty.gov\/?page_id=38478"},"modified":"2024-06-06T10:55:21","modified_gmt":"2024-06-06T17:55:21","slug":"0723","status":"publish","type":"page","link":"https:\/\/elections.sbcounty.gov\/es\/elections\/2013\/0723\/","title":{"rendered":"Archivo de Elecciones Primarias Especiales del Distrito de Asamblea\u00a052"},"content":{"rendered":"  <section data-isd-block-id=\"rov-content-blockblock_ba4c8bf29454a7f14f2b92742656d947\"\n\t\t\t\t\t\t\t\t\t\t \t\t\t\t\t\t\t\t\t\t\t class=\"card-style main-content-wrapper rov-card-style mb-4\">\n\n\t<h2 class=\"block-subtitle blue\">Publicaciones Electorales<\/h2>\n\n\t<div class=\"ctnr-block-content\"><ul>\n<li>La\u00a0<a href=\"https:\/\/www.sbcounty.gov\/uploads\/ROV\/Elections\/2013\/0723\/InternetVIG_Jul-23-2013.pdf\" target=\"_blank\" rel=\"noopener\">Gu\u00eda de Informaci\u00f3n para el Votante<\/a>\u00a0[pdf] es un manual que se env\u00eda a todos los votantes donde se describe lo que hay en la boleta y las opciones de voto.<\/li>\n<li><a href=\"https:\/\/elections.sbcounty.gov\/es\/News\/2013\/\"><strong>Comunicados de Prensa y Avisos P\u00fablicos<\/strong><\/a><\/li>\n<\/ul>\n<\/div>\n\n  <\/section>\n\n\t\n\n  <section data-isd-block-id=\"rov-content-blockblock_f40281f1b7065ea961ebe58a06a5eff0\"\n\t\t\t\t\t\t\t\t\t\t \t\t\t\t\t\t\t\t\t\t\t class=\"card-style main-content-wrapper rov-card-style mb-4\">\n\n\t<h2 class=\"block-subtitle blue\">Fechas Clave y Fechas L\u00edmite<\/h2>\n\n\t<div class=\"ctnr-block-content\"><table style=\"width: 535pt;border-collapse: collapse\" border=\"0\" width=\"710\" cellspacing=\"0\" cellpadding=\"0\">\n<thead>\n<tr style=\"height: 12.6pt\">\n<th style=\"padding: 0in 5.4pt;border: 1pt solid windowtext;width: 100.5pt;height: 12.6pt;background-color: #d9d9d9\">\n<p style=\"text-align: center\"><strong>Fecha<\/strong><\/p>\n<\/th>\n<th style=\"border-color: windowtext windowtext windowtext #f0f0f0;padding: 0in 5.4pt;width: 406.5pt;height: 12.6pt;border-top-width: 1pt;border-right-width: 1pt;border-bottom-width: 1pt;border-top-style: solid;border-right-style: solid;border-bottom-style: solid;background-color: #d9d9d9\">\n<p style=\"text-align: center\"><strong>Acci\u00f3n<\/strong><\/p>\n<\/th>\n<\/tr>\n<\/thead>\n<tbody>\n<tr style=\"height: 12.6pt\">\n<td style=\"border-color: #f0f0f0 windowtext windowtext;padding: 0in 5.4pt;width: 100.5pt;height: 12.6pt;border-right-width: 1pt;border-bottom-width: 1pt;border-left-width: 1pt;border-right-style: solid;border-bottom-style: solid;border-left-style: solid;background-color: transparent\">\n<p style=\"text-align: center\">21 de mayo de 2013<\/p>\n<\/td>\n<td style=\"border-color: #f0f0f0 windowtext windowtext #f0f0f0;padding: 0in 5.4pt;width: 406.5pt;height: 12.6pt;border-right-width: 1pt;border-bottom-width: 1pt;border-right-style: solid;border-bottom-style: solid;background-color: transparent\">\n<p style=\"text-align: center\">El gobernador firma la proclamaci\u00f3n donde convoca a Elecciones Especiales<\/p>\n<\/td>\n<\/tr>\n<tr style=\"height: 12.6pt\">\n<td style=\"border-color: #f0f0f0 windowtext windowtext;padding: 0in 5.4pt;width: 100.5pt;height: 12.6pt;border-right-width: 1pt;border-bottom-width: 1pt;border-left-width: 1pt;border-right-style: solid;border-bottom-style: solid;border-left-style: solid;background-color: transparent\">\n<p style=\"text-align: center\">21 de mayo de 2013<\/p>\n<\/td>\n<td style=\"border-color: #f0f0f0 windowtext windowtext #f0f0f0;padding: 0in 5.4pt;width: 406.5pt;height: 12.6pt;border-right-width: 1pt;border-bottom-width: 1pt;border-right-style: solid;border-bottom-style: solid;background-color: transparent\">\n<p style=\"text-align: center\">Comienza la presentaci\u00f3n de candidatos<\/p>\n<\/td>\n<\/tr>\n<tr style=\"height: 12.6pt\">\n<td style=\"border-color: #f0f0f0 windowtext windowtext;padding: 0in 5.4pt;width: 100.5pt;height: 12.6pt;border-right-width: 1pt;border-bottom-width: 1pt;border-left-width: 1pt;border-right-style: solid;border-bottom-style: solid;border-left-style: solid;background-color: transparent\">\n<p style=\"text-align: center\">31 de mayo de 2013<\/p>\n<\/td>\n<td style=\"border-color: #f0f0f0 windowtext windowtext #f0f0f0;padding: 0in 5.4pt;width: 406.5pt;height: 12.6pt;border-right-width: 1pt;border-bottom-width: 1pt;border-right-style: solid;border-bottom-style: solid;background-color: transparent\">\n<p style=\"text-align: center\">Fecha l\u00edmite de presentaci\u00f3n de candidatos<\/p>\n<\/td>\n<\/tr>\n<tr style=\"height: 12.6pt\">\n<td style=\"border-color: #f0f0f0 windowtext windowtext;padding: 0in 5.4pt;width: 100.5pt;height: 12.6pt;border-right-width: 1pt;border-bottom-width: 1pt;border-left-width: 1pt;border-right-style: solid;border-bottom-style: solid;border-left-style: solid;background-color: transparent\">\n<p style=\"text-align: center\">24 de junio de 2013<\/p>\n<\/td>\n<td style=\"border-color: #f0f0f0 windowtext windowtext #f0f0f0;padding: 0in 5.4pt;width: 406.5pt;height: 12.6pt;border-right-width: 1pt;border-bottom-width: 1pt;border-right-style: solid;border-bottom-style: solid;background-color: transparent\">\n<p style=\"text-align: center\">Comienza el voto anticipado<\/p>\n<\/td>\n<\/tr>\n<tr style=\"height: 12.6pt\">\n<td style=\"border-color: #f0f0f0 windowtext windowtext;padding: 0in 5.4pt;width: 100.5pt;height: 12.6pt;border-right-width: 1pt;border-bottom-width: 1pt;border-left-width: 1pt;border-right-style: solid;border-bottom-style: solid;border-left-style: solid;background-color: transparent\">\n<p style=\"text-align: center\">8 de julio de 2013<\/p>\n<\/td>\n<td style=\"border-color: #f0f0f0 windowtext windowtext #f0f0f0;padding: 0in 5.4pt;width: 406.5pt;height: 12.6pt;border-right-width: 1pt;border-bottom-width: 1pt;border-right-style: solid;border-bottom-style: solid;background-color: transparent\">\n<p style=\"text-align: center\">Fecha l\u00edmite para el registro de votantes<\/p>\n<p>&nbsp;<\/p><\/td>\n<\/tr>\n<tr style=\"height: 12.6pt\">\n<td style=\"border-color: #f0f0f0 windowtext windowtext;padding: 0in 5.4pt;width: 100.5pt;height: 12.6pt;border-right-width: 1pt;border-bottom-width: 1pt;border-left-width: 1pt;border-right-style: solid;border-bottom-style: solid;border-left-style: solid;background-color: transparent\">\n<p style=\"text-align: center\">16 de julio de 2013<\/p>\n<\/td>\n<td style=\"border-color: #f0f0f0 windowtext windowtext #f0f0f0;padding: 0in 5.4pt;width: 406.5pt;height: 12.6pt;border-right-width: 1pt;border-bottom-width: 1pt;border-right-style: solid;border-bottom-style: solid;background-color: transparent\">\n<p style=\"text-align: center\">Fecha l\u00edmite para solicitar una Boleta por Correo<\/p>\n<\/td>\n<\/tr>\n<tr style=\"height: 13.4pt\">\n<td style=\"border-color: #f0f0f0 windowtext windowtext;padding: 0in 5.4pt;width: 100.5pt;height: 13.4pt;border-right-width: 1pt;border-bottom-width: 1pt;border-left-width: 1pt;border-right-style: solid;border-bottom-style: solid;border-left-style: solid;background-color: transparent\">\n<p style=\"text-align: center\"><strong>23 de julio de 2013<\/strong><\/p>\n<\/td>\n<td style=\"border-color: #f0f0f0 windowtext windowtext #f0f0f0;padding: 0in 5.4pt;width: 406.5pt;height: 13.4pt;border-right-width: 1pt;border-bottom-width: 1pt;border-right-style: solid;border-bottom-style: solid;background-color: transparent\">\n<p style=\"text-align: center\"><strong>Elecciones Primarias Especiales del Distrito de Asamblea 52<\/strong><\/p>\n<\/td>\n<\/tr>\n<tr style=\"height: 13.4pt\">\n<td style=\"border-color: #f0f0f0 windowtext windowtext;padding: 0in 5.4pt;width: 100.5pt;height: 13.4pt;border-right-width: 1pt;border-bottom-width: 1pt;border-left-width: 1pt;border-right-style: solid;border-bottom-style: solid;border-left-style: solid;background-color: transparent\">\n<p style=\"text-align: center\">24 de julio de 2013<\/p>\n<\/td>\n<td style=\"border-color: #f0f0f0 windowtext windowtext #f0f0f0;padding: 0in 5.4pt;width: 406.5pt;height: 13.4pt;border-right-width: 1pt;border-bottom-width: 1pt;border-right-style: solid;border-bottom-style: solid;background-color: transparent\">\n<p style=\"text-align: center\">Comienza el Escrutinio de las Elecciones<\/p>\n<\/td>\n<\/tr>\n<tr style=\"height: 13.4pt\">\n<td style=\"border-color: #f0f0f0 windowtext windowtext;padding: 0in 5.4pt;width: 100.5pt;height: 13.4pt;border-right-width: 1pt;border-bottom-width: 1pt;border-left-width: 1pt;border-right-style: solid;border-bottom-style: solid;border-left-style: solid;background-color: transparent\">\n<p style=\"text-align: center\">2 de agosto de 2013<\/p>\n<\/td>\n<td style=\"border-color: #f0f0f0 windowtext windowtext #f0f0f0;padding: 0in 5.4pt;width: 406.5pt;height: 13.4pt;border-right-width: 1pt;border-bottom-width: 1pt;border-right-style: solid;border-bottom-style: solid;background-color: transparent\">\n<p style=\"text-align: center\">Fecha l\u00edmite para que la Oficina de Elecciones complete el escrutinio y certifique los resultados ante el Secretario de Estado<\/p>\n<\/td>\n<\/tr>\n<\/tbody>\n<\/table>\n<\/div>\n\n  <\/section>\n\n\t\n\n  <section data-isd-block-id=\"rov-content-blockblock_5c878359bcc3e00bd934a4dbafa63c23\"\n\t\t\t\t\t\t\t\t\t\t \t\t\t\t\t\t\t\t\t\t\t class=\"card-style main-content-wrapper rov-card-style mb-4\">\n\n\t<h2 class=\"block-subtitle blue\">Informaci\u00f3n de los Cargos y Candidatos<\/h2>\n\n\t<div class=\"ctnr-block-content\"><p><strong>Cargos A Elegir:<\/strong><\/p>\n<div>\n<ul>\n<li>Consulte\u00a0<a href=\"https:\/\/www.sbcounty.gov\/uploads\/ROV\/OfficialsandCandidates\/Calendar_Offices_Up_for_Election_2013-05-23.pdf\" target=\"_blank\" rel=\"noopener\">Todos los Cargos a Elegir<\/a>\u00a0[pdf] para 2013.<\/li>\n<\/ul>\n<\/div>\n<p><strong>Presentaci\u00f3n de Candidatos:<\/strong><\/p>\n<p>La presentaci\u00f3n de candidatos comienza el 21 de mayo de 2013 y termina el 31 de mayo de 2013.\u00a0Visite nuestra p\u00e1gina de\u00a0<a href=\"https:\/\/elections.sbcounty.gov\/es\/Elected-Officials-Candidates\/\">Funcionarios Electos y Candidatos<\/a>\u00a0para obtener la informaci\u00f3n completa e instrucciones.<\/p>\n<p><strong>Lista de Candidatos:<\/strong><\/p>\n<ul>\n<li>Consulte la Lista de Candidatos.<\/li>\n<\/ul>\n<\/div>\n\n  <\/section>\n\n\t\n\n  <section data-isd-block-id=\"rov-content-blockblock_bbdea5a98c844a28196c6e8adc04b8a8\"\n\t\t\t\t\t\t\t\t\t\t \t\t\t\t\t\t\t\t\t\t\t class=\"card-style main-content-wrapper rov-card-style mb-4\">\n\n\t<h2 class=\"block-subtitle blue\">Registro de Votantes<\/h2>\n\n\t<div class=\"ctnr-block-content\"><p>Su solicitud del registro de votante debe tener un sello postal a m\u00e1s tardar el\u00a0<strong>8\u00a0de julio de 2013<\/strong>\u00a0para que sea elegible para votar en las Elecciones Primarias Especiales del\u00a0Distrito de Asamblea 52.\u00a0Visite nuestra\u00a0<a href=\"https:\/\/elections.sbcounty.gov\/es\/VoterRegistration\/when\/\">p\u00e1gina del Registro de Votantes<\/a>\u00a0para obtener la informaci\u00f3n completa e instrucciones.<\/p>\n<ul>\n<li>Consulte el\u00a0<a href=\"https:\/\/www.sbcounty.gov\/uploads\/ROV\/Elections\/2013\/0723\/15DayCloseofRegistration.pdf\" target=\"_blank\" rel=\"noopener\">Resumen del Registro de Votantes Calificados<\/a>\u00a0[pdf].<\/li>\n<\/ul>\n<\/div>\n\n  <\/section>\n\n\t\n\n  <section data-isd-block-id=\"rov-content-blockblock_fe98b60c045acec8e636fd48520a9199\"\n\t\t\t\t\t\t\t\t\t\t \t\t\t\t\t\t\t\t\t\t\t class=\"card-style main-content-wrapper rov-card-style mb-4\">\n\n\t<h2 class=\"block-subtitle blue\">Opciones de Voto<\/h2>\n\n\t<div class=\"ctnr-block-content\"><ul>\n<li>Vote de manera anticipada en la Oficina de Elecciones a partir del 24\u00a0de junio de 2013.<\/li>\n<li>Vote en una Boleta por Correo. La Solicitud de Boleta por Correo [ya\u00a0no se encuentra disponible] vence el 16 de julio de 2013.<\/li>\n<li>Vote en las casillas el D\u00eda de las Elecciones, el 23 de julio de 2013, de\u00a07 a.m. a 8 p.m.<\/li>\n<\/ul>\n<p>Visite nuestra\u00a0<a href=\"https:\/\/elections.sbcounty.gov\/es\/Voting\/\">p\u00e1gina de Opciones de Voto<\/a>\u00a0para obtener la informaci\u00f3n completa e instrucciones.<\/p>\n<p><strong>Votantes Militares y en el Extranjero:<\/strong><\/p>\n<p>Los ciudadanos Uniformados y en el Extranjero pueden obtener una Boleta [el enlace ya no est\u00e1 disponible]\u00a0para estas elecciones. Para obtener la informaci\u00f3n completa, visite nuestra\u00a0<a href=\"https:\/\/www.sos.ca.gov\/elections\/voter-registration\/military-overseas-voters\" target=\"_blank\" rel=\"noopener\">p\u00e1gina de Votantes Militares y en el Extranjero<\/a>.<\/p>\n<\/div>\n\n  <\/section>\n\n\t\n\n  <section data-isd-block-id=\"rov-content-blockblock_48d7ae6ae0e5c9a5e872668d012eb431\"\n\t\t\t\t\t\t\t\t\t\t \t\t\t\t\t\t\t\t\t\t\t class=\"card-style main-content-wrapper rov-card-style mb-4\">\n\n\t<h2 class=\"block-subtitle blue\">Resultados de las Elecciones<\/h2>\n\n\t<div class=\"ctnr-block-content\"><ul>\n<li><a href=\"https:\/\/results.rov.sbcounty.gov\/results\/20130723\/default.html\" target=\"_blank\" rel=\"noopener\">Resultados de las Elecciones<\/a><\/li>\n<li><a href=\"https:\/\/www.sbcounty.gov\/uploads\/ROV\/Elections\/2013\/0723\/SOV%20Book%20July%2023%202013%20Election.pdf\" target=\"_blank\" rel=\"noopener\">Declaraci\u00f3n de Votos Emitidos<\/a><\/li>\n<\/ul>\n<\/div>\n\n  <\/section>\n\n\t","protected":false},"excerpt":{"rendered":"<p>Publicaciones Electorales La\u00a0Gu\u00eda de Informaci\u00f3n para el Votante\u00a0[pdf] es un manual que se env\u00eda a todos los votantes donde se describe lo que hay en la boleta y las opciones de voto. Comunicados de Prensa y Avisos P\u00fablicos Fechas Clave y Fechas L\u00edmite Fecha Acci\u00f3n 21 de mayo de 2013<span class=\"ellipsis\">&#8230;<\/span><\/p>\n","protected":false},"author":19,"featured_media":37382,"parent":38190,"menu_order":0,"comment_status":"closed","ping_status":"closed","template":"templates\/rov-left-sidebar-template.php","meta":{"_acf_changed":false,"footnotes":""},"class_list":["post-38478","page","type-page","status-publish","has-post-thumbnail","hentry"],"acf":[],"_links":{"self":[{"href":"https:\/\/elections.sbcounty.gov\/es\/wp-json\/wp\/v2\/pages\/38478","targetHints":{"allow":["GET"]}}],"collection":[{"href":"https:\/\/elections.sbcounty.gov\/es\/wp-json\/wp\/v2\/pages"}],"about":[{"href":"https:\/\/elections.sbcounty.gov\/es\/wp-json\/wp\/v2\/types\/page"}],"author":[{"embeddable":true,"href":"https:\/\/elections.sbcounty.gov\/es\/wp-json\/wp\/v2\/users\/19"}],"replies":[{"embeddable":true,"href":"https:\/\/elections.sbcounty.gov\/es\/wp-json\/wp\/v2\/comments?post=38478"}],"version-history":[{"count":5,"href":"https:\/\/elections.sbcounty.gov\/es\/wp-json\/wp\/v2\/pages\/38478\/revisions"}],"predecessor-version":[{"id":84094,"href":"https:\/\/elections.sbcounty.gov\/es\/wp-json\/wp\/v2\/pages\/38478\/revisions\/84094"}],"up":[{"embeddable":true,"href":"https:\/\/elections.sbcounty.gov\/es\/wp-json\/wp\/v2\/pages\/38190"}],"wp:featuredmedia":[{"embeddable":true,"href":"https:\/\/elections.sbcounty.gov\/es\/wp-json\/wp\/v2\/media\/37382"}],"wp:attachment":[{"href":"https:\/\/elections.sbcounty.gov\/es\/wp-json\/wp\/v2\/media?parent=38478"}],"curies":[{"name":"wp","href":"https:\/\/api.w.org\/{rel}","templated":true}]}}