{"id":38460,"date":"2021-12-20T22:10:47","date_gmt":"2021-12-20T22:10:47","guid":{"rendered":"https:\/\/www.elections.sbcounty.gov\/?page_id=38460"},"modified":"2024-06-06T10:56:37","modified_gmt":"2024-06-06T17:56:37","slug":"0716","status":"publish","type":"page","link":"https:\/\/elections.sbcounty.gov\/es\/elections\/2013\/0716\/","title":{"rendered":"Archivo de Elecciones Especiales para una Remoci\u00f3n del Distrito Escolar Unificado Fontana"},"content":{"rendered":"  <section data-isd-block-id=\"rov-content-blockblock_addd4921ecd54bce81f7de087d628c47\"\n\t\t\t\t\t\t\t\t\t\t \t\t\t\t\t\t\t\t\t\t\t class=\"card-style main-content-wrapper rov-card-style mb-4\">\n\n\t<h2 class=\"block-subtitle blue\">Publicaciones Electorales<\/h2>\n\n\t<div class=\"ctnr-block-content\"><ul>\n<li>La\u00a0<a href=\"https:\/\/www.sbcounty.gov\/uploads\/ROV\/Elections\/2013\/0716\/InternetVIG_Jul-16-2013.pdf\" target=\"_blank\" rel=\"noopener\">Gu\u00eda de Informaci\u00f3n para el Votante<\/a>\u00a0[pdf] es un manual que se env\u00eda a todos los votantes donde se describe lo que hay en la boleta y las opciones de voto.<\/li>\n<li><a href=\"https:\/\/elections.sbcounty.gov\/es\/News\/2013\/\"><strong>Comunicados de Prensa y Avisos P\u00fablicos<\/strong><\/a><\/li>\n<\/ul>\n<\/div>\n\n  <\/section>\n\n\t\n\n  <section data-isd-block-id=\"rov-content-blockblock_2064f2daa9d80a890f84476da0ded1de\"\n\t\t\t\t\t\t\t\t\t\t \t\t\t\t\t\t\t\t\t\t\t class=\"card-style main-content-wrapper rov-card-style mb-4\">\n\n\t<h2 class=\"block-subtitle blue\">Fechas Clave y Fechas L\u00edmite<\/h2>\n\n\t<div class=\"ctnr-block-content\"><table border=\"1\" width=\"100%\" cellspacing=\"0\" cellpadding=\"5\">\n<thead>\n<tr style=\"background-color: #d9d9d9\">\n<th>\n<p style=\"text-align: center\"><strong>Fecha<\/strong><\/p>\n<\/th>\n<th>\n<p style=\"text-align: center\"><strong>Acci\u00f3n<\/strong><\/p>\n<\/th>\n<\/tr>\n<\/thead>\n<tbody>\n<tr>\n<td>\n<p style=\"text-align: center\">14 de marzo de 2013<\/p>\n<\/td>\n<td>\n<p style=\"text-align: center\">La Oficina de Elecciones verifica las firmas de los proponentes que figuran en las solicitudes de remoci\u00f3n<\/p>\n<\/td>\n<\/tr>\n<tr>\n<td>\n<p style=\"text-align: center\">17 de abril de 2013<\/p>\n<\/td>\n<td>\n<p style=\"text-align: center\">Comienza la presentaci\u00f3n de candidatos<\/p>\n<\/td>\n<\/tr>\n<tr>\n<td>\n<p style=\"text-align: center\">2 de mayo de 2013<\/p>\n<\/td>\n<td>\n<p style=\"text-align: center\">Fecha l\u00edmite de presentaci\u00f3n de candidatos<\/p>\n<\/td>\n<\/tr>\n<tr>\n<td>\n<p style=\"text-align: center\">Del 3 al 12 de mayo de 2013<\/p>\n<\/td>\n<td>\n<p style=\"text-align: center\">Periodo de escrutinio p\u00fablico de 10 d\u00edas de las declaraciones de los candidatos<\/p>\n<\/td>\n<\/tr>\n<tr>\n<td>\n<p style=\"text-align: center\">17 de junio de 2013<\/p>\n<\/td>\n<td>\n<p style=\"text-align: center\">Comienza el voto anticipado<\/p>\n<\/td>\n<\/tr>\n<tr>\n<td>\n<p style=\"text-align: center\">1 de julio de 2013<\/p>\n<\/td>\n<td>\n<p style=\"text-align: center\">Fecha l\u00edmite para el registro de votantes<\/p>\n<\/td>\n<\/tr>\n<tr>\n<td>\n<p style=\"text-align: center\">9 de julio de 2013<\/p>\n<\/td>\n<td>\n<p style=\"text-align: center\">Fecha l\u00edmite para solicitar una Boleta por Correo<\/p>\n<\/td>\n<\/tr>\n<tr>\n<td>\n<p style=\"text-align: center\"><strong>16 de julio de 2013<\/strong><\/p>\n<\/td>\n<td>\n<p style=\"text-align: center\"><strong>Elecciones Especiales para una Remoci\u00f3n del Distrito Escolar Unificado Fontana<\/strong><\/p>\n<\/td>\n<\/tr>\n<tr>\n<td>\n<p style=\"text-align: center\">17 de julio de 2013<\/p>\n<\/td>\n<td>\n<p style=\"text-align: center\">Comienza el Escrutinio de las Elecciones<\/p>\n<\/td>\n<\/tr>\n<tr>\n<td>\n<p style=\"text-align: center\">13 de agosto de 2013<\/p>\n<\/td>\n<td>\n<p style=\"text-align: center\">Fecha l\u00edmite para que la Oficina de Elecciones complete el escrutinio y certifique los resultados<\/p>\n<\/td>\n<\/tr>\n<\/tbody>\n<\/table>\n<\/div>\n\n  <\/section>\n\n\t\n\n  <section data-isd-block-id=\"rov-content-blockblock_064909a468c9b890c755095fe42bdc55\"\n\t\t\t\t\t\t\t\t\t\t \t\t\t\t\t\t\t\t\t\t\t class=\"card-style main-content-wrapper rov-card-style mb-4\">\n\n\t<h2 class=\"block-subtitle blue\">Informaci\u00f3n de los Cargos y Candidatos<\/h2>\n\n\t<div class=\"ctnr-block-content\"><table role=\"presentation\" border=\"1\" width=\"100%\" cellspacing=\"0\" cellpadding=\"5\">\n<tbody>\n<tr style=\"background-color: #d9d9d9\">\n<td>\n<p style=\"text-align: center\"><strong>Nombre de quien se remueve<\/strong><\/p>\n<\/td>\n<td>\n<p style=\"text-align: center\"><strong>Declaraci\u00f3n de quien se remueve<\/strong><\/p>\n<\/td>\n<\/tr>\n<tr>\n<td>\n<p style=\"text-align: center\">Leticia Garcia<\/p>\n<\/td>\n<td>\n<p style=\"text-align: center\">S\u00ed<\/p>\n<\/td>\n<\/tr>\n<tr>\n<td>\n<p style=\"text-align: center\">Sophia Green<\/p>\n<\/td>\n<td>\n<p style=\"text-align: center\">No<\/p>\n<\/td>\n<\/tr>\n<\/tbody>\n<\/table>\n<p><strong>Presentaci\u00f3n de Candidatos:<\/strong><\/p>\n<p>La presentaci\u00f3n de candidatos comienza el 17 de abril de 2013 y finaliza el 2\u00a0de mayo de 2013. Visite nuestra p\u00e1gina de\u00a0<a href=\"https:\/\/elections.sbcounty.gov\/es\/Elected-Officials-Candidates\/\">Funcionarios Electos y Candidatos<\/a>\u00a0para obtener la informaci\u00f3n completa e instrucciones.<\/p>\n<ul>\n<li>Consulte la\u00a0<a href=\"https:\/\/www.sbcounty.gov\/uploads\/ROV\/Elections\/2013\/0716\/Candidate%20Filing%20Guide_%20Fontana%20USD%20Recall%20Election_2013-07-16_FINAL.pdf\" target=\"_blank\" rel=\"noopener\">Gu\u00eda de Presentaci\u00f3n de Candidatos para las Elecciones Especiales para una Remoci\u00f3n del FUSD<\/a>\u00a0[pdf].<\/li>\n<\/ul>\n<p><strong>Lista de Candidatos:<\/strong><\/p>\n<table role=\"presentation\" border=\"1\" width=\"100%\" cellspacing=\"0\" cellpadding=\"5\">\n<tbody>\n<tr style=\"background-color: #d9d9d9\">\n<td>\n<p style=\"text-align: center\"><strong> Postulaciones para Ocupar el Puesto de<\/strong><\/p>\n<\/td>\n<td>\n<p style=\"text-align: center\"><strong>Nombre del Candidato<\/strong><\/p>\n<\/td>\n<td>\n<p style=\"text-align: center\"><strong>Designaci\u00f3n en la Boleta<\/strong><\/p>\n<\/td>\n<td>\n<p style=\"text-align: center\"><strong>Declaraci\u00f3n del Candidato<\/strong><\/p>\n<\/td>\n<td>\n<p style=\"text-align: center\"><strong>Fecha en que se Emitieron los Documentos para Postularse al Cargo<\/strong><\/p>\n<\/td>\n<td>\n<p style=\"text-align: center\"><strong>Fecha en que se Presentaron\u00a0los Documentos para\u00a0Postularse al Cargo<\/strong><\/p>\n<\/td>\n<\/tr>\n<tr>\n<td>\u00a0Garcia<\/td>\n<td>Shannon L. O&#8217;Brien<\/td>\n<td>\n<p style=\"text-align: center\">Directora de Organizaci\u00f3n sin Fines de Lucro \/ Madre de Familia<\/p>\n<\/td>\n<td>\n<p style=\"text-align: center\">No<\/p>\n<\/td>\n<td>\n<p style=\"text-align: center\">\u00a04\/19\/2013<\/p>\n<\/td>\n<td>\n<p style=\"text-align: center\">\u00a04\/19\/2013<\/p>\n<\/td>\n<\/tr>\n<tr>\n<td>\u00a0Garcia<\/td>\n<td>Socorro Enriquez<\/td>\n<td>\n<p style=\"text-align: center\">Madre de Familia<\/p>\n<\/td>\n<td>\n<p style=\"text-align: center\">S\u00ed<\/p>\n<\/td>\n<td>\n<p style=\"text-align: center\">4\/22\/2013<\/p>\n<\/td>\n<td>\n<p style=\"text-align: center\">\u00a04\/30\/2013<\/p>\n<\/td>\n<\/tr>\n<tr>\n<td>\u00a0Green<\/td>\n<td>Ayanna M. Blackmon-Balogun<\/td>\n<td>\n<p style=\"text-align: center\">Maestra \/ Autora<\/p>\n<\/td>\n<td>\n<p style=\"text-align: center\">S\u00ed<\/p>\n<\/td>\n<td>\n<p style=\"text-align: center\">4\/22\/2013<\/p>\n<\/td>\n<td>\n<p style=\"text-align: center\">\u00a04\/29\/2013<\/p>\n<\/td>\n<\/tr>\n<tr>\n<td>\u00a0Green<\/td>\n<td>Jason O&#8217;Brien<\/td>\n<td>\n<p style=\"text-align: center\">Detective Policial<\/p>\n<\/td>\n<td>\n<p style=\"text-align: center\">No<\/p>\n<\/td>\n<td>\n<p style=\"text-align: center\">\u00a04\/26\/2013<\/p>\n<\/td>\n<td>\n<p style=\"text-align: center\">\u00a04\/26\/2013<\/p>\n<\/td>\n<\/tr>\n<tr>\n<td>\u00a0Green<\/td>\n<td>Olivia Lopez<\/td>\n<td>\n<p style=\"text-align: center\">Empleada de Escuela Jubilada<\/p>\n<\/td>\n<td>\n<p style=\"text-align: center\">No<\/p>\n<\/td>\n<td>\n<p style=\"text-align: center\">4\/30\/2013<\/p>\n<\/td>\n<td>\n<p style=\"text-align: center\">4\/30\/2013<\/p>\n<\/td>\n<\/tr>\n<\/tbody>\n<\/table>\n<\/div>\n\n  <\/section>\n\n\t\n\n  <section data-isd-block-id=\"rov-content-blockblock_8640b25798db728da886b53c25010311\"\n\t\t\t\t\t\t\t\t\t\t \t\t\t\t\t\t\t\t\t\t\t class=\"card-style main-content-wrapper rov-card-style mb-4\">\n\n\t<h2 class=\"block-subtitle blue\">Registro de Votantes<\/h2>\n\n\t<div class=\"ctnr-block-content\"><p>Su solicitud del registro de votante debe tener un sello postal a m\u00e1s tardar el\u00a0<strong>1\u00a0de julio de 2013<\/strong>\u00a0para que sea elegible para votar en las Elecciones Especiales para una Remoci\u00f3n.\u00a0Visite nuestra\u00a0<a href=\"https:\/\/elections.sbcounty.gov\/es\/VoterRegistration\/when\/\">p\u00e1gina del Registro de Votantes<\/a>\u00a0para obtener la informaci\u00f3n completa e instrucciones.<\/p>\n<ul>\n<li>Consulte el\u00a0<a href=\"https:\/\/www.sbcounty.gov\/uploads\/ROV\/Elections\/2013\/0716\/15DayCloseofRegistrationSummary.pdf\" target=\"_blank\" rel=\"noopener\">Resumen del Registro de Votantes Calificados<\/a>\u00a0[pdf].<\/li>\n<\/ul>\n<\/div>\n\n  <\/section>\n\n\t\n\n  <section data-isd-block-id=\"rov-content-blockblock_84f10788b730dc0e88bacb24d6658137\"\n\t\t\t\t\t\t\t\t\t\t \t\t\t\t\t\t\t\t\t\t\t class=\"card-style main-content-wrapper rov-card-style mb-4\">\n\n\t<h2 class=\"block-subtitle blue\">Opciones de Voto<\/h2>\n\n\t<div class=\"ctnr-block-content\"><ul>\n<li>Vote de manera anticipada en la Oficina de Elecciones a partir del 17 de junio de 2013.<\/li>\n<li>Vote en una Boleta por Correo. La Solicitud de Boleta por Correo [ya\u00a0no se encuentra disponible] vence el 9 de julio de 2013. Encuentre un Lugar para Depositar las Boletas por Correo [ya no est\u00e1 disponible].<\/li>\n<li>Vote en las casillas el D\u00eda de las Elecciones, el 16 de julio de 2013 de 7\u00a0a.m. a 8 p.m. Encuentre la Ubicaci\u00f3n de una Casilla Electoral\u00a0[ya no est\u00e1 disponible].<\/li>\n<\/ul>\n<p>Visite nuestra\u00a0<a href=\"https:\/\/elections.sbcounty.gov\/es\/Voting\/\">p\u00e1gina de Opciones de Voto<\/a>\u00a0para obtener la informaci\u00f3n completa e instrucciones.<\/p>\n<p><strong>Votantes Militares y en el Extranjero:<\/strong><\/p>\n<p>Los ciudadanos Uniformados y en el Extranjero pueden obtener una Boleta [ya no est\u00e1 disponible] para estas elecciones. Para obtener la informaci\u00f3n completa, visite nuestra\u00a0<a href=\"https:\/\/www.sos.ca.gov\/elections\/voter-registration\/military-overseas-voters\" target=\"_blank\" rel=\"noopener\">p\u00e1gina de Votantes Militares y en el Extranjero<\/a>.<\/p>\n<\/div>\n\n  <\/section>\n\n\t\n\n  <section data-isd-block-id=\"rov-content-blockblock_663feb8bd1b6799eabd8e153ce10a583\"\n\t\t\t\t\t\t\t\t\t\t \t\t\t\t\t\t\t\t\t\t\t class=\"card-style main-content-wrapper rov-card-style mb-4\">\n\n\t<h2 class=\"block-subtitle blue\">Resultados de las Elecciones<\/h2>\n\n\t<div class=\"ctnr-block-content\"><ul>\n<li><a href=\"https:\/\/results.rov.sbcounty.gov\/results\/20130716\/default.html\" target=\"_blank\" rel=\"noopener\">Resultados de las Elecciones<\/a><\/li>\n<li><a href=\"https:\/\/www.sbcounty.gov\/uploads\/ROV\/Elections\/2013\/0716\/SOV_Book.pdf\" target=\"_blank\" rel=\"noopener\">Declaraci\u00f3n de Votos Emitidos<\/a> [pdf].<\/li>\n<\/ul>\n<\/div>\n\n  <\/section>\n\n\t","protected":false},"excerpt":{"rendered":"<p>Publicaciones Electorales La\u00a0Gu\u00eda de Informaci\u00f3n para el Votante\u00a0[pdf] es un manual que se env\u00eda a todos los votantes donde se describe lo que hay en la boleta y las opciones de voto. Comunicados de Prensa y Avisos P\u00fablicos Fechas Clave y Fechas L\u00edmite Fecha Acci\u00f3n 14 de marzo de 2013<span class=\"ellipsis\">&#8230;<\/span><\/p>\n","protected":false},"author":19,"featured_media":37382,"parent":38190,"menu_order":0,"comment_status":"closed","ping_status":"closed","template":"templates\/rov-left-sidebar-template.php","meta":{"_acf_changed":false,"footnotes":""},"class_list":["post-38460","page","type-page","status-publish","has-post-thumbnail","hentry"],"acf":[],"_links":{"self":[{"href":"https:\/\/elections.sbcounty.gov\/es\/wp-json\/wp\/v2\/pages\/38460","targetHints":{"allow":["GET"]}}],"collection":[{"href":"https:\/\/elections.sbcounty.gov\/es\/wp-json\/wp\/v2\/pages"}],"about":[{"href":"https:\/\/elections.sbcounty.gov\/es\/wp-json\/wp\/v2\/types\/page"}],"author":[{"embeddable":true,"href":"https:\/\/elections.sbcounty.gov\/es\/wp-json\/wp\/v2\/users\/19"}],"replies":[{"embeddable":true,"href":"https:\/\/elections.sbcounty.gov\/es\/wp-json\/wp\/v2\/comments?post=38460"}],"version-history":[{"count":5,"href":"https:\/\/elections.sbcounty.gov\/es\/wp-json\/wp\/v2\/pages\/38460\/revisions"}],"predecessor-version":[{"id":84097,"href":"https:\/\/elections.sbcounty.gov\/es\/wp-json\/wp\/v2\/pages\/38460\/revisions\/84097"}],"up":[{"embeddable":true,"href":"https:\/\/elections.sbcounty.gov\/es\/wp-json\/wp\/v2\/pages\/38190"}],"wp:featuredmedia":[{"embeddable":true,"href":"https:\/\/elections.sbcounty.gov\/es\/wp-json\/wp\/v2\/media\/37382"}],"wp:attachment":[{"href":"https:\/\/elections.sbcounty.gov\/es\/wp-json\/wp\/v2\/media?parent=38460"}],"curies":[{"name":"wp","href":"https:\/\/api.w.org\/{rel}","templated":true}]}}