{"id":38424,"date":"2021-12-20T21:55:38","date_gmt":"2021-12-20T21:55:38","guid":{"rendered":"https:\/\/www.elections.sbcounty.gov\/?page_id=38424"},"modified":"2024-06-06T10:57:27","modified_gmt":"2024-06-06T17:57:27","slug":"0702","status":"publish","type":"page","link":"https:\/\/elections.sbcounty.gov\/es\/elections\/2013\/0702\/","title":{"rendered":"Archivo de Elecciones con Boletas por Correo para un Impuesto Especial del Distrito del Aeropuerto Yucca Valley"},"content":{"rendered":"  <section data-isd-block-id=\"rov-content-blockblock_77abf43440cf85dcf6c276255bc00cd0\"\n\t\t\t\t\t\t\t\t\t\t \t\t\t\t\t\t\t\t\t\t\t class=\"card-style main-content-wrapper rov-card-style mb-4\">\n\n\t<h2 class=\"block-subtitle blue\">Publicaciones Electorales<\/h2>\n\n\t<div class=\"ctnr-block-content\"><ul>\n<li>La\u00a0<a href=\"https:\/\/www.sbcounty.gov\/uploads\/ROV\/Elections\/2013\/0702\/2013-07-02%20VIG_FINAL.pdf\" target=\"_blank\" rel=\"noopener\">Gu\u00eda de Informaci\u00f3n para el Votante<\/a>\u00a0[pdf] es un manual que se env\u00eda a todos los votantes donde se describe lo que hay en la boleta y las opciones de voto.<\/li>\n<li><a href=\"https:\/\/elections.sbcounty.gov\/es\/News\/2013\/\">Comunicados de Prensa y Avisos P\u00fablicos<\/a><\/li>\n<\/ul>\n<\/div>\n\n  <\/section>\n\n\t\n\n  <section data-isd-block-id=\"rov-content-blockblock_b5eb658a32b102cd25c8611996d5a339\"\n\t\t\t\t\t\t\t\t\t\t \t\t\t\t\t\t\t\t\t\t\t class=\"card-style main-content-wrapper rov-card-style mb-4\">\n\n\t<h2 class=\"block-subtitle blue\">Fechas Clave y Fechas L\u00edmite<\/h2>\n\n\t<div class=\"ctnr-block-content\"><table style=\"border-collapse: collapse\" border=\"1\">\n<tbody>\n<tr style=\"background-color: grey;color: white\">\n<th><strong>Fecha<\/strong><\/th>\n<th><strong>Acci\u00f3n<\/strong><\/th>\n<\/tr>\n<tr>\n<td>18 de abril de 2013<\/td>\n<td>Plazo para presentar argumentos directos a favor\/en contra de una medida<\/td>\n<\/tr>\n<tr>\n<td>23 de abril de 2013<\/td>\n<td>Plazo para presentar refutaciones directas a favor\/en contra de una medida<\/td>\n<\/tr>\n<tr>\n<td>28 de abril de 2013<\/td>\n<td>Finaliza el periodo de examen p\u00fablico de los argumentos<\/td>\n<\/tr>\n<tr>\n<td>3 de mayo de 2013<\/td>\n<td>Finaliza el periodo de examen p\u00fablico de las refutaciones<\/td>\n<\/tr>\n<tr>\n<td>3 de junio de 2013<\/td>\n<td>Comienza el voto anticipado<\/td>\n<\/tr>\n<tr>\n<td>10 de junio de 2013<\/td>\n<td>Las Boletas por Correo se env\u00edan a los votantes<\/td>\n<\/tr>\n<tr>\n<td>17 de junio de 2013<\/td>\n<td>Fecha l\u00edmite para el registro de votantes<\/td>\n<\/tr>\n<tr>\n<td>25 de junio de 2013<\/td>\n<td>Fecha l\u00edmite para solicitar una Boleta por Correo<\/td>\n<\/tr>\n<tr style=\"background-color: lightyellow\">\n<td>2 de julio de 2013<\/td>\n<td>D\u00eda de las Elecciones \u2013 Elecciones con Boletas por Correo para un Impuesto Especial del Distrito del Aeropuerto Yucca Valley<\/td>\n<\/tr>\n<tr>\n<td>3 de julio de 2013<\/td>\n<td>Comienza el Escrutinio de las Elecciones<\/td>\n<\/tr>\n<tr>\n<td>30 de julio de 2013<\/td>\n<td>Fecha l\u00edmite para que la Oficina de Elecciones complete el escrutinio y certifique los resultados<\/td>\n<\/tr>\n<\/tbody>\n<\/table>\n<\/div>\n\n  <\/section>\n\n\t\n\n  <section data-isd-block-id=\"rov-content-blockblock_2a335ca374d2e20857508ba418ee05e7\"\n\t\t\t\t\t\t\t\t\t\t \t\t\t\t\t\t\t\t\t\t\t class=\"card-style main-content-wrapper rov-card-style mb-4\">\n\n\t<h2 class=\"block-subtitle blue\">Informaci\u00f3n sobre las Medidas<\/h2>\n\n\t<div class=\"ctnr-block-content\"><ul>\n<li><a href=\"https:\/\/www.sbcounty.gov\/uploads\/ROV\/Elections\/2013\/0702\/Resolution%20No.2013-1.pdf\" target=\"_blank\" rel=\"noopener\">Resoluci\u00f3n del Distrito del Aeropuerto Yucca Valley<\/a>\u00a0[pdf]<\/li>\n<li><a href=\"https:\/\/www.sbcounty.gov\/uploads\/ROV\/Elections\/2013\/0702\/Impartial%20Analysis_2013-04-15.pdf\" target=\"_blank\" rel=\"noopener\">An\u00e1lisis Imparcial de la Medida Z<\/a>\u00a0[pdf]<\/li>\n<li><a href=\"https:\/\/www.sbcounty.gov\/uploads\/ROV\/Elections\/2013\/0702\/Arguments_In_Favor.pdf\" target=\"_blank\" rel=\"noopener\">Argumento a Favor de la Medida Z<\/a>\u00a0[pdf]<\/li>\n<\/ul>\n<p>Para que la medida sea aprobada, se necesitan 2\/3 de los votos.<\/p>\n<\/div>\n\n  <\/section>\n\n\t\n\n  <section data-isd-block-id=\"rov-content-blockblock_c8f9da2715b05721d5d23fe63f6d693c\"\n\t\t\t\t\t\t\t\t\t\t \t\t\t\t\t\t\t\t\t\t\t class=\"card-style main-content-wrapper rov-card-style mb-4\">\n\n\t<h2 class=\"block-subtitle blue\">Registro de Votantes<\/h2>\n\n\t<div class=\"ctnr-block-content\"><p>Su solicitud de registro de votante debe tener un sello postal a m\u00e1s tardar del\u00a0<strong>17 de junio de 2013<\/strong>\u00a0para que sea elegible para votar en las\u00a0Elecciones Especiales para un Impuesto.\u00a0Visite nuestra\u00a0<a href=\"https:\/\/elections.sbcounty.gov\/es\/VoterRegistration\/when\/\">p\u00e1gina del Registro de Votantes<\/a>\u00a0para obtener la informaci\u00f3n completa e instrucciones.<\/p>\n<ul>\n<li>Consulte el\u00a0<a href=\"https:\/\/www.sbcounty.gov\/uploads\/ROV\/Elections\/2013\/0702\/15DayCloseofRegistrationSummary.pdf\" target=\"_blank\" rel=\"noopener\">Resumen del Registro de Votantes Calificados<\/a>\u00a0[pdf]<\/li>\n<\/ul>\n<\/div>\n\n  <\/section>\n\n\t\n\n  <section data-isd-block-id=\"rov-content-blockblock_c5500a5602b5cb9e069243e7ad3a4722\"\n\t\t\t\t\t\t\t\t\t\t \t\t\t\t\t\t\t\t\t\t\t class=\"card-style main-content-wrapper rov-card-style mb-4\">\n\n\t<h2 class=\"block-subtitle blue\">Opciones de Voto<\/h2>\n\n\t<div class=\"ctnr-block-content\"><ul>\n<li>Vote de manera anticipada en la Oficina de Elecciones a partir del\u00a03 de junio de 2013<\/li>\n<li>Vote en una Boleta por Correo. La Solicitud de Boleta por Correo [ya\u00a0no se encuentra disponible] vence el\u00a025 de junio de 2013.<\/li>\n<\/ul>\n<p>Visite nuestra\u00a0<a href=\"https:\/\/elections.sbcounty.gov\/es\/Voting\/\">p\u00e1gina de Opciones de Voto<\/a>\u00a0para obtener la informaci\u00f3n completa e instrucciones.<\/p>\n<\/div>\n\n  <\/section>\n\n\t\n\n  <section data-isd-block-id=\"rov-content-blockblock_7400b481c7b63ed9cd603357a9cf432a\"\n\t\t\t\t\t\t\t\t\t\t \t\t\t\t\t\t\t\t\t\t\t class=\"card-style main-content-wrapper rov-card-style mb-4\">\n\n\t<h2 class=\"block-subtitle blue\">Resultados de las Elecciones<\/h2>\n\n\t<div class=\"ctnr-block-content\"><ul>\n<li><a href=\"https:\/\/elections.sbcounty.gov\/es\/elections\/2013\/0702\/results\/\" target=\"_blank\" rel=\"noopener\">Resultados de las Elecciones<\/a><\/li>\n<\/ul>\n<\/div>\n\n  <\/section>\n\n\t","protected":false},"excerpt":{"rendered":"<p>Publicaciones Electorales La\u00a0Gu\u00eda de Informaci\u00f3n para el Votante\u00a0[pdf] es un manual que se env\u00eda a todos los votantes donde se describe lo que hay en la boleta y las opciones de voto. Comunicados de Prensa y Avisos P\u00fablicos Fechas Clave y Fechas L\u00edmite Fecha Acci\u00f3n 18 de abril de 2013<span class=\"ellipsis\">&#8230;<\/span><\/p>\n","protected":false},"author":19,"featured_media":37382,"parent":38190,"menu_order":0,"comment_status":"closed","ping_status":"closed","template":"templates\/rov-left-sidebar-template.php","meta":{"_acf_changed":false,"footnotes":""},"class_list":["post-38424","page","type-page","status-publish","has-post-thumbnail","hentry"],"acf":[],"_links":{"self":[{"href":"https:\/\/elections.sbcounty.gov\/es\/wp-json\/wp\/v2\/pages\/38424","targetHints":{"allow":["GET"]}}],"collection":[{"href":"https:\/\/elections.sbcounty.gov\/es\/wp-json\/wp\/v2\/pages"}],"about":[{"href":"https:\/\/elections.sbcounty.gov\/es\/wp-json\/wp\/v2\/types\/page"}],"author":[{"embeddable":true,"href":"https:\/\/elections.sbcounty.gov\/es\/wp-json\/wp\/v2\/users\/19"}],"replies":[{"embeddable":true,"href":"https:\/\/elections.sbcounty.gov\/es\/wp-json\/wp\/v2\/comments?post=38424"}],"version-history":[{"count":6,"href":"https:\/\/elections.sbcounty.gov\/es\/wp-json\/wp\/v2\/pages\/38424\/revisions"}],"predecessor-version":[{"id":84100,"href":"https:\/\/elections.sbcounty.gov\/es\/wp-json\/wp\/v2\/pages\/38424\/revisions\/84100"}],"up":[{"embeddable":true,"href":"https:\/\/elections.sbcounty.gov\/es\/wp-json\/wp\/v2\/pages\/38190"}],"wp:featuredmedia":[{"embeddable":true,"href":"https:\/\/elections.sbcounty.gov\/es\/wp-json\/wp\/v2\/media\/37382"}],"wp:attachment":[{"href":"https:\/\/elections.sbcounty.gov\/es\/wp-json\/wp\/v2\/media?parent=38424"}],"curies":[{"name":"wp","href":"https:\/\/api.w.org\/{rel}","templated":true}]}}