{"id":38367,"date":"2021-12-20T21:22:38","date_gmt":"2021-12-20T21:22:38","guid":{"rendered":"https:\/\/www.elections.sbcounty.gov\/?page_id=38367"},"modified":"2021-12-20T21:22:38","modified_gmt":"2021-12-20T21:22:38","slug":"results","status":"publish","type":"page","link":"https:\/\/elections.sbcounty.gov\/es\/elections\/2013\/0611\/results\/","title":{"rendered":"Distrito de Instalaciones Comunitarias del Distrito Escolar Unificado Hesperia 2013-1"},"content":{"rendered":"\n<p><a id=\"_msocom_1\"><\/a><\/p>\n\n\n  <section data-isd-block-id=\"rov-content-blockblock_2093b2bd43824041f2e92e7c185aec60\"\n\t\t\t\t\t\t\t\t\t\t \t\t\t\t\t\t\t\t\t\t\t class=\"card-style main-content-wrapper rov-card-style mb-4\">\n\n\t<h2 class=\"block-subtitle blue\">Resultados de las Elecciones<\/h2>\n\n\t<div class=\"ctnr-block-content\"><table role=\"presentation\" width=\"80%\">\n<tbody>\n<tr>\n<td>Registro y N\u00famero de Votantes<\/td>\n<\/tr>\n<tr>\n<td>432 votantes<\/td>\n<\/tr>\n<\/tbody>\n<\/table>\n<table class=\"sovTableResults\">\n<tbody>\n<tr>\n<th><\/th>\n<th align=\"right\"><strong>Conteo de Votos<\/strong><\/th>\n<th align=\"right\"><strong>Porcentaje<\/strong><\/th>\n<\/tr>\n<tr>\n<th scope=\"row\" style=\"text-align: left\"><strong>N\u00famero de Votantes por Correo<\/strong><\/th>\n<td align=\"right\">188<\/td>\n<td align=\"right\">43.52%<\/td>\n<\/tr>\n<\/tbody>\n<\/table>\n<p>&nbsp;<\/p>\n<hr \/>\n<table role=\"presentation\" width=\"80%\">\n<tbody>\n<tr>\n<td>Medida Y<\/td>\n<\/tr>\n<\/tbody>\n<\/table>\n<table class=\"sovTableResults\">\n<tbody>\n<tr>\n<th><\/th>\n<th align=\"right\"><strong>Conteo de Votos<\/strong><\/th>\n<th align=\"right\"><strong>Porcentaje<\/strong><\/th>\n<\/tr>\n<tr>\n<th scope=\"row\" style=\"text-align: left\">S\u00cd<\/th>\n<td align=\"right\">176<\/td>\n<td align=\"right\">94.12%<\/td>\n<\/tr>\n<tr>\n<th scope=\"row\" style=\"text-align: left\">NO<\/th>\n<td align=\"right\">11<\/td>\n<td align=\"right\">5.88%<\/td>\n<\/tr>\n<tr>\n<th scope=\"row\" style=\"text-align: left\">Total<\/th>\n<td align=\"right\">187<\/td>\n<td align=\"right\">100.00%<\/td>\n<\/tr>\n<\/tbody>\n<\/table>\n<p>&nbsp;<\/p>\n<\/div>\n\n  <\/section>\n\n\t","protected":false},"excerpt":{"rendered":"<p>Resultados de las Elecciones Registro y N\u00famero de Votantes 432 votantes Conteo de Votos Porcentaje N\u00famero de Votantes por Correo 188 43.52% &nbsp; Medida Y Conteo de Votos Porcentaje S\u00cd 176 94.12% NO 11 5.88% Total 187 100.00% &nbsp;<\/p>\n","protected":false},"author":19,"featured_media":37382,"parent":38349,"menu_order":0,"comment_status":"closed","ping_status":"closed","template":"templates\/rov-left-sidebar-template.php","meta":{"_acf_changed":false,"footnotes":""},"class_list":["post-38367","page","type-page","status-publish","has-post-thumbnail","hentry"],"acf":[],"_links":{"self":[{"href":"https:\/\/elections.sbcounty.gov\/es\/wp-json\/wp\/v2\/pages\/38367","targetHints":{"allow":["GET"]}}],"collection":[{"href":"https:\/\/elections.sbcounty.gov\/es\/wp-json\/wp\/v2\/pages"}],"about":[{"href":"https:\/\/elections.sbcounty.gov\/es\/wp-json\/wp\/v2\/types\/page"}],"author":[{"embeddable":true,"href":"https:\/\/elections.sbcounty.gov\/es\/wp-json\/wp\/v2\/users\/19"}],"replies":[{"embeddable":true,"href":"https:\/\/elections.sbcounty.gov\/es\/wp-json\/wp\/v2\/comments?post=38367"}],"version-history":[{"count":0,"href":"https:\/\/elections.sbcounty.gov\/es\/wp-json\/wp\/v2\/pages\/38367\/revisions"}],"up":[{"embeddable":true,"href":"https:\/\/elections.sbcounty.gov\/es\/wp-json\/wp\/v2\/pages\/38349"}],"wp:featuredmedia":[{"embeddable":true,"href":"https:\/\/elections.sbcounty.gov\/es\/wp-json\/wp\/v2\/media\/37382"}],"wp:attachment":[{"href":"https:\/\/elections.sbcounty.gov\/es\/wp-json\/wp\/v2\/media?parent=38367"}],"curies":[{"name":"wp","href":"https:\/\/api.w.org\/{rel}","templated":true}]}}