{"id":38349,"date":"2021-12-20T21:17:09","date_gmt":"2021-12-20T21:17:09","guid":{"rendered":"https:\/\/www.elections.sbcounty.gov\/?page_id=38349"},"modified":"2024-06-06T10:59:17","modified_gmt":"2024-06-06T17:59:17","slug":"0611","status":"publish","type":"page","link":"https:\/\/elections.sbcounty.gov\/es\/elections\/2013\/0611\/","title":{"rendered":"Archivo de Elecciones con Boletas por Correo para un Impuesto Especial en el Distrito de Instalaciones Comunitarias del Distrito Escolar Unificado Hesperia"},"content":{"rendered":"  <section data-isd-block-id=\"rov-content-blockblock_5bf60a5642ed1456a1e6d2600815514c\"\n\t\t\t\t\t\t\t\t\t\t \t\t\t\t\t\t\t\t\t\t\t class=\"card-style main-content-wrapper rov-card-style mb-4\">\n\n\t<h2 class=\"block-subtitle blue\">Publicaciones Electorales<\/h2>\n\n\t<div class=\"ctnr-block-content\"><ul>\n<li>La\u00a0<a href=\"https:\/\/www.sbcounty.gov\/uploads\/ROV\/Elections\/2013\/0611\/2013-06-11_InternetVoterInformationGuide.pdf\" target=\"_blank\" rel=\"noopener\">Gu\u00eda de Informaci\u00f3n para el Votante<\/a>\u00a0[pdf] es un manual que se env\u00eda a todos los votantes donde se describe lo que hay en la boleta y las opciones de voto.<\/li>\n<li>Documento Adjunto a la Gu\u00eda de Informaci\u00f3n para el Votante:\u00a0<a href=\"https:\/\/www.sbcounty.gov\/uploads\/ROV\/Elections\/2013\/0611\/AttachmenttoTaxRateStatement-MeasureY.pdf\" target=\"_blank\" rel=\"noopener\">Anexo a la Declaraci\u00f3n de la Tasa de Impuestos para la Medida Y<\/a>\u00a0[pdf]<\/li>\n<li><a href=\"https:\/\/elections.sbcounty.gov\/es\/News\/2013\/\"><strong>Comunicados de Prensa y Avisos P\u00fablicos<\/strong><\/a><\/li>\n<\/ul>\n<\/div>\n\n  <\/section>\n\n\t\n\n  <section data-isd-block-id=\"rov-content-blockblock_52877b007ec448246c39136d50a33f7f\"\n\t\t\t\t\t\t\t\t\t\t \t\t\t\t\t\t\t\t\t\t\t class=\"card-style main-content-wrapper rov-card-style mb-4\">\n\n\t<h2 class=\"block-subtitle blue\">Fechas Clave y Fechas L\u00edmite<\/h2>\n\n\t<div class=\"ctnr-block-content\"><table style=\"margin-top: 5px;margin-left: 20px;border-collapse: collapse\" border=\"0\" width=\"100%\" cellspacing=\"0\" cellpadding=\"9\">\n<thead>\n<tr style=\"height: 12.6pt\">\n<th style=\"padding: 0in 5.4pt;border: 1pt solid windowtext;height: 12.6pt\">\n<p style=\"text-align: center\"><strong>Fecha<\/strong><\/p>\n<\/th>\n<th style=\"padding: 0in 5.4pt;height: 12.6pt;border-top-width: 1pt;border-right-width: 1pt;border-bottom-width: 1pt;border-top-style: solid;border-right-style: solid;border-bottom-style: solid\">\n<p style=\"text-align: center\"><strong>Acci\u00f3n<\/strong><\/p>\n<\/th>\n<\/tr>\n<\/thead>\n<tbody>\n<tr style=\"height: 12.6pt\">\n<td style=\"padding: 0in 5.4pt;height: 12.6pt;border-right-width: 1pt;border-bottom-width: 1pt;border-left-width: 1pt;border-right-style: solid;border-bottom-style: solid;border-left-style: solid;background-color: transparent\">\n<p style=\"text-align: center\">28 de marzo de 2013<\/p>\n<\/td>\n<td style=\"padding: 0in 5.4pt;height: 12.6pt;border-right-width: 1pt;border-bottom-width: 1pt;border-right-style: solid;border-bottom-style: solid;background-color: transparent\">\n<p style=\"text-align: center\">Fecha l\u00edmite para presentar argumentos directos a favor\/en contra de una medida<\/p>\n<\/td>\n<\/tr>\n<tr style=\"height: 12.6pt\">\n<td style=\"padding: 0in 5.4pt;height: 12.6pt;border-right-width: 1pt;border-bottom-width: 1pt;border-left-width: 1pt;border-right-style: solid;border-bottom-style: solid;border-left-style: solid;background-color: transparent\">\n<p style=\"text-align: center\">2 de abril de 2013<\/p>\n<\/td>\n<td style=\"padding: 0in 5.4pt;height: 12.6pt;border-right-width: 1pt;border-bottom-width: 1pt;border-right-style: solid;border-bottom-style: solid;background-color: transparent\">\n<p style=\"text-align: center\">Fecha l\u00edmite para presentar refutaciones directas a favor\/en contra de una medida<\/p>\n<\/td>\n<\/tr>\n<tr style=\"height: 12.6pt\">\n<td style=\"padding: 0in 5.4pt;height: 12.6pt;border-right-width: 1pt;border-bottom-width: 1pt;border-left-width: 1pt;border-right-style: solid;border-bottom-style: solid;border-left-style: solid;background-color: transparent\">\n<p style=\"text-align: center\">7 de abril de 2013<\/p>\n<\/td>\n<td style=\"padding: 0in 5.4pt;height: 12.6pt;border-right-width: 1pt;border-bottom-width: 1pt;border-right-style: solid;border-bottom-style: solid;background-color: transparent\">\n<p style=\"text-align: center\">Finaliza el periodo de examen p\u00fablico de los argumentos<\/p>\n<\/td>\n<\/tr>\n<tr style=\"height: 12.6pt\">\n<td style=\"padding: 0in 5.4pt;height: 12.6pt;border-right-width: 1pt;border-bottom-width: 1pt;border-left-width: 1pt;border-right-style: solid;border-bottom-style: solid;border-left-style: solid;background-color: transparent\">\n<p style=\"text-align: center\">12 de abril de 2013<\/p>\n<\/td>\n<td style=\"padding: 0in 5.4pt;height: 12.6pt;border-right-width: 1pt;border-bottom-width: 1pt;border-right-style: solid;border-bottom-style: solid;background-color: transparent\">\n<p style=\"text-align: center\">Finaliza el periodo de examen p\u00fablico de las refutaciones<\/p>\n<\/td>\n<\/tr>\n<tr style=\"height: 13.4pt\">\n<td style=\"padding: 0in 5.4pt;height: 13.4pt;border-right-width: 1pt;border-bottom-width: 1pt;border-left-width: 1pt;border-right-style: solid;border-bottom-style: solid;border-left-style: solid;background-color: transparent\">\n<p style=\"text-align: center\">13 de mayo de 2013<\/p>\n<\/td>\n<td style=\"padding: 0in 5.4pt;height: 13.4pt;border-right-width: 1pt;border-bottom-width: 1pt;border-right-style: solid;border-bottom-style: solid;background-color: transparent\">\n<p style=\"text-align: center\">Comienza el voto anticipado<\/p>\n<\/td>\n<\/tr>\n<tr style=\"height: 12.6pt\">\n<td style=\"padding: 0in 5.4pt;height: 12.6pt;border-right-width: 1pt;border-bottom-width: 1pt;border-left-width: 1pt;border-right-style: solid;border-bottom-style: solid;border-left-style: solid;background-color: transparent\">\n<p style=\"text-align: center\">17 de mayo de 2013<\/p>\n<\/td>\n<td style=\"padding: 0in 5.4pt;height: 12.6pt;border-right-width: 1pt;border-bottom-width: 1pt;border-right-style: solid;border-bottom-style: solid;background-color: transparent\">\n<p style=\"text-align: center\">Las Boletas por Correo se env\u00edan a los votantes<\/p>\n<\/td>\n<\/tr>\n<tr style=\"height: 12.6pt\">\n<td style=\"padding: 0in 5.4pt;height: 12.6pt;border-right-width: 1pt;border-bottom-width: 1pt;border-left-width: 1pt;border-right-style: solid;border-bottom-style: solid;border-left-style: solid;background-color: transparent\">\n<p style=\"text-align: center\">27 de mayo de 2013<\/p>\n<\/td>\n<td style=\"padding: 0in 5.4pt;height: 12.6pt;border-right-width: 1pt;border-bottom-width: 1pt;border-right-style: solid;border-bottom-style: solid;background-color: transparent\">\n<p style=\"text-align: center\">Fecha l\u00edmite para el registro de votantes<\/p>\n<\/td>\n<\/tr>\n<tr style=\"height: 12.6pt\">\n<td style=\"padding: 0in 5.4pt;height: 12.6pt;border-right-width: 1pt;border-bottom-width: 1pt;border-left-width: 1pt;border-right-style: solid;border-bottom-style: solid;border-left-style: solid;background-color: transparent\">\n<p style=\"text-align: center\">4 de junio de 2013<\/p>\n<\/td>\n<td style=\"padding: 0in 5.4pt;height: 12.6pt;border-right-width: 1pt;border-bottom-width: 1pt;border-right-style: solid;border-bottom-style: solid;background-color: transparent\">\n<p style=\"text-align: center\">Fecha l\u00edmite para solicitar Boletas por Correo<\/p>\n<\/td>\n<\/tr>\n<tr style=\"height: 13.4pt\">\n<td style=\"padding: 0in 5.4pt;height: 13.4pt;border-right-width: 1pt;border-bottom-width: 1pt;border-left-width: 1pt;border-right-style: solid;border-bottom-style: solid;border-left-style: solid;background-color: transparent\">\n<p style=\"text-align: center\"><strong>11 de junio de 2013<\/strong><\/p>\n<\/td>\n<td style=\"padding: 0in 5.4pt;height: 13.4pt;border-right-width: 1pt;border-bottom-width: 1pt;border-right-style: solid;border-bottom-style: solid;background-color: transparent\">\n<p style=\"text-align: center\"><strong>D\u00eda de las Elecciones \u2013 Distrito de Instalaciones Comunitarias del Distrito Escolar Unificado Hesperia No.\u00a02013-1<\/strong><\/p>\n<\/td>\n<\/tr>\n<tr style=\"height: 12.6pt\">\n<td style=\"padding: 0in 5.4pt;height: 12.6pt;border-right-width: 1pt;border-bottom-width: 1pt;border-left-width: 1pt;border-right-style: solid;border-bottom-style: solid;border-left-style: solid;background-color: transparent\">\n<p style=\"text-align: center\">12 de junio de 2013<\/p>\n<\/td>\n<td style=\"padding: 0in 5.4pt;height: 12.6pt;border-right-width: 1pt;border-bottom-width: 1pt;border-right-style: solid;border-bottom-style: solid;background-color: transparent\">\n<p style=\"text-align: center\">Comienza el escrutinio de las Elecciones<\/p>\n<\/td>\n<\/tr>\n<\/tbody>\n<\/table>\n<\/div>\n\n  <\/section>\n\n\t\n\n  <section data-isd-block-id=\"rov-content-blockblock_f9b348fc1612da80909aa8b95698b47f\"\n\t\t\t\t\t\t\t\t\t\t \t\t\t\t\t\t\t\t\t\t\t class=\"card-style main-content-wrapper rov-card-style mb-4\">\n\n\t<h2 class=\"block-subtitle blue\">Measure Information<\/h2>\n\n\t<div class=\"ctnr-block-content\"><ul>\n<li><a href=\"https:\/\/www.sbcounty.gov\/uploads\/ROV\/Elections\/2013\/0611\/ResolutionNoHesperiaUSDCFDNo.2013-1.pdf\" target=\"_blank\" rel=\"noopener\">Resoluci\u00f3n del Distrito de Instalaciones Comunitarias del Distrito Escolar Unificado (Unified School District, USD) Hesperia No.\u00a02013\u20111<\/a> [pdf]<\/li>\n<li><u><\/u><u><a href=\"https:\/\/www.sbcounty.gov\/uploads\/ROV\/Elections\/2013\/0611\/Impartial_Analysis.pdf\" target=\"_blank\" rel=\"noopener\">An\u00e1lisis Imparcial de la Medida Y<\/a><\/u>\u00a0[pdf]<\/li>\n<li><a href=\"https:\/\/www.sbcounty.gov\/uploads\/ROV\/Elections\/2013\/0611\/Measure_Y-Argument_in_Favor.pdf\" target=\"_blank\" rel=\"noopener\">Argumento a Favor de la Medida Y<\/a> [pdf]<\/li>\n<li><a href=\"https:\/\/www.sbcounty.gov\/uploads\/ROV\/Elections\/2013\/0611\/Arguments_Against.pdf\" target=\"_blank\" rel=\"noopener\">Argumento en Contra de la Medida Y<\/a> [pdf]<\/li>\n<li><u><\/u><u><a href=\"https:\/\/www.sbcounty.gov\/uploads\/ROV\/Elections\/2013\/0611\/Rebuttal_to_Argument_Against.pdf\" target=\"_blank\" rel=\"noopener\">Refutaci\u00f3n al Argumento en Contra de la Medida Y<\/a><\/u>\u00a0[pdf]<\/li>\n<\/ul>\n<p>Para que la medida sea aprobada, se necesitan 2\/3 de los votos<\/p>\n<\/div>\n\n  <\/section>\n\n\t\n\n  <section data-isd-block-id=\"rov-content-blockblock_7a53d01391295b3472a40fb6847da07d\"\n\t\t\t\t\t\t\t\t\t\t \t\t\t\t\t\t\t\t\t\t\t class=\"card-style main-content-wrapper rov-card-style mb-4\">\n\n\t<h2 class=\"block-subtitle blue\">Registro de Votantes<\/h2>\n\n\t<div class=\"ctnr-block-content\"><p>Su solicitud de registro de votante debe tener un sello postal a m\u00e1s tardar del\u00a0<strong>27 de mayo de 2013<\/strong>\u00a0para que sea elegible para votar en las\u00a0Elecciones con Boletas por Correo para un Impuesto Especial.\u00a0\u00a0Visite nuestra\u00a0<a href=\"https:\/\/elections.sbcounty.gov\/es\/VoterRegistration\/when\/\">p\u00e1gina del Registro de Votantes<\/a>\u00a0para obtener informaci\u00f3n completa e instrucciones.<\/p>\n<ul>\n<li>Consulte el\u00a0<a href=\"https:\/\/www.sbcounty.gov\/uploads\/ROV\/Elections\/2013\/0611\/15DayCloseofRegistrationSummary.pdf\" target=\"_blank\" rel=\"noopener\">Resumen del Registro de Votantes Calificados<\/a>\u00a0[pdf]<\/li>\n<\/ul>\n<\/div>\n\n  <\/section>\n\n\t\n\n  <section data-isd-block-id=\"rov-content-blockblock_a7ce367eb5aef6d5a14d71c98323f9a0\"\n\t\t\t\t\t\t\t\t\t\t \t\t\t\t\t\t\t\t\t\t\t class=\"card-style main-content-wrapper rov-card-style mb-4\">\n\n\t<h2 class=\"block-subtitle blue\">Opciones de Voto<\/h2>\n\n\t<div class=\"ctnr-block-content\"><ul>\n<li>Vote con anticipaci\u00f3n en la Oficina de Elecciones a partir del 13 de mayo de 2013.<\/li>\n<li>Vote en una Boleta por Correo. \u00a0La Solicitud de Boleta por Correo [ya no se encuentra disponible] vence el\u00a04 de junio de\u00a02013.<\/li>\n<\/ul>\n<p>Visite nuestra\u00a0<a href=\"https:\/\/elections.sbcounty.gov\/es\/Voting\/\">p\u00e1gina de Opciones de Voto<\/a>\u00a0para obtener la informaci\u00f3n completa y las instrucciones.<\/p>\n<\/div>\n\n  <\/section>\n\n\t\n\n  <section data-isd-block-id=\"rov-content-blockblock_c5fbafe31f0e45ff0c59c32115030a89\"\n\t\t\t\t\t\t\t\t\t\t \t\t\t\t\t\t\t\t\t\t\t class=\"card-style main-content-wrapper rov-card-style mb-4\">\n\n\t<h2 class=\"block-subtitle blue\">Resultados de las Elecciones<\/h2>\n\n\t<div class=\"ctnr-block-content\"><ul>\n<li><a href=\"https:\/\/elections.sbcounty.gov\/es\/Elections\/2013\/0611\/Results\/\">Resultados de las Elecciones<\/a><\/li>\n<li><a href=\"https:\/\/www.sbcounty.gov\/uploads\/ROV\/Elections\/2013\/0611\/2013-06-11_SOV.pdf\" target=\"_blank\" rel=\"noopener\">Declaraci\u00f3n de Votos Emitidos<\/a> [pdf]<\/li>\n<\/ul>\n<\/div>\n\n  <\/section>\n\n\t","protected":false},"excerpt":{"rendered":"<p>Publicaciones Electorales La\u00a0Gu\u00eda de Informaci\u00f3n para el Votante\u00a0[pdf] es un manual que se env\u00eda a todos los votantes donde se describe lo que hay en la boleta y las opciones de voto. Documento Adjunto a la Gu\u00eda de Informaci\u00f3n para el Votante:\u00a0Anexo a la Declaraci\u00f3n de la Tasa de Impuestos<span class=\"ellipsis\">&#8230;<\/span><\/p>\n","protected":false},"author":19,"featured_media":37382,"parent":38190,"menu_order":0,"comment_status":"closed","ping_status":"closed","template":"templates\/rov-left-sidebar-template.php","meta":{"_acf_changed":false,"footnotes":""},"class_list":["post-38349","page","type-page","status-publish","has-post-thumbnail","hentry"],"acf":[],"_links":{"self":[{"href":"https:\/\/elections.sbcounty.gov\/es\/wp-json\/wp\/v2\/pages\/38349","targetHints":{"allow":["GET"]}}],"collection":[{"href":"https:\/\/elections.sbcounty.gov\/es\/wp-json\/wp\/v2\/pages"}],"about":[{"href":"https:\/\/elections.sbcounty.gov\/es\/wp-json\/wp\/v2\/types\/page"}],"author":[{"embeddable":true,"href":"https:\/\/elections.sbcounty.gov\/es\/wp-json\/wp\/v2\/users\/19"}],"replies":[{"embeddable":true,"href":"https:\/\/elections.sbcounty.gov\/es\/wp-json\/wp\/v2\/comments?post=38349"}],"version-history":[{"count":4,"href":"https:\/\/elections.sbcounty.gov\/es\/wp-json\/wp\/v2\/pages\/38349\/revisions"}],"predecessor-version":[{"id":84103,"href":"https:\/\/elections.sbcounty.gov\/es\/wp-json\/wp\/v2\/pages\/38349\/revisions\/84103"}],"up":[{"embeddable":true,"href":"https:\/\/elections.sbcounty.gov\/es\/wp-json\/wp\/v2\/pages\/38190"}],"wp:featuredmedia":[{"embeddable":true,"href":"https:\/\/elections.sbcounty.gov\/es\/wp-json\/wp\/v2\/media\/37382"}],"wp:attachment":[{"href":"https:\/\/elections.sbcounty.gov\/es\/wp-json\/wp\/v2\/media?parent=38349"}],"curies":[{"name":"wp","href":"https:\/\/api.w.org\/{rel}","templated":true}]}}