{"id":38316,"date":"2021-12-20T20:02:51","date_gmt":"2021-12-20T20:02:51","guid":{"rendered":"https:\/\/www.elections.sbcounty.gov\/?page_id=38316"},"modified":"2024-06-06T11:00:28","modified_gmt":"2024-06-06T18:00:28","slug":"0604","status":"publish","type":"page","link":"https:\/\/elections.sbcounty.gov\/es\/elections\/2013\/0604\/","title":{"rendered":"Archivo de Elecciones Especiales del Distrito del Hospital Comunitario San Bernardino Mountains del 4 de junio de\u00a02013"},"content":{"rendered":"  <section data-isd-block-id=\"rov-content-blockblock_619a7ab2cf332130958a488f7f92b0a3\"\n\t\t\t\t\t\t\t\t\t\t \t\t\t\t\t\t\t\t\t\t\t class=\"card-style main-content-wrapper rov-card-style mb-4\">\n\n\t<h2 class=\"block-subtitle blue\">Publicaciones Electorales<\/h2>\n\n\t<div class=\"ctnr-block-content\"><ul>\n<li>La\u00a0<a href=\"https:\/\/www.sbcounty.gov\/uploads\/ROV\/Elections\/2013\/0604\/InternetVoterInformationGuide_Jun-4-2013.pdf\" target=\"_blank\" rel=\"noopener\">Gu\u00eda de Informaci\u00f3n para el Votante<\/a>\u00a0[pdf] es un manual que se env\u00eda a todos los votantes donde se describe lo que hay en la boleta y las opciones de voto.<\/li>\n<li><a href=\"https:\/\/elections.sbcounty.gov\/es\/News\/2013\/\"><strong>Comunicados de Prensa y Avisos P\u00fablicos<\/strong><\/a><\/li>\n<\/ul>\n<\/div>\n\n  <\/section>\n\n\t\n\n  <section data-isd-block-id=\"rov-content-blockblock_331dcd8bba80ecaad1465fcf9f0b6eab\"\n\t\t\t\t\t\t\t\t\t\t \t\t\t\t\t\t\t\t\t\t\t class=\"card-style main-content-wrapper rov-card-style mb-4\">\n\n\t<h2 class=\"block-subtitle blue\">Fechas Clave y Fechas L\u00edmite<\/h2>\n\n\t<div class=\"ctnr-block-content\"><table style=\"width: 480pt;margin-top: 5px;margin-left: 50px;border-collapse: collapse\" border=\"0\" width=\"640\" cellspacing=\"0\" cellpadding=\"0\">\n<tbody>\n<tr style=\"height: 12.6pt\">\n<th style=\"padding: 0in 5.4pt;border: 1pt solid windowtext;width: 154.2pt;height: 12.6pt;background-color: #d9d9d9\">\n<p style=\"text-align: center\"><strong>Fecha<\/strong><\/p>\n<\/th>\n<th style=\"border-color: windowtext #f0f0f0;padding: 0in 5.4pt;width: 325.8pt;height: 12.6pt;border-top-width: 1pt;border-right-width: 1pt;border-bottom-width: 1pt;border-top-style: solid;border-right-style: solid;border-bottom-style: solid;background-color: #d9d9d9\">\n<p style=\"text-align: center\"><strong>Acci\u00f3n<\/strong><\/p>\n<\/th>\n<\/tr>\n<tr style=\"height: 12.6pt\">\n<td style=\"border-color: #f0f0f0 windowtext windowtext;padding: 0in 5.4pt;width: 154.2pt;height: 12.6pt;border-right-width: 1pt;border-bottom-width: 1pt;border-left-width: 1pt;border-right-style: solid;border-bottom-style: solid;border-left-style: solid;background-color: transparent\">\n<p style=\"text-align: center\">21 de marzo de 2013<\/p>\n<\/td>\n<td style=\"border-color: #f0f0f0 windowtext windowtext #f0f0f0;padding: 0in 5.4pt;width: 325.8pt;height: 12.6pt;border-right-width: 1pt;border-bottom-width: 1pt;border-right-style: solid;border-bottom-style: solid;background-color: transparent\">\n<p style=\"text-align: center\">Fecha l\u00edmite para presentar argumentos directos a favor\/en contra de una medida<\/p>\n<\/td>\n<\/tr>\n<tr style=\"height: 12.6pt\">\n<td style=\"border-color: #f0f0f0 windowtext windowtext;padding: 0in 5.4pt;width: 154.2pt;height: 12.6pt;border-right-width: 1pt;border-bottom-width: 1pt;border-left-width: 1pt;border-right-style: solid;border-bottom-style: solid;border-left-style: solid;background-color: transparent\">\n<p style=\"text-align: center\">26 de marzo de 2013<\/p>\n<\/td>\n<td style=\"border-color: #f0f0f0 windowtext windowtext #f0f0f0;padding: 0in 5.4pt;width: 325.8pt;height: 12.6pt;border-right-width: 1pt;border-bottom-width: 1pt;border-right-style: solid;border-bottom-style: solid;background-color: transparent\">\n<p style=\"text-align: center\">Fecha l\u00edmite para presentar refutaciones directas a favor\/en contra de una medida<\/p>\n<\/td>\n<\/tr>\n<tr style=\"height: 12.6pt\">\n<td style=\"border-color: #f0f0f0 windowtext windowtext;padding: 0in 5.4pt;width: 154.2pt;height: 12.6pt;border-right-width: 1pt;border-bottom-width: 1pt;border-left-width: 1pt;border-right-style: solid;border-bottom-style: solid;border-left-style: solid;background-color: transparent\">\n<p style=\"text-align: center\">31 de marzo de 2013<\/p>\n<\/td>\n<td style=\"border-color: #f0f0f0 windowtext windowtext #f0f0f0;padding: 0in 5.4pt;width: 325.8pt;height: 12.6pt;border-right-width: 1pt;border-bottom-width: 1pt;border-right-style: solid;border-bottom-style: solid;background-color: transparent\">\n<p style=\"text-align: center\">Finaliza el periodo de examen p\u00fablico de los argumentos<\/p>\n<\/td>\n<\/tr>\n<tr style=\"height: 12.6pt\">\n<td style=\"border-color: #f0f0f0 windowtext windowtext;padding: 0in 5.4pt;width: 154.2pt;height: 12.6pt;border-right-width: 1pt;border-bottom-width: 1pt;border-left-width: 1pt;border-right-style: solid;border-bottom-style: solid;border-left-style: solid;background-color: transparent\">\n<p style=\"text-align: center\">5 de abril de 2013<\/p>\n<\/td>\n<td style=\"border-color: #f0f0f0 windowtext windowtext #f0f0f0;padding: 0in 5.4pt;width: 325.8pt;height: 12.6pt;border-right-width: 1pt;border-bottom-width: 1pt;border-right-style: solid;border-bottom-style: solid;background-color: transparent\">\n<p style=\"text-align: center\">Finaliza el periodo de examen p\u00fablico de las refutaciones<\/p>\n<\/td>\n<\/tr>\n<tr style=\"height: 12.6pt\">\n<td style=\"border-color: #f0f0f0 windowtext windowtext;padding: 0in 5.4pt;width: 154.2pt;height: 12.6pt;border-right-width: 1pt;border-bottom-width: 1pt;border-left-width: 1pt;border-right-style: solid;border-bottom-style: solid;border-left-style: solid;background-color: transparent\">\n<p style=\"text-align: center\">3 de mayo de 2013<\/p>\n<\/td>\n<td style=\"border-color: #f0f0f0 windowtext windowtext #f0f0f0;padding: 0in 5.4pt;width: 325.8pt;height: 12.6pt;border-right-width: 1pt;border-bottom-width: 1pt;border-right-style: solid;border-bottom-style: solid;background-color: transparent\">\n<p style=\"text-align: center\">La Gu\u00eda de Informaci\u00f3n para el Votante y las Boletas de Muestra se env\u00edan a los votantes<\/p>\n<\/td>\n<\/tr>\n<tr style=\"height: 12.6pt\">\n<td style=\"border-color: #f0f0f0 windowtext windowtext;padding: 0in 5.4pt;width: 154.2pt;height: 12.6pt;border-right-width: 1pt;border-bottom-width: 1pt;border-left-width: 1pt;border-right-style: solid;border-bottom-style: solid;border-left-style: solid;background-color: transparent\">\n<p style=\"text-align: center\">6 de mayo de 2013<\/p>\n<\/td>\n<td style=\"border-color: #f0f0f0 windowtext windowtext #f0f0f0;padding: 0in 5.4pt;width: 325.8pt;height: 12.6pt;border-right-width: 1pt;border-bottom-width: 1pt;border-right-style: solid;border-bottom-style: solid;background-color: transparent\">\n<p style=\"text-align: center\">Comienza el voto anticipado<\/p>\n<\/td>\n<\/tr>\n<tr style=\"height: 12.6pt\">\n<td style=\"border-color: #f0f0f0 windowtext windowtext;padding: 0in 5.4pt;width: 154.2pt;height: 12.6pt;border-right-width: 1pt;border-bottom-width: 1pt;border-left-width: 1pt;border-right-style: solid;border-bottom-style: solid;border-left-style: solid;background-color: transparent\">\n<p style=\"text-align: center\">10 de mayo de 2013<\/p>\n<\/td>\n<td style=\"border-color: #f0f0f0 windowtext windowtext #f0f0f0;padding: 0in 5.4pt;width: 325.8pt;height: 12.6pt;border-right-width: 1pt;border-bottom-width: 1pt;border-right-style: solid;border-bottom-style: solid;background-color: transparent\">\n<p style=\"text-align: center\">Las Boletas por Correo se env\u00edan a los votantes<\/p>\n<\/td>\n<\/tr>\n<tr style=\"height: 12.6pt\">\n<td style=\"border-color: #f0f0f0 windowtext windowtext;padding: 0in 5.4pt;width: 154.2pt;height: 12.6pt;border-right-width: 1pt;border-bottom-width: 1pt;border-left-width: 1pt;border-right-style: solid;border-bottom-style: solid;border-left-style: solid;background-color: transparent\">\n<p style=\"text-align: center\">20 de mayo de 2013<\/p>\n<\/td>\n<td style=\"border-color: #f0f0f0 windowtext windowtext #f0f0f0;padding: 0in 5.4pt;width: 325.8pt;height: 12.6pt;border-right-width: 1pt;border-bottom-width: 1pt;border-right-style: solid;border-bottom-style: solid;background-color: transparent\">\n<p style=\"text-align: center\">Fecha l\u00edmite para el registro de votantes<\/p>\n<\/td>\n<\/tr>\n<tr style=\"height: 12.6pt\">\n<td style=\"border-color: #f0f0f0 windowtext windowtext;padding: 0in 5.4pt;width: 154.2pt;height: 12.6pt;border-right-width: 1pt;border-bottom-width: 1pt;border-left-width: 1pt;border-right-style: solid;border-bottom-style: solid;border-left-style: solid;background-color: transparent\">\n<p style=\"text-align: center\">28 de mayo de 2013<\/p>\n<\/td>\n<td style=\"border-color: #f0f0f0 windowtext windowtext #f0f0f0;padding: 0in 5.4pt;width: 325.8pt;height: 12.6pt;border-right-width: 1pt;border-bottom-width: 1pt;border-right-style: solid;border-bottom-style: solid;background-color: transparent\">\n<p style=\"text-align: center\">Fecha l\u00edmite para solicitar una Boleta por Correo<\/p>\n<\/td>\n<\/tr>\n<tr style=\"height: 13.4pt\">\n<td style=\"border-color: #f0f0f0 windowtext windowtext;padding: 0in 5.4pt;width: 154.2pt;height: 13.4pt;border-right-width: 1pt;border-bottom-width: 1pt;border-left-width: 1pt;border-right-style: solid;border-bottom-style: solid;border-left-style: solid;background-color: transparent\">\n<p style=\"text-align: center\"><strong>4 de junio de 2013<\/strong><\/p>\n<\/td>\n<td style=\"border-color: #f0f0f0 windowtext windowtext #f0f0f0;padding: 0in 5.4pt;width: 325.8pt;height: 13.4pt;border-right-width: 1pt;border-bottom-width: 1pt;border-right-style: solid;border-bottom-style: solid;background-color: transparent\">\n<p style=\"text-align: center\"><strong>Elecciones del Distrito del Hospital Comunitario de San Bernardino Mountains<\/strong><\/p>\n<\/td>\n<\/tr>\n<tr style=\"height: 12.6pt\">\n<td style=\"border-color: #f0f0f0 windowtext windowtext;padding: 0in 5.4pt;width: 154.2pt;height: 12.6pt;border-right-width: 1pt;border-bottom-width: 1pt;border-left-width: 1pt;border-right-style: solid;border-bottom-style: solid;border-left-style: solid;background-color: transparent\">\n<p style=\"text-align: center\">5 de junio de 2013<\/p>\n<\/td>\n<td style=\"border-color: #f0f0f0 windowtext windowtext #f0f0f0;padding: 0in 5.4pt;width: 325.8pt;height: 12.6pt;border-right-width: 1pt;border-bottom-width: 1pt;border-right-style: solid;border-bottom-style: solid;background-color: transparent\">\n<p style=\"text-align: center\">Comienza el escrutinio de las Elecciones<\/p>\n<\/td>\n<\/tr>\n<\/tbody>\n<\/table>\n<\/div>\n\n  <\/section>\n\n\t\n\n  <section data-isd-block-id=\"rov-content-blockblock_2829da33f8e170e663a81e5f6ef0e949\"\n\t\t\t\t\t\t\t\t\t\t \t\t\t\t\t\t\t\t\t\t\t class=\"card-style main-content-wrapper rov-card-style mb-4\">\n\n\t<h2 class=\"block-subtitle blue\">Informaci\u00f3n sobre las Medidas<\/h2>\n\n\t<div class=\"ctnr-block-content\"><ul>\n<li><a href=\"https:\/\/www.sbcounty.gov\/uploads\/ROV\/Elections\/2013\/0604\/Resolution_2013-02-21.pdf\" target=\"_blank\" rel=\"noopener\">Resoluci\u00f3n del Distrito del Hospital Comunitario de San\u00a0Bernardino\u00a0Mountains<\/a>\u00a0[pdf]<\/li>\n<li><a href=\"https:\/\/www.sbcounty.gov\/uploads\/ROV\/Elections\/2013\/0604\/Analysis_2013-06-04.pdf\" target=\"_blank\" rel=\"noopener\">An\u00e1lisis Imparcial de la Medida<\/a>\u00a0[pdf]<\/li>\n<li><a href=\"https:\/\/www.sbcounty.gov\/uploads\/ROV\/Elections\/2013\/0604\/Argument%20in%20Favor_2013-02-21.pdf\" target=\"_blank\" rel=\"noopener\">Argumento a Favor de la Medida<\/a>\u00a0[pdf]<\/li>\n<\/ul>\n<p>Para que se apruebe la medida, se requiere el 50 por ciento de los votos m\u00e1s uno.<\/p>\n<\/div>\n\n  <\/section>\n\n\t\n\n  <section data-isd-block-id=\"rov-content-blockblock_2fc71f3dda33deb6dc4d3369ff68f1c3\"\n\t\t\t\t\t\t\t\t\t\t \t\t\t\t\t\t\t\t\t\t\t class=\"card-style main-content-wrapper rov-card-style mb-4\">\n\n\t<h2 class=\"block-subtitle blue\">Registro de Votantes<\/h2>\n\n\t<div class=\"ctnr-block-content\"><p>Su solicitud de registro de votante debe tener un sello postal a m\u00e1s tardar del\u00a0<strong>20 de mayo de 2013<\/strong>\u00a0para que sea elegible para votar en las\u00a0Elecciones Especiales.\u00a0\u00a0Visite nuestra\u00a0<a href=\"https:\/\/elections.sbcounty.gov\/es\/VoterRegistration\/when\/\">p\u00e1gina del Registro de Votantes<\/a>\u00a0para obtener informaci\u00f3n completa e instrucciones.<\/p>\n<ul>\n<li>Consulte el\u00a0<a href=\"https:\/\/www.sbcounty.gov\/uploads\/ROV\/Elections\/2013\/0604\/15DayCloseofRegistrationSummary.pdf\" target=\"_blank\" rel=\"noopener\">Resumen del Registro de Votantes Calificados<\/a>\u00a0[pdf].<\/li>\n<\/ul>\n<\/div>\n\n  <\/section>\n\n\t\n\n  <section data-isd-block-id=\"rov-content-blockblock_6a27dd84c0364469e0fdf81a4708d43a\"\n\t\t\t\t\t\t\t\t\t\t \t\t\t\t\t\t\t\t\t\t\t class=\"card-style main-content-wrapper rov-card-style mb-4\">\n\n\t<h2 class=\"block-subtitle blue\">Opciones de Voto<\/h2>\n\n\t<div class=\"ctnr-block-content\"><ul>\n<li>Vote con anticipaci\u00f3n en la Oficina de Elecciones a partir del 6 de mayo de 2013.<\/li>\n<li>Vote en una Boleta por Correo. \u00a0La Solicitud de Boleta por Correo [ya no se encuentra disponible] vence el 28 de mayo de 2013.<\/li>\n<li>Vote en las casillas el D\u00eda de las Elecciones, el 4 de junio de 2013, de 7 a.m. a 8 p.m.<\/li>\n<\/ul>\n<p>Visite nuestra\u00a0<a href=\"https:\/\/elections.sbcounty.gov\/es\/Voting\/\">p\u00e1gina de Opciones de Voto<\/a>\u00a0para obtener la informaci\u00f3n completa y las instrucciones.<\/p>\n<p><strong>Votantes Militares y en el Extranjero:<\/strong><\/p>\n<p>Los ciudadanos Uniformados y en el Extranjero pueden obtener una Gu\u00eda de Informaci\u00f3n para el Votante y Boleta de Muestra, as\u00ed como una Boleta para estas elecciones. \u00a0Para obtener informaci\u00f3n completa, visite nuestra\u00a0<a href=\"https:\/\/www.sos.ca.gov\/elections\/voter-registration\/military-overseas-voters\" target=\"_blank\" rel=\"noopener\">p\u00e1gina para Votantes Uniformados y en el Extranjero<\/a>.<\/p>\n<\/div>\n\n  <\/section>\n\n\t\n\n  <section data-isd-block-id=\"rov-content-blockblock_6a90df7da81b02a488e543620d8b6253\"\n\t\t\t\t\t\t\t\t\t\t \t\t\t\t\t\t\t\t\t\t\t class=\"card-style main-content-wrapper rov-card-style mb-4\">\n\n\t<h2 class=\"block-subtitle blue\">Resultados de las Elecciones<\/h2>\n\n\t<div class=\"ctnr-block-content\"><ul>\n<li><a href=\"https:\/\/elections.sbcounty.gov\/es\/Elections\/2013\/0604\/Results\/\">Resultados de las Elecciones<\/a><\/li>\n<li><a href=\"https:\/\/www.sbcounty.gov\/uploads\/ROV\/Elections\/2013\/0604\/SOV_Book_SBMtn_CHD.pdf\" target=\"_blank\" rel=\"noopener\">Declaraci\u00f3n de Votos Emitidos<\/a><\/li>\n<li>Consulta de Boletas Provisionales [ya no est\u00e1 disponible]<\/li>\n<\/ul>\n<\/div>\n\n  <\/section>\n\n\t","protected":false},"excerpt":{"rendered":"<p>Publicaciones Electorales La\u00a0Gu\u00eda de Informaci\u00f3n para el Votante\u00a0[pdf] es un manual que se env\u00eda a todos los votantes donde se describe lo que hay en la boleta y las opciones de voto. Comunicados de Prensa y Avisos P\u00fablicos Fechas Clave y Fechas L\u00edmite Fecha Acci\u00f3n 21 de marzo de 2013<span class=\"ellipsis\">&#8230;<\/span><\/p>\n","protected":false},"author":19,"featured_media":37382,"parent":38190,"menu_order":0,"comment_status":"closed","ping_status":"closed","template":"templates\/rov-left-sidebar-template.php","meta":{"_acf_changed":false,"footnotes":""},"class_list":["post-38316","page","type-page","status-publish","has-post-thumbnail","hentry"],"acf":[],"_links":{"self":[{"href":"https:\/\/elections.sbcounty.gov\/es\/wp-json\/wp\/v2\/pages\/38316","targetHints":{"allow":["GET"]}}],"collection":[{"href":"https:\/\/elections.sbcounty.gov\/es\/wp-json\/wp\/v2\/pages"}],"about":[{"href":"https:\/\/elections.sbcounty.gov\/es\/wp-json\/wp\/v2\/types\/page"}],"author":[{"embeddable":true,"href":"https:\/\/elections.sbcounty.gov\/es\/wp-json\/wp\/v2\/users\/19"}],"replies":[{"embeddable":true,"href":"https:\/\/elections.sbcounty.gov\/es\/wp-json\/wp\/v2\/comments?post=38316"}],"version-history":[{"count":5,"href":"https:\/\/elections.sbcounty.gov\/es\/wp-json\/wp\/v2\/pages\/38316\/revisions"}],"predecessor-version":[{"id":84106,"href":"https:\/\/elections.sbcounty.gov\/es\/wp-json\/wp\/v2\/pages\/38316\/revisions\/84106"}],"up":[{"embeddable":true,"href":"https:\/\/elections.sbcounty.gov\/es\/wp-json\/wp\/v2\/pages\/38190"}],"wp:featuredmedia":[{"embeddable":true,"href":"https:\/\/elections.sbcounty.gov\/es\/wp-json\/wp\/v2\/media\/37382"}],"wp:attachment":[{"href":"https:\/\/elections.sbcounty.gov\/es\/wp-json\/wp\/v2\/media?parent=38316"}],"curies":[{"name":"wp","href":"https:\/\/api.w.org\/{rel}","templated":true}]}}