{"id":38292,"date":"2021-12-20T19:51:53","date_gmt":"2021-12-20T19:51:53","guid":{"rendered":"https:\/\/www.elections.sbcounty.gov\/?page_id=38292"},"modified":"2024-06-06T11:01:20","modified_gmt":"2024-06-06T18:01:20","slug":"0514","status":"publish","type":"page","link":"https:\/\/elections.sbcounty.gov\/es\/elections\/2013\/0514\/","title":{"rendered":"Archivo de Elecciones Generales Especiales para el Senado Estatal del Distrito 32 del 14 de mayo de 2013"},"content":{"rendered":"  <section data-isd-block-id=\"rov-content-blockblock_049354d5e487043a277616f75442d5e9\"\n\t\t\t\t\t\t\t\t\t\t \t\t\t\t\t\t\t\t\t\t\t class=\"card-style main-content-wrapper rov-card-style mb-4\">\n\n\t<h2 class=\"block-subtitle blue\">Publicaciones Electorales<\/h2>\n\n\t<div class=\"ctnr-block-content\"><ul>\n<li>La\u00a0<a href=\"https:\/\/www.sbcounty.gov\/uploads\/ROV\/Elections\/2013\/0514\/InternetVoterInformationGuide_May-14-2013.pdf\" target=\"_blank\" rel=\"noopener\">Gu\u00eda de Informaci\u00f3n para el Votante<\/a>\u00a0[pdf] es un manual que se env\u00eda a todos los votantes donde se describe lo que hay en la boleta y las opciones de voto.<\/li>\n<li><a href=\"https:\/\/elections.sbcounty.gov\/es\/News\/2013\/\"><strong>Comunicados de Prensa y Avisos P\u00fablicos<\/strong><\/a><\/li>\n<\/ul>\n<\/div>\n\n  <\/section>\n\n\t\n\n  <section data-isd-block-id=\"rov-content-blockblock_92812438ef998f3664b017aab6de7ea4\"\n\t\t\t\t\t\t\t\t\t\t \t\t\t\t\t\t\t\t\t\t\t class=\"card-style main-content-wrapper rov-card-style mb-4\">\n\n\t<h2 class=\"block-subtitle blue\">Fechas Clave y Fechas L\u00edmite<\/h2>\n\n\t<div class=\"ctnr-block-content\"><table border=\"1\" width=\"710\">\n<thead>\n<tr style=\"background-color: #d9d9d9\">\n<th>\n<p style=\"text-align: center\"><strong>Fecha<\/strong><\/p>\n<\/th>\n<th>\n<p style=\"text-align: center\"><strong>Acci\u00f3n<\/strong><\/p>\n<\/th>\n<\/tr>\n<\/thead>\n<tbody>\n<tr>\n<td>\n<p style=\"text-align: center\">12 de marzo de 2013<\/p>\n<\/td>\n<td>\n<p style=\"text-align: center\">Elecciones Primarias Especiales para el Senado Estatal del Distrito 32<\/p>\n<\/td>\n<\/tr>\n<tr>\n<td>\n<p style=\"text-align: center\">25 de marzo de 2013<\/p>\n<\/td>\n<td>\n<p style=\"text-align: center\">Fecha l\u00edmite de presentaci\u00f3n de candidatos<\/p>\n<\/td>\n<\/tr>\n<tr>\n<td>\n<p style=\"text-align: center\">Del 26 de marzo al 4\u00a0de abril de 2013<\/p>\n<\/td>\n<td>\n<p style=\"text-align: center\">Periodo de escrutinio p\u00fablico de 10 d\u00edas de las declaraciones de los candidatos<\/p>\n<\/td>\n<\/tr>\n<tr>\n<td>\n<p style=\"text-align: center\">15 de abril de 2013<\/p>\n<\/td>\n<td>\n<p style=\"text-align: center\">Comienza el voto anticipado<\/p>\n<\/td>\n<\/tr>\n<tr>\n<td>\n<p style=\"text-align: center\">29 de abril de 2013<\/p>\n<\/td>\n<td>\n<p style=\"text-align: center\">Fecha l\u00edmite para el registro de votantes<\/p>\n<\/td>\n<\/tr>\n<tr>\n<td>\n<p style=\"text-align: center\">7 de mayo de 2013<\/p>\n<\/td>\n<td>\n<p style=\"text-align: center\">Fecha l\u00edmite para solicitar Boletas por Correo<\/p>\n<\/td>\n<\/tr>\n<tr>\n<td>\n<p style=\"text-align: center\"><strong>14 de mayo de 2013<\/strong><\/p>\n<\/td>\n<td>\n<p style=\"text-align: center\"><strong>Elecciones Generales Especiales para el Senado Estatal del Distrito 32<\/strong><\/p>\n<\/td>\n<\/tr>\n<tr>\n<td>\n<p style=\"text-align: center\">15 de mayo de 2013<\/p>\n<\/td>\n<td>\n<p style=\"text-align: center\">Comienza el escrutinio de las Elecciones<\/p>\n<\/td>\n<\/tr>\n<tr>\n<td>\n<p style=\"text-align: center\">29 de mayo de 2013<\/p>\n<\/td>\n<td>\n<p style=\"text-align: center\">Fecha l\u00edmite para que la Oficina de Elecciones complete el escrutinio y certifique los resultados ante el Secretario de Estado.<\/p>\n<\/td>\n<\/tr>\n<tr>\n<td>\n<p style=\"text-align: center\">21 de junio de 2013<\/p>\n<\/td>\n<td>\n<p style=\"text-align: center\">Fecha l\u00edmite para que el Secretario de Estado certifique las Elecciones<\/p>\n<\/td>\n<\/tr>\n<\/tbody>\n<\/table>\n<\/div>\n\n  <\/section>\n\n\t\n\n  <section data-isd-block-id=\"rov-content-blockblock_d37944cf526755340510a724d23c96bf\"\n\t\t\t\t\t\t\t\t\t\t \t\t\t\t\t\t\t\t\t\t\t class=\"card-style main-content-wrapper rov-card-style mb-4\">\n\n\t<h2 class=\"block-subtitle blue\">Informaci\u00f3n de los Cargos y Candidatos<\/h2>\n\n\t<div class=\"ctnr-block-content\"><p><strong>Cargos A Elegir:<\/strong><\/p>\n<ul>\n<li>Consulte todos los\u00a0<a href=\"https:\/\/www.sbcounty.gov\/uploads\/ROV\/OfficialsandCandidates\/Calendar_Offices_Up_for_Election_2013-05-23.pdf\" target=\"_blank\" rel=\"noopener\">Cargos a Elegir<\/a>\u00a0[pdf] para 2013.<\/li>\n<\/ul>\n<p><strong>Presentaci\u00f3n de Candidatos:<\/strong><\/p>\n<p>No se Present\u00f3 Candidato para esta elecci\u00f3n. \u00a0Visite nuestra p\u00e1gina de\u00a0<a href=\"https:\/\/elections.sbcounty.gov\/es\/Elected-Officials-Candidates\/\">Funcionarios Electos y Candidatos<\/a>\u00a0para obtener la informaci\u00f3n completa e instrucciones.<\/p>\n<p><strong>List of Candidates:<\/strong><\/p>\n<table role=\"presentation\" border=\"1\" width=\"350\" cellspacing=\"0\" cellpadding=\"5\">\n<tbody>\n<tr style=\"background-color: #d9d9d9\">\n<td><strong>Nombre del Candidato<\/strong><\/td>\n<td><strong>Declaraci\u00f3n de Candidato<\/strong><\/td>\n<\/tr>\n<tr>\n<td>Paul Leon (R)<\/td>\n<td>S\u00ed<\/td>\n<\/tr>\n<tr>\n<td>Norma Torres (D)<\/td>\n<td>S\u00ed<\/td>\n<\/tr>\n<\/tbody>\n<\/table>\n<\/div>\n\n  <\/section>\n\n\t\n\n  <section data-isd-block-id=\"rov-content-blockblock_dec81fb3ffb1472526703557c23a2091\"\n\t\t\t\t\t\t\t\t\t\t \t\t\t\t\t\t\t\t\t\t\t class=\"card-style main-content-wrapper rov-card-style mb-4\">\n\n\t<h2 class=\"block-subtitle blue\">Voter Registration<\/h2>\n\n\t<div class=\"ctnr-block-content\"><p>Su solicitud de registro de votante debe tener un sello postal a m\u00e1s tardar del\u00a0<strong>29 de abril de 2013<\/strong>\u00a0para que sea elegible para votar en las\u00a0Elecciones Generales Especiales.\u00a0\u00a0Visite nuestra\u00a0<a href=\"https:\/\/elections.sbcounty.gov\/es\/VoterRegistration\/when\/\">p\u00e1gina del Registro de Votantes<\/a>\u00a0para obtener informaci\u00f3n completa e instrucciones.<\/p>\n<ul>\n<li>Consulte el\u00a0<a href=\"https:\/\/www.sbcounty.gov\/uploads\/ROV\/Elections\/2013\/0514\/15-Day_Close_of_Registration_May14.pdf\" target=\"_blank\" rel=\"noopener\">Resumen del Registro de Votantes Calificados<\/a>\u00a0[pdf].<\/li>\n<\/ul>\n<\/div>\n\n  <\/section>\n\n\t\n\n  <section data-isd-block-id=\"rov-content-blockblock_12e4fab13c6b4ec3878480fed8b4883f\"\n\t\t\t\t\t\t\t\t\t\t \t\t\t\t\t\t\t\t\t\t\t class=\"card-style main-content-wrapper rov-card-style mb-4\">\n\n\t<h2 class=\"block-subtitle blue\">Opciones de Voto<\/h2>\n\n\t<div class=\"ctnr-block-content\"><ul>\n<li>Vote con anticipaci\u00f3n en la Oficina de Elecciones a partir del 15 de abril de 2013.<\/li>\n<li>Vote en una Boleta por Correo. \u00a0La Solicitud de Boleta por Correo [ya no se encuentra disponible] vence el 7 de mayo de\u00a02013.<\/li>\n<li>Vote en las casillas el D\u00eda de las Elecciones, el 14 de mayo de 2013 de 7 a.m. a 8 p.m.<\/li>\n<\/ul>\n<p>Visite nuestra\u00a0<a href=\"https:\/\/elections.sbcounty.gov\/es\/Voting\/\">p\u00e1gina de Opciones de Voto<\/a>\u00a0para obtener la informaci\u00f3n completa y las instrucciones.<\/p>\n<p><strong>Votantes Militares y en el Extranjero:<\/strong><\/p>\n<p>Los ciudadanos Uniformados y en el Extranjero pueden obtener una Gu\u00eda de Informaci\u00f3n para el Votante y Boleta de Muestra as\u00ed como una Boleta para estas elecciones. \u00a0Para obtener informaci\u00f3n completa visite nuestra\u00a0<a href=\"https:\/\/www.sos.ca.gov\/elections\/voter-registration\/military-overseas-voters\" target=\"_blank\" rel=\"noopener\">p\u00e1gina para Votantes Uniformados y en el Extranjero<\/a>.<\/p>\n<\/div>\n\n  <\/section>\n\n\t\n\n  <section data-isd-block-id=\"rov-content-blockblock_4fa0c1351b031a9ac710ce1fe2cb0041\"\n\t\t\t\t\t\t\t\t\t\t \t\t\t\t\t\t\t\t\t\t\t class=\"card-style main-content-wrapper rov-card-style mb-4\">\n\n\t<h2 class=\"block-subtitle blue\">Resultados de las Elecciones<\/h2>\n\n\t<div class=\"ctnr-block-content\"><ul>\n<li><a href=\"https:\/\/www.sbcounty.gov\/uploads\/ROV\/Elections\/2013\/0514\/election_results_05-14-2013.pdf\" target=\"_blank\" rel=\"noopener\">Resultados de las Elecciones<\/a><\/li>\n<li><a href=\"https:\/\/www.sbcounty.gov\/uploads\/ROV\/Elections\/2013\/0514\/SOV_Book.pdf\" target=\"_blank\" rel=\"noopener\">Declaraci\u00f3n de Votos Emitidos<\/a>\u00a0[pdf]<\/li>\n<li>Consulta de Boletas Provisionales [ya no est\u00e1 disponible]<\/li>\n<\/ul>\n<\/div>\n\n  <\/section>\n\n\t","protected":false},"excerpt":{"rendered":"<p>Publicaciones Electorales La\u00a0Gu\u00eda de Informaci\u00f3n para el Votante\u00a0[pdf] es un manual que se env\u00eda a todos los votantes donde se describe lo que hay en la boleta y las opciones de voto. Comunicados de Prensa y Avisos P\u00fablicos Fechas Clave y Fechas L\u00edmite Fecha Acci\u00f3n 12 de marzo de 2013<span class=\"ellipsis\">&#8230;<\/span><\/p>\n","protected":false},"author":19,"featured_media":37382,"parent":38190,"menu_order":0,"comment_status":"closed","ping_status":"closed","template":"templates\/rov-left-sidebar-template.php","meta":{"_acf_changed":false,"footnotes":""},"class_list":["post-38292","page","type-page","status-publish","has-post-thumbnail","hentry"],"acf":[],"_links":{"self":[{"href":"https:\/\/elections.sbcounty.gov\/es\/wp-json\/wp\/v2\/pages\/38292","targetHints":{"allow":["GET"]}}],"collection":[{"href":"https:\/\/elections.sbcounty.gov\/es\/wp-json\/wp\/v2\/pages"}],"about":[{"href":"https:\/\/elections.sbcounty.gov\/es\/wp-json\/wp\/v2\/types\/page"}],"author":[{"embeddable":true,"href":"https:\/\/elections.sbcounty.gov\/es\/wp-json\/wp\/v2\/users\/19"}],"replies":[{"embeddable":true,"href":"https:\/\/elections.sbcounty.gov\/es\/wp-json\/wp\/v2\/comments?post=38292"}],"version-history":[{"count":4,"href":"https:\/\/elections.sbcounty.gov\/es\/wp-json\/wp\/v2\/pages\/38292\/revisions"}],"predecessor-version":[{"id":84109,"href":"https:\/\/elections.sbcounty.gov\/es\/wp-json\/wp\/v2\/pages\/38292\/revisions\/84109"}],"up":[{"embeddable":true,"href":"https:\/\/elections.sbcounty.gov\/es\/wp-json\/wp\/v2\/pages\/38190"}],"wp:featuredmedia":[{"embeddable":true,"href":"https:\/\/elections.sbcounty.gov\/es\/wp-json\/wp\/v2\/media\/37382"}],"wp:attachment":[{"href":"https:\/\/elections.sbcounty.gov\/es\/wp-json\/wp\/v2\/media?parent=38292"}],"curies":[{"name":"wp","href":"https:\/\/api.w.org\/{rel}","templated":true}]}}