{"id":38271,"date":"2021-12-20T19:39:26","date_gmt":"2021-12-20T19:39:26","guid":{"rendered":"https:\/\/www.elections.sbcounty.gov\/?page_id=38271"},"modified":"2021-12-20T19:39:26","modified_gmt":"2021-12-20T19:39:26","slug":"results","status":"publish","type":"page","link":"https:\/\/elections.sbcounty.gov\/es\/elections\/2013\/0312\/results\/","title":{"rendered":"Resultado de las Elecciones Primarias Especiales del 12\u00a0de marzo de 2013"},"content":{"rendered":"  <section data-isd-block-id=\"rov-content-blockblock_cf0049a0662b2f27dd965ef27b20d329\"\n\t\t\t\t\t\t\t\t\t\t \t\t\t\t\t\t\t\t\t\t\t class=\"card-style main-content-wrapper rov-card-style mb-4\">\n\n\t<h2 class=\"block-subtitle blue\">Resultados de las Elecciones \u2013 \u00daltima Actualizaci\u00f3n: 19 de marzo de 2013 a las 3:47 PM<\/h2>\n\n\t<div class=\"ctnr-block-content\"><table role=\"presentation\" width=\"80%\">\n<tbody>\n<tr>\n<td>Registro y N\u00famero de Votantes<\/td>\n<\/tr>\n<tr>\n<td>285,985 Votantes<\/td>\n<\/tr>\n<\/tbody>\n<\/table>\n<table class=\"sovTableResults\">\n<tbody>\n<tr>\n<th><\/th>\n<th align=\"right\"><strong>Conteo de Votos<\/strong><\/th>\n<th align=\"right\"><strong>Porcentaje<\/strong><\/th>\n<\/tr>\n<tr>\n<th scope=\"row\" style=\"text-align: left\">N\u00famero de Votantes del Distrito Electoral<\/th>\n<td align=\"right\">4,943<\/td>\n<td align=\"right\">1.73%<\/td>\n<\/tr>\n<tr>\n<th scope=\"row\" style=\"text-align: left\">N\u00famero de Votantes por Correo<\/th>\n<td align=\"right\">23,983<\/td>\n<td align=\"right\">8.39%<\/td>\n<\/tr>\n<tr>\n<th scope=\"row\" style=\"text-align: left\">Total<\/th>\n<td align=\"right\">28,926<\/td>\n<td align=\"right\">10.11%<\/td>\n<\/tr>\n<\/tbody>\n<\/table>\n<p>&nbsp;<\/p>\n<hr \/>\n<table role=\"presentation\" width=\"80%\">\n<tbody>\n<tr>\n<td>SENADOR ESTATAL DISTRITO 32<\/td>\n<\/tr>\n<tr>\n<td>413\/413 100.00%<\/td>\n<\/tr>\n<\/tbody>\n<\/table>\n<table class=\"sovTableResults\">\n<tbody>\n<tr>\n<th><\/th>\n<th align=\"right\"><strong>Conteo de Votos<\/strong><\/th>\n<th align=\"right\"><strong>Porcentaje<\/strong><\/th>\n<\/tr>\n<tr>\n<th scope=\"row\" style=\"text-align: left\">DEM &#8211; PAUL VINCENT AVILA<\/th>\n<td align=\"right\">740<\/td>\n<td align=\"right\">2.61%<\/td>\n<\/tr>\n<tr>\n<th scope=\"row\" style=\"text-align: left\">DEM &#8211; JOANNE T. GILBERT<\/th>\n<td align=\"right\">2,106<\/td>\n<td align=\"right\">7.44%<\/td>\n<\/tr>\n<tr>\n<th scope=\"row\" style=\"text-align: left\">REP &#8211; KENNY COBLE<\/th>\n<td align=\"right\">1,791<\/td>\n<td align=\"right\">6.32%<\/td>\n<\/tr>\n<tr>\n<th scope=\"row\" style=\"text-align: left\">REP &#8211; PAUL S. LEON<\/th>\n<td align=\"right\">7,851<\/td>\n<td align=\"right\">27.72%<\/td>\n<\/tr>\n<tr>\n<th scope=\"row\" style=\"text-align: left\">DEM &#8211; LARRY WALKER<\/th>\n<td align=\"right\">4,033<\/td>\n<td align=\"right\">14.24%<\/td>\n<\/tr>\n<tr>\n<th scope=\"row\" style=\"text-align: left\">DEM &#8211; NORMA J. TORRES<\/th>\n<td class=\"winner\" align=\"right\">11,797<\/td>\n<td class=\"winner\" align=\"right\">41.66%<\/td>\n<\/tr>\n<tr>\n<th scope=\"row\" style=\"text-align: left\">Total<\/th>\n<td align=\"right\">28,318<\/td>\n<td align=\"right\">100.00%<\/td>\n<\/tr>\n<\/tbody>\n<\/table>\n<p>&nbsp;<\/p>\n<\/div>\n\n  <\/section>\n\n\t","protected":false},"excerpt":{"rendered":"<p>Resultados de las Elecciones \u2013 \u00daltima Actualizaci\u00f3n: 19 de marzo de 2013 a las 3:47 PM Registro y N\u00famero de Votantes 285,985 Votantes Conteo de Votos Porcentaje N\u00famero de Votantes del Distrito Electoral 4,943 1.73% N\u00famero de Votantes por Correo 23,983 8.39% Total 28,926 10.11% &nbsp; SENADOR ESTATAL DISTRITO 32<span class=\"ellipsis\">&#8230;<\/span><\/p>\n","protected":false},"author":19,"featured_media":37382,"parent":38247,"menu_order":0,"comment_status":"closed","ping_status":"closed","template":"templates\/rov-left-sidebar-template.php","meta":{"_acf_changed":false,"footnotes":""},"class_list":["post-38271","page","type-page","status-publish","has-post-thumbnail","hentry"],"acf":[],"_links":{"self":[{"href":"https:\/\/elections.sbcounty.gov\/es\/wp-json\/wp\/v2\/pages\/38271","targetHints":{"allow":["GET"]}}],"collection":[{"href":"https:\/\/elections.sbcounty.gov\/es\/wp-json\/wp\/v2\/pages"}],"about":[{"href":"https:\/\/elections.sbcounty.gov\/es\/wp-json\/wp\/v2\/types\/page"}],"author":[{"embeddable":true,"href":"https:\/\/elections.sbcounty.gov\/es\/wp-json\/wp\/v2\/users\/19"}],"replies":[{"embeddable":true,"href":"https:\/\/elections.sbcounty.gov\/es\/wp-json\/wp\/v2\/comments?post=38271"}],"version-history":[{"count":0,"href":"https:\/\/elections.sbcounty.gov\/es\/wp-json\/wp\/v2\/pages\/38271\/revisions"}],"up":[{"embeddable":true,"href":"https:\/\/elections.sbcounty.gov\/es\/wp-json\/wp\/v2\/pages\/38247"}],"wp:featuredmedia":[{"embeddable":true,"href":"https:\/\/elections.sbcounty.gov\/es\/wp-json\/wp\/v2\/media\/37382"}],"wp:attachment":[{"href":"https:\/\/elections.sbcounty.gov\/es\/wp-json\/wp\/v2\/media?parent=38271"}],"curies":[{"name":"wp","href":"https:\/\/api.w.org\/{rel}","templated":true}]}}