{"id":38247,"date":"2021-12-20T19:13:22","date_gmt":"2021-12-20T19:13:22","guid":{"rendered":"https:\/\/www.elections.sbcounty.gov\/?page_id=38247"},"modified":"2024-06-06T11:02:26","modified_gmt":"2024-06-06T18:02:26","slug":"0312","status":"publish","type":"page","link":"https:\/\/elections.sbcounty.gov\/es\/elections\/2013\/0312\/","title":{"rendered":"Archivo de Elecciones Primarias Especiales para el Senado Estatal del Distrito 32 del 12 de marzo de 2013"},"content":{"rendered":"  <section data-isd-block-id=\"rov-content-blockblock_e4afbf84ed9f8736c7c2625b013b673d\"\n\t\t\t\t\t\t\t\t\t\t \t\t\t\t\t\t\t\t\t\t\t class=\"card-style main-content-wrapper rov-card-style mb-4\">\n\n\t<h2 class=\"block-subtitle blue\">Publicaciones Electorales<\/h2>\n\n\t<div class=\"ctnr-block-content\"><ul>\n<li>La\u00a0<a href=\"https:\/\/www.sbcounty.gov\/uploads\/ROV\/Elections\/2013\/0312\/2013-03-12%20Internet%20Voter%20Information%20Guide.pdf\" target=\"_blank\" rel=\"noopener\">Gu\u00eda de Informaci\u00f3n para el Votante<\/a>\u00a0[pdf] es un manual que se env\u00eda a todos los votantes donde se describe lo que hay en la boleta y las opciones de voto.<\/li>\n<li><a href=\"https:\/\/elections.sbcounty.gov\/es\/News\/2013\/\"><strong>Comunicados de Prensa y Avisos P\u00fablicos<\/strong><\/a><\/li>\n<\/ul>\n<\/div>\n\n  <\/section>\n\n\t\n\n  <section data-isd-block-id=\"rov-content-blockblock_4c5630d69d4df2197f366be579046dc7\"\n\t\t\t\t\t\t\t\t\t\t \t\t\t\t\t\t\t\t\t\t\t class=\"card-style main-content-wrapper rov-card-style mb-4\">\n\n\t<h2 class=\"block-subtitle blue\">Fechas Clave y Fechas L\u00edmite<\/h2>\n\n\t<div class=\"ctnr-block-content\"><table style=\"width: 530pt;border-collapse: collapse\" border=\"0\" width=\"680\" cellspacing=\"0\" cellpadding=\"0\">\n<thead>\n<tr style=\"height: 12.6pt\">\n<th style=\"padding: 0in 5.4pt;border: 1pt solid windowtext;width: 134.3pt;height: 12.6pt;background-color: #d9d9d9\">\n<p style=\"text-align: center\"><strong><span style=\"color: #000000\">Fecha<\/span><\/strong><\/p>\n<\/th>\n<th style=\"border-color: windowtext windowtext windowtext #f0f0f0;padding: 0in 5.4pt;width: 368.3pt;height: 12.6pt;border-top-width: 1pt;border-right-width: 1pt;border-bottom-width: 1pt;border-top-style: solid;border-right-style: solid;border-bottom-style: solid;background-color: #d9d9d9\">\n<p style=\"text-align: center\"><strong>Acci\u00f3n<\/strong><\/p>\n<\/th>\n<\/tr>\n<\/thead>\n<tbody>\n<tr style=\"height: 12.6pt\">\n<td style=\"border-color: #f0f0f0 windowtext windowtext;padding: 0in 5.4pt;width: 134.3pt;height: 12.6pt;border-right-width: 1pt;border-bottom-width: 1pt;border-left-width: 1pt;border-right-style: solid;border-bottom-style: solid;border-left-style: solid;background-color: transparent\">\n<p style=\"text-align: center\">7 de enero de 2013<\/p>\n<\/td>\n<td style=\"border-color: #f0f0f0 windowtext windowtext #f0f0f0;padding: 0in 5.4pt;width: 368.3pt;height: 12.6pt;border-right-width: 1pt;border-bottom-width: 1pt;border-right-style: solid;border-bottom-style: solid;background-color: transparent\">\n<p style=\"text-align: center\">El gobernador firma la proclamaci\u00f3n donde convoca a Elecciones Especiales<\/p>\n<\/td>\n<\/tr>\n<tr style=\"height: 12.6pt\">\n<td style=\"border-color: #f0f0f0 windowtext windowtext;padding: 0in 5.4pt;width: 134.3pt;height: 12.6pt;border-right-width: 1pt;border-bottom-width: 1pt;border-left-width: 1pt;border-right-style: solid;border-bottom-style: solid;border-left-style: solid;background-color: transparent\">\n<p style=\"text-align: center\">9 de enero de 2013<\/p>\n<\/td>\n<td style=\"border-color: #f0f0f0 windowtext windowtext #f0f0f0;padding: 0in 5.4pt;width: 368.3pt;height: 12.6pt;border-right-width: 1pt;border-bottom-width: 1pt;border-right-style: solid;border-bottom-style: solid;background-color: transparent\">\n<p style=\"text-align: center\">Comienza la presentaci\u00f3n de candidatos<\/p>\n<\/td>\n<\/tr>\n<tr style=\"height: 12.6pt\">\n<td style=\"border-color: #f0f0f0 windowtext windowtext;padding: 0in 5.4pt;width: 134.3pt;height: 12.6pt;border-right-width: 1pt;border-bottom-width: 1pt;border-left-width: 1pt;border-right-style: solid;border-bottom-style: solid;border-left-style: solid;background-color: transparent\">\n<p style=\"text-align: center\">18 de enero de 2013<\/p>\n<\/td>\n<td style=\"border-color: #f0f0f0 windowtext windowtext #f0f0f0;padding: 0in 5.4pt;width: 368.3pt;height: 12.6pt;border-right-width: 1pt;border-bottom-width: 1pt;border-right-style: solid;border-bottom-style: solid;background-color: transparent\">\n<p style=\"text-align: center\">Fecha l\u00edmite de presentaci\u00f3n de candidatos<\/p>\n<\/td>\n<\/tr>\n<tr style=\"height: 12.6pt\">\n<td style=\"border-color: #f0f0f0 windowtext windowtext;padding: 0in 5.4pt;width: 134.3pt;height: 12.6pt;border-right-width: 1pt;border-bottom-width: 1pt;border-left-width: 1pt;border-right-style: solid;border-bottom-style: solid;border-left-style: solid;background-color: transparent\">\n<p style=\"text-align: center\">21 de enero de 2013<\/p>\n<\/td>\n<td style=\"border-color: #f0f0f0 windowtext windowtext #f0f0f0;padding: 0in 5.4pt;width: 368.3pt;height: 12.6pt;border-right-width: 1pt;border-bottom-width: 1pt;border-right-style: solid;border-bottom-style: solid;background-color: transparent\">\n<p style=\"text-align: center\">Sorteo para Orden Aleatorizado de las Letras del Alfabeto para determinar el orden de los candidatos en la boleta electoral<\/p>\n<\/td>\n<\/tr>\n<tr style=\"height: 12.6pt\">\n<td style=\"border-color: #f0f0f0 windowtext windowtext;padding: 0in 5.4pt;width: 134.3pt;height: 12.6pt;border-right-width: 1pt;border-bottom-width: 1pt;border-left-width: 1pt;border-right-style: solid;border-bottom-style: solid;border-left-style: solid;background-color: transparent\">\n<p style=\"text-align: center\">11 de febrero de 2013<\/p>\n<\/td>\n<td style=\"border-color: #f0f0f0 windowtext windowtext #f0f0f0;padding: 0in 5.4pt;width: 368.3pt;height: 12.6pt;border-right-width: 1pt;border-bottom-width: 1pt;border-right-style: solid;border-bottom-style: solid;background-color: transparent\">\n<p style=\"text-align: center\">Comienza el voto anticipado<\/p>\n<\/td>\n<\/tr>\n<tr style=\"height: 12.6pt\">\n<td style=\"border-color: #f0f0f0 windowtext windowtext;padding: 0in 5.4pt;width: 134.3pt;height: 12.6pt;border-right-width: 1pt;border-bottom-width: 1pt;border-left-width: 1pt;border-right-style: solid;border-bottom-style: solid;border-left-style: solid;background-color: transparent\">\n<p style=\"text-align: center\">25 de febrero de 2013<\/p>\n<\/td>\n<td style=\"border-color: #f0f0f0 windowtext windowtext #f0f0f0;padding: 0in 5.4pt;width: 368.3pt;height: 12.6pt;border-right-width: 1pt;border-bottom-width: 1pt;border-right-style: solid;border-bottom-style: solid;background-color: transparent\">\n<p style=\"text-align: center\">Fecha l\u00edmite para el registro de votantes<\/p>\n<\/td>\n<\/tr>\n<tr style=\"height: 12.6pt\">\n<td style=\"border-color: #f0f0f0 windowtext windowtext;padding: 0in 5.4pt;width: 134.3pt;height: 12.6pt;border-right-width: 1pt;border-bottom-width: 1pt;border-left-width: 1pt;border-right-style: solid;border-bottom-style: solid;border-left-style: solid;background-color: transparent\">\n<p style=\"text-align: center\">5 de marzo de 2013<\/p>\n<\/td>\n<td style=\"border-color: #f0f0f0 windowtext windowtext #f0f0f0;padding: 0in 5.4pt;width: 368.3pt;height: 12.6pt;border-right-width: 1pt;border-bottom-width: 1pt;border-right-style: solid;border-bottom-style: solid;background-color: transparent\">\n<p style=\"text-align: center\">Deadline\u00a0to apply for Mail Ballot<\/p>\n<\/td>\n<\/tr>\n<tr style=\"height: 13.4pt\">\n<td style=\"border-color: #f0f0f0 windowtext windowtext;padding: 0in 5.4pt;width: 134.3pt;height: 13.4pt;border-right-width: 1pt;border-bottom-width: 1pt;border-left-width: 1pt;border-right-style: solid;border-bottom-style: solid;border-left-style: solid;background-color: transparent\">\n<p style=\"text-align: center\"><strong>12 de marzo de 2013<\/strong><\/p>\n<\/td>\n<td style=\"border-color: #f0f0f0 windowtext windowtext #f0f0f0;padding: 0in 5.4pt;width: 368.3pt;height: 13.4pt;border-right-width: 1pt;border-bottom-width: 1pt;border-right-style: solid;border-bottom-style: solid;background-color: transparent\">\n<p style=\"text-align: center\"><strong>Elecciones Primarias Especiales para el Senado Estatal del Distrito 32<\/strong><\/p>\n<\/td>\n<\/tr>\n<tr style=\"height: 13.4pt\">\n<td style=\"border-color: #f0f0f0 windowtext windowtext;padding: 0in 5.4pt;width: 134.3pt;height: 13.4pt;border-right-width: 1pt;border-bottom-width: 1pt;border-left-width: 1pt;border-right-style: solid;border-bottom-style: solid;border-left-style: solid;background-color: transparent\">\n<p style=\"text-align: center\">13 de marzo de 2013<\/p>\n<\/td>\n<td style=\"border-color: #f0f0f0 windowtext windowtext #f0f0f0;padding: 0in 5.4pt;width: 368.3pt;height: 13.4pt;border-right-width: 1pt;border-bottom-width: 1pt;border-right-style: solid;border-bottom-style: solid;background-color: transparent\">\n<p style=\"text-align: center\">Comienza el escrutinio de las Elecciones<\/p>\n<\/td>\n<\/tr>\n<tr style=\"height: 13.4pt\">\n<td style=\"border-color: #f0f0f0 windowtext windowtext;padding: 0in 5.4pt;width: 134.3pt;height: 13.4pt;border-right-width: 1pt;border-bottom-width: 1pt;border-left-width: 1pt;border-right-style: solid;border-bottom-style: solid;border-left-style: solid;background-color: transparent\">\n<p style=\"text-align: center\">25 de marzo de 2013<\/p>\n<\/td>\n<td style=\"border-color: #f0f0f0 windowtext windowtext #f0f0f0;padding: 0in 5.4pt;width: 368.3pt;height: 13.4pt;border-right-width: 1pt;border-bottom-width: 1pt;border-right-style: solid;border-bottom-style: solid;background-color: transparent\">\n<p style=\"text-align: center\">Fecha l\u00edmite para completar el escrutinio oficial y certificar los resultados ante el Secretario de Estado<\/p>\n<\/td>\n<\/tr>\n<\/tbody>\n<\/table>\n<\/div>\n\n  <\/section>\n\n\t\n\n  <section data-isd-block-id=\"rov-content-blockblock_61cb72c85d94168931c78df4038220a7\"\n\t\t\t\t\t\t\t\t\t\t \t\t\t\t\t\t\t\t\t\t\t class=\"card-style main-content-wrapper rov-card-style mb-4\">\n\n\t<h2 class=\"block-subtitle blue\">Informaci\u00f3n de los Cargos y Candidatos<\/h2>\n\n\t<div class=\"ctnr-block-content\"><p><strong>Cargos a Elegir:<\/strong><\/p>\n<ul>\n<li>Consulte todos los\u00a0<a href=\"https:\/\/www.sbcounty.gov\/uploads\/ROV\/OfficialsandCandidates\/Calendar_Offices_Up_for_Election_2013-05-23.pdf\" target=\"_blank\" rel=\"noopener\">Cargos a Elegir<\/a>\u00a0[pdf] para 2013.<\/li>\n<\/ul>\n<p><strong>Presentaci\u00f3n de Candidatos:<\/strong><\/p>\n<p>El registro de los candidatos comienza el\u00a09 de enero de 2013 y termina el 18 de enero de 2013. \u00a0Visite nuestra p\u00e1gina de\u00a0<a href=\"https:\/\/elections.sbcounty.gov\/es\/Elected-Officials-Candidates\/\">Funcionarios Electos y Candidatos<\/a>\u00a0para obtener la informaci\u00f3n completa e instrucciones.<\/p>\n<p><strong>Lista de Candidatos:<\/strong><\/p>\n<table style=\"width: 100%;border-collapse: collapse\" role=\"presentation\" border=\"0\" width=\"659\" cellspacing=\"0\" cellpadding=\"0\">\n<tbody>\n<tr>\n<td style=\"padding: 0in 5.4pt;border: 1pt solid windowtext;width: 131.25pt;background-color: #d9d9d9\">\n<p style=\"text-align: center\"><strong>Nombre del Candidato<\/strong><\/p>\n<\/td>\n<td style=\"border-color: windowtext windowtext windowtext #f0f0f0;padding: 0in 5.4pt;width: 131.25pt;border-top-width: 1pt;border-right-width: 1pt;border-bottom-width: 1pt;border-top-style: solid;border-right-style: solid;border-bottom-style: solid;background-color: #d9d9d9\">\n<p style=\"text-align: center\"><strong>Fecha en que se Emiti\u00f3 la Presentaci\u00f3n de Candidatura al Candidato<\/strong><\/p>\n<\/td>\n<td style=\"border-color: windowtext windowtext windowtext #f0f0f0;padding: 0in 5.4pt;width: 131.25pt;border-top-width: 1pt;border-right-width: 1pt;border-bottom-width: 1pt;border-top-style: solid;border-right-style: solid;border-bottom-style: solid;background-color: #d9d9d9\">\n<p style=\"text-align: center\"><strong>Fecha en que el Candidato Entreg\u00f3\u00a0la Presentaci\u00f3n de Candidatura<\/strong><\/p>\n<\/td>\n<td style=\"border-color: windowtext windowtext windowtext #f0f0f0;padding: 0in 5.4pt;width: 100.6pt;border-top-width: 1pt;border-right-width: 1pt;border-bottom-width: 1pt;border-top-style: solid;border-right-style: solid;border-bottom-style: solid;background-color: #d9d9d9\">\n<p style=\"text-align: center\"><strong>Declaraci\u00f3n de Candidato<\/strong><\/p>\n<\/td>\n<\/tr>\n<tr>\n<td style=\"border-color: #f0f0f0 windowtext windowtext;padding: 0in 5.4pt;width: 131.25pt;border-right-width: 1pt;border-bottom-width: 1pt;border-left-width: 1pt;border-right-style: solid;border-bottom-style: solid;border-left-style: solid;background-color: transparent\">\n<p style=\"text-align: center\">Larry Walker (D)<\/p>\n<\/td>\n<td style=\"border-color: #f0f0f0 windowtext windowtext #f0f0f0;padding: 0in 5.4pt;width: 131.25pt;border-right-width: 1pt;border-bottom-width: 1pt;border-right-style: solid;border-bottom-style: solid;background-color: transparent\">\n<p style=\"text-align: center\">1\/10\/2013<\/p>\n<\/td>\n<td style=\"border-color: #f0f0f0 windowtext windowtext #f0f0f0;padding: 0in 5.4pt;width: 131.25pt;border-right-width: 1pt;border-bottom-width: 1pt;border-right-style: solid;border-bottom-style: solid;background-color: transparent\">\n<p style=\"text-align: center\">1\/17\/2013<\/p>\n<\/td>\n<td style=\"border-color: #f0f0f0 windowtext windowtext #f0f0f0;padding: 0in 5.4pt;width: 100.6pt;border-right-width: 1pt;border-bottom-width: 1pt;border-right-style: solid;border-bottom-style: solid;background-color: transparent\">\n<p style=\"text-align: center\">Yes<\/p>\n<\/td>\n<\/tr>\n<tr>\n<td style=\"border-color: #f0f0f0 windowtext windowtext;padding: 0in 5.4pt;width: 131.25pt;border-right-width: 1pt;border-bottom-width: 1pt;border-left-width: 1pt;border-right-style: solid;border-bottom-style: solid;border-left-style: solid;background-color: transparent\">\n<p style=\"text-align: center\">Paul Vincent Avila (D)<\/p>\n<\/td>\n<td style=\"border-color: #f0f0f0 windowtext windowtext #f0f0f0;padding: 0in 5.4pt;width: 131.25pt;border-right-width: 1pt;border-bottom-width: 1pt;border-right-style: solid;border-bottom-style: solid;background-color: transparent\">\n<p style=\"text-align: center\">1\/10\/2013<\/p>\n<\/td>\n<td style=\"border-color: #f0f0f0 windowtext windowtext #f0f0f0;padding: 0in 5.4pt;width: 131.25pt;border-right-width: 1pt;border-bottom-width: 1pt;border-right-style: solid;border-bottom-style: solid;background-color: transparent\">\n<p style=\"text-align: center\">1\/15\/2013<\/p>\n<\/td>\n<td style=\"border-color: #f0f0f0 windowtext windowtext #f0f0f0;padding: 0in 5.4pt;width: 100.6pt;border-right-width: 1pt;border-bottom-width: 1pt;border-right-style: solid;border-bottom-style: solid;background-color: transparent\">\n<p style=\"text-align: center\">No<\/p>\n<\/td>\n<\/tr>\n<tr>\n<td style=\"border-color: #f0f0f0 windowtext windowtext;padding: 0in 5.4pt;width: 131.25pt;border-right-width: 1pt;border-bottom-width: 1pt;border-left-width: 1pt;border-right-style: solid;border-bottom-style: solid;border-left-style: solid;background-color: transparent\">\n<p style=\"text-align: center\">*Norma J. Torres (D)<\/p>\n<\/td>\n<td style=\"border-color: #f0f0f0 windowtext windowtext #f0f0f0;padding: 0in 5.4pt;width: 131.25pt;border-right-width: 1pt;border-bottom-width: 1pt;border-right-style: solid;border-bottom-style: solid;background-color: transparent\">\n<p style=\"text-align: center\">1\/11\/2013<\/p>\n<\/td>\n<td style=\"border-color: #f0f0f0 windowtext windowtext #f0f0f0;padding: 0in 5.4pt;width: 131.25pt;border-right-width: 1pt;border-bottom-width: 1pt;border-right-style: solid;border-bottom-style: solid;background-color: transparent\">\n<p style=\"text-align: center\">1\/11\/2013<\/p>\n<\/td>\n<td style=\"border-color: #f0f0f0 windowtext windowtext #f0f0f0;padding: 0in 5.4pt;width: 100.6pt;border-right-width: 1pt;border-bottom-width: 1pt;border-right-style: solid;border-bottom-style: solid;background-color: transparent\">\n<p style=\"text-align: center\">Yes<\/p>\n<\/td>\n<\/tr>\n<tr>\n<td style=\"border-color: #f0f0f0 windowtext windowtext;padding: 0in 5.4pt;width: 131.25pt;border-right-width: 1pt;border-bottom-width: 1pt;border-left-width: 1pt;border-right-style: solid;border-bottom-style: solid;border-left-style: solid;background-color: transparent\">\n<p style=\"text-align: center\">Paul S. Leon (R)<\/p>\n<\/td>\n<td style=\"border-color: #f0f0f0 windowtext windowtext #f0f0f0;padding: 0in 5.4pt;width: 131.25pt;border-right-width: 1pt;border-bottom-width: 1pt;border-right-style: solid;border-bottom-style: solid;background-color: transparent\">\n<p style=\"text-align: center\">1\/14\/2013<\/p>\n<\/td>\n<td style=\"border-color: #f0f0f0 windowtext windowtext #f0f0f0;padding: 0in 5.4pt;width: 131.25pt;border-right-width: 1pt;border-bottom-width: 1pt;border-right-style: solid;border-bottom-style: solid;background-color: transparent\">\n<p style=\"text-align: center\">1\/18\/2013<\/p>\n<\/td>\n<td style=\"border-color: #f0f0f0 windowtext windowtext #f0f0f0;padding: 0in 5.4pt;width: 100.6pt;border-right-width: 1pt;border-bottom-width: 1pt;border-right-style: solid;border-bottom-style: solid;background-color: transparent\">\n<p style=\"text-align: center\">Yes<\/p>\n<\/td>\n<\/tr>\n<tr>\n<td style=\"border-color: #f0f0f0 windowtext windowtext;padding: 0in 5.4pt;width: 131.25pt;border-right-width: 1pt;border-bottom-width: 1pt;border-left-width: 1pt;border-right-style: solid;border-bottom-style: solid;border-left-style: solid;background-color: transparent\">\n<p style=\"text-align: center\">*Kenny Coble (R)<\/p>\n<\/td>\n<td style=\"border-color: #f0f0f0 windowtext windowtext #f0f0f0;padding: 0in 5.4pt;width: 131.25pt;border-right-width: 1pt;border-bottom-width: 1pt;border-right-style: solid;border-bottom-style: solid;background-color: transparent\">\n<p style=\"text-align: center\">1\/16\/2013<\/p>\n<\/td>\n<td style=\"border-color: #f0f0f0 windowtext windowtext #f0f0f0;padding: 0in 5.4pt;width: 131.25pt;border-right-width: 1pt;border-bottom-width: 1pt;border-right-style: solid;border-bottom-style: solid;background-color: transparent\">\n<p style=\"text-align: center\">1\/18\/2013<\/p>\n<\/td>\n<td style=\"border-color: #f0f0f0 windowtext windowtext #f0f0f0;padding: 0in 5.4pt;width: 100.6pt;border-right-width: 1pt;border-bottom-width: 1pt;border-right-style: solid;border-bottom-style: solid;background-color: transparent\">\n<p style=\"text-align: center\">No<\/p>\n<\/td>\n<\/tr>\n<tr>\n<td style=\"border-color: #f0f0f0 windowtext windowtext;padding: 0in 5.4pt;width: 131.25pt;border-right-width: 1pt;border-bottom-width: 1pt;border-left-width: 1pt;border-right-style: solid;border-bottom-style: solid;border-left-style: solid;background-color: transparent\">\n<p style=\"text-align: center\">Joanne T. Gilbert (D)<\/p>\n<\/td>\n<td style=\"border-color: #f0f0f0 windowtext windowtext #f0f0f0;padding: 0in 5.4pt;width: 131.25pt;border-right-width: 1pt;border-bottom-width: 1pt;border-right-style: solid;border-bottom-style: solid;background-color: transparent\">\n<p style=\"text-align: center\">1\/17\/2013<\/p>\n<\/td>\n<td style=\"border-color: #f0f0f0 windowtext windowtext #f0f0f0;padding: 0in 5.4pt;width: 131.25pt;border-right-width: 1pt;border-bottom-width: 1pt;border-right-style: solid;border-bottom-style: solid;background-color: transparent\">\n<p style=\"text-align: center\">1\/18\/2013<\/p>\n<\/td>\n<td style=\"border-color: #f0f0f0 windowtext windowtext #f0f0f0;padding: 0in 5.4pt;width: 100.6pt;border-right-width: 1pt;border-bottom-width: 1pt;border-right-style: solid;border-bottom-style: solid;background-color: transparent\">\n<p style=\"text-align: center\">No<\/p>\n<\/td>\n<\/tr>\n<\/tbody>\n<\/table>\n<p>* Candidato presentado en el Condado de Los \u00c1ngeles<\/p>\n<\/div>\n\n  <\/section>\n\n\t\n\n  <section data-isd-block-id=\"rov-content-blockblock_f01df2960d3e8e43ecdad63fd780b501\"\n\t\t\t\t\t\t\t\t\t\t \t\t\t\t\t\t\t\t\t\t\t class=\"card-style main-content-wrapper rov-card-style mb-4\">\n\n\t<h2 class=\"block-subtitle blue\">Registro de Votantes<\/h2>\n\n\t<div class=\"ctnr-block-content\"><p>Su solicitud de registro de votante debe tener un sello postal a m\u00e1s tardar del\u00a0<strong>25 de febrero de 2013<\/strong>\u00a0para que sea elegible para votar en las\u00a0Elecciones Primarias Especiales.\u00a0\u00a0Visite nuestra\u00a0<a href=\"https:\/\/elections.sbcounty.gov\/es\/VoterRegistration\/\">p\u00e1gina del Registro de Votantes<\/a>\u00a0para obtener informaci\u00f3n completa e instrucciones.<\/p>\n<ul>\n<li>Consulte el\u00a0<a href=\"https:\/\/www.sbcounty.gov\/uploads\/ROV\/Elections\/2013\/0312\/15%20Day%20Close%20of%20Registration.pdf\" target=\"_blank\" rel=\"noopener\">Resumen del Registro de Votantes Calificados<\/a>\u00a0[pdf].<\/li>\n<\/ul>\n<\/div>\n\n  <\/section>\n\n\t\n\n  <section data-isd-block-id=\"rov-content-blockblock_b0dea0f2cd732cb0fd1fe6b0829fa383\"\n\t\t\t\t\t\t\t\t\t\t \t\t\t\t\t\t\t\t\t\t\t class=\"card-style main-content-wrapper rov-card-style mb-4\">\n\n\t<h2 class=\"block-subtitle blue\">Opciones de Voto<\/h2>\n\n\t<div class=\"ctnr-block-content\"><ul>\n<li>Vote con anticipaci\u00f3n en la Oficina Electoral a partir del 11 de febrero de 2013.<\/li>\n<li>Vote en una Boleta por Correo. \u00a0La Solicitud de Boleta por Correo [ya no se encuentra disponible] vence el 5 de marzo de 2013.<\/li>\n<li>Vote en las casillas el D\u00eda de las Elecciones, el 12 de marzo de 2013, de 7 a.m. a 8 p.m.<\/li>\n<\/ul>\n<p>Visite nuestra\u00a0<a href=\"https:\/\/elections.sbcounty.gov\/es\/Voting\/\">p\u00e1gina de Opciones de Voto<\/a>\u00a0para obtener la informaci\u00f3n completa y las instrucciones.<\/p>\n<p><strong>Votantes Militares y en el Extranjero:<\/strong><\/p>\n<p>Los ciudadanos Uniformados y en el Extranjero pueden obtener una Gu\u00eda de Informaci\u00f3n para el Votante y Boleta de Muestra, as\u00ed como una Boleta para estas elecciones. \u00a0Para obtener informaci\u00f3n completa, visite nuestra\u00a0<a href=\"https:\/\/www.sos.ca.gov\/elections\/voter-registration\/military-overseas-voters\" target=\"_blank\" rel=\"noopener\">p\u00e1gina para Votantes Uniformados y en el Extranjero<\/a>.<\/p>\n<\/div>\n\n  <\/section>\n\n\t\n\n  <section data-isd-block-id=\"rov-content-blockblock_05a2cfb9502a23cc75f8d64985c91300\"\n\t\t\t\t\t\t\t\t\t\t \t\t\t\t\t\t\t\t\t\t\t class=\"card-style main-content-wrapper rov-card-style mb-4\">\n\n\t<h2 class=\"block-subtitle blue\">Resultados de las Elecciones<\/h2>\n\n\t<div class=\"ctnr-block-content\"><ul>\n<li><a href=\"https:\/\/elections.sbcounty.gov\/es\/Elections\/2013\/0312\/Results\/\">Resultados de las Elecciones<\/a><\/li>\n<li><a href=\"https:\/\/www.sbcounty.gov\/uploads\/ROV\/Elections\/2013\/0312\/SOV%20Book_2012SpecialPrimarySD32.pdf\" target=\"_blank\" rel=\"noopener\">Declaraci\u00f3n de Votos Emitidos<\/a>\u00a0[pdf]<\/li>\n<li>Consulta de Boletas Provisionales [ya no est\u00e1 disponible]<\/li>\n<\/ul>\n<\/div>\n\n  <\/section>\n\n\t","protected":false},"excerpt":{"rendered":"<p>Publicaciones Electorales La\u00a0Gu\u00eda de Informaci\u00f3n para el Votante\u00a0[pdf] es un manual que se env\u00eda a todos los votantes donde se describe lo que hay en la boleta y las opciones de voto. Comunicados de Prensa y Avisos P\u00fablicos Fechas Clave y Fechas L\u00edmite Fecha Acci\u00f3n 7 de enero de 2013<span class=\"ellipsis\">&#8230;<\/span><\/p>\n","protected":false},"author":19,"featured_media":37382,"parent":38190,"menu_order":0,"comment_status":"closed","ping_status":"closed","template":"templates\/rov-left-sidebar-template.php","meta":{"_acf_changed":false,"footnotes":""},"class_list":["post-38247","page","type-page","status-publish","has-post-thumbnail","hentry"],"acf":[],"_links":{"self":[{"href":"https:\/\/elections.sbcounty.gov\/es\/wp-json\/wp\/v2\/pages\/38247","targetHints":{"allow":["GET"]}}],"collection":[{"href":"https:\/\/elections.sbcounty.gov\/es\/wp-json\/wp\/v2\/pages"}],"about":[{"href":"https:\/\/elections.sbcounty.gov\/es\/wp-json\/wp\/v2\/types\/page"}],"author":[{"embeddable":true,"href":"https:\/\/elections.sbcounty.gov\/es\/wp-json\/wp\/v2\/users\/19"}],"replies":[{"embeddable":true,"href":"https:\/\/elections.sbcounty.gov\/es\/wp-json\/wp\/v2\/comments?post=38247"}],"version-history":[{"count":7,"href":"https:\/\/elections.sbcounty.gov\/es\/wp-json\/wp\/v2\/pages\/38247\/revisions"}],"predecessor-version":[{"id":84112,"href":"https:\/\/elections.sbcounty.gov\/es\/wp-json\/wp\/v2\/pages\/38247\/revisions\/84112"}],"up":[{"embeddable":true,"href":"https:\/\/elections.sbcounty.gov\/es\/wp-json\/wp\/v2\/pages\/38190"}],"wp:featuredmedia":[{"embeddable":true,"href":"https:\/\/elections.sbcounty.gov\/es\/wp-json\/wp\/v2\/media\/37382"}],"wp:attachment":[{"href":"https:\/\/elections.sbcounty.gov\/es\/wp-json\/wp\/v2\/media?parent=38247"}],"curies":[{"name":"wp","href":"https:\/\/api.w.org\/{rel}","templated":true}]}}