{"id":38229,"date":"2021-12-20T19:04:53","date_gmt":"2021-12-20T19:04:53","guid":{"rendered":"https:\/\/www.elections.sbcounty.gov\/?page_id=38229"},"modified":"2021-12-20T19:04:53","modified_gmt":"2021-12-20T19:04:53","slug":"results","status":"publish","type":"page","link":"https:\/\/elections.sbcounty.gov\/es\/elections\/2013\/0305\/results\/","title":{"rendered":"Resultados de las Elecciones Municipales Especiales del\u00a05 de marzo de 2013"},"content":{"rendered":"  <section data-isd-block-id=\"rov-content-blockblock_e65b5a129dcaf8f6b90dc8a40e8556bf\"\n\t\t\t\t\t\t\t\t\t\t \t\t\t\t\t\t\t\t\t\t\t class=\"card-style main-content-wrapper rov-card-style mb-4\">\n\n\t<h2 class=\"block-subtitle blue\">Resultados de las Elecciones \u2013 \u00daltima Actualizaci\u00f3n: 8 de marzo de 2013<\/h2>\n\n\t<div class=\"ctnr-block-content\"><table role=\"presentation\" width=\"80%\">\n<tbody>\n<tr>\n<td>Registro y N\u00famero de Votantes<\/td>\n<\/tr>\n<tr>\n<td>87,852 Votantes<\/td>\n<\/tr>\n<\/tbody>\n<\/table>\n<table class=\"sovTableResults\">\n<tbody>\n<tr>\n<th><\/th>\n<th align=\"right\"><strong>Conteo de Votos<\/strong><\/th>\n<th align=\"right\"><strong>Porcentaje<\/strong><\/th>\n<\/tr>\n<tr>\n<th scope=\"row\" style=\"text-align: left\">N\u00famero de Votantes del Distrito Electoral<\/th>\n<td align=\"right\">1,108<\/td>\n<td align=\"right\">1.26%<\/td>\n<\/tr>\n<tr>\n<th scope=\"row\" style=\"text-align: left\">N\u00famero de Votantes por Correo<\/th>\n<td align=\"right\">15,353<\/td>\n<td align=\"right\">17.48%<\/td>\n<\/tr>\n<tr>\n<th scope=\"row\" style=\"text-align: left\">Total<\/th>\n<td align=\"right\">16,461<\/td>\n<td align=\"right\">18.74%<\/td>\n<\/tr>\n<\/tbody>\n<\/table>\n<p>&nbsp;<\/p>\n<hr \/>\n<table role=\"presentation\" width=\"80%\">\n<tbody>\n<tr>\n<td>Chino Hills \u2013 Concejo Municipal<\/td>\n<\/tr>\n<tr>\n<td>30\/30 100.00%<\/td>\n<\/tr>\n<\/tbody>\n<\/table>\n<table class=\"sovTableResults\">\n<tbody>\n<tr>\n<th><\/th>\n<th align=\"right\"><strong>Conteo de Votos<\/strong><\/th>\n<th align=\"right\"><strong>Porcentaje<\/strong><\/th>\n<\/tr>\n<tr>\n<th scope=\"row\" style=\"text-align: left\">DEBRA HERNANDEZ<\/th>\n<td align=\"right\">972<\/td>\n<td align=\"right\">11.51%<\/td>\n<\/tr>\n<tr>\n<th scope=\"row\" style=\"text-align: left\">RAY MARQUEZ<\/th>\n<td class=\"winner\" align=\"right\">3,830<\/td>\n<td class=\"winner\" align=\"right\">45.36%<\/td>\n<\/tr>\n<tr>\n<th scope=\"row\" style=\"text-align: left\">ROSSANA MITCHELL<\/th>\n<td align=\"right\">2,741<\/td>\n<td align=\"right\">32.46%<\/td>\n<\/tr>\n<tr>\n<th scope=\"row\" style=\"text-align: left\">JESSE SINGH<\/th>\n<td align=\"right\">901<\/td>\n<td align=\"right\">10.67%<\/td>\n<\/tr>\n<tr>\n<th scope=\"row\" style=\"text-align: left\">Total<\/th>\n<td align=\"right\">8,444<\/td>\n<td align=\"right\">100.00%<\/td>\n<\/tr>\n<\/tbody>\n<\/table>\n<p>&nbsp;<\/p>\n<hr \/>\n<table role=\"presentation\" width=\"80%\">\n<tbody>\n<tr>\n<td>Yucca Valley \u2013 Concejo del Pueblo<\/td>\n<\/tr>\n<tr>\n<td>11\/11 100.00%<\/td>\n<\/tr>\n<\/tbody>\n<\/table>\n<table class=\"sovTableResults\">\n<tbody>\n<tr>\n<th><\/th>\n<th align=\"right\"><strong>Conteo de Votos<\/strong><\/th>\n<th align=\"right\"><strong>Porcentaje<\/strong><\/th>\n<\/tr>\n<tr>\n<th scope=\"row\" style=\"text-align: left\">ROBERT &#8221;BOB&#8221; LEONE<\/th>\n<td class=\"winner\" align=\"right\">1,425<\/td>\n<td class=\"winner\" align=\"right\">46.55%<\/td>\n<\/tr>\n<tr>\n<th scope=\"row\" style=\"text-align: left\">MICHAEL HILDEBRAND<\/th>\n<td align=\"right\">621<\/td>\n<td align=\"right\">20.29%<\/td>\n<\/tr>\n<tr>\n<th scope=\"row\" style=\"text-align: left\">CLAUDE SHORT<\/th>\n<td align=\"right\">98<\/td>\n<td align=\"right\">3.20%<\/td>\n<\/tr>\n<tr>\n<th scope=\"row\" style=\"text-align: left\">JENNIFER COLLINS<\/th>\n<td align=\"right\">917<\/td>\n<td align=\"right\">29.96%<\/td>\n<\/tr>\n<tr>\n<th scope=\"row\" style=\"text-align: left\">Total<\/th>\n<td align=\"right\">3,061<\/td>\n<td align=\"right\">100.00%<\/td>\n<\/tr>\n<\/tbody>\n<\/table>\n<p>&nbsp;<\/p>\n<hr \/>\n<table role=\"presentation\" width=\"80%\">\n<tbody>\n<tr>\n<td>Medida W \u2013 Ciudad de Rialto<\/td>\n<\/tr>\n<tr>\n<td>46\/46 100.00%<\/td>\n<\/tr>\n<\/tbody>\n<\/table>\n<table class=\"sovTableResults\">\n<tbody>\n<tr>\n<th><\/th>\n<th align=\"right\"><strong>Conteo de Votos<\/strong><\/th>\n<th align=\"right\"><strong>Porcentaje<\/strong><\/th>\n<\/tr>\n<tr>\n<th scope=\"row\" style=\"text-align: left\">S\u00cd<\/th>\n<td class=\"winner\" align=\"right\">3,050<\/td>\n<td class=\"winner\" align=\"right\">62.85%<\/td>\n<\/tr>\n<tr>\n<th scope=\"row\" style=\"text-align: left\">NO<\/th>\n<td align=\"right\">1,803<\/td>\n<td align=\"right\">37.15%<\/td>\n<\/tr>\n<tr>\n<th scope=\"row\" style=\"text-align: left\">Total<\/th>\n<td align=\"right\">4,853<\/td>\n<td align=\"right\">100.00%<\/td>\n<\/tr>\n<\/tbody>\n<\/table>\n<p>&nbsp;<\/p>\n<\/div>\n\n  <\/section>\n\n\t","protected":false},"excerpt":{"rendered":"<p>Resultados de las Elecciones \u2013 \u00daltima Actualizaci\u00f3n: 8 de marzo de 2013 Registro y N\u00famero de Votantes 87,852 Votantes Conteo de Votos Porcentaje N\u00famero de Votantes del Distrito Electoral 1,108 1.26% N\u00famero de Votantes por Correo 15,353 17.48% Total 16,461 18.74% &nbsp; Chino Hills \u2013 Concejo Municipal 30\/30 100.00% Conteo<span class=\"ellipsis\">&#8230;<\/span><\/p>\n","protected":false},"author":19,"featured_media":37382,"parent":38205,"menu_order":0,"comment_status":"closed","ping_status":"closed","template":"templates\/rov-left-sidebar-template.php","meta":{"_acf_changed":false,"footnotes":""},"class_list":["post-38229","page","type-page","status-publish","has-post-thumbnail","hentry"],"acf":[],"_links":{"self":[{"href":"https:\/\/elections.sbcounty.gov\/es\/wp-json\/wp\/v2\/pages\/38229","targetHints":{"allow":["GET"]}}],"collection":[{"href":"https:\/\/elections.sbcounty.gov\/es\/wp-json\/wp\/v2\/pages"}],"about":[{"href":"https:\/\/elections.sbcounty.gov\/es\/wp-json\/wp\/v2\/types\/page"}],"author":[{"embeddable":true,"href":"https:\/\/elections.sbcounty.gov\/es\/wp-json\/wp\/v2\/users\/19"}],"replies":[{"embeddable":true,"href":"https:\/\/elections.sbcounty.gov\/es\/wp-json\/wp\/v2\/comments?post=38229"}],"version-history":[{"count":0,"href":"https:\/\/elections.sbcounty.gov\/es\/wp-json\/wp\/v2\/pages\/38229\/revisions"}],"up":[{"embeddable":true,"href":"https:\/\/elections.sbcounty.gov\/es\/wp-json\/wp\/v2\/pages\/38205"}],"wp:featuredmedia":[{"embeddable":true,"href":"https:\/\/elections.sbcounty.gov\/es\/wp-json\/wp\/v2\/media\/37382"}],"wp:attachment":[{"href":"https:\/\/elections.sbcounty.gov\/es\/wp-json\/wp\/v2\/media?parent=38229"}],"curies":[{"name":"wp","href":"https:\/\/api.w.org\/{rel}","templated":true}]}}