{"id":38127,"date":"2021-12-20T17:56:03","date_gmt":"2021-12-20T17:56:03","guid":{"rendered":"https:\/\/www.elections.sbcounty.gov\/?page_id=38127"},"modified":"2021-12-20T17:56:03","modified_gmt":"2021-12-20T17:56:03","slug":"allmeasures","status":"publish","type":"page","link":"https:\/\/elections.sbcounty.gov\/es\/elections\/2012\/1106\/allmeasures\/","title":{"rendered":"All Measures"},"content":{"rendered":"  <section data-isd-block-id=\"rov-content-blockblock_e49f6b8ba5c298c7f7d0aa3e4b6518b1\"\n\t\t\t\t\t\t\t\t\t\t \t\t\t\t\t\t\t\t\t\t\t class=\"card-style main-content-wrapper rov-card-style mb-4\">\n\n\t<h2 class=\"block-subtitle blue\">Medidas Escolares<\/h2>\n\n\t<div class=\"ctnr-block-content\"><p>Medida N \u2013 Distrito Escolar Unificado San Bernardino City \u2013 Propuesta de Medida de Bonos para promover la seguridad de los estudiantes y la reparaci\u00f3n de las escuelas.<\/p>\n<ul>\n<li><a href=\"https:\/\/www.sbcounty.gov\/uploads\/ROV\/Elections\/2012\/1106\/Measure_N.pdf\" target=\"_blank\" rel=\"noopener\">Resoluci\u00f3n<\/a><\/li>\n<li><a href=\"https:\/\/www.sbcounty.gov\/uploads\/ROV\/Elections\/2012\/1106\/SB-Arguments_in_Favor.pdf\" target=\"_blank\" rel=\"noopener\">Argumento a Favor<\/a><\/li>\n<li>Porcentaje para ser Aprobada: 55%<\/li>\n<\/ul>\n<p>Medida O &#8211; Distrito Escolar Unificado Conjunto Yucaipa-Calimesa \u2013 Propuesta de Medida de Bonos para reparar y mejorar las escuelas locales.<\/p>\n<ul>\n<li><a href=\"https:\/\/www.sbcounty.gov\/uploads\/ROV\/Elections\/2012\/1106\/R1%202012-13%20Resolution%207-30-12.pdf\" target=\"_blank\" rel=\"noopener\">Resoluci\u00f3n<\/a><\/li>\n<li><a href=\"https:\/\/www.sbcounty.gov\/uploads\/ROV\/Elections\/2012\/1106\/Yucaipa-Arguments_in_Favor_O.pdf\" target=\"_blank\" rel=\"noopener\">Argumento a Favor<\/a><\/li>\n<li><a href=\"https:\/\/www.sbcounty.gov\/uploads\/ROV\/Elections\/2012\/1106\/Yucaipa-Arguments_Against_O.pdf\" target=\"_blank\" rel=\"noopener\">Argumento en Contra<\/a><\/li>\n<li><a href=\"https:\/\/www.sbcounty.gov\/uploads\/ROV\/Elections\/2012\/1106\/Yuc-Rebuttal_Argument_In_favor.pdf\" target=\"_blank\" rel=\"noopener\">Refutaci\u00f3n a Favor<\/a><\/li>\n<li><a href=\"https:\/\/www.sbcounty.gov\/uploads\/ROV\/Elections\/2012\/1106\/Yucaipa-Rebuttal_Argument_AgainstO.pdf\" target=\"_blank\" rel=\"noopener\">Refutaci\u00f3n en Contra<\/a><\/li>\n<li>Porcentaje para ser Aprobada: 55%<\/li>\n<\/ul>\n<p>Medida P &#8211; Distrito Escolar Unificado Conjunto de Preparatorias Chaffey \u2013 Propuesta de Medida de Bonos para mejorar las escuelas vecinales<\/p>\n<ul>\n<li><a href=\"https:\/\/www.sbcounty.gov\/uploads\/ROV\/Elections\/2012\/1106\/Chaffey_measure.pdf\" target=\"_blank\" rel=\"noopener\">Resoluci\u00f3n<\/a><\/li>\n<li><a href=\"https:\/\/www.sbcounty.gov\/uploads\/ROV\/Elections\/2012\/1106\/Chaffey-Arguments_In_Favor_P.pdf\" target=\"_blank\" rel=\"noopener\">Argumento a Favor<\/a><\/li>\n<li><a href=\"https:\/\/www.sbcounty.gov\/uploads\/ROV\/Elections\/2012\/1106\/Chaffey-Arguments_Against_P.pdf\" target=\"_blank\" rel=\"noopener\">Argumento en Contra<\/a><\/li>\n<li><a href=\"https:\/\/www.sbcounty.gov\/uploads\/ROV\/Elections\/2012\/1106\/Chaffey-Rebuttal_Against_P.pdf\" target=\"_blank\" rel=\"noopener\">Refutaci\u00f3n a Favor<\/a><\/li>\n<li><a href=\"https:\/\/www.sbcounty.gov\/uploads\/ROV\/Elections\/2012\/1106\/Chaffey-Rebuttal_Argument_AgainstP.pdf\" target=\"_blank\" rel=\"noopener\">Refutaci\u00f3n en Contra<\/a><\/li>\n<li>Porcentaje para ser Aprobada: 55%<\/li>\n<\/ul>\n<\/div>\n\n  <\/section>\n\n\t\n\n  <section data-isd-block-id=\"rov-content-blockblock_5dcbe61f00011e9a38e8ad57ce222640\"\n\t\t\t\t\t\t\t\t\t\t \t\t\t\t\t\t\t\t\t\t\t class=\"card-style main-content-wrapper rov-card-style mb-4\">\n\n\t<h2 class=\"block-subtitle blue\">Medidas del Condado<\/h2>\n\n\t<div class=\"ctnr-block-content\"><p>Medida Q \u2013 Condado de San Bernardino \u2013 Enmienda Propuesta a la Carta Org\u00e1nica por parte de la Junta de Supervisores para implementar un l\u00edmite permanente a la compensaci\u00f3n y la transparencia obligatoria para los miembros de la Junta de Supervisores.<\/p>\n<ul>\n<li><a href=\"https:\/\/www.sbcounty.gov\/uploads\/ROV\/Elections\/2012\/1106\/Measure%20Q%20Espanol.pdf\" target=\"_blank\" rel=\"noopener\">Refer\u00e9ndum<\/a><\/li>\n<li><a href=\"https:\/\/www.sbcounty.gov\/uploads\/ROV\/Elections\/2012\/1106\/SB_Cty_Argument_In_Favor_Q.pdf\" target=\"_blank\" rel=\"noopener\">Argumento a Favor<\/a><\/li>\n<li><a href=\"https:\/\/www.sbcounty.gov\/uploads\/ROV\/Elections\/2012\/1106\/SB-Cty_Arguments_Against_Q.pdf\" target=\"_blank\" rel=\"noopener\">Argumento en Contra<\/a><\/li>\n<li><a href=\"https:\/\/www.sbcounty.gov\/uploads\/ROV\/Elections\/2012\/1106\/SB_Cty-Rebuttal_MeasureQ.pdf\" target=\"_blank\" rel=\"noopener\">Refutaci\u00f3n en Contra<\/a><\/li>\n<li><a href=\"https:\/\/www.sbcounty.gov\/uploads\/ROV\/Elections\/2012\/1106\/SB_Cty-Rebuttal_Argument_Against_MeasureQ.pdf\" target=\"_blank\" rel=\"noopener\">Refutaci\u00f3n a Favor<\/a><\/li>\n<li>Porcentaje para ser Aprobada: *50%<\/li>\n<\/ul>\n<p>Medida R \u2013 Condado de San Bernardino \u2013 Enmienda Propuesta a la Carta Org\u00e1nica para implementar l\u00edmites de compensaci\u00f3n y reducciones presupuestarias para los miembros de la Junta de Supervisores.<\/p>\n<ul>\n<li><a href=\"https:\/\/www.sbcounty.gov\/uploads\/ROV\/Elections\/2012\/1106\/Measure%20R%20Espanol.pdf\" target=\"_blank\" rel=\"noopener\">Iniciativa<\/a><\/li>\n<li><a href=\"https:\/\/www.sbcounty.gov\/uploads\/ROV\/Elections\/2012\/1106\/SB-Cty_Argument_in_Favor_MeasureR.pdf\" target=\"_blank\" rel=\"noopener\">Argumento a Favor<\/a><\/li>\n<li><a href=\"https:\/\/www.sbcounty.gov\/uploads\/ROV\/Elections\/2012\/1106\/SB-Cty_Argument_Against_MeasureR.pdf\" target=\"_blank\" rel=\"noopener\">Argumento en Contra<\/a><\/li>\n<li><a href=\"https:\/\/www.sbcounty.gov\/uploads\/ROV\/Elections\/2012\/1106\/SB-Cty-Rebuttal_Argument_AgainstMeasure_R.pdf\" target=\"_blank\" rel=\"noopener\">Refutaci\u00f3n en Contra<\/a><\/li>\n<li><a href=\"https:\/\/www.sbcounty.gov\/uploads\/ROV\/Elections\/2012\/1106\/SB_Cty-Rebuttal_For_MeasureR.pdf\" target=\"_blank\" rel=\"noopener\">Refutaci\u00f3n a Favor<\/a><\/li>\n<li>Porcentaje para ser Aprobada: *50%<\/li>\n<\/ul>\n<\/div>\n\n  <\/section>\n\n\t\n\n  <section data-isd-block-id=\"rov-content-blockblock_ce81871e000ee0b3eb876bbfc808f01d\"\n\t\t\t\t\t\t\t\t\t\t \t\t\t\t\t\t\t\t\t\t\t class=\"card-style main-content-wrapper rov-card-style mb-4\">\n\n\t<h2 class=\"block-subtitle blue\">Medidas de la Ciudad<\/h2>\n\n\t<div class=\"ctnr-block-content\"><p>Medida S \u2013 Ciudad de Needles \u2013 Propuesta de Impuesto sobre los Negocios de Marihuana.<\/p>\n<ul>\n<li><a href=\"https:\/\/www.sbcounty.gov\/uploads\/ROV\/Elections\/2012\/1106\/2012-22_Resolution_Measure_S.pdf\" target=\"_blank\" rel=\"noopener\">Resoluci\u00f3n<\/a><\/li>\n<li><a href=\"https:\/\/www.sbcounty.gov\/uploads\/ROV\/Elections\/2012\/1106\/Needles-Argument_in_Favor_S.pdf\" target=\"_blank\" rel=\"noopener\">Argumento a Favor<\/a><\/li>\n<li>Porcentaje para ser Aprobada: 50%<\/li>\n<\/ul>\n<p>Medida T \u2013 Ciudad de Needles \u2013 Propuesta de Impuesto al Usuario de los Servicios P\u00fablicos.<\/p>\n<ul>\n<li><a href=\"https:\/\/www.sbcounty.gov\/uploads\/ROV\/Elections\/2012\/1106\/Resoultion%202012-34.pdf\" target=\"_blank\" rel=\"noopener\">Resoluci\u00f3n<\/a><\/li>\n<li><a href=\"https:\/\/www.sbcounty.gov\/uploads\/ROV\/Elections\/2012\/1106\/Needles-Argument_in%20favor_T.pdf\" target=\"_blank\" rel=\"noopener\">Argumento a Favor<\/a><\/li>\n<li>Porcentaje para ser Aprobada: 50%<\/li>\n<\/ul>\n<p>Medida U \u2013 Pueblo de Yucca Valley \u2013 Propuesta de impuesto sobre las ventas de 1 centavo durante 30 a\u00f1os.<\/p>\n<ul>\n<li><a href=\"https:\/\/www.sbcounty.gov\/uploads\/ROV\/Elections\/2012\/1106\/Resolution%2012-29%2008-09-12.pdf\" target=\"_blank\" rel=\"noopener\">Resoluci\u00f3n<\/a><\/li>\n<li><a href=\"https:\/\/www.sbcounty.gov\/uploads\/ROV\/Elections\/2012\/1106\/YuccaValley-Argument_in_Favor_U.pdf\" target=\"_blank\" rel=\"noopener\">Argumento a Favor<\/a><\/li>\n<li><a href=\"https:\/\/www.sbcounty.gov\/uploads\/ROV\/Elections\/2012\/1106\/YuccaValley_Argument_Against_U.pdf\" target=\"_blank\" rel=\"noopener\">Argumento en Contra<\/a><\/li>\n<li><a href=\"https:\/\/www.sbcounty.gov\/uploads\/ROV\/Elections\/2012\/1106\/Yucca-Rebuttal_Arguments_AgainstU.pdf\" target=\"_blank\" rel=\"noopener\">Refutaci\u00f3n en Contra<\/a><\/li>\n<li><a href=\"https:\/\/www.sbcounty.gov\/uploads\/ROV\/Elections\/2012\/1106\/Yucca-RebuttaltoArgumentinFavor.pdf\" target=\"_blank\" rel=\"noopener\">Refutaci\u00f3n a Favor<\/a><\/li>\n<li>Porcentaje para ser Aprobada: 50%<\/li>\n<\/ul>\n<p>Medida V \u2013 Ciudad de Rialto \u2013 Propuesta de impuesto comercial a los art\u00edculos relacionados con los productos derivados del petr\u00f3leo.<\/p>\n<ul>\n<li><a href=\"https:\/\/www.sbcounty.gov\/uploads\/ROV\/Elections\/2012\/1106\/Reso.%206154.pdf\" target=\"_blank\" rel=\"noopener\">Resoluci\u00f3n<\/a><\/li>\n<li><a href=\"https:\/\/www.sbcounty.gov\/uploads\/ROV\/Elections\/2012\/1106\/Rialto-Argument_in_Favor_V.pdf\" target=\"_blank\" rel=\"noopener\">Argumento a Favor<\/a><\/li>\n<li>Porcentaje para ser Aprobada: 50%<\/li>\n<\/ul>\n<\/div>\n\n  <\/section>\n\n\t\n\n  <section data-isd-block-id=\"rov-content-blockblock_9a5d3f1d8823dbaebb240399d81f7f34\"\n\t\t\t\t\t\t\t\t\t\t \t\t\t\t\t\t\t\t\t\t\t class=\"card-style main-content-wrapper rov-card-style mb-4\">\n\n\t<h2 class=\"block-subtitle blue\">Avisos P\u00fablicos y Formularios<\/h2>\n\n\t<div class=\"ctnr-block-content\"><p><a href=\"https:\/\/www.sbcounty.gov\/uploads\/ROV\/News\/2012\/1106\/Notice_Measure%20Designations_Final.pdf\" target=\"_blank\" rel=\"noopener\">Aviso P\u00fablico: Designaciones de Medidas<\/a> [pdf]<\/p>\n<p><a href=\"https:\/\/www.sbcounty.gov\/uploads\/ROV\/Elections\/2012\/1106\/Measure_Information_Sheet.20120822.pdf\" target=\"_blank\" rel=\"noopener\">Aviso P\u00fablico: Hoja Informativa sobre las Medidas<\/a> [pdf]<\/p>\n<p><a href=\"https:\/\/www.sbcounty.gov\/uploads\/ROV\/Elections\/2012\/1106\/%28Form%209600%29STATEMENT%20BY%20PROPONENTS.pdf\" target=\"_blank\" rel=\"noopener\">Formulario: Declaraci\u00f3n de los Proponentes\/Autores de los Argumentos<\/a> [pdf]<\/p>\n<\/div>\n\n  <\/section>\n\n\t","protected":false},"excerpt":{"rendered":"<p>Medidas Escolares Medida N \u2013 Distrito Escolar Unificado San Bernardino City \u2013 Propuesta de Medida de Bonos para promover la seguridad de los estudiantes y la reparaci\u00f3n de las escuelas. Resoluci\u00f3n Argumento a Favor Porcentaje para ser Aprobada: 55% Medida O &#8211; Distrito Escolar Unificado Conjunto Yucaipa-Calimesa \u2013 Propuesta de<span class=\"ellipsis\">&#8230;<\/span><\/p>\n","protected":false},"author":19,"featured_media":37382,"parent":38067,"menu_order":0,"comment_status":"closed","ping_status":"closed","template":"templates\/rov-left-sidebar-no-title-template.php","meta":{"_acf_changed":false,"footnotes":""},"class_list":["post-38127","page","type-page","status-publish","has-post-thumbnail","hentry"],"acf":[],"_links":{"self":[{"href":"https:\/\/elections.sbcounty.gov\/es\/wp-json\/wp\/v2\/pages\/38127","targetHints":{"allow":["GET"]}}],"collection":[{"href":"https:\/\/elections.sbcounty.gov\/es\/wp-json\/wp\/v2\/pages"}],"about":[{"href":"https:\/\/elections.sbcounty.gov\/es\/wp-json\/wp\/v2\/types\/page"}],"author":[{"embeddable":true,"href":"https:\/\/elections.sbcounty.gov\/es\/wp-json\/wp\/v2\/users\/19"}],"replies":[{"embeddable":true,"href":"https:\/\/elections.sbcounty.gov\/es\/wp-json\/wp\/v2\/comments?post=38127"}],"version-history":[{"count":0,"href":"https:\/\/elections.sbcounty.gov\/es\/wp-json\/wp\/v2\/pages\/38127\/revisions"}],"up":[{"embeddable":true,"href":"https:\/\/elections.sbcounty.gov\/es\/wp-json\/wp\/v2\/pages\/38067"}],"wp:featuredmedia":[{"embeddable":true,"href":"https:\/\/elections.sbcounty.gov\/es\/wp-json\/wp\/v2\/media\/37382"}],"wp:attachment":[{"href":"https:\/\/elections.sbcounty.gov\/es\/wp-json\/wp\/v2\/media?parent=38127"}],"curies":[{"name":"wp","href":"https:\/\/api.w.org\/{rel}","templated":true}]}}