{"id":38067,"date":"2021-12-20T17:50:01","date_gmt":"2021-12-20T17:50:01","guid":{"rendered":"https:\/\/www.elections.sbcounty.gov\/?page_id=38067"},"modified":"2024-06-05T14:29:35","modified_gmt":"2024-06-05T21:29:35","slug":"1106","status":"publish","type":"page","link":"https:\/\/elections.sbcounty.gov\/es\/elections\/2012\/1106\/","title":{"rendered":"Archivo de Elecciones Generales Presidenciales del 6 de noviembre de 2012"},"content":{"rendered":"  <section data-isd-block-id=\"rov-content-blockblock_47ea7d24584753e1540967bbe72a0c51\"\n\t\t\t\t\t\t\t\t\t\t \t\t\t\t\t\t\t\t\t\t\t class=\"card-style main-content-wrapper rov-card-style mb-4\">\n\n\t<h2 class=\"block-subtitle blue\">Recursos Electorales:<\/h2>\n\n\t<div class=\"ctnr-block-content\"><table role=\"presentation\" cellspacing=\"2\">\n<tbody>\n<tr>\n<td><a href=\"https:\/\/www.sbcounty.gov\/uploads\/ROV\/Elections\/2012\/1106\/15-Day-Close-of-Registration.pdf\" target=\"_blank\" rel=\"noopener\">Resumen del Registro de Votantes Calificados de 15 D\u00edas<\/a>\u00a0[pdf]<\/td>\n<td><a href=\"https:\/\/elections.sbcounty.gov\/es\/Elections\/2012\/1106\/AllMeasures\/\">Medidas Locales<\/a><\/td>\n<\/tr>\n<tr>\n<td><a href=\"https:\/\/www.sbcounty.gov\/uploads\/ROV\/Elections\/2012\/1106\/candidate%20report_final.pdf\" target=\"_blank\" rel=\"noopener\">Lista de Candidatos<\/a>\u00a0[pdf]<\/td>\n<td><a href=\"https:\/\/www.sbcounty.gov\/uploads\/ROV\/Elections\/2012\/1106\/Write-In%20Candidates%20November%202012.pdf\" target=\"_blank\" rel=\"noopener\">Candidaturas por Escrito (Locales)<\/a>\u00a0[pdf]<\/td>\n<\/tr>\n<tr>\n<td><a href=\"https:\/\/www.sbcounty.gov\/uploads\/ROV\/Elections\/2012\/1106\/Offices_up_for_Election.pdf\" target=\"_blank\" rel=\"noopener\">Cargos a Elegir<\/a> [pdf]<\/td>\n<td><a href=\"https:\/\/www.sbcounty.gov\/uploads\/ROV\/Elections\/2012\/1106\/Measure_Information_Sheet.20120822.pdf\" target=\"_blank\" rel=\"noopener\">Informaci\u00f3n sobre Medidas del Condado<\/a>\u00a0[pdf]<\/td>\n<\/tr>\n<tr>\n<td><a href=\"https:\/\/www.sbcounty.gov\/uploads\/ROV\/Elections\/2012\/1106\/list-write-in-candidates_S0S_2012_11-06.pdf\" target=\"_blank\" rel=\"noopener\">Candidaturas por Escrito (Estatales)<\/a>\u00a0[pdf]<\/td>\n<td><a href=\"https:\/\/www.sbcounty.gov\/uploads\/ROV\/Elections\/2012\/1106\/PAMPHLET_RequestingARecount.pdf\" target=\"_blank\" rel=\"noopener\">Solicitud de Recuento<\/a> [pdf]<\/td>\n<\/tr>\n<tr>\n<td><a href=\"https:\/\/www.sbcounty.gov\/uploads\/ROV\/Elections\/2012\/1106\/Certified%20Election%20Results%20for%20Write%20ins.pdf\" target=\"_blank\" rel=\"noopener\">Resultados Electorales Certificados Candidatos Incluidos por Escrito<\/a> [pdf]<\/td>\n<td><a href=\"https:\/\/www.sbcounty.gov\/uploads\/ROV\/Elections\/2012\/1106\/Polling_Place_locations.pdf\" target=\"_blank\" rel=\"noopener\">Lista de Casillas Electorales<\/a>\u00a0[pdf]<\/td>\n<\/tr>\n<\/tbody>\n<\/table>\n<\/div>\n\n  <\/section>\n\n\t\n\n  <section data-isd-block-id=\"rov-content-blockblock_ea6d278c29767564af030dd14c32ec50\"\n\t\t\t\t\t\t\t\t\t\t \t\t\t\t\t\t\t\t\t\t\t class=\"card-style main-content-wrapper rov-card-style mb-4\">\n\n\t<h2 class=\"block-subtitle blue\">Plazos y Fechas de Elecciones:<\/h2>\n\n\t<div class=\"ctnr-block-content\"><p>A continuaci\u00f3n se muestra una lista de plazos y fechas p\u00fablicas importantes para las Elecciones Generales Presidenciales.\u00a0Para ver todas los plazos y fechas de las Elecciones Generales Presidenciales de 2012, consulte el\u00a0<a href=\"https:\/\/www.sbcounty.gov\/uploads\/ROV\/Elections\/2012\/1106\/11062012-general-election-calendar.pdf\" target=\"_blank\" rel=\"noopener\">Calendario Electoral General<\/a>\u00a0[pdf].<\/p>\n<table style=\"width: 480pt;border-collapse: collapse;margin: auto\" border=\"1\" width=\"500\" cellspacing=\"0\" cellpadding=\"0\">\n<tbody>\n<tr style=\"height: 12.6pt\">\n<th style=\"height: 12.6pt;width: 112.6pt;background-color: #d9d9d9;border: windowtext 1pt solid;padding: 0in 5.4pt 0in 5.4pt\" valign=\"top\">\n<p style=\"text-align: center\"><strong>FECHA<\/strong><\/p>\n<\/th>\n<th style=\"border-top: windowtext 1pt solid;height: 12.6pt;border-right: windowtext 1pt solid;width: 237.85pt;border-bottom: windowtext 1pt solid;border-left-color: #f0f0f0;background-color: #d9d9d9;padding: 0in 5.4pt 0in 5.4pt\" valign=\"top\">\n<p style=\"text-align: center\"><strong>ACCI\u00d3N<\/strong><\/p>\n<\/th>\n<\/tr>\n<tr style=\"height: 12.6pt\">\n<td style=\"height: 12.6pt;border-right: windowtext 1pt solid;border-top-color: #f0f0f0;width: 112.6pt;border-bottom: windowtext 1pt solid;border-left: windowtext 1pt solid;background-color: transparent;padding: 0in 5.4pt 0in 5.4pt\" valign=\"top\">\n<p style=\"text-align: center\">16 de julio<\/p>\n<\/td>\n<td style=\"height: 12.6pt;border-right: windowtext 1pt solid;border-top-color: #f0f0f0;width: 237.85pt;border-bottom: windowtext 1pt solid;border-left-color: #f0f0f0;background-color: transparent;padding: 0in 5.4pt 0in 5.4pt\" valign=\"top\">\n<p style=\"text-align: center\">Comienza el periodo de presentaci\u00f3n de candidaturas<\/p>\n<\/td>\n<\/tr>\n<tr style=\"height: 12.6pt\">\n<td style=\"height: 12.6pt;border-right: windowtext 1pt solid;border-top-color: #f0f0f0;width: 112.6pt;border-bottom: windowtext 1pt solid;border-left: windowtext 1pt solid;background-color: transparent;padding: 0in 5.4pt 0in 5.4pt\" valign=\"top\">\n<p style=\"text-align: center\">10 de agosto<\/p>\n<\/td>\n<td style=\"height: 12.6pt;border-right: windowtext 1pt solid;border-top-color: #f0f0f0;width: 237.85pt;border-bottom: windowtext 1pt solid;border-left-color: #f0f0f0;background-color: transparent;padding: 0in 5.4pt 0in 5.4pt\" valign=\"top\">\n<p style=\"text-align: center\">Finaliza del periodo de presentaci\u00f3n de candidaturas<\/p>\n<\/td>\n<\/tr>\n<tr style=\"height: 12.6pt\">\n<td style=\"height: 12.6pt;border-right: windowtext 1pt solid;border-top-color: #f0f0f0;width: 112.6pt;border-bottom: windowtext 1pt solid;border-left: windowtext 1pt solid;background-color: transparent;padding: 0in 5.4pt 0in 5.4pt\" valign=\"top\">\n<p style=\"text-align: center\">11 de agosto<\/p>\n<\/td>\n<td style=\"height: 12.6pt;border-right: windowtext 1pt solid;border-top-color: #f0f0f0;width: 237.85pt;border-bottom: windowtext 1pt solid;border-left-color: #f0f0f0;background-color: transparent;padding: 0in 5.4pt 0in 5.4pt\" valign=\"top\">\n<p style=\"text-align: center\">Etiquetado de medidas del Registro de Votantes<\/p>\n<\/td>\n<\/tr>\n<tr style=\"height: 12.6pt\">\n<td style=\"height: 12.6pt;border-right: windowtext 1pt solid;border-top-color: #f0f0f0;width: 112.6pt;border-bottom: windowtext 1pt solid;border-left: windowtext 1pt solid;background-color: transparent;padding: 0in 5.4pt 0in 5.4pt\" valign=\"top\">\n<p style=\"text-align: center\">15 de agosto<\/p>\n<\/td>\n<td style=\"height: 12.6pt;border-right: windowtext 1pt solid;border-top-color: #f0f0f0;width: 237.85pt;border-bottom: windowtext 1pt solid;border-left-color: #f0f0f0;background-color: transparent;padding: 0in 5.4pt 0in 5.4pt\" valign=\"top\">\n<p style=\"text-align: center\">Extensi\u00f3n del plazo de presentaci\u00f3n de candidaturas si no se presenta ning\u00fan titular<\/p>\n<\/td>\n<\/tr>\n<tr style=\"height: 13.4pt\">\n<td style=\"height: 13.4pt;border-right: windowtext 1pt solid;border-top-color: #f0f0f0;width: 112.6pt;border-bottom: windowtext 1pt solid;border-left: windowtext 1pt solid;background-color: transparent;padding: 0in 5.4pt 0in 5.4pt\" valign=\"top\">\n<p style=\"text-align: center\">23 de agosto<\/p>\n<\/td>\n<td style=\"height: 13.4pt;border-right: windowtext 1pt solid;border-top-color: #f0f0f0;width: 237.85pt;border-bottom: windowtext 1pt solid;border-left-color: #f0f0f0;background-color: transparent;padding: 0in 5.4pt 0in 5.4pt\" valign=\"top\">\n<p style=\"text-align: center\">\u00daltimo d\u00eda para presentar argumentos directos a favor o en contra de una medida<\/p>\n<\/td>\n<\/tr>\n<tr style=\"height: 12.6pt\">\n<td style=\"height: 12.6pt;border-right: windowtext 1pt solid;border-top-color: #f0f0f0;width: 112.6pt;border-bottom: windowtext 1pt solid;border-left: windowtext 1pt solid;background-color: transparent;padding: 0in 5.4pt 0in 5.4pt\" valign=\"top\">\n<p style=\"text-align: center\">31 de agosto<\/p>\n<\/td>\n<td style=\"height: 12.6pt;border-right: windowtext 1pt solid;border-top-color: #f0f0f0;width: 237.85pt;border-bottom: windowtext 1pt solid;border-left-color: #f0f0f0;background-color: transparent;padding: 0in 5.4pt 0in 5.4pt\" valign=\"top\">\n<p style=\"text-align: center\">\u00daltimo d\u00eda para presentar argumentos de refutaci\u00f3n directos a favor o en contra de una medida<\/p>\n<\/td>\n<\/tr>\n<tr style=\"height: 12.6pt\">\n<td style=\"height: 12.6pt;border-right: windowtext 1pt solid;border-top-color: #f0f0f0;width: 112.6pt;border-bottom: windowtext 1pt solid;border-left: windowtext 1pt solid;background-color: transparent;padding: 0in 5.4pt 0in 5.4pt\" valign=\"top\">\n<p style=\"text-align: center\">4 de septiembre<\/p>\n<\/td>\n<td style=\"height: 12.6pt;border-right: windowtext 1pt solid;border-top-color: #f0f0f0;width: 237.85pt;border-bottom: windowtext 1pt solid;border-left-color: #f0f0f0;background-color: transparent;padding: 0in 5.4pt 0in 5.4pt\" valign=\"top\">\n<p style=\"text-align: center\">Finaliza el periodo de examen p\u00fablico de los argumentos<\/p>\n<\/td>\n<\/tr>\n<tr style=\"height: 12.6pt\">\n<td style=\"height: 12.6pt;border-right: windowtext 1pt solid;border-top-color: #f0f0f0;width: 112.6pt;border-bottom: windowtext 1pt solid;border-left: windowtext 1pt solid;background-color: transparent;padding: 0in 5.4pt 0in 5.4pt\" valign=\"top\">\n<p style=\"text-align: center\">10 de septiembre<\/p>\n<\/td>\n<td style=\"height: 12.6pt;border-right: windowtext 1pt solid;border-top-color: #f0f0f0;width: 237.85pt;border-bottom: windowtext 1pt solid;border-left-color: #f0f0f0;background-color: transparent;padding: 0in 5.4pt 0in 5.4pt\" valign=\"top\">\n<p style=\"text-align: center\">Finaliza el periodo de examen p\u00fablico de los argumentos<\/p>\n<\/td>\n<\/tr>\n<tr style=\"height: 12.6pt\">\n<td style=\"height: 12.6pt;border-right: windowtext 1pt solid;border-top-color: #f0f0f0;width: 112.6pt;border-bottom: windowtext 1pt solid;border-left: windowtext 1pt solid;background-color: transparent;padding: 0in 5.4pt 0in 5.4pt\" valign=\"top\">\n<p style=\"text-align: center\">9 de octubre<\/p>\n<\/td>\n<td style=\"height: 12.6pt;border-right: windowtext 1pt solid;border-top-color: #f0f0f0;width: 237.85pt;border-bottom: windowtext 1pt solid;border-left-color: #f0f0f0;background-color: transparent;padding: 0in 5.4pt 0in 5.4pt\" valign=\"top\">\n<p style=\"text-align: center\">Comienza el voto anticipado<\/p>\n<\/td>\n<\/tr>\n<tr style=\"height: 13.4pt\">\n<td style=\"height: 13.4pt;border-right: windowtext 1pt solid;border-top-color: #f0f0f0;width: 112.6pt;border-bottom: windowtext 1pt solid;border-left: windowtext 1pt solid;background-color: transparent;padding: 0in 5.4pt 0in 5.4pt\" valign=\"top\">\n<p style=\"text-align: center\">Del 10 al 12 de octubre<\/p>\n<\/td>\n<td style=\"height: 13.4pt;border-right: windowtext 1pt solid;border-top-color: #f0f0f0;width: 237.85pt;border-bottom: windowtext 1pt solid;border-left-color: #f0f0f0;background-color: transparent;padding: 0in 5.4pt 0in 5.4pt\" valign=\"top\">\n<p style=\"text-align: center\">Entrega de la Gu\u00eda de Informaci\u00f3n para el Votante y Boletas de Muestra a los votantes<\/p>\n<\/td>\n<\/tr>\n<tr style=\"height: 12.6pt\">\n<td style=\"height: 12.6pt;border-right: windowtext 1pt solid;border-top-color: #f0f0f0;width: 112.6pt;border-bottom: windowtext 1pt solid;border-left: windowtext 1pt solid;background-color: transparent;padding: 0in 5.4pt 0in 5.4pt\" valign=\"top\">\n<p style=\"text-align: center\">Del 15 al 16 de octubre<\/p>\n<\/td>\n<td style=\"height: 12.6pt;border-right: windowtext 1pt solid;border-top-color: #f0f0f0;width: 237.85pt;border-bottom: windowtext 1pt solid;border-left-color: #f0f0f0;background-color: transparent;padding: 0in 5.4pt 0in 5.4pt\" valign=\"top\">\n<p style=\"text-align: center\">Las Boletas por Correo se env\u00edan a los votantes<\/p>\n<\/td>\n<\/tr>\n<tr style=\"height: 12.6pt\">\n<td style=\"height: 12.6pt;border-right: windowtext 1pt solid;border-top-color: #f0f0f0;width: 112.6pt;border-bottom: windowtext 1pt solid;border-left: windowtext 1pt solid;background-color: transparent;padding: 0in 5.4pt 0in 5.4pt\" valign=\"top\">\n<p style=\"text-align: center\">22 de octubre<\/p>\n<\/td>\n<td style=\"height: 12.6pt;border-right: windowtext 1pt solid;border-top-color: #f0f0f0;width: 237.85pt;border-bottom: windowtext 1pt solid;border-left-color: #f0f0f0;background-color: transparent;padding: 0in 5.4pt 0in 5.4pt\" valign=\"top\">\n<p style=\"text-align: center\">Cierre del Registro de Votantes<\/p>\n<\/td>\n<\/tr>\n<tr style=\"height: 13.4pt\">\n<td style=\"height: 13.4pt;border-right: windowtext 1pt solid;border-top-color: #f0f0f0;width: 112.6pt;border-bottom: windowtext 1pt solid;border-left: windowtext 1pt solid;background-color: transparent;padding: 0in 5.4pt 0in 5.4pt\" valign=\"top\">\n<p style=\"text-align: center\">29 de octubre<\/p>\n<\/td>\n<td style=\"height: 13.4pt;border-right: windowtext 1pt solid;border-top-color: #f0f0f0;width: 237.85pt;border-bottom: windowtext 1pt solid;border-left-color: #f0f0f0;background-color: transparent;padding: 0in 5.4pt 0in 5.4pt\" valign=\"top\">\n<p style=\"text-align: center\">Se abren tres sitios con servicio en el autom\u00f3vil para Depositar el Voto por Correo<\/p>\n<\/td>\n<\/tr>\n<tr style=\"height: 13.4pt\">\n<td style=\"height: 13.4pt;border-right: windowtext 1pt solid;border-top-color: #f0f0f0;width: 112.6pt;border-bottom: windowtext 1pt solid;border-left: windowtext 1pt solid;background-color: transparent;padding: 0in 5.4pt 0in 5.4pt\" valign=\"top\">\n<p style=\"text-align: center\">30 de octubre<\/p>\n<\/td>\n<td style=\"height: 13.4pt;border-right: windowtext 1pt solid;border-top-color: #f0f0f0;width: 237.85pt;border-bottom: windowtext 1pt solid;border-left-color: #f0f0f0;background-color: transparent;padding: 0in 5.4pt 0in 5.4pt\" valign=\"top\">\n<p style=\"text-align: center\">\u00daltimo d\u00eda para presentar una solicitud de boleta de voto por correo<\/p>\n<\/td>\n<\/tr>\n<tr style=\"height: 13.4pt\">\n<td style=\"height: 13.4pt;border-right: windowtext 1pt solid;border-top-color: #f0f0f0;width: 112.6pt;border-bottom: windowtext 1pt solid;border-left: windowtext 1pt solid;background-color: transparent;padding: 0in 5.4pt 0in 5.4pt\" valign=\"top\">\n<p style=\"text-align: center\"><strong>6 de noviembre<\/strong><\/p>\n<\/td>\n<td style=\"height: 13.4pt;border-right: windowtext 1pt solid;border-top-color: #f0f0f0;width: 237.85pt;border-bottom: windowtext 1pt solid;border-left-color: #f0f0f0;background-color: transparent;padding: 0in 5.4pt 0in 5.4pt\" valign=\"top\">\n<p style=\"text-align: center\"><strong>D\u00eda de las Elecciones Generales Presidenciales<\/strong><\/p>\n<\/td>\n<\/tr>\n<tr style=\"height: 13.4pt\">\n<td style=\"height: 13.4pt;border-right: windowtext 1pt solid;border-top-color: #f0f0f0;width: 112.6pt;border-bottom: windowtext 1pt solid;border-left: windowtext 1pt solid;background-color: transparent;padding: 0in 5.4pt 0in 5.4pt\" valign=\"top\">\n<p style=\"text-align: center\">7 de noviembre<\/p>\n<\/td>\n<td style=\"height: 13.4pt;border-right: windowtext 1pt solid;border-top-color: #f0f0f0;width: 237.85pt;border-bottom: windowtext 1pt solid;border-left-color: #f0f0f0;background-color: transparent;padding: 0in 5.4pt 0in 5.4pt\" valign=\"top\">\n<p style=\"text-align: center\">Comienza el escrutinio de las elecciones<\/p>\n<\/td>\n<\/tr>\n<\/tbody>\n<\/table>\n<\/div>\n\n  <\/section>\n\n\t\n\n  <section data-isd-block-id=\"rov-content-blockblock_1058b82203e3ee727450391348f19d7c\"\n\t\t\t\t\t\t\t\t\t\t \t\t\t\t\t\t\t\t\t\t\t class=\"card-style main-content-wrapper rov-card-style mb-4\">\n\n\t<h2 class=\"block-subtitle blue\">Gu\u00edas de Informaci\u00f3n para el Votante<\/h2>\n\n\t<div class=\"ctnr-block-content\"><p><strong>Gu\u00eda de Informaci\u00f3n para el Votante del Condado de San Bernardino<\/strong><\/p>\n<p>La Gu\u00eda de Informaci\u00f3n para el Votante y Boleta de Muestra del Condado de San Bernardino se entregarn por correo entre el 10 y el 12 de octubre, y a partir de entonces a solicitud. La Boleta de Muestra est\u00e1 adaptada al distrito electoral del votante.\u00a0\u00a0Utilice la Herramienta de B\u00fasqueda de Boletas de Muestra [ya no est\u00e1 disponible] para encontrar la Gu\u00eda de Informaci\u00f3n para el Votante y Boleta de Muestra que corresponde a su direcci\u00f3n.<\/p>\n<p>&nbsp;<\/p>\n<p>Tambi\u00e9n puede consultar la, que incluye los candidatos a\u00a0<em>todos<\/em>\u00a0los cargos que se presentan a las elecciones en todo el condado de San Bernardino.\u00a0 Tambi\u00e9n puede consultar la\u00a0<a href=\"https:\/\/www.sbcounty.gov\/uploads\/ROV\/Elections\/2012\/1106\/Comprehensive_VIG_Spanish.pdf\" target=\"_blank\" rel=\"noopener\">Gu\u00eda Completa de Informaci\u00f3n para el Votante y Boleta de Muestra<\/a>\u00a0[pdf].<\/p>\n<p>&nbsp;<\/p>\n<p>La Gu\u00eda de Informaci\u00f3n para el Votante incluye lo siguiente:<\/p>\n<ul>\n<li>Informaci\u00f3n sobre la Reordenaci\u00f3n Geogr\u00e1fica y Electoral de los Distritos<\/li>\n<li>Opciones de Voto<\/li>\n<li>Descripci\u00f3n de lo que Hay en su Boleta<\/li>\n<li>Su Boleta de Muestra<\/li>\n<li>Apoyo de Partidos Pol\u00edticos para los Cargos Propuestos por los Votantes<\/li>\n<li>La Lista de Candidatos a Senador Estatal y Asamblea del Estado que est\u00e1n de acuerdo con las Limitaciones Voluntarias de los Gastos<\/li>\n<li>Las Declaraciones de los Candidatos<\/li>\n<li>Informaci\u00f3n Acerca de las Medidas Sometidas a los Votantes<\/li>\n<li>La Declaraci\u00f3n de Derechos del Votante<\/li>\n<li>Aviso a los Votantes- Procedimiento de Confirmaci\u00f3n de Residencia<\/li>\n<li>Asignaci\u00f3n de Casillas Electorales<\/li>\n<\/ul>\n<p><strong>Gu\u00eda de Informaci\u00f3n para el Votante del Estado de California<\/strong><\/p>\n<p><a href=\"https:\/\/vigarchive.sos.ca.gov\/2012\/general\/\" target=\"_blank\" rel=\"noopener\">La Gu\u00eda Estatal Oficial de Informaci\u00f3n para el Votante<\/a>\u00a0[pdf] de la Secretaria de Estado se centra en cuestiones del \u00e1mbito estatal como las Proposiciones Estatales y las Declaraciones de los Candidatos a los cargos del Senado de los Estados Unidos.<\/p>\n<\/div>\n\n  <\/section>\n\n\t\n\n  <section data-isd-block-id=\"rov-content-blockblock_84cf2329bc155d2385b0044432c94d48\"\n\t\t\t\t\t\t\t\t\t\t \t\t\t\t\t\t\t\t\t\t\t class=\"card-style main-content-wrapper rov-card-style mb-4\">\n\n\t<h2 class=\"block-subtitle blue\">Registro de Votantes:<\/h2>\n\n\t<div class=\"ctnr-block-content\"><p>Su registro de votante debe tener el sello postal a m\u00e1s tardar el\u00a0<strong>22 de octubre de 2012<\/strong>\u00a0para las\u00a0Elecciones Generales Presidenciales.\u00a0\u00a0Visite nuestra\u00a0<a href=\"https:\/\/elections.sbcounty.gov\/es\/VoterRegistration\/\">p\u00e1gina del Registro de Votantes<\/a>\u00a0para obtener informaci\u00f3n completa e instrucciones.<\/p>\n<\/div>\n\n  <\/section>\n\n\t\n\n  <section data-isd-block-id=\"rov-content-blockblock_44b456c540235888a548c086ff783302\"\n\t\t\t\t\t\t\t\t\t\t \t\t\t\t\t\t\t\t\t\t\t class=\"card-style main-content-wrapper rov-card-style mb-4\">\n\n\t<h2 class=\"block-subtitle blue\">Opciones de Voto:<\/h2>\n\n\t<div class=\"ctnr-block-content\"><p>Hay tres formas de votar:<\/p>\n<ol>\n<li><u>Vote de manera anticipada en la Oficina de Elecciones<\/u><\/li>\n<li><u>Voto por correo<\/u><\/li>\n<li><u>Votar en las casillas electorales el D\u00eda de las Elecciones<\/u><\/li>\n<\/ol>\n<p>&nbsp;<\/p>\n<p>Visite nuestra\u00a0<a href=\"https:\/\/elections.sbcounty.gov\/es\/Voting\/\">p\u00e1gina de Votaci\u00f3n<\/a>\u00a0para obtener la informaci\u00f3n completa y las instrucciones.<\/p>\n<\/div>\n\n  <\/section>\n\n\t\n\n  <section data-isd-block-id=\"rov-content-blockblock_1d7e5bee0786f8e0cd1a5f256f3a37e1\"\n\t\t\t\t\t\t\t\t\t\t \t\t\t\t\t\t\t\t\t\t\t class=\"card-style main-content-wrapper rov-card-style mb-4\">\n\n\t<h2 class=\"block-subtitle blue\">Resultados de las Elecciones:<\/h2>\n\n\t<div class=\"ctnr-block-content\"><div class=\"c_content_style\">\n<div id=\"dnn_ctr13357_ContentPane\" class=\"CadetBlue01_content\">\n<div id=\"dnn_ctr13357_ModuleContent\" class=\"DNNModuleContent ModDNNHTMLC\">\n<div id=\"dnn_ctr13357_HtmlModule_lblContent\">\n<p>Los resultados de las elecciones se dar\u00e1n a conocer al p\u00fablico la Noche de las Elecciones en nuestro sitio web a las 8:15 p.m., 10:00 p.m., 12:00 a.m. y cada 2 horas hasta que finalice el recuento de votos. Visite nuestra p\u00e1gina de\u00a0<a href=\"https:\/\/results.rov.sbcounty.gov\/results\/20121106\/default.html\" target=\"_blank\" rel=\"noopener\">Resultados Electorales<\/a>\u00a0para obtener m\u00e1s informaci\u00f3n.<\/p>\n<\/div>\n<\/div>\n<\/div>\n<\/div>\n<\/div>\n\n  <\/section>\n\n\t","protected":false},"excerpt":{"rendered":"<p>Recursos Electorales: Resumen del Registro de Votantes Calificados de 15 D\u00edas\u00a0[pdf] Medidas Locales Lista de Candidatos\u00a0[pdf] Candidaturas por Escrito (Locales)\u00a0[pdf] Cargos a Elegir [pdf] Informaci\u00f3n sobre Medidas del Condado\u00a0[pdf] Candidaturas por Escrito (Estatales)\u00a0[pdf] Solicitud de Recuento [pdf] Resultados Electorales Certificados Candidatos Incluidos por Escrito [pdf] Lista de Casillas Electorales\u00a0[pdf] Plazos<span class=\"ellipsis\">&#8230;<\/span><\/p>\n","protected":false},"author":19,"featured_media":37382,"parent":37361,"menu_order":0,"comment_status":"closed","ping_status":"closed","template":"templates\/rov-left-sidebar-template.php","meta":{"_acf_changed":false,"footnotes":""},"class_list":["post-38067","page","type-page","status-publish","has-post-thumbnail","hentry"],"acf":[],"_links":{"self":[{"href":"https:\/\/elections.sbcounty.gov\/es\/wp-json\/wp\/v2\/pages\/38067","targetHints":{"allow":["GET"]}}],"collection":[{"href":"https:\/\/elections.sbcounty.gov\/es\/wp-json\/wp\/v2\/pages"}],"about":[{"href":"https:\/\/elections.sbcounty.gov\/es\/wp-json\/wp\/v2\/types\/page"}],"author":[{"embeddable":true,"href":"https:\/\/elections.sbcounty.gov\/es\/wp-json\/wp\/v2\/users\/19"}],"replies":[{"embeddable":true,"href":"https:\/\/elections.sbcounty.gov\/es\/wp-json\/wp\/v2\/comments?post=38067"}],"version-history":[{"count":3,"href":"https:\/\/elections.sbcounty.gov\/es\/wp-json\/wp\/v2\/pages\/38067\/revisions"}],"predecessor-version":[{"id":83926,"href":"https:\/\/elections.sbcounty.gov\/es\/wp-json\/wp\/v2\/pages\/38067\/revisions\/83926"}],"up":[{"embeddable":true,"href":"https:\/\/elections.sbcounty.gov\/es\/wp-json\/wp\/v2\/pages\/37361"}],"wp:featuredmedia":[{"embeddable":true,"href":"https:\/\/elections.sbcounty.gov\/es\/wp-json\/wp\/v2\/media\/37382"}],"wp:attachment":[{"href":"https:\/\/elections.sbcounty.gov\/es\/wp-json\/wp\/v2\/media?parent=38067"}],"curies":[{"name":"wp","href":"https:\/\/api.w.org\/{rel}","templated":true}]}}