{"id":38043,"date":"2021-12-20T17:35:19","date_gmt":"2021-12-20T17:35:19","guid":{"rendered":"https:\/\/www.elections.sbcounty.gov\/?page_id=38043"},"modified":"2023-11-15T09:35:21","modified_gmt":"2023-11-15T17:35:21","slug":"0710","status":"publish","type":"page","link":"https:\/\/elections.sbcounty.gov\/es\/elections\/2012\/0710\/","title":{"rendered":"<strong>Elecciones Especiales con Boletas por Correodel 10 de julio de 2012<\/strong><strong><\/strong>"},"content":{"rendered":"  <section data-isd-block-id=\"rov-content-blockblock_8599205b07c8236d4c61fb80bd19d452\"\n\t\t\t\t\t\t\t\t\t\t \t\t\t\t\t\t\t\t\t\t\t class=\"card-style main-content-wrapper rov-card-style mb-4\">\n\n\t<h2 class=\"block-subtitle blue\">Resultados de las Elecciones \u2013 \u00daltima Actualizaci\u00f3n: 26 de julio de 2012 a las 2:12 p.m.<\/h2>\n\n\t<div class=\"ctnr-block-content\"><table width=\"80%\">\n<tbody>\n<tr>\n<td>Registro y N\u00famero de Votantes<\/td>\n<\/tr>\n<tr>\n<td>9,959 Votantes<\/td>\n<\/tr>\n<\/tbody>\n<\/table>\n<table class=\"sovTableResults\">\n<tbody>\n<tr>\n<th><\/th>\n<th align=\"right\"><strong>Conteo de Votos<\/strong><\/th>\n<th align=\"right\"><strong>Porcentaje<\/strong><\/th>\n<\/tr>\n<tr>\n<th scope=\"row\" style=\"text-align: left\">N\u00famero de Votantes por Correo<\/th>\n<td align=\"right\">4,367<\/td>\n<td align=\"right\">43.85%<\/td>\n<\/tr>\n<tr>\n<th scope=\"row\" style=\"text-align: left\">Total<\/th>\n<td align=\"right\">4,367<\/td>\n<td align=\"right\">43.85%<\/td>\n<\/tr>\n<\/tbody>\n<\/table>\n<p>&nbsp;<\/p>\n<hr \/>\n<table width=\"80%\">\n<tbody>\n<tr>\n<td>Medida M \u2013 Distrito Escolar Unificado Bear Valley<\/td>\n<\/tr>\n<tr>\n<td>35\/35 100.00%<\/td>\n<\/tr>\n<\/tbody>\n<\/table>\n<table class=\"sovTableResults\">\n<tbody>\n<tr>\n<th><\/th>\n<th align=\"right\"><strong>Conteo de Votos<\/strong><\/th>\n<th align=\"right\"><strong>Porcentaje<\/strong><\/th>\n<\/tr>\n<tr>\n<th scope=\"row\" style=\"text-align: left\">S\u00cd<\/th>\n<td class=\"winner\" align=\"right\">2,248<\/td>\n<td class=\"winner\" align=\"right\">51.51%<\/td>\n<\/tr>\n<tr>\n<th scope=\"row\" style=\"text-align: left\">NO<\/th>\n<td align=\"right\">2,116<\/td>\n<td align=\"right\">48.49%<\/td>\n<\/tr>\n<tr>\n<th scope=\"row\" style=\"text-align: left\">Total<\/th>\n<td align=\"right\">4,364<\/td>\n<td align=\"right\">100.00%<\/td>\n<\/tr>\n<\/tbody>\n<\/table>\n<p>&nbsp;<\/p>\n<\/div>\n\n  <\/section>\n\n\t","protected":false},"excerpt":{"rendered":"<p>Resultados de las Elecciones \u2013 \u00daltima Actualizaci\u00f3n: 26 de julio de 2012 a las 2:12 p.m. Registro y N\u00famero de Votantes 9,959 Votantes Conteo de Votos Porcentaje N\u00famero de Votantes por Correo 4,367 43.85% Total 4,367 43.85% &nbsp; Medida M \u2013 Distrito Escolar Unificado Bear Valley 35\/35 100.00% Conteo de<span class=\"ellipsis\">&#8230;<\/span><\/p>\n","protected":false},"author":19,"featured_media":37382,"parent":37361,"menu_order":0,"comment_status":"closed","ping_status":"closed","template":"templates\/rov-left-sidebar-template.php","meta":{"_acf_changed":false,"footnotes":""},"class_list":["post-38043","page","type-page","status-publish","has-post-thumbnail","hentry"],"acf":[],"_links":{"self":[{"href":"https:\/\/elections.sbcounty.gov\/es\/wp-json\/wp\/v2\/pages\/38043","targetHints":{"allow":["GET"]}}],"collection":[{"href":"https:\/\/elections.sbcounty.gov\/es\/wp-json\/wp\/v2\/pages"}],"about":[{"href":"https:\/\/elections.sbcounty.gov\/es\/wp-json\/wp\/v2\/types\/page"}],"author":[{"embeddable":true,"href":"https:\/\/elections.sbcounty.gov\/es\/wp-json\/wp\/v2\/users\/19"}],"replies":[{"embeddable":true,"href":"https:\/\/elections.sbcounty.gov\/es\/wp-json\/wp\/v2\/comments?post=38043"}],"version-history":[{"count":2,"href":"https:\/\/elections.sbcounty.gov\/es\/wp-json\/wp\/v2\/pages\/38043\/revisions"}],"predecessor-version":[{"id":79491,"href":"https:\/\/elections.sbcounty.gov\/es\/wp-json\/wp\/v2\/pages\/38043\/revisions\/79491"}],"up":[{"embeddable":true,"href":"https:\/\/elections.sbcounty.gov\/es\/wp-json\/wp\/v2\/pages\/37361"}],"wp:featuredmedia":[{"embeddable":true,"href":"https:\/\/elections.sbcounty.gov\/es\/wp-json\/wp\/v2\/media\/37382"}],"wp:attachment":[{"href":"https:\/\/elections.sbcounty.gov\/es\/wp-json\/wp\/v2\/media?parent=38043"}],"curies":[{"name":"wp","href":"https:\/\/api.w.org\/{rel}","templated":true}]}}