{"id":38013,"date":"2021-12-20T17:27:30","date_gmt":"2021-12-20T17:27:30","guid":{"rendered":"https:\/\/www.elections.sbcounty.gov\/?page_id=38013"},"modified":"2024-06-26T16:05:31","modified_gmt":"2024-06-26T23:05:31","slug":"sov","status":"publish","type":"page","link":"https:\/\/elections.sbcounty.gov\/es\/elections\/2012\/0605\/sov\/","title":{"rendered":"Archivo de Elecciones Primarias Presidenciales del 5 de junio de 2012"},"content":{"rendered":"  <section data-isd-block-id=\"rov-content-blockblock_647b89267c73557ca541109627ccce68\"\n\t\t\t\t\t\t\t\t\t\t \t\t\t\t\t\t\t\t\t\t\t class=\"card-style main-content-wrapper rov-card-style mb-4\">\n\n\t<h2 class=\"block-subtitle blue\">Declaraci\u00f3n de Votos Emitidos<\/h2>\n\n\t<div class=\"ctnr-block-content\"><table id=\"sovIndex\" style=\"background-color: white;width: 70%;border-collapse: collapse;border: 1px\">\n<tbody>\n<tr style=\"background-color: #000084;color: white;font-weight: bold\">\n<th><strong>Contienda<\/strong><\/th>\n<th><strong>N\u00famero de p\u00e1gina<\/strong><\/th>\n<\/tr>\n<tr style=\"background-color: #f9f9f9;color: black\">\n<td><a href=\"https:\/\/www.sbcounty.gov\/uploads\/ROV\/Elections\/2012\/0605\/SOV\/1DEMOCRATIC_PRESIDENTIAL_PREFERENCE.pdf\" target=\"_blank\" rel=\"noopener\">PREFERENCIA PRESIDENCIAL DEM\u00d3CRATA<\/a> [pdf]<\/td>\n<td>1<\/td>\n<\/tr>\n<tr style=\"background-color: #eeeeee;color: black\">\n<td><a href=\"https:\/\/www.sbcounty.gov\/uploads\/ROV\/Elections\/2012\/0605\/SOV\/44REPUBLICAN_PRESIDENTIAL_PREFERENCE.pdf\" target=\"_blank\" rel=\"noopener\">PREFERENCIA PRESIDENCIAL REPUBLICANA<\/a> [pdf]<\/td>\n<td>44<\/td>\n<\/tr>\n<tr style=\"background-color: #f9f9f9;color: black\">\n<td><a href=\"https:\/\/www.sbcounty.gov\/uploads\/ROV\/Elections\/2012\/0605\/SOV\/87AMERICAN_INDEPENDENT_PRESIDENTIAL_PREFERENCE.pdf\" target=\"_blank\" rel=\"noopener\">PREFERENCIA PRESIDENCIAL INDEPENDIENTE AMERICANO<\/a> [pdf]<\/td>\n<td>87<\/td>\n<\/tr>\n<tr style=\"background-color: #eeeeee;color: black\">\n<td><a href=\"https:\/\/www.sbcounty.gov\/uploads\/ROV\/Elections\/2012\/0605\/SOV\/130GREEN_PRESIDENTIAL_PREFERENCE.pdf\" target=\"_blank\" rel=\"noopener\">PREFERENCIA PRESIDENCIAL PARTIDO VERDE<\/a> [pdf]<\/td>\n<td>130<\/td>\n<\/tr>\n<tr style=\"background-color: #f9f9f9;color: black\">\n<td><a href=\"https:\/\/www.sbcounty.gov\/uploads\/ROV\/Elections\/2012\/0605\/SOV\/173LIBERTARIAN_PRESIDENTIAL_PREFERENCE.pdf\" target=\"_blank\" rel=\"noopener\">PREFERENCIA PRESIDENCIAL PARTIDO LIBERTARIO<\/a> [pdf]<\/td>\n<td>173<\/td>\n<\/tr>\n<tr style=\"background-color: #eeeeee;color: black\">\n<td><a href=\"https:\/\/www.sbcounty.gov\/uploads\/ROV\/Elections\/2012\/0605\/SOV\/216PEACE_AND_FREEDOM_PRESIDENTIAL_PREFERENCE.pdf\" target=\"_blank\" rel=\"noopener\">PREFERENCIA PRESIDENCIAL PARTIDO DE PAZ Y LIBERTAD<\/a> [pdf]<\/td>\n<td>216<\/td>\n<\/tr>\n<tr style=\"background-color: #f9f9f9;color: black\">\n<td><a href=\"https:\/\/www.sbcounty.gov\/uploads\/ROV\/Elections\/2012\/0605\/SOV\/259U.S._SENATOR.pdf\" target=\"_blank\" rel=\"noopener\">SENADOR DE E.E.U.U.<\/a> [pdf]<\/td>\n<td>259<\/td>\n<\/tr>\n<tr style=\"background-color: #eeeeee;color: black\">\n<td><a href=\"https:\/\/www.sbcounty.gov\/uploads\/ROV\/Elections\/2012\/0605\/SOV\/345CONGRESS_8TH.pdf\" target=\"_blank\" rel=\"noopener\">CONGRESO 8.\u00ba<\/a> [pdf]<\/td>\n<td>345<\/td>\n<\/tr>\n<tr style=\"background-color: #f9f9f9;color: black\">\n<td><a href=\"https:\/\/www.sbcounty.gov\/uploads\/ROV\/Elections\/2012\/0605\/SOV\/385CONGRESS_27TH.pdf\" target=\"_blank\" rel=\"noopener\">CONGRESO 27.\u00ba<\/a> [pdf]<\/td>\n<td>385<\/td>\n<\/tr>\n<tr style=\"background-color: #eeeeee;color: black\">\n<td><a href=\"https:\/\/www.sbcounty.gov\/uploads\/ROV\/Elections\/2012\/0605\/SOV\/386CONGRESS_31ST.pdf\" target=\"_blank\" rel=\"noopener\">CONGRESO 31\u00ba<\/a> [pdf]<\/td>\n<td>386<\/td>\n<\/tr>\n<tr style=\"background-color: #f9f9f9;color: black\">\n<td><a href=\"https:\/\/www.sbcounty.gov\/uploads\/ROV\/Elections\/2012\/0605\/SOV\/400CONGRESS_35TH.pdf\" target=\"_blank\" rel=\"noopener\">CONGRESO 35.\u00ba<\/a> [pdf]<\/td>\n<td>400<\/td>\n<\/tr>\n<tr style=\"background-color: #eeeeee;color: black\">\n<td><a href=\"https:\/\/www.sbcounty.gov\/uploads\/ROV\/Elections\/2012\/0605\/SOV\/408CONGRESS_39TH.pdf\" target=\"_blank\" rel=\"noopener\">CONGRESO 39.\u00ba<\/a> [pdf]<\/td>\n<td>408<\/td>\n<\/tr>\n<tr style=\"background-color: #f9f9f9;color: black\">\n<td><a href=\"https:\/\/www.sbcounty.gov\/uploads\/ROV\/Elections\/2012\/0605\/SOV\/410STATE_SENATOR_DISTRICT_21.pdf\" target=\"_blank\" rel=\"noopener\">SENADOR ESTATAL DISTRITO 21<\/a> [pdf]<\/td>\n<td>410<\/td>\n<\/tr>\n<tr style=\"background-color: #eeeeee;color: black\">\n<td><a href=\"https:\/\/www.sbcounty.gov\/uploads\/ROV\/Elections\/2012\/0605\/SOV\/416STATE_SENATOR_DISTRICT_23.pdf\" target=\"_blank\" rel=\"noopener\">SENADOR ESTATAL DISTRITO 23<\/a> [pdf]<\/td>\n<td>416<\/td>\n<\/tr>\n<tr style=\"background-color: #f9f9f9;color: black\">\n<td><a href=\"https:\/\/www.sbcounty.gov\/uploads\/ROV\/Elections\/2012\/0605\/SOV\/433STATE_SENATOR_DISTRICT_25.pdf\" target=\"_blank\" rel=\"noopener\">SENADOR ESTATAL DISTRITO 25<\/a> [pdf]<\/td>\n<td>433<\/td>\n<\/tr>\n<tr style=\"background-color: #eeeeee;color: black\">\n<td><a href=\"https:\/\/www.sbcounty.gov\/uploads\/ROV\/Elections\/2012\/0605\/SOV\/435STATE_SENATOR_DISTRICT_29.pdf\" target=\"_blank\" rel=\"noopener\">SENADOR ESTATAL DISTRITO 29<\/a> [pdf]<\/td>\n<td>435<\/td>\n<\/tr>\n<tr style=\"background-color: #f9f9f9;color: black\">\n<td><a href=\"https:\/\/www.sbcounty.gov\/uploads\/ROV\/Elections\/2012\/0605\/SOV\/437STATE_ASSEMBLY_DISTRICT_33.pdf\" target=\"_blank\" rel=\"noopener\">ASAMBLEA DEL ESTADO DISTRITO 33<\/a> [pdf]<\/td>\n<td>437<\/td>\n<\/tr>\n<tr style=\"background-color: #eeeeee;color: black\">\n<td><a href=\"https:\/\/www.sbcounty.gov\/uploads\/ROV\/Elections\/2012\/0605\/SOV\/451STATE_ASSEMBLY_DISTRICT_36.pdf\" target=\"_blank\" rel=\"noopener\">ASAMBLEA DEL ESTADO DISTRITO 36<\/a> [pdf]<\/td>\n<td>451<\/td>\n<\/tr>\n<tr style=\"background-color: #f9f9f9;color: black\">\n<td><a href=\"https:\/\/www.sbcounty.gov\/uploads\/ROV\/Elections\/2012\/0605\/SOV\/452STATE_ASSEMBLY_DISTRICT_40.pdf\" target=\"_blank\" rel=\"noopener\">ASAMBLEA DEL ESTADO DISTRITO 40<\/a> [pdf]<\/td>\n<td>452<\/td>\n<\/tr>\n<tr style=\"background-color: #eeeeee;color: black\">\n<td><a href=\"https:\/\/www.sbcounty.gov\/uploads\/ROV\/Elections\/2012\/0605\/SOV\/462STATE_ASSEMBLY_DISTRICT_41.pdf\" target=\"_blank\" rel=\"noopener\">ASAMBLEA DEL ESTADO DISTRITO 41<\/a> [pdf]<\/td>\n<td>462<\/td>\n<\/tr>\n<tr style=\"background-color: #f9f9f9;color: black\">\n<td><a href=\"https:\/\/www.sbcounty.gov\/uploads\/ROV\/Elections\/2012\/0605\/SOV\/465STATE_ASSEMBLY_DISTRICT_42.pdf\" target=\"_blank\" rel=\"noopener\">ASAMBLEA DEL ESTADO DISTRITO 42<\/a> [pdf]<\/td>\n<td>465<\/td>\n<\/tr>\n<tr style=\"background-color: #eeeeee;color: black\">\n<td><a href=\"https:\/\/www.sbcounty.gov\/uploads\/ROV\/Elections\/2012\/0605\/SOV\/469STATE_ASSEMBLY_DISTRICT_47.pdf\" target=\"_blank\" rel=\"noopener\">ASAMBLEA DEL ESTADO DISTRITO 47<\/a> [pdf]<\/td>\n<td>469<\/td>\n<\/tr>\n<tr style=\"background-color: #f9f9f9;color: black\">\n<td><a href=\"https:\/\/www.sbcounty.gov\/uploads\/ROV\/Elections\/2012\/0605\/SOV\/478STATE_ASSEMBLY_DISTRICT_52.pdf\" target=\"_blank\" rel=\"noopener\">ASAMBLEA DEL ESTADO DISTRITO 52<\/a> [pdf]<\/td>\n<td>478<\/td>\n<\/tr>\n<tr style=\"background-color: #eeeeee;color: black\">\n<td><a href=\"https:\/\/www.sbcounty.gov\/uploads\/ROV\/Elections\/2012\/0605\/SOV\/483STATE_ASSEMBLY_DISTRICT_55.pdf\" target=\"_blank\" rel=\"noopener\">ASAMBLEA DEL ESTADO DISTRITO 55<\/a> [pdf]<\/td>\n<td>483<\/td>\n<\/tr>\n<tr style=\"background-color: #f9f9f9;color: black\">\n<td><a href=\"https:\/\/www.sbcounty.gov\/uploads\/ROV\/Elections\/2012\/0605\/SOV\/485DEMOCRATIC_COUNTY_CENTRAL_COMM_33RD_DIST.pdf\" target=\"_blank\" rel=\"noopener\">COMIT\u00c9 CENTRAL DEM\u00d3CRATA DEL CONDADO \u2013 DIST. 33.\u00ba<\/a> [pdf]<\/td>\n<td>485<\/td>\n<\/tr>\n<tr style=\"background-color: #eeeeee;color: black\">\n<td><a href=\"https:\/\/www.sbcounty.gov\/uploads\/ROV\/Elections\/2012\/0605\/SOV\/499DEMOCRATIC_COUNTY_CENTRAL_COMM_40TH_DIST.pdf\" target=\"_blank\" rel=\"noopener\">COMIT\u00c9 CENTRAL DEM\u00d3CRATA DEL CONDADO \u2013 DIST. 40.\u00ba<\/a> [pdf]<\/td>\n<td>499<\/td>\n<\/tr>\n<tr style=\"background-color: #f9f9f9;color: black\">\n<td><a href=\"https:\/\/www.sbcounty.gov\/uploads\/ROV\/Elections\/2012\/0605\/SOV\/509DEMOCRATIC_COUNTY_CENTRAL_COMM_47TH_DIST.pdf\" target=\"_blank\" rel=\"noopener\">COMIT\u00c9 CENTRAL DEM\u00d3CRATA DEL CONDADO \u2013 DIST. 47.\u00ba<\/a> [pdf]<\/td>\n<td>509<\/td>\n<\/tr>\n<tr style=\"background-color: #eeeeee;color: black\">\n<td><a href=\"https:\/\/www.sbcounty.gov\/uploads\/ROV\/Elections\/2012\/0605\/SOV\/527DEMOCRATIC_COUNTY_CENTRAL_COMM_52ND_DIST.pdf\" target=\"_blank\" rel=\"noopener\">COMIT\u00c9 CENTRAL DEM\u00d3CRATA DEL CONDADO \u2013 DISTRITO 52.\u00ba<\/a> [pdf]<\/td>\n<td>527<\/td>\n<\/tr>\n<tr style=\"background-color: #f9f9f9;color: black\">\n<td><a href=\"https:\/\/www.sbcounty.gov\/uploads\/ROV\/Elections\/2012\/0605\/SOV\/537REPUBLICAN_COUNTY_CENTRAL_COMM_1ST_SUP_DIST.pdf\" target=\"_blank\" rel=\"noopener\">COMIT\u00c9 CENTRAL REPUBLICANO DEL CONDADO \u2013 1.\u00ba DIST. SUP.<\/a> [pdf]<\/td>\n<td>537<\/td>\n<\/tr>\n<tr style=\"background-color: #eeeeee;color: black\">\n<td><a href=\"https:\/\/www.sbcounty.gov\/uploads\/ROV\/Elections\/2012\/0605\/SOV\/555REPUBLICAN_COUNTY_CENTRAL_COMM_2ND_SUP_DIST.pdf\" target=\"_blank\" rel=\"noopener\">COMIT\u00c9 CENTRAL REPUBLICANO DEL CONDADO \u2013 2.\u00ba DIST. SUP.<\/a> [pdf]<\/td>\n<td>555<\/td>\n<\/tr>\n<tr style=\"background-color: #f9f9f9;color: black\">\n<td><a href=\"https:\/\/www.sbcounty.gov\/uploads\/ROV\/Elections\/2012\/0605\/SOV\/573REPUBLICAN_COUNTY_CENTRAL_COMM_3RD_SUP_DIST.pdf\" target=\"_blank\" rel=\"noopener\">COMIT\u00c9 CENTRAL REPUBLICANO DEL CONDADO \u2013 3.\u00ba DIST. SUP.<\/a> [pdf]<\/td>\n<td>573<\/td>\n<\/tr>\n<tr style=\"background-color: #eeeeee;color: black\">\n<td><a href=\"https:\/\/www.sbcounty.gov\/uploads\/ROV\/Elections\/2012\/0605\/SOV\/586REPUBLICAN_COUNTY_CENTRAL_COMM_4TH_SUP_DIST.pdf\" target=\"_blank\" rel=\"noopener\">COMIT\u00c9 CENTRAL REPUBLICANO DEL CONDADO \u2013 4.\u00ba DIST. SUP.<\/a> [pdf]<\/td>\n<td>586<\/td>\n<\/tr>\n<tr style=\"background-color: #f9f9f9;color: black\">\n<td><a href=\"https:\/\/www.sbcounty.gov\/uploads\/ROV\/Elections\/2012\/0605\/SOV\/592REPUBLICAN_COUNTY_CENTRAL_COMM_5TH_SUP_DIST.pdf\" target=\"_blank\" rel=\"noopener\">COMIT\u00c9 CENTRAL REPUBLICANO DEL CONDADO \u2013 5.\u00ba DIST. SUP.<\/a> [pdf]<\/td>\n<td>592<\/td>\n<\/tr>\n<tr style=\"background-color: #eeeeee;color: black\">\n<td><a href=\"https:\/\/www.sbcounty.gov\/uploads\/ROV\/Elections\/2012\/0605\/SOV\/600RIVERSIDE_COUNTY_BRD_OF_EDUCATION_-_AREA_5.pdf\" target=\"_blank\" rel=\"noopener\">JUNTA DE EDUCACI\u00d3N DEL CONDADO DE RIVERSIDE \u2013 \u00c1REA 5<\/a> [pdf]<\/td>\n<td>600<\/td>\n<\/tr>\n<tr style=\"background-color: #f9f9f9;color: black\">\n<td><a href=\"https:\/\/www.sbcounty.gov\/uploads\/ROV\/Elections\/2012\/0605\/SOV\/601COUNTY_SUPERVISOR_-_1ST_DISTRICT.pdf\" target=\"_blank\" rel=\"noopener\">SUPERVISOR DEL CONDADO \u2013 1.\u00ba DISTRITO<\/a> [pdf]<\/td>\n<td>601<\/td>\n<\/tr>\n<tr style=\"background-color: #eeeeee;color: black\">\n<td><a href=\"https:\/\/www.sbcounty.gov\/uploads\/ROV\/Elections\/2012\/0605\/SOV\/610COUNTY_SUPERVISOR_-_3RD_DISTRICT.pdf\" target=\"_blank\" rel=\"noopener\">SUPERVISOR DEL CONDADO \u2013 3.\u00ba DISTRITO<\/a> [pdf]<\/td>\n<td>610<\/td>\n<\/tr>\n<tr style=\"background-color: #f9f9f9;color: black\">\n<td><a href=\"https:\/\/www.sbcounty.gov\/uploads\/ROV\/Elections\/2012\/0605\/SOV\/623COUNTY_SUPERVISOR_-_5TH_DISTRICT.pdf\" target=\"_blank\" rel=\"noopener\">SUPERVISOR DEL CONDADO \u2013 5.\u00ba DISTRITO<\/a> [pdf]<\/td>\n<td>623<\/td>\n<\/tr>\n<tr style=\"background-color: #eeeeee;color: black\">\n<td><a href=\"https:\/\/www.sbcounty.gov\/uploads\/ROV\/Elections\/2012\/0605\/SOV\/631CALIFORNIA.pdf\" target=\"_blank\" rel=\"noopener\">MEDIDAS<\/a> [pdf]<\/td>\n<td>631<\/td>\n<\/tr>\n<\/tbody>\n<\/table>\n<\/div>\n\n  <\/section>\n\n\t","protected":false},"excerpt":{"rendered":"<p>Declaraci\u00f3n de Votos Emitidos Contienda N\u00famero de p\u00e1gina PREFERENCIA PRESIDENCIAL DEM\u00d3CRATA [pdf] 1 PREFERENCIA PRESIDENCIAL REPUBLICANA [pdf] 44 PREFERENCIA PRESIDENCIAL INDEPENDIENTE AMERICANO [pdf] 87 PREFERENCIA PRESIDENCIAL PARTIDO VERDE [pdf] 130 PREFERENCIA PRESIDENCIAL PARTIDO LIBERTARIO [pdf] 173 PREFERENCIA PRESIDENCIAL PARTIDO DE PAZ Y LIBERTAD [pdf] 216 SENADOR DE E.E.U.U. [pdf] 259<span class=\"ellipsis\">&#8230;<\/span><\/p>\n","protected":false},"author":19,"featured_media":37382,"parent":37968,"menu_order":0,"comment_status":"closed","ping_status":"closed","template":"templates\/rov-left-sidebar-template.php","meta":{"_acf_changed":false,"footnotes":""},"class_list":["post-38013","page","type-page","status-publish","has-post-thumbnail","hentry"],"acf":[],"_links":{"self":[{"href":"https:\/\/elections.sbcounty.gov\/es\/wp-json\/wp\/v2\/pages\/38013","targetHints":{"allow":["GET"]}}],"collection":[{"href":"https:\/\/elections.sbcounty.gov\/es\/wp-json\/wp\/v2\/pages"}],"about":[{"href":"https:\/\/elections.sbcounty.gov\/es\/wp-json\/wp\/v2\/types\/page"}],"author":[{"embeddable":true,"href":"https:\/\/elections.sbcounty.gov\/es\/wp-json\/wp\/v2\/users\/19"}],"replies":[{"embeddable":true,"href":"https:\/\/elections.sbcounty.gov\/es\/wp-json\/wp\/v2\/comments?post=38013"}],"version-history":[{"count":12,"href":"https:\/\/elections.sbcounty.gov\/es\/wp-json\/wp\/v2\/pages\/38013\/revisions"}],"predecessor-version":[{"id":84442,"href":"https:\/\/elections.sbcounty.gov\/es\/wp-json\/wp\/v2\/pages\/38013\/revisions\/84442"}],"up":[{"embeddable":true,"href":"https:\/\/elections.sbcounty.gov\/es\/wp-json\/wp\/v2\/pages\/37968"}],"wp:featuredmedia":[{"embeddable":true,"href":"https:\/\/elections.sbcounty.gov\/es\/wp-json\/wp\/v2\/media\/37382"}],"wp:attachment":[{"href":"https:\/\/elections.sbcounty.gov\/es\/wp-json\/wp\/v2\/media?parent=38013"}],"curies":[{"name":"wp","href":"https:\/\/api.w.org\/{rel}","templated":true}]}}