{"id":37968,"date":"2021-12-20T16:55:22","date_gmt":"2021-12-20T16:55:22","guid":{"rendered":"https:\/\/www.elections.sbcounty.gov\/?page_id=37968"},"modified":"2024-06-05T14:30:06","modified_gmt":"2024-06-05T21:30:06","slug":"0605","status":"publish","type":"page","link":"https:\/\/elections.sbcounty.gov\/es\/elections\/2012\/0605\/","title":{"rendered":"0605"},"content":{"rendered":"  <section data-isd-block-id=\"rov-content-blockblock_eb6ddbbc60f8f4bf11e224fd5ba888cb\"\n\t\t\t\t\t\t\t\t\t\t \t\t\t\t\t\t\t\t\t\t\t class=\"card-style main-content-wrapper rov-card-style mb-4\">\n\n\t<h2 class=\"block-subtitle blue\">Archivo de Elecciones Primarias Presidenciales \u2013 5 de junio de 2012<\/h2>\n\n\t<div class=\"ctnr-block-content\"><p><strong>\u00bfQu\u00e9 son las Elecciones Primarias Presidenciales?<\/strong><strong><br \/>\n<\/strong>El martes 5 de junio de 2012 se celebrar\u00e1n elecciones primarias en California para designar a los candidatos que pasar\u00e1n a las Elecciones Generales Presidenciales, elegir a los miembros de los comit\u00e9s centrales de los partidos y votar las propuestas estatales.<\/p>\n<p><strong>Modificaciones Recientes<\/strong><\/p>\n<p>En el 2012, las elecciones primarias cambiaron en California, vea a continuaci\u00f3n para obtener m\u00e1s informaci\u00f3n.<br \/>\n<a href=\"https:\/\/www.sbcounty.gov\/uploads\/ROV\/Elections\/2012\/0605\/Top_2_Primary_Handout-2012-ballots-add-FINAL.pdf\" target=\"_blank\" rel=\"noopener\">Ley de los Dos Mejores de las Abiertas Primarias<\/a>\u00a0[pdf]<\/p>\n<p><strong>Reordenaci\u00f3n de los distritos<\/strong><br \/>\nLa reordenaci\u00f3n de los distritos ocurre cada 10 a\u00f1os. \u00a0Es el proceso de volver a trazar las fronteras pol\u00edticas para los cargos de elecci\u00f3n despu\u00e9s del Censo de EE. UU. \u00a0Para los a\u00f1os 2011 a 2021, la reordenaci\u00f3n de los distritos del Congreso, del Senado Estatal, de la Asamblea del Estado y de la Junta de Equidad de California se complet\u00f3 por la Comisi\u00f3n de Reordenaci\u00f3n de los Distritos de California aprobada por los votantes. \u00a0En 2011, tanto la Junta de Supervisores del Condado como algunas ciudades y otras jurisdicciones locales tambi\u00e9n volvieron a trazar sus distritos.<\/p>\n<p><strong>Reordenaci\u00f3n de los distritos electorales<\/strong><br \/>\nCuando las fronteras pol\u00edticas cambian, las l\u00edneas de los distritos electorales tambi\u00e9n deben cambiar. \u00a0En 2012, la Oficina de Elecciones cre\u00f3 nuevas l\u00edneas de los distritos electorales para el Condado de San\u00a0Bernardino. \u00a0As\u00ed, la meta era incrementar el n\u00famero de votantes registrados asignados a cada distrito electoral para acercarse al m\u00e1ximo permitido por ley, que es de 1,000 votantes registrados.<\/p>\n<p><strong>Casillas electorales<\/strong><br \/>\nCuando cambian las l\u00edneas de los distritos electorales, los votantes deben ser reasignados a las casillas electorales. \u00a0Por consiguiente, la Oficina de Elecciones complet\u00f3 un gran proyecto en el que busc\u00f3 y trat\u00f3 de asegurar muchas casillas electorales nuevas que tuvieran buen mantenimiento, que estuvieran en lugares seguros y que tuvieran \u00e1reas de votaci\u00f3n y estacionamientos grandes que cumplieran con la ADA.<\/p>\n<p>Despu\u00e9s de asegurar tantas ubicaciones existentes y nuevas como estuvieran disponibles para usarse, la Oficina asign\u00f3 a los votantes a su nueva casilla electoral. \u00a0Al hacer estas asignaciones, se tomaron en cuenta muchos factores incluyendo: cercan\u00eda del votante a la casilla electoral, barreras f\u00edsicas terrestres que pudieran impedir la transportaci\u00f3n del votante, disponibilidad de transporte p\u00fablico, y la capacidad de la ubicaci\u00f3n y del estacionamiento.<\/p>\n<p>Debido a los cambios mencionados anteriormente, el votante debe ser consciente de que:<\/p>\n<ul>\n<li>\u00a0Es posible que ahora viva en una jurisdicci\u00f3n pol\u00edtica distinta a la anterior, y que su boleta puede contener nombres de candidatos que no le resulten conocidos. \u00a0Revise su boleta de muestra antes de votar.<\/li>\n<li>Es posible que usted haya sido asignado a una nueva casilla electoral. \u00a0Ubique la asignaci\u00f3n de su casilla electoral al reverso de\u00a0su Gu\u00eda de Informaci\u00f3n\u00a0para el Votante.<\/li>\n<\/ul>\n<p><strong>Calendario de Elecciones:\u00a0<\/strong><a href=\"https:\/\/www.sbcounty.gov\/uploads\/ROV\/Elections\/2012\/0605\/2012-primary-election-calendar.pdf\" target=\"_blank\" rel=\"noopener\"><strong>Calendario de Elecciones Oficial<\/strong><\/a><strong>\u00a0[pdf]<\/strong><strong><br \/>\n<\/strong>Fechas Clave: Las elecciones tienen muchas fechas y fechas l\u00edmite. A\u00a0continuaci\u00f3n, se muestra una lista de fechas y fechas l\u00edmite importantes para las Elecciones Primarias Presidenciales del 5 de junio de 2012.<\/p>\n<ul>\n<li>Boletas de Muestra Enviadas por Correo \u2013 Semana del 7 de mayo<\/li>\n<li>Boletas Enviadas por Correo \u2013 Semana del 7 de mayo<\/li>\n<li>Comienza el Voto Anticipado \u2013 7 de mayo<\/li>\n<li>Fecha L\u00edmite para el Registro de Votantes \u2013 21 de mayo<\/li>\n<li>\u00daltimo D\u00eda para Solicitar una Boleta por Correo \u2013 29 de mayo<\/li>\n<li>D\u00eda de las Elecciones \u2013 5 de junio<\/li>\n<\/ul>\n<p><strong>\u00bfQu\u00e9 hay en la Boleta?<\/strong><strong><br \/>\n<\/strong><a href=\"https:\/\/www.sbcounty.gov\/uploads\/ROV\/Elections\/2012\/0605\/Primary%20Presidential%20Offices%20up%20for%20Election%20Table.pdf\" target=\"_blank\" rel=\"noopener\">Cargos a Elegir\u00a0<\/a>[pdf]<br \/>\n<a href=\"https:\/\/www.sbcounty.gov\/uploads\/ROV\/Elections\/2012\/0605\/2012-04-23%20FINAL%20REPORT.pdf\" target=\"_blank\" rel=\"noopener\">Lista de Candidatos<\/a>\u00a0[pdf]<br \/>\n<a href=\"https:\/\/www.sbcounty.gov\/uploads\/ROV\/Elections\/2012\/0605\/Candidate%20Filing%20Guide.pdf\" target=\"_blank\" rel=\"noopener\">Gu\u00eda de Presentaci\u00f3n de Candidatos<\/a>\u00a0[pdf]<\/p>\n<p><a href=\"https:\/\/www.sbcounty.gov\/uploads\/ROV\/Elections\/2012\/0605\/5-11-12%20REVISED%20Polling-Book-Digest-Size%20at%203-25%20pm%20ALR.pdf\" target=\"_blank\" rel=\"noopener\">Boleta de Muestra Combinada y Gu\u00eda de Informaci\u00f3n para el Votante<\/a>\u00a0[pdf]<\/p>\n<p>La Boleta de Muestra que los votantes reciben por correo est\u00e1 personalizada para su distrito electoral de votaci\u00f3n y preferencia de partido pol\u00edtico.\u00a0 La\u00a0Boleta de Muestra Combinada en las siguientes p\u00e1ginas incluye candidatos para todos los cargos disponibles para las elecciones en todo el Condado de San Bernardino.\u00a0 Incluye lo siguiente:<\/p>\n<ul>\n<li>Todas las contiendas por el Cargo de Presidente de Nominaci\u00f3n Partidista;<\/li>\n<li>Todas las contiendas por Cargos Nominados por los Votantes;<\/li>\n<li>Todas las contiendas por el Comit\u00e9 Partidista Central del Condado;<\/li>\n<li>Todas las contiendas por Cargos No Partidarios; y<\/li>\n<li>Todas las Medidas a Votaci\u00f3n<\/li>\n<\/ul>\n<p><strong>Enlaces Adicionales de las Elecciones<\/strong><br \/>\n<a href=\"https:\/\/www.sbcounty.gov\/uploads\/ROV\/Elections\/2012\/0605\/Election_Workers_for_Web_Posting_6-5-2012_Election.pdf\" target=\"_blank\" rel=\"noopener\">Lista de Trabajadores Electorales<\/a>\u00a0[pdf]<\/p>\n<p><strong>Resultados de las Elecciones<\/strong><br \/>\n<a href=\"https:\/\/elections.sbcounty.gov\/es\/Elections\/2012\/0605\/Results\/\">Resultados de las Elecciones<\/a><br \/>\n<a href=\"https:\/\/elections.sbcounty.gov\/es\/Elections\/2012\/0605\/SOV\/\">Declaraci\u00f3n de Votos Emitidos<\/a><br \/>\n<a href=\"https:\/\/www.sbcounty.gov\/uploads\/ROV\/Elections\/2012\/0605\/15-Day%20Close%20of%20Registration%20Summary.pdf\" target=\"_blank\" rel=\"noopener\">Resumen del Registro de Votantes Calificados de 15 D\u00edas<\/a>\u00a0[pdf]<\/p>\n<\/div>\n\n  <\/section>\n\n\t","protected":false},"excerpt":{"rendered":"<p>Archivo de Elecciones Primarias Presidenciales \u2013 5 de junio de 2012 \u00bfQu\u00e9 son las Elecciones Primarias Presidenciales? El martes 5 de junio de 2012 se celebrar\u00e1n elecciones primarias en California para designar a los candidatos que pasar\u00e1n a las Elecciones Generales Presidenciales, elegir a los miembros de los comit\u00e9s centrales<span class=\"ellipsis\">&#8230;<\/span><\/p>\n","protected":false},"author":19,"featured_media":37382,"parent":37361,"menu_order":0,"comment_status":"closed","ping_status":"closed","template":"templates\/rov-left-sidebar-no-title-template.php","meta":{"_acf_changed":false,"footnotes":""},"class_list":["post-37968","page","type-page","status-publish","has-post-thumbnail","hentry"],"acf":[],"_links":{"self":[{"href":"https:\/\/elections.sbcounty.gov\/es\/wp-json\/wp\/v2\/pages\/37968","targetHints":{"allow":["GET"]}}],"collection":[{"href":"https:\/\/elections.sbcounty.gov\/es\/wp-json\/wp\/v2\/pages"}],"about":[{"href":"https:\/\/elections.sbcounty.gov\/es\/wp-json\/wp\/v2\/types\/page"}],"author":[{"embeddable":true,"href":"https:\/\/elections.sbcounty.gov\/es\/wp-json\/wp\/v2\/users\/19"}],"replies":[{"embeddable":true,"href":"https:\/\/elections.sbcounty.gov\/es\/wp-json\/wp\/v2\/comments?post=37968"}],"version-history":[{"count":2,"href":"https:\/\/elections.sbcounty.gov\/es\/wp-json\/wp\/v2\/pages\/37968\/revisions"}],"predecessor-version":[{"id":83929,"href":"https:\/\/elections.sbcounty.gov\/es\/wp-json\/wp\/v2\/pages\/37968\/revisions\/83929"}],"up":[{"embeddable":true,"href":"https:\/\/elections.sbcounty.gov\/es\/wp-json\/wp\/v2\/pages\/37361"}],"wp:featuredmedia":[{"embeddable":true,"href":"https:\/\/elections.sbcounty.gov\/es\/wp-json\/wp\/v2\/media\/37382"}],"wp:attachment":[{"href":"https:\/\/elections.sbcounty.gov\/es\/wp-json\/wp\/v2\/media?parent=37968"}],"curies":[{"name":"wp","href":"https:\/\/api.w.org\/{rel}","templated":true}]}}