{"id":37547,"date":"2021-12-15T18:27:44","date_gmt":"2021-12-15T18:27:44","guid":{"rendered":"https:\/\/www.elections.sbcounty.gov\/?page_id=37547"},"modified":"2023-11-13T19:50:40","modified_gmt":"2023-11-14T03:50:40","slug":"0207","status":"publish","type":"page","link":"https:\/\/elections.sbcounty.gov\/es\/elections\/2012\/0207\/","title":{"rendered":"Elecciones Municipales Generales del 7 de febrero de 2012"},"content":{"rendered":"  <section data-isd-block-id=\"rov-content-blockblock_e14623cb2a2321368323c525e66e1d9d\"\n\t\t\t\t\t\t\t\t\t\t \t\t\t\t\t\t\t\t\t\t\t class=\"card-style main-content-wrapper rov-card-style mb-4\">\n\n\t<h2 class=\"block-subtitle blue\">\u00daltima Actualizaci\u00f3n: 13 de febrero de 2012 a las 2:31 PM<\/h2>\n\n\t<div class=\"ctnr-block-content\"><table role=\"presentation\" width=\"80%\">\n<tbody>\n<tr>\n<td style=\"text-align: left\">Registro y N\u00famero de Votantes<\/td>\n<\/tr>\n<tr>\n<td style=\"text-align: left\"><strong>71,881 Votantes<\/strong><\/td>\n<\/tr>\n<\/tbody>\n<\/table>\n<table class=\"sovTableResults\">\n<tbody>\n<tr>\n<th><\/th>\n<th align=\"right\"><strong>Conteo de Votos<\/strong><\/th>\n<th align=\"right\"><strong>Porcentaje<\/strong><\/th>\n<\/tr>\n<tr>\n<th scope=\"row\" style=\"text-align: left\">N\u00famero de Votantes del Distrito Electoral<\/th>\n<td align=\"right\">12,205<\/td>\n<td align=\"right\">16.98%<\/td>\n<\/tr>\n<tr>\n<th scope=\"row\" style=\"text-align: left\">Total<\/th>\n<td align=\"right\">12,205<\/td>\n<td align=\"right\">16.98%<\/td>\n<\/tr>\n<\/tbody>\n<\/table>\n<p>&nbsp;<\/p>\n<table role=\"presentation\" width=\"80%\">\n<tbody>\n<tr>\n<td style=\"text-align: left\">Secretario Municipal, Ciudad de San Bernardino<\/td>\n<\/tr>\n<tr>\n<td style=\"text-align: left\"><strong>170\/170 100.00%<\/strong><\/td>\n<\/tr>\n<\/tbody>\n<\/table>\n<table class=\"sovTableResults\">\n<tbody>\n<tr>\n<th><\/th>\n<th align=\"right\"><strong>Conteo de Votos<\/strong><\/th>\n<th align=\"right\"><strong>Porcentaje<\/strong><\/th>\n<\/tr>\n<tr>\n<th scope=\"row\" style=\"text-align: left\">GEORGEANN &#8221;GIGI&#8221; HANNA<\/th>\n<td class=\"winner\" align=\"right\">6,073<\/td>\n<td class=\"winner\" align=\"right\">50.01%<\/td>\n<\/tr>\n<tr>\n<th scope=\"row\" style=\"text-align: left\">AMELIA SANCHEZ-LOPEZ<\/th>\n<td align=\"right\">6,070<\/td>\n<td align=\"right\">49.99%<\/td>\n<\/tr>\n<tr>\n<th scope=\"row\" style=\"text-align: left\">Total<\/th>\n<td align=\"right\">12,143<\/td>\n<td align=\"right\">100.00%<\/td>\n<\/tr>\n<\/tbody>\n<\/table>\n<\/div>\n\n  <\/section>\n\n\t","protected":false},"excerpt":{"rendered":"<p>\u00daltima Actualizaci\u00f3n: 13 de febrero de 2012 a las 2:31 PM Registro y N\u00famero de Votantes 71,881 Votantes Conteo de Votos Porcentaje N\u00famero de Votantes del Distrito Electoral 12,205 16.98% Total 12,205 16.98% &nbsp; Secretario Municipal, Ciudad de San Bernardino 170\/170 100.00% Conteo de Votos Porcentaje GEORGEANN &#8221;GIGI&#8221; HANNA 6,073<span class=\"ellipsis\">&#8230;<\/span><\/p>\n","protected":false},"author":19,"featured_media":37382,"parent":37361,"menu_order":0,"comment_status":"closed","ping_status":"closed","template":"templates\/rov-left-sidebar-template.php","meta":{"_acf_changed":false,"footnotes":""},"class_list":["post-37547","page","type-page","status-publish","has-post-thumbnail","hentry"],"acf":[],"_links":{"self":[{"href":"https:\/\/elections.sbcounty.gov\/es\/wp-json\/wp\/v2\/pages\/37547","targetHints":{"allow":["GET"]}}],"collection":[{"href":"https:\/\/elections.sbcounty.gov\/es\/wp-json\/wp\/v2\/pages"}],"about":[{"href":"https:\/\/elections.sbcounty.gov\/es\/wp-json\/wp\/v2\/types\/page"}],"author":[{"embeddable":true,"href":"https:\/\/elections.sbcounty.gov\/es\/wp-json\/wp\/v2\/users\/19"}],"replies":[{"embeddable":true,"href":"https:\/\/elections.sbcounty.gov\/es\/wp-json\/wp\/v2\/comments?post=37547"}],"version-history":[{"count":1,"href":"https:\/\/elections.sbcounty.gov\/es\/wp-json\/wp\/v2\/pages\/37547\/revisions"}],"predecessor-version":[{"id":79248,"href":"https:\/\/elections.sbcounty.gov\/es\/wp-json\/wp\/v2\/pages\/37547\/revisions\/79248"}],"up":[{"embeddable":true,"href":"https:\/\/elections.sbcounty.gov\/es\/wp-json\/wp\/v2\/pages\/37361"}],"wp:featuredmedia":[{"embeddable":true,"href":"https:\/\/elections.sbcounty.gov\/es\/wp-json\/wp\/v2\/media\/37382"}],"wp:attachment":[{"href":"https:\/\/elections.sbcounty.gov\/es\/wp-json\/wp\/v2\/media?parent=37547"}],"curies":[{"name":"wp","href":"https:\/\/api.w.org\/{rel}","templated":true}]}}