{"id":37304,"date":"2021-12-13T21:35:32","date_gmt":"2021-12-13T21:35:32","guid":{"rendered":"https:\/\/www.elections.sbcounty.gov\/?page_id=37304"},"modified":"2024-06-26T16:06:57","modified_gmt":"2024-06-26T23:06:57","slug":"1108","status":"publish","type":"page","link":"https:\/\/elections.sbcounty.gov\/es\/elections\/2011\/1108\/","title":{"rendered":"Archivo de Elecciones Consolidadas del 8 de noviembre de 2011"},"content":{"rendered":"  <section data-isd-block-id=\"rov-content-blockblock_be20a6a751124d4cfed7049ff6ac6f78\"\n\t\t\t\t\t\t\t\t\t\t \t\t\t\t\t\t\t\t\t\t\t class=\"card-style main-content-wrapper rov-card-style mb-4\">\n\n\t<h2 class=\"block-subtitle blue\">Declaraci\u00f3n de Votos Emitidos<\/h2>\n\n\t<div class=\"ctnr-block-content\"><table id=\"sovIndex\" style=\"background-color: white;width: 75%;border-collapse: collapse;border: 1px\">\n<tbody>\n<tr style=\"background-color: #000084;color: white;font-weight: bold\">\n<th><strong>Contienda<\/strong><\/th>\n<th><strong>N\u00famero de p\u00e1gina<\/strong><\/th>\n<\/tr>\n<tr style=\"background-color: #f9f9f9;color: black\">\n<td><a href=\"https:\/\/www.sbcounty.gov\/uploads\/ROV\/Elections\/2011\/1108\/1_CHAFFEY_COMM_COLLEGE_DIST_GOV_BRD_MBR.pdf\" target=\"_blank\" rel=\"noopener\">MIEMBRO DE LA JUNTA GOBERNANTE DEL DISTRITO DE COLEGIOS COMUNITARIOS CHAFFEY<\/a> [pdf]<\/td>\n<td>1<\/td>\n<\/tr>\n<tr style=\"background-color: #eeeeee;color: black\">\n<td><a href=\"https:\/\/www.sbcounty.gov\/uploads\/ROV\/Elections\/2011\/1108\/16_BAKER_VALLEY_UNIFIED_SCHOOL_DIST_GOV_BRD_MBR.pdf\" target=\"_blank\" rel=\"noopener\">MIEMBRO DE LA JUNTA GOBERNANTE DEL DISTRITO ESCOLAR UNIFICADO BAKER VALLEY<\/a> [pdf]<\/td>\n<td>16<\/td>\n<\/tr>\n<tr style=\"background-color: #f9f9f9;color: black\">\n<td><a href=\"https:\/\/www.sbcounty.gov\/uploads\/ROV\/Elections\/2011\/1108\/17_SB_CITY_UNIF_SCHOOL_DIST_GOV_BRD_MBR.pdf\" target=\"_blank\" rel=\"noopener\">MIEMBRO DE LA JUNTA GOBERNANTE DEL DISTRITO ESCOLAR UNIFICADO SAN BERNARDINO CITY<\/a> [pdf]<\/td>\n<td>17<\/td>\n<\/tr>\n<tr style=\"background-color: #eeeeee;color: black\">\n<td><a href=\"https:\/\/www.sbcounty.gov\/uploads\/ROV\/Elections\/2011\/1108\/33_CITY_OF_SAN_BERNARDINO.pdf\" target=\"_blank\" rel=\"noopener\">CIUDAD DE SAN BERNARDINO<\/a> [pdf]<\/td>\n<td>33<\/td>\n<\/tr>\n<tr style=\"background-color: #f9f9f9;color: black\">\n<td><a href=\"https:\/\/www.sbcounty.gov\/uploads\/ROV\/Elections\/2011\/1108\/51_MBR_CITY_COUNCIL_SB_WARD3.pdf\" target=\"_blank\" rel=\"noopener\">MIEMBRO, CONSEJO MUNICIPAL DE SAN BERNARDINO DISTRITO ELECTORAL 3<\/a> [pdf]<\/td>\n<td>51<\/td>\n<\/tr>\n<tr style=\"background-color: #eeeeee;color: black\">\n<td><a href=\"https:\/\/www.sbcounty.gov\/uploads\/ROV\/Elections\/2011\/1108\/53_MBR_CITY_COUNCIL_SB_WARD5.pdf\" target=\"_blank\" rel=\"noopener\">MIEMBRO, CONSEJO MUNICIPAL DE SAN BERNARDINO DISTRITO ELECTORAL 5<\/a> [pdf]<\/td>\n<td>53<\/td>\n<\/tr>\n<tr style=\"background-color: #f9f9f9;color: black\">\n<td><a href=\"https:\/\/www.sbcounty.gov\/uploads\/ROV\/Elections\/2011\/1108\/54_MBR_CITY_COUNCIL_SB_WARD6.pdf\" target=\"_blank\" rel=\"noopener\">MIEMBRO, CONSEJO MUNICIPAL DE SAN BERNARDINO DISTRITO ELECTORAL 6<\/a> [pdf]<\/td>\n<td>54<\/td>\n<\/tr>\n<tr style=\"background-color: #eeeeee;color: black\">\n<td><a href=\"https:\/\/www.sbcounty.gov\/uploads\/ROV\/Elections\/2011\/1108\/55_MBR_CITY_COUNCIL_SB_WARD7.pdf\" target=\"_blank\" rel=\"noopener\">MIEMBRO, CONSEJO MUNICIPAL DE SAN BERNARDINO DISTRITO ELECTORAL 7<\/a> [pdf]<\/td>\n<td>55<\/td>\n<\/tr>\n<tr style=\"background-color: #f9f9f9;color: black\">\n<td><a href=\"https:\/\/www.sbcounty.gov\/uploads\/ROV\/Elections\/2011\/1108\/56_DIR_PHELAN_PINION_HILLS_CSD.pdf\" target=\"_blank\" rel=\"noopener\">DIRECTOR, DISTRITO DE SERVICIOS COMUNITARIOS PHELAN PINON HILLS<\/a> [pdf]<\/td>\n<td>56<\/td>\n<\/tr>\n<tr style=\"background-color: #eeeeee;color: black\">\n<td><a href=\"https:\/\/www.sbcounty.gov\/uploads\/ROV\/Elections\/2011\/1108\/57_DIR_ST_BIGHORN-DESERT_VIEW_WA.pdf\" target=\"_blank\" rel=\"noopener\">DIRECTOR-ST, AGENCIA DE AGUAS DE BIGHORN-DESERT VIEW<\/a> [pdf]<\/td>\n<td>57<\/td>\n<\/tr>\n<tr style=\"background-color: #f9f9f9;color: black\">\n<td><a href=\"https:\/\/www.sbcounty.gov\/uploads\/ROV\/Elections\/2011\/1108\/58_MEASURE_F_HESPERIA.pdf\" target=\"_blank\" rel=\"noopener\">MEDIDA F DE HESPERIA<\/a> [pdf]<\/td>\n<td>58<\/td>\n<\/tr>\n<tr style=\"background-color: #eeeeee;color: black\">\n<td><a href=\"https:\/\/www.sbcounty.gov\/uploads\/ROV\/Elections\/2011\/1108\/60_MEASURE_G.pdf\" target=\"_blank\" rel=\"noopener\">MEDIDA G- PHELAN PINON HILLS DISTRITO DE SERVICIO COMUNITARIO<\/a> [pdf]<\/td>\n<td>60<\/td>\n<\/tr>\n<\/tbody>\n<\/table>\n<p>&nbsp;<\/p>\n<\/div>\n\n  <\/section>\n\n\t","protected":false},"excerpt":{"rendered":"<p>Declaraci\u00f3n de Votos Emitidos Contienda N\u00famero de p\u00e1gina MIEMBRO DE LA JUNTA GOBERNANTE DEL DISTRITO DE COLEGIOS COMUNITARIOS CHAFFEY [pdf] 1 MIEMBRO DE LA JUNTA GOBERNANTE DEL DISTRITO ESCOLAR UNIFICADO BAKER VALLEY [pdf] 16 MIEMBRO DE LA JUNTA GOBERNANTE DEL DISTRITO ESCOLAR UNIFICADO SAN BERNARDINO CITY [pdf] 17 CIUDAD DE<span class=\"ellipsis\">&#8230;<\/span><\/p>\n","protected":false},"author":19,"featured_media":37382,"parent":37103,"menu_order":0,"comment_status":"closed","ping_status":"closed","template":"templates\/rov-left-sidebar-template.php","meta":{"_acf_changed":false,"footnotes":""},"class_list":["post-37304","page","type-page","status-publish","has-post-thumbnail","hentry"],"acf":[],"_links":{"self":[{"href":"https:\/\/elections.sbcounty.gov\/es\/wp-json\/wp\/v2\/pages\/37304","targetHints":{"allow":["GET"]}}],"collection":[{"href":"https:\/\/elections.sbcounty.gov\/es\/wp-json\/wp\/v2\/pages"}],"about":[{"href":"https:\/\/elections.sbcounty.gov\/es\/wp-json\/wp\/v2\/types\/page"}],"author":[{"embeddable":true,"href":"https:\/\/elections.sbcounty.gov\/es\/wp-json\/wp\/v2\/users\/19"}],"replies":[{"embeddable":true,"href":"https:\/\/elections.sbcounty.gov\/es\/wp-json\/wp\/v2\/comments?post=37304"}],"version-history":[{"count":5,"href":"https:\/\/elections.sbcounty.gov\/es\/wp-json\/wp\/v2\/pages\/37304\/revisions"}],"predecessor-version":[{"id":84445,"href":"https:\/\/elections.sbcounty.gov\/es\/wp-json\/wp\/v2\/pages\/37304\/revisions\/84445"}],"up":[{"embeddable":true,"href":"https:\/\/elections.sbcounty.gov\/es\/wp-json\/wp\/v2\/pages\/37103"}],"wp:featuredmedia":[{"embeddable":true,"href":"https:\/\/elections.sbcounty.gov\/es\/wp-json\/wp\/v2\/media\/37382"}],"wp:attachment":[{"href":"https:\/\/elections.sbcounty.gov\/es\/wp-json\/wp\/v2\/media?parent=37304"}],"curies":[{"name":"wp","href":"https:\/\/api.w.org\/{rel}","templated":true}]}}