{"id":37259,"date":"2021-12-13T20:25:02","date_gmt":"2021-12-13T20:25:02","guid":{"rendered":"https:\/\/www.elections.sbcounty.gov\/?page_id=37259"},"modified":"2021-12-13T20:25:02","modified_gmt":"2021-12-13T20:25:02","slug":"results","status":"publish","type":"page","link":"https:\/\/elections.sbcounty.gov\/es\/elections\/2011\/0830\/results\/","title":{"rendered":"Results"},"content":{"rendered":"  <section data-isd-block-id=\"rov-content-blockblock_c9081279acc78a822a09e8db6667f798\"\n\t\t\t\t\t\t\t\t\t\t \t\t\t\t\t\t\t\t\t\t\t class=\"card-style main-content-wrapper rov-card-style mb-4\">\n\n\t<h2 class=\"block-subtitle blue\">Resultados de las Elecciones<\/h2>\n\n\t<div class=\"ctnr-block-content\"><p style=\"text-align: center\"><strong>ELECCIONES GENERALES DE DISTRITO CON BOLETAS POR\u00a0CORREO<\/strong><br \/>\n    <strong>\u00a0del Condado de San Bernardino <\/strong><br \/>\n    <strong>30 de agosto de 2011<\/strong><br \/>\n    <strong>\u00daltima Actualizaci\u00f3n: 9 de septiembre de 2011 a las 10:41 AM<\/strong><\/p>\n<table width=\"80%\">\n<tbody>\n<tr>\n<td>Registro y N\u00famero de Votantes<\/td>\n<\/tr>\n<tr>\n<td>161,585 Votantes<\/td>\n<\/tr>\n<\/tbody>\n<\/table>\n<table class=\"sovTableResults\">\n<tbody>\n<tr>\n<th><\/th>\n<th align=\"right\"><strong>Conteo de Votos<\/strong><\/th>\n<th align=\"right\"><strong>Porcentaje<\/strong><\/th>\n<\/tr>\n<tr>\n<th scope=\"row\" style=\"text-align: left\">N\u00famero de Votantes del Distrito Electoral<\/th>\n<td align=\"right\">29,385<\/td>\n<td align=\"right\">18.19%<\/td>\n<\/tr>\n<tr>\n<th scope=\"row\" style=\"text-align: left\">Total<\/th>\n<td align=\"right\">29,385<\/td>\n<td align=\"right\">18.19%<\/td>\n<\/tr>\n<\/tbody>\n<\/table>\n<p>    &nbsp;<\/p>\n<hr \/>\n<table width=\"80%\">\n<tbody>\n<tr>\n<td>Miembro, Consejo Municipal de Upland<\/td>\n<\/tr>\n<tr>\n<td>51\/51 100.00%<\/td>\n<\/tr>\n<\/tbody>\n<\/table>\n<table class=\"sovTableResults\">\n<tbody>\n<tr>\n<th><\/th>\n<th align=\"right\"><strong>Conteo de Votos<\/strong><\/th>\n<th align=\"right\"><strong>Porcentaje<\/strong><\/th>\n<\/tr>\n<tr>\n<th scope=\"row\" style=\"text-align: left\">LADAN BEZANSON<\/th>\n<td align=\"right\">239<\/td>\n<td align=\"right\">2.33%<\/td>\n<\/tr>\n<tr>\n<th scope=\"row\" style=\"text-align: left\">ELAINE R. COUREY<\/th>\n<td align=\"right\">226<\/td>\n<td align=\"right\">2.20%<\/td>\n<\/tr>\n<tr>\n<th scope=\"row\" style=\"text-align: left\">MARTIN THOUVENELL<\/th>\n<td align=\"right\">2,897<\/td>\n<td align=\"right\">28.19%<\/td>\n<\/tr>\n<tr>\n<th scope=\"row\" style=\"text-align: left\">ERIC GAVIN<\/th>\n<td align=\"right\">326<\/td>\n<td align=\"right\">3.17%<\/td>\n<\/tr>\n<tr>\n<th scope=\"row\" style=\"text-align: left\">STEVEN ROPPEL<\/th>\n<td align=\"right\">109<\/td>\n<td align=\"right\">1.06%<\/td>\n<\/tr>\n<tr>\n<th scope=\"row\" style=\"text-align: left\">SAM FITTANTE<\/th>\n<td align=\"right\">163<\/td>\n<td align=\"right\">1.59%<\/td>\n<\/tr>\n<tr>\n<th scope=\"row\" style=\"text-align: left\">ROBERT &#8221;BUBBA&#8221; DEJOURNETT<\/th>\n<td align=\"right\">697<\/td>\n<td align=\"right\">6.78%<\/td>\n<\/tr>\n<tr>\n<th scope=\"row\" style=\"text-align: left\">DAN MORGAN<\/th>\n<td align=\"right\">1,217<\/td>\n<td align=\"right\">11.84%<\/td>\n<\/tr>\n<tr>\n<th scope=\"row\" style=\"text-align: left\">MUHAMMAD ZAMAN<\/th>\n<td align=\"right\">140<\/td>\n<td align=\"right\">1.36%<\/td>\n<\/tr>\n<tr>\n<th scope=\"row\" style=\"text-align: left\">DEBRA &#8221;DEBBIE&#8221; STONE<\/th>\n<td class=\"winner\" align=\"right\">3,589<\/td>\n<td class=\"winner\" align=\"right\">34.92%<\/td>\n<\/tr>\n<tr>\n<th scope=\"row\" style=\"text-align: left\">MAUREEN SUNDSTROM<\/th>\n<td align=\"right\">675<\/td>\n<td align=\"right\">6.57%<\/td>\n<\/tr>\n<tr>\n<th scope=\"row\" style=\"text-align: left\">Total<\/th>\n<td align=\"right\">10,278<\/td>\n<td align=\"right\">100.00%<\/td>\n<\/tr>\n<\/tbody>\n<\/table>\n<p>    &nbsp;<\/p>\n<hr \/>\n<table width=\"80%\">\n<tbody>\n<tr>\n<td>Director, FT Distrito de Servicios Comunitarios Lake Arrowhead<\/td>\n<\/tr>\n<tr>\n<td>12\/12 100.00%<\/td>\n<\/tr>\n<\/tbody>\n<\/table>\n<table class=\"sovTableResults\">\n<tbody>\n<tr>\n<th><\/th>\n<th align=\"right\"><strong>Conteo de Votos<\/strong><\/th>\n<th align=\"right\"><strong>Porcentaje<\/strong><\/th>\n<\/tr>\n<tr>\n<th scope=\"row\" style=\"text-align: left\">JOHN WURM<\/th>\n<td class=\"winner\" align=\"right\">1,733<\/td>\n<td class=\"winner\" align=\"right\">43.78%<\/td>\n<\/tr>\n<tr>\n<th scope=\"row\" style=\"text-align: left\">RALPH WAGNER<\/th>\n<td class=\"winner\" align=\"right\">1,077<\/td>\n<td class=\"winner\" align=\"right\">27.21%<\/td>\n<\/tr>\n<tr>\n<th scope=\"row\" style=\"text-align: left\">HARVEY DURAND<\/th>\n<td align=\"right\">854<\/td>\n<td align=\"right\">21.58%<\/td>\n<\/tr>\n<tr>\n<th scope=\"row\" style=\"text-align: left\">CHAD HOBART<\/th>\n<td align=\"right\">294<\/td>\n<td align=\"right\">7.43%<\/td>\n<\/tr>\n<tr>\n<th scope=\"row\" style=\"text-align: left\">Total<\/th>\n<td align=\"right\">3,958<\/td>\n<td align=\"right\">100.00%<\/td>\n<\/tr>\n<\/tbody>\n<\/table>\n<p>    &nbsp;<\/p>\n<hr \/>\n<table width=\"80%\">\n<tbody>\n<tr>\n<td>Director, ST Distrito de Servicios Comunitarios Lake Arrowhead<\/td>\n<\/tr>\n<tr>\n<td>12\/12 100.00%<\/td>\n<\/tr>\n<\/tbody>\n<\/table>\n<table class=\"sovTableResults\">\n<tbody>\n<tr>\n<th><\/th>\n<th align=\"right\"><strong>Conteo de Votos<\/strong><\/th>\n<th align=\"right\"><strong>Porcentaje<\/strong><\/th>\n<\/tr>\n<tr>\n<th scope=\"row\" style=\"text-align: left\">PHILIP BUTLER<\/th>\n<td class=\"winner\" align=\"right\">1,162<\/td>\n<td class=\"winner\" align=\"right\">52.63%<\/td>\n<\/tr>\n<tr>\n<th scope=\"row\" style=\"text-align: left\">JIM WILLIAMSON<\/th>\n<td align=\"right\">1,046<\/td>\n<td align=\"right\">47.37%<\/td>\n<\/tr>\n<tr>\n<th scope=\"row\" style=\"text-align: left\">Total<\/th>\n<td align=\"right\">2,208<\/td>\n<td align=\"right\">100.00%<\/td>\n<\/tr>\n<\/tbody>\n<\/table>\n<p>    &nbsp;<\/p>\n<hr \/>\n<table width=\"80%\">\n<tbody>\n<tr>\n<td>Pregunta, Distrito de Servicios Comunitarios Lake Arrowhead<\/td>\n<\/tr>\n<tr>\n<td>12\/12 100.00%<\/td>\n<\/tr>\n<\/tbody>\n<\/table>\n<table class=\"sovTableResults\">\n<tbody>\n<tr>\n<th><\/th>\n<th align=\"right\"><strong>Conteo de Votos<\/strong><\/th>\n<th align=\"right\"><strong>Porcentaje<\/strong><\/th>\n<\/tr>\n<tr>\n<th scope=\"row\" style=\"text-align: left\">S\u00cd<\/th>\n<td class=\"winner\" align=\"right\">1,910<\/td>\n<td class=\"winner\" align=\"right\">92.85%<\/td>\n<\/tr>\n<tr>\n<th scope=\"row\" style=\"text-align: left\">NO<\/th>\n<td align=\"right\">147<\/td>\n<td align=\"right\">7.15%<\/td>\n<\/tr>\n<tr>\n<th scope=\"row\" style=\"text-align: left\">Total<\/th>\n<td align=\"right\">2,057<\/td>\n<td align=\"right\">100.00%<\/td>\n<\/tr>\n<\/tbody>\n<\/table>\n<p>    &nbsp;<\/p>\n<hr \/>\n<table width=\"80%\">\n<tbody>\n<tr>\n<td>Director, Distrito de Aguas del Condado Arrowbear Park<\/td>\n<\/tr>\n<tr>\n<td>1\/1 100.00%<\/td>\n<\/tr>\n<\/tbody>\n<\/table>\n<table class=\"sovTableResults\">\n<tbody>\n<tr>\n<th><\/th>\n<th align=\"right\"><strong>Conteo de Votos<\/strong><\/th>\n<th align=\"right\"><strong>Porcentaje<\/strong><\/th>\n<\/tr>\n<tr>\n<th scope=\"row\" style=\"text-align: left\">TERISA L. BONITO<\/th>\n<td class=\"winner\" align=\"right\">67<\/td>\n<td class=\"winner\" align=\"right\">17.18%<\/td>\n<\/tr>\n<tr>\n<th scope=\"row\" style=\"text-align: left\">JEFFREY &#8221;MARK&#8221; BUNYEA<\/th>\n<td class=\"winner\" align=\"right\">80<\/td>\n<td class=\"winner\" align=\"right\">20.51%<\/td>\n<\/tr>\n<tr>\n<th scope=\"row\" style=\"text-align: left\">SHEILA WYMER<\/th>\n<td class=\"winner\" align=\"right\">87<\/td>\n<td class=\"winner\" align=\"right\">22.31%<\/td>\n<\/tr>\n<tr>\n<th scope=\"row\" style=\"text-align: left\">RICKEY L. WEBER<\/th>\n<td align=\"right\">65<\/td>\n<td align=\"right\">16.67%<\/td>\n<\/tr>\n<tr>\n<th scope=\"row\" style=\"text-align: left\">LUPE JANE RAMIREZ<\/th>\n<td align=\"right\">41<\/td>\n<td align=\"right\">10.51%<\/td>\n<\/tr>\n<tr>\n<th scope=\"row\" style=\"text-align: left\">WILLIAM M. FREER<\/th>\n<td align=\"right\">50<\/td>\n<td align=\"right\">12.82%<\/td>\n<\/tr>\n<tr>\n<th scope=\"row\" style=\"text-align: left\">Total<\/th>\n<td align=\"right\">390<\/td>\n<td align=\"right\">100.00%<\/td>\n<\/tr>\n<\/tbody>\n<\/table>\n<p>    &nbsp;<\/p>\n<hr \/>\n<table width=\"80%\">\n<tbody>\n<tr>\n<td>Director, Distrito de Aguas del Condado Mariana Ranchos<\/td>\n<\/tr>\n<tr>\n<td>3\/3 100.00%<\/td>\n<\/tr>\n<\/tbody>\n<\/table>\n<table class=\"sovTableResults\">\n<tbody>\n<tr>\n<th><\/th>\n<th align=\"right\"><strong>Conteo de Votos<\/strong><\/th>\n<th align=\"right\"><strong>Porcentaje<\/strong><\/th>\n<\/tr>\n<tr>\n<th scope=\"row\" style=\"text-align: left\">MARILYN J. CRESSER<\/th>\n<td class=\"winner\" align=\"right\">76<\/td>\n<td class=\"winner\" align=\"right\">31.15%<\/td>\n<\/tr>\n<tr>\n<th scope=\"row\" style=\"text-align: left\">KEN RAYBURN<\/th>\n<td class=\"winner\" align=\"right\">104<\/td>\n<td class=\"winner\" align=\"right\">42.62%<\/td>\n<\/tr>\n<tr>\n<th scope=\"row\" style=\"text-align: left\">MARLA J. HANSEN<\/th>\n<td align=\"right\">64<\/td>\n<td align=\"right\">26.23%<\/td>\n<\/tr>\n<tr>\n<th scope=\"row\" style=\"text-align: left\">Total<\/th>\n<td align=\"right\">244<\/td>\n<td align=\"right\">100.00%<\/td>\n<\/tr>\n<\/tbody>\n<\/table>\n<p>    &nbsp;<\/p>\n<hr \/>\n<table width=\"80%\">\n<tbody>\n<tr>\n<td>Director, Distrito de Protecci\u00f3n Contra Incendios Independiente Chino\u00a0Valley<\/td>\n<\/tr>\n<tr>\n<td>100\/100 100.00%<\/td>\n<\/tr>\n<\/tbody>\n<\/table>\n<table class=\"sovTableResults\">\n<tbody>\n<tr>\n<th><\/th>\n<th align=\"right\"><strong>Conteo de Votos<\/strong><\/th>\n<th align=\"right\"><strong>Porcentaje<\/strong><\/th>\n<\/tr>\n<tr>\n<th scope=\"row\" style=\"text-align: left\">WINN WILLIAMS<\/th>\n<td align=\"right\">2,874<\/td>\n<td align=\"right\">13.10%<\/td>\n<\/tr>\n<tr>\n<th scope=\"row\" style=\"text-align: left\">JOHN DEMONACO<\/th>\n<td class=\"winner\" align=\"right\">4,762<\/td>\n<td class=\"winner\" align=\"right\">21.70%<\/td>\n<\/tr>\n<tr>\n<th scope=\"row\" style=\"text-align: left\">RAY MARQUEZ<\/th>\n<td class=\"winner\" align=\"right\">5,103<\/td>\n<td class=\"winner\" align=\"right\">23.26%<\/td>\n<\/tr>\n<tr>\n<th scope=\"row\" style=\"text-align: left\">DAVID VOIGT<\/th>\n<td align=\"right\">1,790<\/td>\n<td align=\"right\">8.16%<\/td>\n<\/tr>\n<tr>\n<th scope=\"row\" style=\"text-align: left\">DENNIS G. STANGELAND<\/th>\n<td align=\"right\">2,817<\/td>\n<td align=\"right\">12.84%<\/td>\n<\/tr>\n<tr>\n<th scope=\"row\" style=\"text-align: left\">SARAH EVINGER<\/th>\n<td class=\"winner\" align=\"right\">4,596<\/td>\n<td class=\"winner\" align=\"right\">20.95%<\/td>\n<\/tr>\n<tr>\n<th scope=\"row\" style=\"text-align: left\">Total<\/th>\n<td align=\"right\">21,942<\/td>\n<td align=\"right\">100.00%<\/td>\n<\/tr>\n<\/tbody>\n<\/table>\n<p>    &nbsp;<\/p>\n<hr \/>\n<table width=\"80%\">\n<tbody>\n<tr>\n<td>Director, FT Distrito de Protecci\u00f3n contra Incendios Crest Forest<\/td>\n<\/tr>\n<tr>\n<td>43\/43 100.00%<\/td>\n<\/tr>\n<\/tbody>\n<\/table>\n<table class=\"sovTableResults\">\n<tbody>\n<tr>\n<th><\/th>\n<th align=\"right\"><strong>Conteo de votos<\/strong><\/th>\n<th align=\"right\"><strong>Porcentaje<\/strong><\/th>\n<\/tr>\n<tr>\n<th scope=\"row\" style=\"text-align: left\">CHUCK R. GIBBS<\/th>\n<td class=\"winner\" align=\"right\">851<\/td>\n<td class=\"winner\" align=\"right\">31.48%<\/td>\n<\/tr>\n<tr>\n<th scope=\"row\" style=\"text-align: left\">JEROME C. &#8221;PUNCH&#8221; RINGHOFER<\/th>\n<td class=\"winner\" align=\"right\">1,074<\/td>\n<td class=\"winner\" align=\"right\">39.73%<\/td>\n<\/tr>\n<tr>\n<th scope=\"row\" style=\"text-align: left\">SHERRI L. FAIRBANKS<\/th>\n<td align=\"right\">778<\/td>\n<td align=\"right\">28.78%<\/td>\n<\/tr>\n<tr>\n<th scope=\"row\" style=\"text-align: left\">Total<\/th>\n<td align=\"right\">2,703<\/td>\n<td align=\"right\">100.00%<\/td>\n<\/tr>\n<\/tbody>\n<\/table>\n<p>    &nbsp;<\/p>\n<hr \/>\n<table width=\"80%\">\n<tbody>\n<tr>\n<td>Director, ST Distrito de Protecci\u00f3n contra Incendios Crest Forest<\/td>\n<\/tr>\n<tr>\n<td>43\/43 100.00%<\/td>\n<\/tr>\n<\/tbody>\n<\/table>\n<table class=\"sovTableResults\">\n<tbody>\n<tr>\n<th><\/th>\n<th align=\"right\"><strong>Conteo de Votos<\/strong><\/th>\n<th align=\"right\"><strong>Porcentaje<\/strong><\/th>\n<\/tr>\n<tr>\n<th scope=\"row\" style=\"text-align: left\">AARON DREW CREIGHTON<\/th>\n<td align=\"right\">452<\/td>\n<td align=\"right\">16.59%<\/td>\n<\/tr>\n<tr>\n<th scope=\"row\" style=\"text-align: left\">ROBERT GOSS, JR.<\/th>\n<td class=\"winner\" align=\"right\">922<\/td>\n<td class=\"winner\" align=\"right\">33.85%<\/td>\n<\/tr>\n<tr>\n<th scope=\"row\" style=\"text-align: left\">KEN NELSEN<\/th>\n<td class=\"winner\" align=\"right\">710<\/td>\n<td class=\"winner\" align=\"right\">26.06%<\/td>\n<\/tr>\n<tr>\n<th scope=\"row\" style=\"text-align: left\">ROBERT &#8221;BOB&#8221; SPINDLER<\/th>\n<td align=\"right\">640<\/td>\n<td align=\"right\">23.49%<\/td>\n<\/tr>\n<tr>\n<th scope=\"row\" style=\"text-align: left\">Total<\/th>\n<td align=\"right\">2,724<\/td>\n<td align=\"right\">100.00%<\/td>\n<\/tr>\n<\/tbody>\n<\/table>\n<p>    &nbsp;<\/p>\n<hr \/>\n<table width=\"80%\">\n<tbody>\n<tr>\n<td>Director, FT Distrito de Parques y Recreaci\u00f3n Rim of the World<\/td>\n<\/tr>\n<tr>\n<td>99\/99 100.00%<\/td>\n<\/tr>\n<\/tbody>\n<\/table>\n<table class=\"sovTableResults\">\n<tbody>\n<tr>\n<th><\/th>\n<th align=\"right\"><strong>Conteo de Votos<\/strong><\/th>\n<th align=\"right\"><strong>Porcentaje<\/strong><\/th>\n<\/tr>\n<tr>\n<th scope=\"row\" style=\"text-align: left\">HUGH A. BIALECKI<\/th>\n<td class=\"winner\" align=\"right\">2,237<\/td>\n<td class=\"winner\" align=\"right\">35.41%<\/td>\n<\/tr>\n<tr>\n<th scope=\"row\" style=\"text-align: left\">CHRISTOPHER JASON BILL<\/th>\n<td class=\"winner\" align=\"right\">2,120<\/td>\n<td class=\"winner\" align=\"right\">33.56%<\/td>\n<\/tr>\n<tr>\n<th scope=\"row\" style=\"text-align: left\">MICK HILL<\/th>\n<td align=\"right\">1,960<\/td>\n<td align=\"right\">31.03%<\/td>\n<\/tr>\n<tr>\n<th scope=\"row\" style=\"text-align: left\">Total<\/th>\n<td align=\"right\">6,317<\/td>\n<td align=\"right\">100.00%<\/td>\n<\/tr>\n<\/tbody>\n<\/table>\n<p>    &nbsp;<\/p>\n<hr \/>\n<table width=\"80%\">\n<tbody>\n<tr>\n<td>Director, ST Distrito de Parques y Recreaci\u00f3n Rim of the World<\/td>\n<\/tr>\n<tr>\n<td>99\/99 100.00%<\/td>\n<\/tr>\n<\/tbody>\n<\/table>\n<table class=\"sovTableResults\">\n<tbody>\n<tr>\n<th><\/th>\n<th align=\"right\"><strong>Conteo de Votos<\/strong><\/th>\n<th align=\"right\"><strong>Porcentaje<\/strong><\/th>\n<\/tr>\n<tr>\n<th scope=\"row\" style=\"text-align: left\">WILLIAM A. GREENMAN<\/th>\n<td align=\"right\">448<\/td>\n<td align=\"right\">11.67%<\/td>\n<\/tr>\n<tr>\n<th scope=\"row\" style=\"text-align: left\">CINDY GARDNER<\/th>\n<td class=\"winner\" align=\"right\">2,050<\/td>\n<td class=\"winner\" align=\"right\">53.41%<\/td>\n<\/tr>\n<tr>\n<th scope=\"row\" style=\"text-align: left\">DORA &#8221;DOE&#8221; HUFF<\/th>\n<td align=\"right\">969<\/td>\n<td align=\"right\">25.25%<\/td>\n<\/tr>\n<tr>\n<th scope=\"row\" style=\"text-align: left\">RICHARD N. SCOTT<\/th>\n<td align=\"right\">371<\/td>\n<td align=\"right\">9.67%<\/td>\n<\/tr>\n<tr>\n<th scope=\"row\" style=\"text-align: left\">Total<\/th>\n<td align=\"right\">3,838<\/td>\n<td align=\"right\">100.00%<\/td>\n<\/tr>\n<\/tbody>\n<\/table>\n<p>    &nbsp;<\/p>\n<hr \/>\n<table width=\"80%\">\n<tbody>\n<tr>\n<td>Pregunta, Distrito de Parques y Recreaci\u00f3n Rim of the World<\/td>\n<\/tr>\n<tr>\n<td>99\/99 100.00%<\/td>\n<\/tr>\n<\/tbody>\n<\/table>\n<table class=\"sovTableResults\">\n<tbody>\n<tr>\n<th><\/th>\n<th align=\"right\"><strong>Conteo de Votos<\/strong><\/th>\n<th align=\"right\"><strong>Porcentaje<\/strong><\/th>\n<\/tr>\n<tr>\n<th scope=\"row\" style=\"text-align: left\">S\u00cd<\/th>\n<td class=\"winner\" align=\"right\">3,409<\/td>\n<td class=\"winner\" align=\"right\">91.44%<\/td>\n<\/tr>\n<tr>\n<th scope=\"row\" style=\"text-align: left\">NO<\/th>\n<td align=\"right\">319<\/td>\n<td align=\"right\">8.56%<\/td>\n<\/tr>\n<tr>\n<th scope=\"row\" style=\"text-align: left\">Total<\/th>\n<td align=\"right\">3,728<\/td>\n<td align=\"right\">100.00%<\/td>\n<\/tr>\n<\/tbody>\n<\/table>\n<p>    &nbsp;<\/p>\n<hr \/>\n<table width=\"80%\">\n<tbody>\n<tr>\n<td>Director, Distrito de Aguas Crestline Village<\/td>\n<\/tr>\n<tr>\n<td>23\/23 100.00%<\/td>\n<\/tr>\n<\/tbody>\n<\/table>\n<table class=\"sovTableResults\">\n<tbody>\n<tr>\n<th><\/th>\n<th align=\"right\"><strong>Conteo de Votos<\/strong><\/th>\n<th align=\"right\"><strong>Porcentaje<\/strong><\/th>\n<\/tr>\n<tr>\n<th scope=\"row\" style=\"text-align: left\">SCOTT R. BLEDSOE<\/th>\n<td align=\"right\">257<\/td>\n<td align=\"right\">18.80%<\/td>\n<\/tr>\n<tr>\n<th scope=\"row\" style=\"text-align: left\">WILLIAM HUCKELL<\/th>\n<td class=\"winner\" align=\"right\">561<\/td>\n<td class=\"winner\" align=\"right\">41.04%<\/td>\n<\/tr>\n<tr>\n<th scope=\"row\" style=\"text-align: left\">KEN STONE<\/th>\n<td class=\"winner\" align=\"right\">549<\/td>\n<td class=\"winner\" align=\"right\">40.16%<\/td>\n<\/tr>\n<tr>\n<th scope=\"row\" style=\"text-align: left\">Total<\/th>\n<td align=\"right\">1,367<\/td>\n<td align=\"right\">100.00%<\/td>\n<\/tr>\n<\/tbody>\n<\/table>\n<p>    &nbsp;<\/p>\n<hr \/>\n<table width=\"80%\">\n<tbody>\n<tr>\n<td>Pregunta, Distrito de Aguas Crestline Village<\/td>\n<\/tr>\n<tr>\n<td>23\/23 100.00%<\/td>\n<\/tr>\n<\/tbody>\n<\/table>\n<table class=\"sovTableResults\">\n<tbody>\n<tr>\n<th><\/th>\n<th align=\"right\"><strong>Conteo de Votos<\/strong><\/th>\n<th align=\"right\"><strong>Porcentaje<\/strong><\/th>\n<\/tr>\n<tr>\n<th scope=\"row\" style=\"text-align: left\">S\u00cd<\/th>\n<td class=\"winner\" align=\"right\">846<\/td>\n<td class=\"winner\" align=\"right\">92.26%<\/td>\n<\/tr>\n<tr>\n<th scope=\"row\" style=\"text-align: left\">NO<\/th>\n<td align=\"right\">71<\/td>\n<td align=\"right\">7.74%<\/td>\n<\/tr>\n<tr>\n<th scope=\"row\" style=\"text-align: left\">Total<\/th>\n<td align=\"right\">917<\/td>\n<td align=\"right\">100.00%<\/td>\n<\/tr>\n<\/tbody>\n<\/table>\n<p>    &nbsp;<\/p>\n<hr \/>\n<table width=\"80%\">\n<tbody>\n<tr>\n<td>Director, Distrito de Aguas East Valley<\/td>\n<\/tr>\n<tr>\n<td>108\/108 100.00%<\/td>\n<\/tr>\n<\/tbody>\n<\/table>\n<table class=\"sovTableResults\">\n<tbody>\n<tr>\n<th><\/th>\n<th align=\"right\"><strong>Conteo de Votos<\/strong><\/th>\n<th align=\"right\"><strong>Porcentaje<\/strong><\/th>\n<\/tr>\n<tr>\n<th scope=\"row\" style=\"text-align: left\">RONALD L. &#8221;RON&#8221; COATS<\/th>\n<td align=\"right\">897<\/td>\n<td align=\"right\">10.30%<\/td>\n<\/tr>\n<tr>\n<th scope=\"row\" style=\"text-align: left\">BENJAMIN C. COLEMAN<\/th>\n<td class=\"winner\" align=\"right\">2,257<\/td>\n<td class=\"winner\" align=\"right\">25.92%<\/td>\n<\/tr>\n<tr>\n<th scope=\"row\" style=\"text-align: left\">LARRY MALMBERG<\/th>\n<td align=\"right\">1,928<\/td>\n<td align=\"right\">22.14%<\/td>\n<\/tr>\n<tr>\n<th scope=\"row\" style=\"text-align: left\">VINCE LASTER<\/th>\n<td align=\"right\">473<\/td>\n<td align=\"right\">5.43%<\/td>\n<\/tr>\n<tr>\n<th scope=\"row\" style=\"text-align: left\">KIP STURGEON<\/th>\n<td class=\"winner\" align=\"right\">3,152<\/td>\n<td class=\"winner\" align=\"right\">36.20%<\/td>\n<\/tr>\n<tr>\n<th scope=\"row\" style=\"text-align: left\">Total<\/th>\n<td align=\"right\">8,707<\/td>\n<td align=\"right\">100.00%<\/td>\n<\/tr>\n<\/tbody>\n<\/table>\n<p>    &nbsp;<\/p>\n<hr \/>\n<table width=\"80%\">\n<tbody>\n<tr>\n<td>Pregunta, Distrito de Aguas East Valley<\/td>\n<\/tr>\n<tr>\n<td>108\/108 100.00%<\/td>\n<\/tr>\n<\/tbody>\n<\/table>\n<table class=\"sovTableResults\">\n<tbody>\n<tr>\n<th><\/th>\n<th align=\"right\"><strong>Conteo de Votos<\/strong><\/th>\n<th align=\"right\"><strong>Porcentaje<\/strong><\/th>\n<\/tr>\n<tr>\n<th scope=\"row\" style=\"text-align: left\">S\u00cd<\/th>\n<td class=\"winner\" align=\"right\">4,075<\/td>\n<td class=\"winner\" align=\"right\">90.15%<\/td>\n<\/tr>\n<tr>\n<th scope=\"row\" style=\"text-align: left\">NO<\/th>\n<td align=\"right\">445<\/td>\n<td align=\"right\">9.85%<\/td>\n<\/tr>\n<tr>\n<th scope=\"row\" style=\"text-align: left\">Total<\/th>\n<td align=\"right\">4,520<\/td>\n<td align=\"right\">100.00%<\/td>\n<\/tr>\n<\/tbody>\n<\/table>\n<p>    &nbsp;<\/p>\n<hr \/>\n<table width=\"80%\">\n<tbody>\n<tr>\n<td><span style=\"background-color: #d5d5d5\">Director, San Bernardino Valley WCD, Division 3<\/span><\/td>\n<\/tr>\n<tr>\n<td>28\/28 100.00%<\/td>\n<\/tr>\n<\/tbody>\n<\/table>\n<table class=\"sovTableResults\">\n<tbody>\n<tr>\n<th><\/th>\n<th align=\"right\"><strong>Conteo de Votos<\/strong><\/th>\n<th align=\"right\"><strong>Porcentaje<\/strong><\/th>\n<\/tr>\n<tr>\n<th scope=\"row\" style=\"text-align: left\">MICHAEL G. BOGH<\/th>\n<td align=\"right\">538<\/td>\n<td align=\"right\">21.25%<\/td>\n<\/tr>\n<tr>\n<th scope=\"row\" style=\"text-align: left\">BOB GLAUBIG<\/th>\n<td class=\"winner\" align=\"right\">1,014<\/td>\n<td class=\"winner\" align=\"right\">40.05%<\/td>\n<\/tr>\n<tr>\n<th scope=\"row\" style=\"text-align: left\">DENNIS JOHNSON<\/th>\n<td align=\"right\">980<\/td>\n<td align=\"right\">38.70%<\/td>\n<\/tr>\n<tr>\n<th scope=\"row\" style=\"text-align: left\">Total<\/th>\n<td align=\"right\">2,532<\/td>\n<td align=\"right\">100.00%<\/td>\n<\/tr>\n<\/tbody>\n<\/table>\n<p>    &nbsp;<\/p>\n<hr \/>\n<table width=\"80%\">\n<tbody>\n<tr>\n<td>Pregunta, San Bernardino Valley WCD, Divisi\u00f3n 3<\/td>\n<\/tr>\n<tr>\n<td>28\/28 100.00%<\/td>\n<\/tr>\n<\/tbody>\n<\/table>\n<table class=\"sovTableResults\">\n<tbody>\n<tr>\n<th><\/th>\n<th align=\"right\"><strong>Conteo de Votos<\/strong><\/th>\n<th align=\"right\"><strong>Porcentaje<\/strong><\/th>\n<\/tr>\n<tr>\n<th scope=\"row\" style=\"text-align: left\">S\u00cd<\/th>\n<td class=\"winner\" align=\"right\">2,048<\/td>\n<td class=\"winner\" align=\"right\">89.35%<\/td>\n<\/tr>\n<tr>\n<th scope=\"row\" style=\"text-align: left\">NO<\/th>\n<td align=\"right\">244<\/td>\n<td align=\"right\">10.65%<\/td>\n<\/tr>\n<tr>\n<th scope=\"row\" style=\"text-align: left\">Total<\/th>\n<td align=\"right\">2,292<\/td>\n<td align=\"right\">100.00%<\/td>\n<\/tr>\n<\/tbody>\n<\/table>\n<p>    &nbsp;<\/p>\n<\/div>\n\n  <\/section>\n\n\t\n\n\n\n","protected":false},"excerpt":{"rendered":"<p>Resultados de las Elecciones ELECCIONES GENERALES DE DISTRITO CON BOLETAS POR\u00a0CORREO \u00a0del Condado de San Bernardino 30 de agosto de 2011 \u00daltima Actualizaci\u00f3n: 9 de septiembre de 2011 a las 10:41 AM Registro y N\u00famero de Votantes 161,585 Votantes Conteo de Votos Porcentaje N\u00famero de Votantes del Distrito Electoral 29,385<span class=\"ellipsis\">&#8230;<\/span><\/p>\n","protected":false},"author":19,"featured_media":37382,"parent":37175,"menu_order":0,"comment_status":"closed","ping_status":"closed","template":"templates\/rov-left-sidebar-no-title-template.php","meta":{"_acf_changed":false,"footnotes":""},"class_list":["post-37259","page","type-page","status-publish","has-post-thumbnail","hentry"],"acf":[],"_links":{"self":[{"href":"https:\/\/elections.sbcounty.gov\/es\/wp-json\/wp\/v2\/pages\/37259","targetHints":{"allow":["GET"]}}],"collection":[{"href":"https:\/\/elections.sbcounty.gov\/es\/wp-json\/wp\/v2\/pages"}],"about":[{"href":"https:\/\/elections.sbcounty.gov\/es\/wp-json\/wp\/v2\/types\/page"}],"author":[{"embeddable":true,"href":"https:\/\/elections.sbcounty.gov\/es\/wp-json\/wp\/v2\/users\/19"}],"replies":[{"embeddable":true,"href":"https:\/\/elections.sbcounty.gov\/es\/wp-json\/wp\/v2\/comments?post=37259"}],"version-history":[{"count":0,"href":"https:\/\/elections.sbcounty.gov\/es\/wp-json\/wp\/v2\/pages\/37259\/revisions"}],"up":[{"embeddable":true,"href":"https:\/\/elections.sbcounty.gov\/es\/wp-json\/wp\/v2\/pages\/37175"}],"wp:featuredmedia":[{"embeddable":true,"href":"https:\/\/elections.sbcounty.gov\/es\/wp-json\/wp\/v2\/media\/37382"}],"wp:attachment":[{"href":"https:\/\/elections.sbcounty.gov\/es\/wp-json\/wp\/v2\/media?parent=37259"}],"curies":[{"name":"wp","href":"https:\/\/api.w.org\/{rel}","templated":true}]}}