{"id":37175,"date":"2021-12-13T19:41:26","date_gmt":"2021-12-13T19:41:26","guid":{"rendered":"https:\/\/www.elections.sbcounty.gov\/?page_id=37175"},"modified":"2024-06-26T16:08:09","modified_gmt":"2024-06-26T23:08:09","slug":"0830","status":"publish","type":"page","link":"https:\/\/elections.sbcounty.gov\/es\/elections\/2011\/0830\/","title":{"rendered":"Archivo de Elecciones con Boletas por Correo del Distrito General"},"content":{"rendered":"  <section data-isd-block-id=\"rov-content-blockblock_6dbf240ccc4acfb98e013683115a1087\"\n\t\t\t\t\t\t\t\t\t\t \t\t\t\t\t\t\t\t\t\t\t class=\"card-style main-content-wrapper rov-card-style mb-4\">\n\n\t<h2 class=\"block-subtitle blue\">Declaraci\u00f3n de Votos Emitidos<\/h2>\n\n\t<div class=\"ctnr-block-content\"><table id=\"sovIndex\" style=\"background-color: white;border-width: 1px;border-style: none;width: 85%;border-collapse: collapse\">\n<tbody>\n<tr style=\"color: white;background-color: #000084;font-weight: bold\">\n<th><strong>Contienda<\/strong><\/th>\n<th><strong>N\u00famero de p\u00e1gina<\/strong><\/th>\n<\/tr>\n<tr style=\"color: black;background-color: #f9f9f9\">\n<td><a href=\"https:\/\/www.sbcounty.gov\/uploads\/ROV\/Elections\/2011\/0830\/1_MBR_CITY_COUNCIL_UPLAND.pdf\" target=\"_blank\" rel=\"noopener\">MIEMBRO, CONSEJO MUNICIPAL DE UPLAND<\/a> [pdf]<\/td>\n<td>1<\/td>\n<\/tr>\n<tr style=\"color: black;background-color: #eeeeee\">\n<td><a href=\"https:\/\/www.sbcounty.gov\/uploads\/ROV\/Elections\/2011\/0830\/3_LAKE_ARROWHEAD_CSD.pdf\" target=\"_blank\" rel=\"noopener\">DISTRITO DE SERVICIOS COMUNITARIOS LAKE ARROWHEAD<\/a> [pdf]<\/td>\n<td>3<\/td>\n<\/tr>\n<tr style=\"color: black;background-color: #f9f9f9\">\n<td><a href=\"https:\/\/www.sbcounty.gov\/uploads\/ROV\/Elections\/2011\/0830\/5_QUESTION_LAKE_ARROWHEAD_CSD.pdf\" target=\"_blank\" rel=\"noopener\">PREGUNTA, DISTRITO DE SERVICIOS COMUNITARIOS LAKE ARROWHEAD<\/a> [pdf]<\/td>\n<td>5<\/td>\n<\/tr>\n<tr style=\"color: black;background-color: #eeeeee\">\n<td><a href=\"https:\/\/www.sbcounty.gov\/uploads\/ROV\/Elections\/2011\/0830\/6_DIR_ARROWBEAR_PARK_CTY_WD.pdf\" target=\"_blank\" rel=\"noopener\">DIRECTOR, DISTRITO DE AGUAS DEL CONDADO ARROWBEAR PARK<\/a> [pdf]<\/td>\n<td>6<\/td>\n<\/tr>\n<tr style=\"color: black;background-color: #f9f9f9\">\n<td><a href=\"https:\/\/www.sbcounty.gov\/uploads\/ROV\/Elections\/2011\/0830\/7_DIR_MARIANA_RANCHOS_CTY_WD.pdf\" target=\"_blank\" rel=\"noopener\">DIRECTOR, DISTRITO DE AGUAS DEL CONDADO MARIANA RANCHOS<\/a> [pdf]<\/td>\n<td>7<\/td>\n<\/tr>\n<tr style=\"color: black;background-color: #eeeeee\">\n<td><a href=\"https:\/\/www.sbcounty.gov\/uploads\/ROV\/Elections\/2011\/0830\/8_DIR_CHINO_VALLEY_INDEPENDENT_FIRE_DIST.pdf\" target=\"_blank\" rel=\"noopener\">DIRECTOR, DISTRITO DE PROTECCI\u00d3N CONTRA INCENDIOS INDEPENDIENTE CHINO VALLEY<\/a> [pdf]<\/td>\n<td>8<\/td>\n<\/tr>\n<tr style=\"color: black;background-color: #f9f9f9\">\n<td><a href=\"https:\/\/www.sbcounty.gov\/uploads\/ROV\/Elections\/2011\/0830\/10_CREST_FOREST_FIRE_PROT_DIST.pdf\" target=\"_blank\" rel=\"noopener\">DISTRITO DE PROTECCI\u00d3N CONTRA INCENDIOS CREST FOREST<\/a> [pdf]<\/td>\n<td>10<\/td>\n<\/tr>\n<tr style=\"color: black;background-color: #eeeeee\">\n<td><a href=\"https:\/\/www.sbcounty.gov\/uploads\/ROV\/Elections\/2011\/0830\/12_RIM_REC_PARK_DIST.pdf\" target=\"_blank\" rel=\"noopener\">DISTRITO DE PARQUES Y RECREACI\u00d3N RIM OF THE WORLD<\/a> [pdf]<\/td>\n<td>12<\/td>\n<\/tr>\n<tr style=\"color: black;background-color: #f9f9f9\">\n<td><a href=\"https:\/\/www.sbcounty.gov\/uploads\/ROV\/Elections\/2011\/0830\/16_QUESTION_RIM_REC_PARK_DIST.pdf\" target=\"_blank\" rel=\"noopener\">PREGUNTA, DISTRITO DE PARQUES Y RECREACI\u00d3N RIM OF THE WORLD<\/a> [pdf]<\/td>\n<td>16<\/td>\n<\/tr>\n<tr style=\"color: black;background-color: #eeeeee\">\n<td><a href=\"https:\/\/www.sbcounty.gov\/uploads\/ROV\/Elections\/2011\/0830\/18_DIR_CRESTLINE_VILLAGE_WD.pdf\" target=\"_blank\" rel=\"noopener\">DIRECTOR, DISTRITO DE AGUAS CRESTLINE VILLAGE<\/a> [pdf]<\/td>\n<td>18<\/td>\n<\/tr>\n<tr style=\"color: black;background-color: #f9f9f9\">\n<td><a href=\"https:\/\/www.sbcounty.gov\/uploads\/ROV\/Elections\/2011\/0830\/19_QUESTION_CRESTLINE_VILLAGE_WD.pdf\" target=\"_blank\" rel=\"noopener\">PREGUNTA, DISTRITO DE AGUAS CRESTLINE VILLAGE<\/a> [pdf]<\/td>\n<td>19<\/td>\n<\/tr>\n<tr style=\"color: black;background-color: #eeeeee\">\n<td><a href=\"https:\/\/www.sbcounty.gov\/uploads\/ROV\/Elections\/2011\/0830\/20_DIR_EAST_VALLEY_WD.pdf\" target=\"_blank\" rel=\"noopener\">DIRECTOR, DISTRITO DE AGUAS EAST VALLEY<\/a> [pdf]<\/td>\n<td>20<\/td>\n<\/tr>\n<tr style=\"color: black;background-color: #f9f9f9\">\n<td><a href=\"https:\/\/www.sbcounty.gov\/uploads\/ROV\/Elections\/2011\/0830\/23_QUESTION_EAST_VALLEY_WD.pdf\" target=\"_blank\" rel=\"noopener\">PREGUNTA, DISTRITO DE AGUAS EAST VALLEY<\/a> [pdf]<\/td>\n<td>23<\/td>\n<\/tr>\n<tr style=\"color: black;background-color: #eeeeee\">\n<td><a href=\"https:\/\/www.sbcounty.gov\/uploads\/ROV\/Elections\/2011\/0830\/26_DIR_SB_VALLEY_WCD_DIV3.pdf\" target=\"_blank\" rel=\"noopener\">DIRECTOR, DISTRITO PARA LA CONSERVACI\u00d3N DEL AGUA SAN BERNARDINO VALLEY DIVISI\u00d3N 3<\/a> [pdf]<\/td>\n<td>26<\/td>\n<\/tr>\n<tr style=\"color: black;background-color: #f9f9f9\">\n<td><a href=\"https:\/\/www.sbcounty.gov\/uploads\/ROV\/Elections\/2011\/0830\/27_QUESTION_SB_VALLEY_WCD_DIV3.pdf\" target=\"_blank\" rel=\"noopener\">PREGUNTA, DISTRITO PARA LA CONSERVACI\u00d3N DEL AGUA SAN BERNARDINO VALLEY DIVISI\u00d3N 3<\/a> [pdf]<\/td>\n<td>27<\/td>\n<\/tr>\n<\/tbody>\n<\/table>\n<p>&nbsp;<\/p>\n<\/div>\n\n  <\/section>\n\n\t","protected":false},"excerpt":{"rendered":"<p>Declaraci\u00f3n de Votos Emitidos Contienda N\u00famero de p\u00e1gina MIEMBRO, CONSEJO MUNICIPAL DE UPLAND [pdf] 1 DISTRITO DE SERVICIOS COMUNITARIOS LAKE ARROWHEAD [pdf] 3 PREGUNTA, DISTRITO DE SERVICIOS COMUNITARIOS LAKE ARROWHEAD [pdf] 5 DIRECTOR, DISTRITO DE AGUAS DEL CONDADO ARROWBEAR PARK [pdf] 6 DIRECTOR, DISTRITO DE AGUAS DEL CONDADO MARIANA RANCHOS<span class=\"ellipsis\">&#8230;<\/span><\/p>\n","protected":false},"author":19,"featured_media":37382,"parent":37103,"menu_order":0,"comment_status":"closed","ping_status":"closed","template":"templates\/rov-left-sidebar-template.php","meta":{"_acf_changed":false,"footnotes":""},"class_list":["post-37175","page","type-page","status-publish","has-post-thumbnail","hentry"],"acf":[],"_links":{"self":[{"href":"https:\/\/elections.sbcounty.gov\/es\/wp-json\/wp\/v2\/pages\/37175","targetHints":{"allow":["GET"]}}],"collection":[{"href":"https:\/\/elections.sbcounty.gov\/es\/wp-json\/wp\/v2\/pages"}],"about":[{"href":"https:\/\/elections.sbcounty.gov\/es\/wp-json\/wp\/v2\/types\/page"}],"author":[{"embeddable":true,"href":"https:\/\/elections.sbcounty.gov\/es\/wp-json\/wp\/v2\/users\/19"}],"replies":[{"embeddable":true,"href":"https:\/\/elections.sbcounty.gov\/es\/wp-json\/wp\/v2\/comments?post=37175"}],"version-history":[{"count":4,"href":"https:\/\/elections.sbcounty.gov\/es\/wp-json\/wp\/v2\/pages\/37175\/revisions"}],"predecessor-version":[{"id":84448,"href":"https:\/\/elections.sbcounty.gov\/es\/wp-json\/wp\/v2\/pages\/37175\/revisions\/84448"}],"up":[{"embeddable":true,"href":"https:\/\/elections.sbcounty.gov\/es\/wp-json\/wp\/v2\/pages\/37103"}],"wp:featuredmedia":[{"embeddable":true,"href":"https:\/\/elections.sbcounty.gov\/es\/wp-json\/wp\/v2\/media\/37382"}],"wp:attachment":[{"href":"https:\/\/elections.sbcounty.gov\/es\/wp-json\/wp\/v2\/media?parent=37175"}],"curies":[{"name":"wp","href":"https:\/\/api.w.org\/{rel}","templated":true}]}}