{"id":37160,"date":"2021-12-13T19:25:33","date_gmt":"2021-12-13T19:25:33","guid":{"rendered":"https:\/\/www.elections.sbcounty.gov\/?page_id=37160"},"modified":"2023-11-07T18:03:23","modified_gmt":"2023-11-08T02:03:23","slug":"0712","status":"publish","type":"page","link":"https:\/\/elections.sbcounty.gov\/es\/elections\/2011\/0712\/","title":{"rendered":"12 de julio de 2011 Elecciones Municipales Especiales"},"content":{"rendered":"  <section data-isd-block-id=\"rov-content-blockblock_ce4547409c752db2d558ce9249ef535c\"\n\t\t\t\t\t\t\t\t\t\t \t\t\t\t\t\t\t\t\t\t\t class=\"card-style main-content-wrapper rov-card-style mb-4\">\n\n\t<h2 class=\"block-subtitle blue\">\u00daltima Actualizaci\u00f3n: 15 de julio de 2011 a las 4:00 PM<\/h2>\n\n\t<div class=\"ctnr-block-content\"><table role=\"presentation\" width=\"80%\">\n<tbody>\n<tr>\n<td>Registro y N\u00famero de Votantes<\/td>\n<\/tr>\n<tr>\n<td>7,826 Votantes<\/td>\n<\/tr>\n<\/tbody>\n<\/table>\n<table class=\"sovTableResults\">\n<tbody>\n<tr>\n<th><\/th>\n<th align=\"right\"><strong>Conteo de Votos<\/strong><\/th>\n<th align=\"right\"><strong>Porcentaje<\/strong><\/th>\n<\/tr>\n<tr>\n<th scope=\"row\" style=\"text-align: left\">N\u00famero de Votantes del Distrito Electoral<\/th>\n<td align=\"right\">1,582<\/td>\n<td align=\"right\">20.21%<\/td>\n<\/tr>\n<tr>\n<th scope=\"row\" style=\"text-align: left\">Total<\/th>\n<td align=\"right\">1,582<\/td>\n<td align=\"right\">20.21%<\/td>\n<\/tr>\n<\/tbody>\n<\/table>\n<p>&nbsp;<\/p>\n<hr \/>\n<table role=\"presentation\" width=\"80%\">\n<tbody>\n<tr>\n<td>Miembro del Consejo Municipal de SAN BERNARDINO DISTRITO ELECTORAL 2<\/td>\n<\/tr>\n<tr>\n<td>14\/14 100.00%<\/td>\n<\/tr>\n<\/tbody>\n<\/table>\n<table class=\"sovTableResults\">\n<tbody>\n<tr>\n<th><\/th>\n<th align=\"right\"><strong>Conteo de Votos<\/strong><\/th>\n<th align=\"right\"><strong>Porcentaje<\/strong><\/th>\n<\/tr>\n<tr>\n<th scope=\"row\" style=\"text-align: left\">JERRY MARTIN<\/th>\n<td align=\"right\">367<\/td>\n<td align=\"right\">23.80%<\/td>\n<\/tr>\n<tr>\n<th scope=\"row\" style=\"text-align: left\">ROBERT JENKINS<\/th>\n<td class=\"winner\" align=\"right\">778<\/td>\n<td class=\"winner\" align=\"right\">50.45%<\/td>\n<\/tr>\n<tr>\n<th scope=\"row\" style=\"text-align: left\">JOHN LONGVILLE<\/th>\n<td align=\"right\">397<\/td>\n<td align=\"right\">25.75%<\/td>\n<\/tr>\n<tr>\n<th scope=\"row\" style=\"text-align: left\">Total<\/th>\n<td align=\"right\">1,542<\/td>\n<td align=\"right\">100.00%<\/td>\n<\/tr>\n<\/tbody>\n<\/table>\n<p>&nbsp;<\/p>\n<\/div>\n\n  <\/section>\n\n\t","protected":false},"excerpt":{"rendered":"<p>\u00daltima Actualizaci\u00f3n: 15 de julio de 2011 a las 4:00 PM Registro y N\u00famero de Votantes 7,826 Votantes Conteo de Votos Porcentaje N\u00famero de Votantes del Distrito Electoral 1,582 20.21% Total 1,582 20.21% &nbsp; Miembro del Consejo Municipal de SAN BERNARDINO DISTRITO ELECTORAL 2 14\/14 100.00% Conteo de Votos Porcentaje<span class=\"ellipsis\">&#8230;<\/span><\/p>\n","protected":false},"author":19,"featured_media":37382,"parent":37103,"menu_order":0,"comment_status":"closed","ping_status":"closed","template":"templates\/rov-left-sidebar-template.php","meta":{"_acf_changed":false,"footnotes":""},"class_list":["post-37160","page","type-page","status-publish","has-post-thumbnail","hentry"],"acf":[],"_links":{"self":[{"href":"https:\/\/elections.sbcounty.gov\/es\/wp-json\/wp\/v2\/pages\/37160","targetHints":{"allow":["GET"]}}],"collection":[{"href":"https:\/\/elections.sbcounty.gov\/es\/wp-json\/wp\/v2\/pages"}],"about":[{"href":"https:\/\/elections.sbcounty.gov\/es\/wp-json\/wp\/v2\/types\/page"}],"author":[{"embeddable":true,"href":"https:\/\/elections.sbcounty.gov\/es\/wp-json\/wp\/v2\/users\/19"}],"replies":[{"embeddable":true,"href":"https:\/\/elections.sbcounty.gov\/es\/wp-json\/wp\/v2\/comments?post=37160"}],"version-history":[{"count":1,"href":"https:\/\/elections.sbcounty.gov\/es\/wp-json\/wp\/v2\/pages\/37160\/revisions"}],"predecessor-version":[{"id":78792,"href":"https:\/\/elections.sbcounty.gov\/es\/wp-json\/wp\/v2\/pages\/37160\/revisions\/78792"}],"up":[{"embeddable":true,"href":"https:\/\/elections.sbcounty.gov\/es\/wp-json\/wp\/v2\/pages\/37103"}],"wp:featuredmedia":[{"embeddable":true,"href":"https:\/\/elections.sbcounty.gov\/es\/wp-json\/wp\/v2\/media\/37382"}],"wp:attachment":[{"href":"https:\/\/elections.sbcounty.gov\/es\/wp-json\/wp\/v2\/media?parent=37160"}],"curies":[{"name":"wp","href":"https:\/\/api.w.org\/{rel}","templated":true}]}}