{"id":37139,"date":"2021-12-13T19:00:31","date_gmt":"2021-12-13T19:00:31","guid":{"rendered":"https:\/\/www.elections.sbcounty.gov\/?page_id=37139"},"modified":"2023-11-07T18:04:26","modified_gmt":"2023-11-08T02:04:26","slug":"0621","status":"publish","type":"page","link":"https:\/\/elections.sbcounty.gov\/es\/elections\/2011\/0621\/","title":{"rendered":"21 de junio de 2011 Elecciones Especiales con Boletas por\u00a0Correo"},"content":{"rendered":"  <section data-isd-block-id=\"rov-content-blockblock_26d9006a6ee909e083d44aea968f54af\"\n\t\t\t\t\t\t\t\t\t\t \t\t\t\t\t\t\t\t\t\t\t class=\"card-style main-content-wrapper rov-card-style mb-4\">\n\n\t<h2 class=\"block-subtitle blue\">\u00daltima Actualizaci\u00f3n: 23 de junio de 2011 a las 3:51  PM<\/h2>\n\n\t<div class=\"ctnr-block-content\"><table role=\"presentation\" width=\"80%\">\n<tbody>\n<tr>\n<td>Registro y N\u00famero de Votantes<\/td>\n<\/tr>\n<tr>\n<td>51,355 Votantes<\/td>\n<\/tr>\n<\/tbody>\n<\/table>\n<table class=\"sovTableResults\">\n<tbody>\n<tr>\n<th><\/th>\n<th align=\"right\"><strong>Conteo de Votos<\/strong><\/th>\n<th align=\"right\"><strong>Porcentaje<\/strong><\/th>\n<\/tr>\n<tr>\n<th scope=\"row\" style=\"text-align: left\">N\u00famero de Votantes del Distrito Electoral<\/th>\n<td align=\"right\">7,993<\/td>\n<td align=\"right\">15.56%<\/td>\n<\/tr>\n<tr>\n<th scope=\"row\" style=\"text-align: left\">Total<\/th>\n<td align=\"right\">7,993<\/td>\n<td align=\"right\">15.56%<\/td>\n<\/tr>\n<\/tbody>\n<\/table>\n<p>&nbsp;<\/p>\n<hr \/>\n<table role=\"presentation\" width=\"80%\">\n<tbody>\n<tr>\n<td>Medida E (Fontana USD)<\/td>\n<\/tr>\n<tr>\n<td>70\/70 100.00%<\/td>\n<\/tr>\n<\/tbody>\n<\/table>\n<table class=\"sovTableResults\">\n<tbody>\n<tr>\n<th><\/th>\n<th align=\"right\"><strong>Conteo de Votos<\/strong><\/th>\n<th align=\"right\"><strong>Porcentaje<\/strong><\/th>\n<\/tr>\n<tr>\n<th scope=\"row\" style=\"text-align: left\">S\u00cd<\/th>\n<td class=\"winner\" align=\"right\">4,153<\/td>\n<td class=\"winner\" align=\"right\">52.09%<\/td>\n<\/tr>\n<tr>\n<th scope=\"row\" style=\"text-align: left\">NO<\/th>\n<td align=\"right\">3,820<\/td>\n<td align=\"right\">47.91%<\/td>\n<\/tr>\n<tr>\n<th scope=\"row\" style=\"text-align: left\">Total<\/th>\n<td align=\"right\">7,973<\/td>\n<td align=\"right\">100.00%<\/td>\n<\/tr>\n<\/tbody>\n<\/table>\n<p>&nbsp;<\/p>\n<\/div>\n\n  <\/section>\n\n\t","protected":false},"excerpt":{"rendered":"<p>\u00daltima Actualizaci\u00f3n: 23 de junio de 2011 a las 3:51 PM Registro y N\u00famero de Votantes 51,355 Votantes Conteo de Votos Porcentaje N\u00famero de Votantes del Distrito Electoral 7,993 15.56% Total 7,993 15.56% &nbsp; Medida E (Fontana USD) 70\/70 100.00% Conteo de Votos Porcentaje S\u00cd 4,153 52.09% NO 3,820 47.91%<span class=\"ellipsis\">&#8230;<\/span><\/p>\n","protected":false},"author":19,"featured_media":37382,"parent":37103,"menu_order":0,"comment_status":"closed","ping_status":"closed","template":"templates\/rov-left-sidebar-template.php","meta":{"_acf_changed":false,"footnotes":""},"class_list":["post-37139","page","type-page","status-publish","has-post-thumbnail","hentry"],"acf":[],"_links":{"self":[{"href":"https:\/\/elections.sbcounty.gov\/es\/wp-json\/wp\/v2\/pages\/37139","targetHints":{"allow":["GET"]}}],"collection":[{"href":"https:\/\/elections.sbcounty.gov\/es\/wp-json\/wp\/v2\/pages"}],"about":[{"href":"https:\/\/elections.sbcounty.gov\/es\/wp-json\/wp\/v2\/types\/page"}],"author":[{"embeddable":true,"href":"https:\/\/elections.sbcounty.gov\/es\/wp-json\/wp\/v2\/users\/19"}],"replies":[{"embeddable":true,"href":"https:\/\/elections.sbcounty.gov\/es\/wp-json\/wp\/v2\/comments?post=37139"}],"version-history":[{"count":1,"href":"https:\/\/elections.sbcounty.gov\/es\/wp-json\/wp\/v2\/pages\/37139\/revisions"}],"predecessor-version":[{"id":78795,"href":"https:\/\/elections.sbcounty.gov\/es\/wp-json\/wp\/v2\/pages\/37139\/revisions\/78795"}],"up":[{"embeddable":true,"href":"https:\/\/elections.sbcounty.gov\/es\/wp-json\/wp\/v2\/pages\/37103"}],"wp:featuredmedia":[{"embeddable":true,"href":"https:\/\/elections.sbcounty.gov\/es\/wp-json\/wp\/v2\/media\/37382"}],"wp:attachment":[{"href":"https:\/\/elections.sbcounty.gov\/es\/wp-json\/wp\/v2\/media?parent=37139"}],"curies":[{"name":"wp","href":"https:\/\/api.w.org\/{rel}","templated":true}]}}