{"id":37118,"date":"2021-12-13T18:56:07","date_gmt":"2021-12-13T18:56:07","guid":{"rendered":"https:\/\/www.elections.sbcounty.gov\/?page_id=37118"},"modified":"2023-11-07T18:04:50","modified_gmt":"2023-11-08T02:04:50","slug":"0215","status":"publish","type":"page","link":"https:\/\/elections.sbcounty.gov\/es\/elections\/2011\/0215\/","title":{"rendered":"15 de febrero de 2011 Elecciones Primarias Especiales"},"content":{"rendered":"  <section data-isd-block-id=\"rov-content-blockblock_bfe6c091accafea7273acd8ec5dfc74c\"\n\t\t\t\t\t\t\t\t\t\t \t\t\t\t\t\t\t\t\t\t\t class=\"card-style main-content-wrapper rov-card-style mb-4\">\n\n\t<h2 class=\"block-subtitle blue\">\u00daltima Actualizaci\u00f3n: 18 de febrero de 2011 a las 3:39 PM<\/h2>\n\n\t<div class=\"ctnr-block-content\"><table role=\"presentation\" width=\"80%\">\n<tbody>\n<tr>\n<td>Registro y N\u00famero de Votantes<\/td>\n<\/tr>\n<tr>\n<td>132,825 Votantes<\/td>\n<\/tr>\n<\/tbody>\n<\/table>\n<table class=\"sovTableResults\">\n<tbody>\n<tr>\n<th><\/th>\n<th align=\"right\"><strong>Conteo de Votos<\/strong><\/th>\n<th align=\"right\"><strong>Porcentaje<\/strong><\/th>\n<\/tr>\n<tr>\n<th scope=\"row\" style=\"text-align: left\">N\u00famero de Votantes del Distrito Electoral<\/th>\n<td align=\"right\">3,740<\/td>\n<td align=\"right\">2.82%<\/td>\n<\/tr>\n<tr>\n<th scope=\"row\" style=\"text-align: left\">N\u00famero de Votantes por Correo<\/th>\n<td align=\"right\">18,459<\/td>\n<td align=\"right\">13.90%<\/td>\n<\/tr>\n<tr>\n<th scope=\"row\" style=\"text-align: left\">Total<\/th>\n<td align=\"right\">22,199<\/td>\n<td align=\"right\">16.71%<\/td>\n<\/tr>\n<\/tbody>\n<\/table>\n<p>&nbsp;<\/p>\n<hr \/>\n<table role=\"presentation\" width=\"80%\">\n<tbody>\n<tr>\n<td>Senador Estatal Distrito 17<\/td>\n<\/tr>\n<tr>\n<td id=\"processed\">211\/211 100.00%<\/td>\n<\/tr>\n<\/tbody>\n<\/table>\n<table class=\"sovTableResults\">\n<tbody>\n<tr>\n<th><\/th>\n<th align=\"right\"><strong>Conteo de Votos<\/strong><\/th>\n<th align=\"right\"><strong>Porcentaje<\/strong><\/th>\n<\/tr>\n<tr>\n<th scope=\"row\" style=\"text-align: left\">DEM &#8211; DARREN W. PARKER<\/th>\n<td align=\"right\">6,371<\/td>\n<td align=\"right\">29.07%<\/td>\n<\/tr>\n<tr>\n<th scope=\"row\" style=\"text-align: left\">REP &#8211; SHARON RUNNER<\/th>\n<td class=\"winner\" align=\"right\">15,545<\/td>\n<td class=\"winner\" align=\"right\">70.93%<\/td>\n<\/tr>\n<tr>\n<th scope=\"row\" style=\"text-align: left\">Total<\/th>\n<td align=\"right\">21,916<\/td>\n<td align=\"right\">100.00%<\/td>\n<\/tr>\n<\/tbody>\n<\/table>\n<p>&nbsp;<\/p>\n<\/div>\n\n  <\/section>\n\n\t","protected":false},"excerpt":{"rendered":"<p>\u00daltima Actualizaci\u00f3n: 18 de febrero de 2011 a las 3:39 PM Registro y N\u00famero de Votantes 132,825 Votantes Conteo de Votos Porcentaje N\u00famero de Votantes del Distrito Electoral 3,740 2.82% N\u00famero de Votantes por Correo 18,459 13.90% Total 22,199 16.71% &nbsp; Senador Estatal Distrito 17 211\/211 100.00% Conteo de Votos<span class=\"ellipsis\">&#8230;<\/span><\/p>\n","protected":false},"author":19,"featured_media":37382,"parent":37103,"menu_order":0,"comment_status":"closed","ping_status":"closed","template":"templates\/rov-left-sidebar-template.php","meta":{"_acf_changed":false,"footnotes":""},"class_list":["post-37118","page","type-page","status-publish","has-post-thumbnail","hentry"],"acf":[],"_links":{"self":[{"href":"https:\/\/elections.sbcounty.gov\/es\/wp-json\/wp\/v2\/pages\/37118","targetHints":{"allow":["GET"]}}],"collection":[{"href":"https:\/\/elections.sbcounty.gov\/es\/wp-json\/wp\/v2\/pages"}],"about":[{"href":"https:\/\/elections.sbcounty.gov\/es\/wp-json\/wp\/v2\/types\/page"}],"author":[{"embeddable":true,"href":"https:\/\/elections.sbcounty.gov\/es\/wp-json\/wp\/v2\/users\/19"}],"replies":[{"embeddable":true,"href":"https:\/\/elections.sbcounty.gov\/es\/wp-json\/wp\/v2\/comments?post=37118"}],"version-history":[{"count":1,"href":"https:\/\/elections.sbcounty.gov\/es\/wp-json\/wp\/v2\/pages\/37118\/revisions"}],"predecessor-version":[{"id":78798,"href":"https:\/\/elections.sbcounty.gov\/es\/wp-json\/wp\/v2\/pages\/37118\/revisions\/78798"}],"up":[{"embeddable":true,"href":"https:\/\/elections.sbcounty.gov\/es\/wp-json\/wp\/v2\/pages\/37103"}],"wp:featuredmedia":[{"embeddable":true,"href":"https:\/\/elections.sbcounty.gov\/es\/wp-json\/wp\/v2\/media\/37382"}],"wp:attachment":[{"href":"https:\/\/elections.sbcounty.gov\/es\/wp-json\/wp\/v2\/media?parent=37118"}],"curies":[{"name":"wp","href":"https:\/\/api.w.org\/{rel}","templated":true}]}}