{"id":37031,"date":"2021-12-13T18:39:52","date_gmt":"2021-12-13T18:39:52","guid":{"rendered":"https:\/\/www.elections.sbcounty.gov\/?page_id=37031"},"modified":"2023-11-07T18:06:04","modified_gmt":"2023-11-08T02:06:04","slug":"0803","status":"publish","type":"page","link":"https:\/\/elections.sbcounty.gov\/es\/elections\/2010\/0803\/","title":{"rendered":"Elecciones Especiales del 3 de agosto de 2010"},"content":{"rendered":"  <section data-isd-block-id=\"rov-content-blockblock_90de76325f2848cec44803894865518e\"\n\t\t\t\t\t\t\t\t\t\t \t\t\t\t\t\t\t\t\t\t\t class=\"card-style main-content-wrapper rov-card-style mb-4\">\n\n\t<h2 class=\"block-subtitle blue\">\u00daltima Actualizaci\u00f3n: 5 de agosto de 2010 a las 10:45 AM<\/h2>\n\n\t<div class=\"ctnr-block-content\"><table role=\"presentation\" width=\"80%\">\n<tbody>\n<tr>\n<td style=\"text-align: left\">Registro y N\u00famero de Votantes<\/td>\n<\/tr>\n<tr>\n<td style=\"text-align: left\">5,756 Voters<\/td>\n<\/tr>\n<\/tbody>\n<\/table>\n<table class=\"sovTableResults\">\n<tbody>\n<tr>\n<th><\/th>\n<th align=\"right\"><strong>Conteo de Votos<\/strong><\/th>\n<th align=\"right\"><strong>Porcentaje<\/strong><\/th>\n<\/tr>\n<tr>\n<th scope=\"row\" style=\"text-align: left\">N\u00famero de Votantes del Distrito Electoral<\/th>\n<td align=\"right\">1,570<\/td>\n<td align=\"right\">27.28%<\/td>\n<\/tr>\n<tr>\n<th scope=\"row\" style=\"text-align: left\">Total<\/th>\n<td align=\"right\">1,570<\/td>\n<td align=\"right\">27.28%<\/td>\n<\/tr>\n<\/tbody>\n<\/table>\n<p>&nbsp;<\/p>\n<hr \/>\n<table role=\"presentation\" width=\"80%\">\n<tbody>\n<tr>\n<td style=\"text-align: left\">MEDIDA T (DISTRITO DE SANEAMIENTO CRESTLINE)<\/td>\n<\/tr>\n<tr>\n<td style=\"text-align: left\">24\/24 100.00%<\/td>\n<\/tr>\n<\/tbody>\n<\/table>\n<table class=\"sovTableResults\">\n<tbody>\n<tr>\n<th><\/th>\n<th align=\"right\"><strong>Conteo de Votos<\/strong><\/th>\n<th align=\"right\"><strong>Porcentaje<\/strong><\/th>\n<\/tr>\n<tr>\n<th scope=\"row\" style=\"text-align: left\">S\u00cd<\/th>\n<td class=\"winner\" align=\"right\">1,380<\/td>\n<td class=\"winner\" align=\"right\">89.55%<\/td>\n<\/tr>\n<tr>\n<th scope=\"row\" style=\"text-align: left\">NO<\/th>\n<td align=\"right\">161<\/td>\n<td align=\"right\">10.45%<\/td>\n<\/tr>\n<tr>\n<th scope=\"row\" style=\"text-align: left\">Total<\/th>\n<td align=\"right\">1,541<\/td>\n<td align=\"right\">100.00%<\/td>\n<\/tr>\n<\/tbody>\n<\/table>\n<p>&nbsp;<\/p>\n<hr \/>\n<table role=\"presentation\" width=\"80%\">\n<tbody>\n<tr>\n<td>DISTRITO DE SANEAMIENTO CRESTLINE \u2013 JUNTA DIRECTIVA<\/td>\n<\/tr>\n<tr>\n<td style=\"text-align: left\">24\/24 100.00%<\/td>\n<\/tr>\n<\/tbody>\n<\/table>\n<table class=\"sovTableResults\">\n<tbody>\n<tr>\n<th><\/th>\n<th align=\"right\"><strong>Conteo de Votos<\/strong><\/th>\n<th align=\"right\"><strong>Porcentaje<\/strong><\/th>\n<\/tr>\n<tr>\n<th scope=\"row\" style=\"text-align: left\">PENNY J. SHUBNELL<\/th>\n<td class=\"winner\" align=\"right\">1,103<\/td>\n<td class=\"winner\" align=\"right\">19.20%<\/td>\n<\/tr>\n<tr>\n<th scope=\"row\" style=\"text-align: left\">KEN NELSEN<\/th>\n<td class=\"winner\" align=\"right\">1,007<\/td>\n<td class=\"winner\" align=\"right\">17.53%<\/td>\n<\/tr>\n<tr>\n<th scope=\"row\" style=\"text-align: left\">SHERRI L. FAIRBANKS<\/th>\n<td class=\"winner\" align=\"right\">1,030<\/td>\n<td class=\"winner\" align=\"right\">17.93%<\/td>\n<\/tr>\n<tr>\n<th scope=\"row\" style=\"text-align: left\">JACK P. WINSTEN<\/th>\n<td class=\"winner\" align=\"right\">805<\/td>\n<td class=\"winner\" align=\"right\">14.01%<\/td>\n<\/tr>\n<tr>\n<th scope=\"row\" style=\"text-align: left\">NIKI R. WIESSNER<\/th>\n<td align=\"right\">765<\/td>\n<td align=\"right\">13.31%<\/td>\n<\/tr>\n<tr>\n<th scope=\"row\" style=\"text-align: left\">MATTHEW L. PHILIPPE<\/th>\n<td class=\"winner\" align=\"right\">1,036<\/td>\n<td class=\"winner\" align=\"right\">18.03%<\/td>\n<\/tr>\n<tr>\n<th scope=\"row\" style=\"text-align: left\">Total<\/th>\n<td align=\"right\">5,746<\/td>\n<td align=\"right\">100.00%<\/td>\n<\/tr>\n<\/tbody>\n<\/table>\n<p>&nbsp;<\/p>\n<hr \/>\n<\/div>\n\n  <\/section>\n\n\t","protected":false},"excerpt":{"rendered":"<p>\u00daltima Actualizaci\u00f3n: 5 de agosto de 2010 a las 10:45 AM Registro y N\u00famero de Votantes 5,756 Voters Conteo de Votos Porcentaje N\u00famero de Votantes del Distrito Electoral 1,570 27.28% Total 1,570 27.28% &nbsp; MEDIDA T (DISTRITO DE SANEAMIENTO CRESTLINE) 24\/24 100.00% Conteo de Votos Porcentaje S\u00cd 1,380 89.55% NO<span class=\"ellipsis\">&#8230;<\/span><\/p>\n","protected":false},"author":19,"featured_media":37382,"parent":36435,"menu_order":0,"comment_status":"closed","ping_status":"closed","template":"templates\/rov-left-sidebar-template.php","meta":{"_acf_changed":false,"footnotes":""},"class_list":["post-37031","page","type-page","status-publish","has-post-thumbnail","hentry"],"acf":[],"_links":{"self":[{"href":"https:\/\/elections.sbcounty.gov\/es\/wp-json\/wp\/v2\/pages\/37031","targetHints":{"allow":["GET"]}}],"collection":[{"href":"https:\/\/elections.sbcounty.gov\/es\/wp-json\/wp\/v2\/pages"}],"about":[{"href":"https:\/\/elections.sbcounty.gov\/es\/wp-json\/wp\/v2\/types\/page"}],"author":[{"embeddable":true,"href":"https:\/\/elections.sbcounty.gov\/es\/wp-json\/wp\/v2\/users\/19"}],"replies":[{"embeddable":true,"href":"https:\/\/elections.sbcounty.gov\/es\/wp-json\/wp\/v2\/comments?post=37031"}],"version-history":[{"count":1,"href":"https:\/\/elections.sbcounty.gov\/es\/wp-json\/wp\/v2\/pages\/37031\/revisions"}],"predecessor-version":[{"id":78804,"href":"https:\/\/elections.sbcounty.gov\/es\/wp-json\/wp\/v2\/pages\/37031\/revisions\/78804"}],"up":[{"embeddable":true,"href":"https:\/\/elections.sbcounty.gov\/es\/wp-json\/wp\/v2\/pages\/36435"}],"wp:featuredmedia":[{"embeddable":true,"href":"https:\/\/elections.sbcounty.gov\/es\/wp-json\/wp\/v2\/media\/37382"}],"wp:attachment":[{"href":"https:\/\/elections.sbcounty.gov\/es\/wp-json\/wp\/v2\/media?parent=37031"}],"curies":[{"name":"wp","href":"https:\/\/api.w.org\/{rel}","templated":true}]}}