{"id":36414,"date":"2021-12-10T16:39:21","date_gmt":"2021-12-10T16:39:21","guid":{"rendered":"https:\/\/www.elections.sbcounty.gov\/?page_id=36414"},"modified":"2024-06-26T16:13:15","modified_gmt":"2024-06-26T23:13:15","slug":"1103","status":"publish","type":"page","link":"https:\/\/elections.sbcounty.gov\/es\/elections\/2009\/1103\/","title":{"rendered":"Archivo de Resultados de las Elecciones Consolidadas del 3 de noviembre de 2009"},"content":{"rendered":"  <section data-isd-block-id=\"rov-content-blockblock_7a82e6b8490e454fdd2eb14330667e91\"\n\t\t\t\t\t\t\t\t\t\t \t\t\t\t\t\t\t\t\t\t\t class=\"card-style main-content-wrapper rov-card-style mb-4\">\n\n\t<h2 class=\"block-subtitle blue\">Declaraci\u00f3n de Votos Emitidos<\/h2>\n\n\t<div class=\"ctnr-block-content\"><table class=\"sovIndex\">\n<tbody>\n<tr>\n<th><strong>Contienda<\/strong><\/th>\n<th><strong>N\u00famero de p\u00e1gina<\/strong><\/th>\n<\/tr>\n<tr>\n<td><a href=\"https:\/\/www.sbcounty.gov\/uploads\/ROV\/Elections\/2009\/1103\/1MAYOR_-_CITY_OF_SAN_BERNARDINO.pdf\" target=\"_blank\" rel=\"noopener\">ALCALDE \u2013 CIUDAD DE SAN BERNARDINO<\/a> [pdf]<\/td>\n<td>1<\/td>\n<\/tr>\n<tr>\n<td><a href=\"https:\/\/www.sbcounty.gov\/uploads\/ROV\/Elections\/2009\/1103\/8COUNCIL_MEMBER_-_CITY_OF_SAN_BERNARDINO_WARD_1.pdf\" target=\"_blank\" rel=\"noopener\">MIEMBRO DEL CONCEJO \u2013 CIUDAD DE SAN BERNARDINO, DISTRITO ELECTORAL 1<\/a> [pdf]<\/td>\n<td>8<\/td>\n<\/tr>\n<tr>\n<td><a href=\"https:\/\/www.sbcounty.gov\/uploads\/ROV\/Elections\/2009\/1103\/10COUNCIL_MEMBER_-_CITY_OF_SAN_BERNARDINO_WARD_2.pdf\" target=\"_blank\" rel=\"noopener\">MIEMBRO DEL CONCEJO \u2013 CIUDAD DE SAN BERNARDINO, DISTRITO ELECTORAL 2<\/a> [pdf]<\/td>\n<td>10<\/td>\n<\/tr>\n<tr>\n<td><a href=\"https:\/\/www.sbcounty.gov\/uploads\/ROV\/Elections\/2009\/1103\/11COUNCIL_MEMBER_-_CITY_OF_SAN_BERNARDINO_WARD_4.pdf\" target=\"_blank\" rel=\"noopener\">MIEMBRO DEL CONCEJO \u2013 CIUDAD DE SAN BERNARDINO, DISTRITO ELECTORAL 4<\/a> [pdf]<\/td>\n<td>11<\/td>\n<\/tr>\n<tr>\n<td><a href=\"https:\/\/www.sbcounty.gov\/uploads\/ROV\/Elections\/2009\/1103\/13GOVERNING_BOARD_MEMBER_-_CHAFFEY_CCD.pdf\" target=\"_blank\" rel=\"noopener\">MIEMBRO DE LA JUNTA GOBERNANTE &#8211; DISTRITO DE COLEGIOS COMUNITARIOS CHAFFEY<\/a> [pdf]<\/td>\n<td>13<\/td>\n<\/tr>\n<tr>\n<td><a href=\"https:\/\/www.sbcounty.gov\/uploads\/ROV\/Elections\/2009\/1103\/30GOVERNING_BOARD_MEMBER_-_BAKER_VALLEY_UNIFIED.pdf\" target=\"_blank\" rel=\"noopener\">MIEMBRO DE LA JUNTA GOBERNANTE &#8211; DISTRITO ESCOLAR UNIFICADO BAKER VALLEY<\/a> [pdf]<\/td>\n<td>30<\/td>\n<\/tr>\n<tr>\n<td><a href=\"https:\/\/www.sbcounty.gov\/uploads\/ROV\/Elections\/2009\/1103\/31DIRECTOR_-_HELENDALE_CSD.pdf\" target=\"_blank\" rel=\"noopener\">DIRECTOR \u2013 DISTRITO DE SERVICIOS COMUNITARIOS HELENDALE<\/a> [pdf]<\/td>\n<td>31<\/td>\n<\/tr>\n<tr>\n<td><a href=\"https:\/\/www.sbcounty.gov\/uploads\/ROV\/Elections\/2009\/1103\/32DIRECTOR_-_NEWBERRY_CSD.pdf\" target=\"_blank\" rel=\"noopener\">DIRECTOR \u2013 DISTRITO DE SERVICIOS COMUNITARIOS NEWBERRY<\/a> [pdf]<\/td>\n<td>32<\/td>\n<\/tr>\n<tr>\n<td><a href=\"https:\/\/www.sbcounty.gov\/uploads\/ROV\/Elections\/2009\/1103\/33DIRECTOR_-_APPLE_VALLEY_HEIGHTS_CWD.pdf\" target=\"_blank\" rel=\"noopener\">DIRECTOR \u2013 DISTRITO DE AGUAS DEL CONDADO APPLE VALLEY HEIGHTS<\/a> [pdf]<\/td>\n<td>33<\/td>\n<\/tr>\n<tr>\n<td><a href=\"https:\/\/www.sbcounty.gov\/uploads\/ROV\/Elections\/2009\/1103\/34DIRECTOR_-_RUNNING_SPRINGS_WD.pdf\" target=\"_blank\" rel=\"noopener\">DIRECTOR \u2013 DISTRITO DE AGUAS RUNNING SPRINGS<\/a> [pdf]<\/td>\n<td>34<\/td>\n<\/tr>\n<tr>\n<td><a href=\"https:\/\/www.sbcounty.gov\/uploads\/ROV\/Elections\/2009\/1103\/35DIRECTOR_-_WEST_VALLEY_WD.pdf\" target=\"_blank\" rel=\"noopener\">DIRECTOR \u2013 DISTRITO DE AGUAS WEST VALLEY<\/a> [pdf]<\/td>\n<td>35<\/td>\n<\/tr>\n<tr>\n<td><a href=\"https:\/\/www.sbcounty.gov\/uploads\/ROV\/Elections\/2009\/1103\/38BIGHORN-DESERT_VIEW_WATER_AGENCY.pdf\" target=\"_blank\" rel=\"noopener\">AGENCIA DE AGUAS BIGHORN-DESERT VIEW<\/a> [pdf]<\/td>\n<td>38<\/td>\n<\/tr>\n<tr>\n<td><a href=\"https:\/\/www.sbcounty.gov\/uploads\/ROV\/Elections\/2009\/1103\/40DIRECTOR_-_SAN_BERNARDINO_VALLEY_WCD_DIV_5.pdf\" target=\"_blank\" rel=\"noopener\">DIRECTOR \u2013 DISTRITO PARA LA CONSERVACI\u00d3N DEL AGUA SAN BERNARDINO VALLEY, DIVISI\u00d3N 5<\/a> [pdf]<\/td>\n<td>40<\/td>\n<\/tr>\n<tr>\n<td><a href=\"https:\/\/www.sbcounty.gov\/uploads\/ROV\/Elections\/2009\/1103\/42MEASURE_LL_-_RUNNING_SPRINGS_WD_MAIL_BALLOT.pdf\" target=\"_blank\" rel=\"noopener\">MEDIDA LL \u2013 BOLETA POR CORREO DEL WD RUNNING SPRINGS<\/a> [pdf]<\/td>\n<td>42<\/td>\n<\/tr>\n<tr>\n<td><a href=\"https:\/\/www.sbcounty.gov\/uploads\/ROV\/Elections\/2009\/1103\/43MEASURE_M_-_HELENDALE_CSD_APPROPRIATIONS_LIMIT.pdf\" target=\"_blank\" rel=\"noopener\">MEDIDA M \u2013 L\u00cdMITE DE ASIGNACIONES DEL DISTRITO DE SERVICIOS COMUNITARIOS HELENDALE<\/a> [pdf]<\/td>\n<td>43<\/td>\n<\/tr>\n<tr>\n<td><\/td>\n<\/tr>\n<\/tbody>\n<\/table>\n<\/div>\n\n  <\/section>\n\n\t\n\n  <section data-isd-block-id=\"rov-content-blockblock_1083b815a1aa6f9b46c47568b30c9e9d\"\n\t\t\t\t\t\t\t\t\t\t \t\t\t\t\t\t\t\t\t\t\t class=\"card-style main-content-wrapper rov-card-style mb-4\">\n\n\t<h2 class=\"block-subtitle blue\">Resultados de las Elecciones<\/h2>\n\n\t<div class=\"ctnr-block-content\"><p style=\"text-align: center\"><strong>Condado de San Bernardino<\/strong><strong><br \/>\n<\/strong><strong>ELECCIONES CONSOLIDADAS<\/strong><strong><br \/>\n<\/strong><strong>3 de noviembre de 2009<\/strong><\/p>\n<p style=\"text-align: center\"><strong>\u00daltima Actualizaci\u00f3n: 12 de noviembre de 2009 3:51 PM<\/strong><\/p>\n<table width=\"80%\">\n<tbody>\n<tr>\n<td>Registro y N\u00famero de Votantes<\/td>\n<\/tr>\n<tr>\n<td>438,542 Votantes<\/td>\n<\/tr>\n<\/tbody>\n<\/table>\n<table class=\"sovTableResults\">\n<tbody>\n<tr>\n<th><\/th>\n<th align=\"right\"><strong>Conteo de Votos<\/strong><\/th>\n<th align=\"right\"><strong>Porcentaje<\/strong><\/th>\n<\/tr>\n<tr>\n<th scope=\"row\" style=\"text-align: left\">N\u00famero de Votantes del Distrito Electoral<\/th>\n<td align=\"right\">12,580<\/td>\n<td align=\"right\">2.87%<\/td>\n<\/tr>\n<tr>\n<th scope=\"row\" style=\"text-align: left\">N\u00famero de Votantes por Correo<\/th>\n<td align=\"right\">33,240<\/td>\n<td align=\"right\">7.58%<\/td>\n<\/tr>\n<tr>\n<th scope=\"row\" style=\"text-align: left\">Total<\/th>\n<td align=\"right\">45,820<\/td>\n<td align=\"right\">10.45%<\/td>\n<\/tr>\n<\/tbody>\n<\/table>\n<p>&nbsp;<\/p>\n<hr \/>\n<table width=\"80%\">\n<tbody>\n<tr>\n<td>ALCALDE \u2013 CIUDAD DE SAN BERNARDINO<\/td>\n<\/tr>\n<tr>\n<td>178\/178 100.00%<\/td>\n<\/tr>\n<\/tbody>\n<\/table>\n<table class=\"sovTableResults\">\n<tbody>\n<tr>\n<th><\/th>\n<th align=\"right\"><strong>Conteo de Votos<\/strong><\/th>\n<th align=\"right\"><strong>Porcentaje<\/strong><\/th>\n<\/tr>\n<tr>\n<th scope=\"row\" style=\"text-align: left\">RICK AVILA<\/th>\n<td align=\"right\">1,205<\/td>\n<td align=\"right\">8.07%<\/td>\n<\/tr>\n<tr>\n<th scope=\"row\" style=\"text-align: left\">JIM PENMAN<\/th>\n<td align=\"right\">5,376<\/td>\n<td align=\"right\">36.01%<\/td>\n<\/tr>\n<tr>\n<th scope=\"row\" style=\"text-align: left\">PAT MORRIS<\/th>\n<td class=\"winner\" align=\"right\">8,349<\/td>\n<td class=\"winner\" align=\"right\">55.92%<\/td>\n<\/tr>\n<tr>\n<th scope=\"row\" style=\"text-align: left\">Total<\/th>\n<td align=\"right\">14,930<\/td>\n<td align=\"right\">100.00%<\/td>\n<\/tr>\n<\/tbody>\n<\/table>\n<p>&nbsp;<\/p>\n<hr \/>\n<table width=\"80%\">\n<tbody>\n<tr>\n<td>MIEMBRO DEL CONCEJO \u2013 CIUDAD DE SAN BERNARDINO, DISTRITO ELECTORAL 1<\/td>\n<\/tr>\n<tr>\n<td>33\/33 100.00%<\/td>\n<\/tr>\n<\/tbody>\n<\/table>\n<table class=\"sovTableResults\">\n<tbody>\n<tr>\n<th><\/th>\n<th align=\"right\"><strong>Conteo de Votos<\/strong><\/th>\n<th align=\"right\"><strong>Porcentaje<\/strong><\/th>\n<\/tr>\n<tr>\n<th scope=\"row\" style=\"text-align: left\">ESTHER R. ESTRADA<\/th>\n<td align=\"right\">654<\/td>\n<td align=\"right\">48.88%<\/td>\n<\/tr>\n<tr>\n<th scope=\"row\" style=\"text-align: left\">VIRGINIA MARQUEZ<\/th>\n<td class=\"winner\" align=\"right\">684<\/td>\n<td class=\"winner\" align=\"right\">51.12%<\/td>\n<\/tr>\n<tr>\n<th scope=\"row\" style=\"text-align: left\">Total<\/th>\n<td align=\"right\">1,338<\/td>\n<td align=\"right\">100.00%<\/td>\n<\/tr>\n<\/tbody>\n<\/table>\n<p>&nbsp;<\/p>\n<hr \/>\n<table width=\"80%\">\n<tbody>\n<tr>\n<td>MIEMBRO DEL CONCEJO \u2013 CIUDAD DE SAN BERNARDINO, DISTRITO ELECTORAL 2<\/td>\n<\/tr>\n<tr>\n<td>15\/15 100.00%<\/td>\n<\/tr>\n<\/tbody>\n<\/table>\n<table class=\"sovTableResults\">\n<tbody>\n<tr>\n<th><\/th>\n<th align=\"right\"><strong>Conteo de Votos<\/strong><\/th>\n<th align=\"right\"><strong>Porcentaje<\/strong><\/th>\n<\/tr>\n<tr>\n<th scope=\"row\" style=\"text-align: left\">JASON DESJARDINS<\/th>\n<td class=\"winner\" align=\"right\">649<\/td>\n<td class=\"winner\" align=\"right\">52.85%<\/td>\n<\/tr>\n<tr>\n<th scope=\"row\" style=\"text-align: left\">DENNIS J. BAXTER<\/th>\n<td align=\"right\">579<\/td>\n<td align=\"right\">47.15%<\/td>\n<\/tr>\n<tr>\n<th scope=\"row\" style=\"text-align: left\">Total<\/th>\n<td align=\"right\">1,228<\/td>\n<td align=\"right\">100.00%<\/td>\n<\/tr>\n<\/tbody>\n<\/table>\n<p>&nbsp;<\/p>\n<hr \/>\n<table width=\"80%\">\n<tbody>\n<tr>\n<td>MIEMBRO DEL CONCEJO \u2013 CIUDAD DE SAN BERNARDINO, DISTRITO ELECTORAL 4<\/td>\n<\/tr>\n<tr>\n<td>39\/39 100.00%<\/td>\n<\/tr>\n<\/tbody>\n<\/table>\n<table class=\"sovTableResults\">\n<tbody>\n<tr>\n<th><\/th>\n<th align=\"right\"><strong>Conteo de Votos<\/strong><\/th>\n<th align=\"right\"><strong>Porcentaje<\/strong><\/th>\n<\/tr>\n<tr>\n<th scope=\"row\" style=\"text-align: left\">JOE ARNETT<\/th>\n<td align=\"right\">1,820<\/td>\n<td align=\"right\">47.29%<\/td>\n<\/tr>\n<tr>\n<th scope=\"row\" style=\"text-align: left\">FRED SHORETT<\/th>\n<td class=\"winner\" align=\"right\">2,029<\/td>\n<td class=\"winner\" align=\"right\">52.71%<\/td>\n<\/tr>\n<tr>\n<th scope=\"row\" style=\"text-align: left\">Total<\/th>\n<td align=\"right\">3,849<\/td>\n<td align=\"right\">100.00%<\/td>\n<\/tr>\n<\/tbody>\n<\/table>\n<p>&nbsp;<\/p>\n<hr \/>\n<table width=\"80%\">\n<tbody>\n<tr>\n<td>MIEMBRO DE LA JUNTA GOBERNANTE &#8211; DISTRITO DE COLEGIOS COMUNITARIOS CHAFFEY<\/td>\n<\/tr>\n<tr>\n<td>478\/478 100.00%<\/td>\n<\/tr>\n<\/tbody>\n<\/table>\n<table class=\"sovTableResults\">\n<tbody>\n<tr>\n<th><\/th>\n<th align=\"right\"><strong>Conteo de Votos<\/strong><\/th>\n<th align=\"right\"><strong>Porcentaje<\/strong><\/th>\n<\/tr>\n<tr>\n<th scope=\"row\" style=\"text-align: left\">IRENE HERNANDEZ-BLAIR<\/th>\n<td align=\"right\">5,491<\/td>\n<td align=\"right\">12.57%<\/td>\n<\/tr>\n<tr>\n<th scope=\"row\" style=\"text-align: left\">CHRISTOPHER AGRELLA<\/th>\n<td align=\"right\">3,245<\/td>\n<td align=\"right\">7.43%<\/td>\n<\/tr>\n<tr>\n<th scope=\"row\" style=\"text-align: left\">PAUL VINCENT AVILA<\/th>\n<td align=\"right\">5,512<\/td>\n<td align=\"right\">12.62%<\/td>\n<\/tr>\n<tr>\n<th scope=\"row\" style=\"text-align: left\">KATIE ROBERTS<\/th>\n<td class=\"winner\" align=\"right\">15,203<\/td>\n<td class=\"winner\" align=\"right\">34.80%<\/td>\n<\/tr>\n<tr>\n<th scope=\"row\" style=\"text-align: left\">KATHLEEN (KATHY) BRUGGER<\/th>\n<td class=\"winner\" align=\"right\">14,238<\/td>\n<td class=\"winner\" align=\"right\">32.59%<\/td>\n<\/tr>\n<tr>\n<th scope=\"row\" style=\"text-align: left\">Total<\/th>\n<td align=\"right\">43,689<\/td>\n<td align=\"right\">100.00%<\/td>\n<\/tr>\n<\/tbody>\n<\/table>\n<p>&nbsp;<\/p>\n<hr \/>\n<table width=\"80%\">\n<tbody>\n<tr>\n<td>MIEMBRO DE LA JUNTA GOBERNANTE &#8211; DISTRITO ESCOLAR UNIFICADO BAKER VALLEY<\/td>\n<\/tr>\n<tr>\n<td>8\/8 100.00%<\/td>\n<\/tr>\n<\/tbody>\n<\/table>\n<table class=\"sovTableResults\">\n<tbody>\n<tr>\n<th><\/th>\n<th align=\"right\"><strong>Conteo de Votos<\/strong><\/th>\n<th align=\"right\"><strong>Porcentaje<\/strong><\/th>\n<\/tr>\n<tr>\n<th scope=\"row\" style=\"text-align: left\">ADAM HORENBURG<\/th>\n<td class=\"winner\" align=\"right\">46<\/td>\n<td class=\"winner\" align=\"right\">30.07%<\/td>\n<\/tr>\n<tr>\n<th scope=\"row\" style=\"text-align: left\">NATHAN CRANMER<\/th>\n<td class=\"winner\" align=\"right\">49<\/td>\n<td class=\"winner\" align=\"right\">32.03%<\/td>\n<\/tr>\n<tr>\n<th scope=\"row\" style=\"text-align: left\">ANN PRICE<\/th>\n<td class=\"winner\" align=\"right\">34<\/td>\n<td class=\"winner\" align=\"right\">22.22%<\/td>\n<\/tr>\n<tr>\n<th scope=\"row\" style=\"text-align: left\">PAM BENSON<\/th>\n<td align=\"right\">24<\/td>\n<td align=\"right\">15.69%<\/td>\n<\/tr>\n<tr>\n<th scope=\"row\" style=\"text-align: left\">Total<\/th>\n<td align=\"right\">153<\/td>\n<td align=\"right\">100.00%<\/td>\n<\/tr>\n<\/tbody>\n<\/table>\n<p>&nbsp;<\/p>\n<hr \/>\n<table width=\"80%\">\n<tbody>\n<tr>\n<td>DIRECTOR \u2013 DISTRITO DE SERVICIOS COMUNITARIOS HELENDALE<\/td>\n<\/tr>\n<tr>\n<td>6\/6 100.00%<\/td>\n<\/tr>\n<\/tbody>\n<\/table>\n<table class=\"sovTableResults\">\n<tbody>\n<tr>\n<th><\/th>\n<th align=\"right\"><strong>Conteo de Votos<\/strong><\/th>\n<th align=\"right\"><strong>Porcentaje<\/strong><\/th>\n<\/tr>\n<tr>\n<th scope=\"row\" style=\"text-align: left\">RON CLARK<\/th>\n<td class=\"winner\" align=\"right\">549<\/td>\n<td class=\"winner\" align=\"right\">47.25%<\/td>\n<\/tr>\n<tr>\n<th scope=\"row\" style=\"text-align: left\">MICHAEL E. KELLY<\/th>\n<td align=\"right\">184<\/td>\n<td align=\"right\">15.83%<\/td>\n<\/tr>\n<tr>\n<th scope=\"row\" style=\"text-align: left\">CRAIG J. SCHNEIDER<\/th>\n<td class=\"winner\" align=\"right\">429<\/td>\n<td class=\"winner\" align=\"right\">36.92%<\/td>\n<\/tr>\n<tr>\n<th scope=\"row\" style=\"text-align: left\">Total<\/th>\n<td align=\"right\">1,162<\/td>\n<td align=\"right\">100.00%<\/td>\n<\/tr>\n<\/tbody>\n<\/table>\n<p>&nbsp;<\/p>\n<hr \/>\n<table width=\"80%\">\n<tbody>\n<tr>\n<td>DIRECTOR \u2013 DISTRITO DE SERVICIOS COMUNITARIOS NEWBERRY<\/td>\n<\/tr>\n<tr>\n<td>2\/2 100.00%<\/td>\n<\/tr>\n<\/tbody>\n<\/table>\n<table class=\"sovTableResults\">\n<tbody>\n<tr>\n<th><\/th>\n<th align=\"right\"><strong>Conteo de Votos<\/strong><\/th>\n<th align=\"right\"><strong>Porcentaje<\/strong><\/th>\n<\/tr>\n<tr>\n<th scope=\"row\" style=\"text-align: left\">LINDA HARPER<\/th>\n<td align=\"right\">82<\/td>\n<td align=\"right\">14.16%<\/td>\n<\/tr>\n<tr>\n<th scope=\"row\" style=\"text-align: left\">DIANA H. WILLIAMS<\/th>\n<td class=\"winner\" align=\"right\">86<\/td>\n<td class=\"winner\" align=\"right\">14.85%<\/td>\n<\/tr>\n<tr>\n<th scope=\"row\" style=\"text-align: left\">LINDA DELUCA<\/th>\n<td align=\"right\">70<\/td>\n<td align=\"right\">12.09%<\/td>\n<\/tr>\n<tr>\n<th scope=\"row\" style=\"text-align: left\">KATHY S RIDLER<\/th>\n<td align=\"right\">83<\/td>\n<td align=\"right\">14.34%<\/td>\n<\/tr>\n<tr>\n<th scope=\"row\" style=\"text-align: left\">BOB VASSEUR<\/th>\n<td align=\"right\">68<\/td>\n<td align=\"right\">11.74%<\/td>\n<\/tr>\n<tr>\n<th scope=\"row\" style=\"text-align: left\">WAYNE L. SNIVELY<\/th>\n<td class=\"winner\" align=\"right\">89<\/td>\n<td class=\"winner\" align=\"right\">15.37%<\/td>\n<\/tr>\n<tr>\n<th scope=\"row\" style=\"text-align: left\">ROBERT SEELEY<\/th>\n<td class=\"winner\" align=\"right\">101<\/td>\n<td class=\"winner\" align=\"right\">17.44%<\/td>\n<\/tr>\n<tr>\n<th scope=\"row\" style=\"text-align: left\">Total<\/th>\n<td align=\"right\">579<\/td>\n<td align=\"right\">100.00%<\/td>\n<\/tr>\n<\/tbody>\n<\/table>\n<p>&nbsp;<\/p>\n<hr \/>\n<table width=\"80%\">\n<tbody>\n<tr>\n<td>DIRECTOR \u2013 DISTRITO DE AGUAS DEL CONDADO APPLE VALLEY HEIGHTS<\/td>\n<\/tr>\n<tr>\n<td>1\/1 100.00%<\/td>\n<\/tr>\n<\/tbody>\n<\/table>\n<table class=\"sovTableResults\">\n<tbody>\n<tr>\n<th><\/th>\n<th align=\"right\"><strong>Conteo de Votos<\/strong><\/th>\n<th align=\"right\"><strong>Porcentaje<\/strong><\/th>\n<\/tr>\n<tr>\n<th scope=\"row\" style=\"text-align: left\">LARRY HUNTER<\/th>\n<td class=\"winner\" align=\"right\">40<\/td>\n<td class=\"winner\" align=\"right\">21.51%<\/td>\n<\/tr>\n<tr>\n<th scope=\"row\" style=\"text-align: left\">JOHN JOSEPH KUNZ<\/th>\n<td class=\"winner\" align=\"right\">43<\/td>\n<td class=\"winner\" align=\"right\">23.12%<\/td>\n<\/tr>\n<tr>\n<th scope=\"row\" style=\"text-align: left\">GLENN A. LINCOLN, JR.<\/th>\n<td align=\"right\">35<\/td>\n<td align=\"right\">18.82%<\/td>\n<\/tr>\n<tr>\n<th scope=\"row\" style=\"text-align: left\">JACOB S. JOHNSON<\/th>\n<td class=\"winner\" align=\"right\">37<\/td>\n<td class=\"winner\" align=\"right\">19.89%<\/td>\n<\/tr>\n<tr>\n<th scope=\"row\" style=\"text-align: left\">DAVID A. SMITH<\/th>\n<td align=\"right\">31<\/td>\n<td align=\"right\">16.67%<\/td>\n<\/tr>\n<tr>\n<th scope=\"row\" style=\"text-align: left\">Total<\/th>\n<td align=\"right\">186<\/td>\n<td align=\"right\">100.00%<\/td>\n<\/tr>\n<\/tbody>\n<\/table>\n<p>&nbsp;<\/p>\n<hr \/>\n<table width=\"80%\">\n<tbody>\n<tr>\n<td>DIRECTOR \u2013 DISTRITO DE AGUAS RUNNING SPRINGS<\/td>\n<\/tr>\n<tr>\n<td>10\/10 100.00%<\/td>\n<\/tr>\n<\/tbody>\n<\/table>\n<table class=\"sovTableResults\">\n<tbody>\n<tr>\n<th><\/th>\n<th align=\"right\"><strong>Conteo de Votos<\/strong><\/th>\n<th align=\"right\"><strong>Porcentaj<\/strong><\/th>\n<\/tr>\n<tr>\n<th scope=\"row\" style=\"text-align: left\">KIRK S. GARVIN<\/th>\n<td align=\"right\">199<\/td>\n<td align=\"right\">15.02%<\/td>\n<\/tr>\n<tr>\n<th scope=\"row\" style=\"text-align: left\">JANE GARVIN<\/th>\n<td align=\"right\">143<\/td>\n<td align=\"right\">10.79%<\/td>\n<\/tr>\n<tr>\n<th scope=\"row\" style=\"text-align: left\">KENNETH AYERS<\/th>\n<td class=\"winner\" align=\"right\">358<\/td>\n<td class=\"winner\" align=\"right\">27.02%<\/td>\n<\/tr>\n<tr>\n<th scope=\"row\" style=\"text-align: left\">PAMELLA V. BENNETT<\/th>\n<td class=\"winner\" align=\"right\">318<\/td>\n<td class=\"winner\" align=\"right\">24.00%<\/td>\n<\/tr>\n<tr>\n<th scope=\"row\" style=\"text-align: left\">PAUL V SHOUSE<\/th>\n<td class=\"winner\" align=\"right\">307<\/td>\n<td class=\"winner\" align=\"right\">23.17%<\/td>\n<\/tr>\n<tr>\n<th scope=\"row\" style=\"text-align: left\">Total<\/th>\n<td align=\"right\">1,325<\/td>\n<td align=\"right\">100.00%<\/td>\n<\/tr>\n<\/tbody>\n<\/table>\n<p>&nbsp;<\/p>\n<hr \/>\n<table width=\"80%\">\n<tbody>\n<tr>\n<td>DIRECTOR \u2013 DISTRITO DE AGUAS WEST VALLEY<\/td>\n<\/tr>\n<tr>\n<td>75\/75 100.00%<\/td>\n<\/tr>\n<\/tbody>\n<\/table>\n<table class=\"sovTableResults\">\n<tbody>\n<tr>\n<th><\/th>\n<th align=\"right\"><strong>Conteo de Votos<\/strong><\/th>\n<th align=\"right\"><strong>Porcentaje<\/strong><\/th>\n<\/tr>\n<tr>\n<th scope=\"row\" style=\"text-align: left\">MARCUS HOUSTON<\/th>\n<td align=\"right\">783<\/td>\n<td align=\"right\">21.38%<\/td>\n<\/tr>\n<tr>\n<th scope=\"row\" style=\"text-align: left\">JACKIE S. COX<\/th>\n<td class=\"winner\" align=\"right\">969<\/td>\n<td class=\"winner\" align=\"right\">26.45%<\/td>\n<\/tr>\n<tr>\n<th scope=\"row\" style=\"text-align: left\">DON OLINGER<\/th>\n<td class=\"winner\" align=\"right\">1,230<\/td>\n<td class=\"winner\" align=\"right\">33.58%<\/td>\n<\/tr>\n<tr>\n<th scope=\"row\" style=\"text-align: left\">LINA MONTES<\/th>\n<td align=\"right\">681<\/td>\n<td align=\"right\">18.59%<\/td>\n<\/tr>\n<tr>\n<th scope=\"row\" style=\"text-align: left\">Total<\/th>\n<td align=\"right\">3,663<\/td>\n<td align=\"right\">100.00%<\/td>\n<\/tr>\n<\/tbody>\n<\/table>\n<p>&nbsp;<\/p>\n<hr \/>\n<table width=\"80%\">\n<tbody>\n<tr>\n<td>DIRECTOR \u2013 AGENCIA DE AGUAS BIGHORN-DESERT VIEW \u2013 FT<\/td>\n<\/tr>\n<tr>\n<td>7\/7 100.00%<\/td>\n<\/tr>\n<\/tbody>\n<\/table>\n<table class=\"sovTableResults\">\n<tbody>\n<tr>\n<th><\/th>\n<th align=\"right\"><strong>Conteo de Votos<\/strong><\/th>\n<th align=\"right\"><strong>Porcentaje<\/strong><\/th>\n<\/tr>\n<tr>\n<th scope=\"row\" style=\"text-align: left\">JUDY CORL-LORONO<\/th>\n<td align=\"right\">174<\/td>\n<td align=\"right\">17.09%<\/td>\n<\/tr>\n<tr>\n<th scope=\"row\" style=\"text-align: left\">J. LARRY COULOMBE<\/th>\n<td class=\"winner\" align=\"right\">246<\/td>\n<td class=\"winner\" align=\"right\">24.17%<\/td>\n<\/tr>\n<tr>\n<th scope=\"row\" style=\"text-align: left\">MARTHA E. OSWALT<\/th>\n<td class=\"winner\" align=\"right\">195<\/td>\n<td class=\"winner\" align=\"right\">19.16%<\/td>\n<\/tr>\n<tr>\n<th scope=\"row\" style=\"text-align: left\">BARBARA RENTON<\/th>\n<td align=\"right\">194<\/td>\n<td align=\"right\">19.06%<\/td>\n<\/tr>\n<tr>\n<th scope=\"row\" style=\"text-align: left\">TERRY BURKHART<\/th>\n<td class=\"winner\" align=\"right\">209<\/td>\n<td class=\"winner\" align=\"right\">20.53%<\/td>\n<\/tr>\n<tr>\n<th scope=\"row\" style=\"text-align: left\">Total<\/th>\n<td align=\"right\">1,018<\/td>\n<td align=\"right\">100.00%<\/td>\n<\/tr>\n<\/tbody>\n<\/table>\n<p>&nbsp;<\/p>\n<hr \/>\n<table width=\"80%\">\n<tbody>\n<tr>\n<td>DIRECTOR \u2013 AGENCIA DE AGUAS BIGHORN-DESERT VIEW \u2013 ST<\/td>\n<\/tr>\n<tr>\n<td>7\/7 100.00%<\/td>\n<\/tr>\n<\/tbody>\n<\/table>\n<table class=\"sovTableResults\">\n<tbody>\n<tr>\n<th><\/th>\n<th align=\"right\"><strong>Conteo de Votos<\/strong><\/th>\n<th align=\"right\"><strong>Porcentaje<\/strong><\/th>\n<\/tr>\n<tr>\n<th scope=\"row\" style=\"text-align: left\">DAVID A. LARSON<\/th>\n<td class=\"winner\" align=\"right\">226<\/td>\n<td class=\"winner\" align=\"right\">60.27%<\/td>\n<\/tr>\n<tr>\n<th scope=\"row\" style=\"text-align: left\">WARREN N. STRODEL<\/th>\n<td align=\"right\">149<\/td>\n<td align=\"right\">39.73%<\/td>\n<\/tr>\n<tr>\n<th scope=\"row\" style=\"text-align: left\">Total<\/th>\n<td align=\"right\">375<\/td>\n<td align=\"right\">100.00%<\/td>\n<\/tr>\n<\/tbody>\n<\/table>\n<p>&nbsp;<\/p>\n<hr \/>\n<table width=\"80%\">\n<tbody>\n<tr>\n<td>DIRECTOR \u2013 DISTRITO PARA LA CONSERVACI\u00d3N DEL AGUA SAN BERNARDINO VALLEY, DIVISI\u00d3N 5<\/td>\n<\/tr>\n<tr>\n<td>45\/45 100.00%<\/td>\n<\/tr>\n<\/tbody>\n<\/table>\n<table class=\"sovTableResults\">\n<tbody>\n<tr>\n<th><\/th>\n<th align=\"right\"><strong>Conteo de Votos<\/strong><\/th>\n<th align=\"right\"><strong>Porcentaje<\/strong><\/th>\n<\/tr>\n<tr>\n<th scope=\"row\" style=\"text-align: left\">CHERYL A. TUBBS<\/th>\n<td align=\"right\">1,012<\/td>\n<td align=\"right\">48.24%<\/td>\n<\/tr>\n<tr>\n<th scope=\"row\" style=\"text-align: left\">DAVID E. RALEY<\/th>\n<td class=\"winner\" align=\"right\">1,086<\/td>\n<td class=\"winner\" align=\"right\">51.76%<\/td>\n<\/tr>\n<tr>\n<th scope=\"row\" style=\"text-align: left\">Total<\/th>\n<td align=\"right\">2,098<\/td>\n<td align=\"right\">100.00%<\/td>\n<\/tr>\n<\/tbody>\n<\/table>\n<p>&nbsp;<\/p>\n<hr \/>\n<table width=\"80%\">\n<tbody>\n<tr>\n<td>MEDIDA LL \u2013 BOLETA POR CORREO DEL DISTRITO DE AGUAS RUNNING SPRINGS<\/td>\n<\/tr>\n<tr>\n<td>10\/10 100.00%<\/td>\n<\/tr>\n<\/tbody>\n<\/table>\n<table class=\"sovTableResults\">\n<tbody>\n<tr>\n<th><\/th>\n<th align=\"right\"><strong>Conteo de Votos<\/strong><\/th>\n<th align=\"right\"><strong>Porcentaje<\/strong><\/th>\n<\/tr>\n<tr>\n<th scope=\"row\" style=\"text-align: left\">S\u00cd<\/th>\n<td class=\"winner\" align=\"right\">393<\/td>\n<td class=\"winner\" align=\"right\">83.62%<\/td>\n<\/tr>\n<tr>\n<th scope=\"row\" style=\"text-align: left\">NO<\/th>\n<td align=\"right\">77<\/td>\n<td align=\"right\">16.38%<\/td>\n<\/tr>\n<tr>\n<th scope=\"row\" style=\"text-align: left\">Total<\/th>\n<td align=\"right\">470<\/td>\n<td align=\"right\">100.00%<\/td>\n<\/tr>\n<\/tbody>\n<\/table>\n<p>&nbsp;<\/p>\n<hr \/>\n<table width=\"80%\">\n<tbody>\n<tr>\n<td>MEDIDA M \u2013 L\u00cdMITE DE ASIGNACIONES DEL DISTRITO DE SERVICIOS COMUNITARIOS HELENDALE<\/td>\n<\/tr>\n<tr>\n<td>6\/6 100.00%<\/td>\n<\/tr>\n<\/tbody>\n<\/table>\n<table class=\"sovTableResults\">\n<tbody>\n<tr>\n<th><\/th>\n<th align=\"right\"><strong>Conteo de Votos<\/strong><\/th>\n<th align=\"right\"><strong>Porcentaje<\/strong><\/th>\n<\/tr>\n<tr>\n<th scope=\"row\" style=\"text-align: left\">S\u00cd<\/th>\n<td class=\"winner\" align=\"right\">552<\/td>\n<td class=\"winner\" align=\"right\">80.94%<\/td>\n<\/tr>\n<tr>\n<th scope=\"row\" style=\"text-align: left\">NO<\/th>\n<td align=\"right\">130<\/td>\n<td align=\"right\">19.06%<\/td>\n<\/tr>\n<tr>\n<th scope=\"row\" style=\"text-align: left\">Total<\/th>\n<td align=\"right\">682<\/td>\n<td align=\"right\">100.00%<\/td>\n<\/tr>\n<\/tbody>\n<\/table>\n<p>&nbsp;<\/p>\n<hr \/>\n<\/div>\n\n  <\/section>\n\n\t","protected":false},"excerpt":{"rendered":"<p>Declaraci\u00f3n de Votos Emitidos Contienda N\u00famero de p\u00e1gina ALCALDE \u2013 CIUDAD DE SAN BERNARDINO [pdf] 1 MIEMBRO DEL CONCEJO \u2013 CIUDAD DE SAN BERNARDINO, DISTRITO ELECTORAL 1 [pdf] 8 MIEMBRO DEL CONCEJO \u2013 CIUDAD DE SAN BERNARDINO, DISTRITO ELECTORAL 2 [pdf] 10 MIEMBRO DEL CONCEJO \u2013 CIUDAD DE SAN BERNARDINO,<span class=\"ellipsis\">&#8230;<\/span><\/p>\n","protected":false},"author":19,"featured_media":37382,"parent":36237,"menu_order":0,"comment_status":"closed","ping_status":"closed","template":"templates\/rov-left-sidebar-template.php","meta":{"_acf_changed":false,"footnotes":""},"class_list":["post-36414","page","type-page","status-publish","has-post-thumbnail","hentry"],"acf":[],"_links":{"self":[{"href":"https:\/\/elections.sbcounty.gov\/es\/wp-json\/wp\/v2\/pages\/36414","targetHints":{"allow":["GET"]}}],"collection":[{"href":"https:\/\/elections.sbcounty.gov\/es\/wp-json\/wp\/v2\/pages"}],"about":[{"href":"https:\/\/elections.sbcounty.gov\/es\/wp-json\/wp\/v2\/types\/page"}],"author":[{"embeddable":true,"href":"https:\/\/elections.sbcounty.gov\/es\/wp-json\/wp\/v2\/users\/19"}],"replies":[{"embeddable":true,"href":"https:\/\/elections.sbcounty.gov\/es\/wp-json\/wp\/v2\/comments?post=36414"}],"version-history":[{"count":5,"href":"https:\/\/elections.sbcounty.gov\/es\/wp-json\/wp\/v2\/pages\/36414\/revisions"}],"predecessor-version":[{"id":84457,"href":"https:\/\/elections.sbcounty.gov\/es\/wp-json\/wp\/v2\/pages\/36414\/revisions\/84457"}],"up":[{"embeddable":true,"href":"https:\/\/elections.sbcounty.gov\/es\/wp-json\/wp\/v2\/pages\/36237"}],"wp:featuredmedia":[{"embeddable":true,"href":"https:\/\/elections.sbcounty.gov\/es\/wp-json\/wp\/v2\/media\/37382"}],"wp:attachment":[{"href":"https:\/\/elections.sbcounty.gov\/es\/wp-json\/wp\/v2\/media?parent=36414"}],"curies":[{"name":"wp","href":"https:\/\/api.w.org\/{rel}","templated":true}]}}