{"id":36384,"date":"2021-12-10T16:33:23","date_gmt":"2021-12-10T16:33:23","guid":{"rendered":"https:\/\/www.elections.sbcounty.gov\/?page_id=36384"},"modified":"2024-06-26T16:14:57","modified_gmt":"2024-06-26T23:14:57","slug":"0825","status":"publish","type":"page","link":"https:\/\/elections.sbcounty.gov\/es\/elections\/2009\/0825\/","title":{"rendered":"Archivo de Resultados de las Elecciones Generales de Distrito (25 de agosto de 2009)"},"content":{"rendered":"  <section data-isd-block-id=\"rov-content-blockblock_af2d035e8da6f5740f5c03a8f83836f4\"\n\t\t\t\t\t\t\t\t\t\t \t\t\t\t\t\t\t\t\t\t\t class=\"card-style main-content-wrapper rov-card-style mb-4\">\n\n\t<h2 class=\"block-subtitle blue\">Declaraci\u00f3n de Votos Emitidos<\/h2>\n\n\t<div class=\"ctnr-block-content\"><table class=\"sovIndex\">\n<tbody>\n<tr>\n<th><strong>Contienda<\/strong><\/th>\n<th><strong>N\u00famero de p\u00e1gina<\/strong><\/th>\n<\/tr>\n<tr>\n<td><a href=\"https:\/\/www.sbcounty.gov\/uploads\/ROV\/Elections\/2009\/0825\/1DIRECTOR,_ARROWBEAR_PARK_COUNTY_WATER_DIST.pdf\" target=\"_blank\" rel=\"noopener\">DIRECTOR, DISTRITO DE AGUAS DEL CONDADO ARROWBEAR PARK<\/a> [pdf]<\/td>\n<td>1<\/td>\n<\/tr>\n<tr>\n<td><a href=\"https:\/\/www.sbcounty.gov\/uploads\/ROV\/Elections\/2009\/0825\/2DIRECTOR,_MARIANA_RANCHOS_COUNTY_WATER_DIST.pdf\" target=\"_blank\" rel=\"noopener\">DIRECTOR, DISTRITO DE AGUAS DEL CONDADO MARIANA RANCHOS<\/a> [pdf]<\/td>\n<td>2<\/td>\n<\/tr>\n<tr>\n<td><a href=\"https:\/\/www.sbcounty.gov\/uploads\/ROV\/Elections\/2009\/0825\/3DIRECTOR,_CHINO_VALLEY_INDEPENDENT_FIRE_DIST.pdf\" target=\"_blank\" rel=\"noopener\">DIRECTOR, DISTRITO DE PROTECCI\u00d3N CONTRA INCENDIOS INDEPENDIENTE CHINO VALLEY<\/a> [pdf]<\/td>\n<td>3<\/td>\n<\/tr>\n<tr>\n<td><a href=\"https:\/\/www.sbcounty.gov\/uploads\/ROV\/Elections\/2009\/0825\/5DIRECTOR,_CREST_FOREST_FIRE_PROTECTION_DIST.pdf\" target=\"_blank\" rel=\"noopener\">DIRECTOR, DISTRITO DE PROTECCI\u00d3N CONTRA INCENDIOS CREST FOREST<\/a> [pdf]<\/td>\n<td>5<\/td>\n<\/tr>\n<tr>\n<td><a href=\"https:\/\/www.sbcounty.gov\/uploads\/ROV\/Elections\/2009\/0825\/6DIRECTOR,_TWENTYNINE_PALMS_WATER_DIST.pdf\" target=\"_blank\" rel=\"noopener\">DIRECTOR, DISTRITO DE AGUAS TWENTYNINE PALMS<\/a> [pdf]<\/td>\n<td>6<\/td>\n<\/tr>\n<tr>\n<td><a href=\"https:\/\/www.sbcounty.gov\/uploads\/ROV\/Elections\/2009\/0825\/7QUESTION,_MARIANA_RANCHOS_COUNTY_WATER_DIST.pdf\" target=\"_blank\" rel=\"noopener\">PREGUNTA, DISTRITO DE AGUAS DEL CONDADO MARIANA RANCHOS<\/a> [pdf]<\/td>\n<td>7<\/td>\n<\/tr>\n<tr>\n<td><a href=\"https:\/\/www.sbcounty.gov\/uploads\/ROV\/Elections\/2009\/0825\/8QUESTION,_ARROWBEAR_PARK_COUNTY_WATER_DIST.pdf\" target=\"_blank\" rel=\"noopener\">PREGUNTA, DISTRITO DE AGUAS DEL CONDADO ARROWBEAR PARK<\/a> [pdf]<\/td>\n<td>8<\/td>\n<\/tr>\n<tr>\n<td><a href=\"https:\/\/www.sbcounty.gov\/uploads\/ROV\/Elections\/2009\/0825\/9QUESTION,_CHINO_VALLEY_INDEPENDENT_FIRE_DIST.pdf\" target=\"_blank\" rel=\"noopener\">PREGUNTA, DISTRITO DE PROTECCI\u00d3N CONTRA INCENDIOS INDEPENDIENTE CHINO VALLEY<\/a> [pdf]<\/td>\n<td>9<\/td>\n<\/tr>\n<tr>\n<td><a href=\"https:\/\/www.sbcounty.gov\/uploads\/ROV\/Elections\/2009\/0825\/11QUESTION,_CREST_FOREST_FIRE_PROTECTION_DIST.pdf\" target=\"_blank\" rel=\"noopener\">PREGUNTA, DISTRITO DE PROTECCI\u00d3N CONTRA INCENDIOS CREST FOREST<\/a> [pdf]<\/td>\n<td>11<\/td>\n<\/tr>\n<tr>\n<td><a href=\"https:\/\/www.sbcounty.gov\/uploads\/ROV\/Elections\/2009\/0825\/12QUESTION,_TWENTYNINE_PALMS_WATER_DIST.pdf\" target=\"_blank\" rel=\"noopener\">PREGUNTA, DISTRITO DE AGUAS TWENTYNINE PALMS<\/a> [pdf]<\/td>\n<td>12<\/td>\n<\/tr>\n<\/tbody>\n<\/table>\n<p>&nbsp;<\/p>\n<\/div>\n\n  <\/section>\n\n\t\n\n  <section data-isd-block-id=\"rov-content-blockblock_dc51e92110167d53daa045db47109fab\"\n\t\t\t\t\t\t\t\t\t\t \t\t\t\t\t\t\t\t\t\t\t class=\"card-style main-content-wrapper rov-card-style mb-4\">\n\n\t<h2 class=\"block-subtitle blue\">Resultados Finales Certificados de las Elecciones<\/h2>\n\n\t<div class=\"ctnr-block-content\"><p style=\"text-align: center\"><strong>Condado de San Bernardino<\/strong><strong><br \/>\n<\/strong><strong>ELECCIONES GENERALES DE DISTRITO<\/strong><strong><br \/>\n<\/strong><strong>25 de agosto de 2009<\/strong><\/p>\n<p style=\"text-align: center\"><strong>\u00daltima Actualizaci\u00f3n: 8 de septiembre de 2009 2:10 PM<\/strong><\/p>\n<table role=\"presentation\" width=\"80%\">\n<tbody>\n<tr>\n<td>Registro y N\u00famero de Votantes<\/td>\n<\/tr>\n<tr>\n<td>84,820 Votantes<\/td>\n<\/tr>\n<\/tbody>\n<\/table>\n<table class=\"sovTableResults\">\n<tbody>\n<tr>\n<th><\/th>\n<th align=\"right\"><strong>Conteo de Votos<\/strong><\/th>\n<th align=\"right\"><strong>Porcentaje<\/strong><\/th>\n<\/tr>\n<tr>\n<th scope=\"row\" style=\"text-align: left\">N\u00famero de Votantes del Distrito Electoral<\/th>\n<td align=\"right\">13,655<\/td>\n<td align=\"right\">16.10%<\/td>\n<\/tr>\n<tr>\n<th scope=\"row\" style=\"text-align: left\">Total<\/th>\n<td align=\"right\">13,655<\/td>\n<td align=\"right\">16.10%<\/td>\n<\/tr>\n<\/tbody>\n<\/table>\n<p>&nbsp;<\/p>\n<hr \/>\n<table role=\"presentation\" width=\"80%\">\n<tbody>\n<tr>\n<td>DIRECTOR, DISTRITO DE AGUAS DEL CONDADO ARROWBEAR PARK<\/td>\n<\/tr>\n<tr>\n<td>1\/1 100.00%<\/td>\n<\/tr>\n<\/tbody>\n<\/table>\n<table class=\"sovTableResults\">\n<tbody>\n<tr>\n<th><\/th>\n<th align=\"right\"><strong>Conteo de Votos<\/strong><\/th>\n<th align=\"right\"><strong>Porcentaje<\/strong><\/th>\n<\/tr>\n<tr>\n<th scope=\"row\" style=\"text-align: left\">PATRICK MOORE<\/th>\n<td align=\"right\">56<\/td>\n<td align=\"right\">18.73%<\/td>\n<\/tr>\n<tr>\n<th scope=\"row\" style=\"text-align: left\">PAT OBERLIES<\/th>\n<td class=\"winner\" align=\"right\">68<\/td>\n<td class=\"winner\" align=\"right\">22.74%<\/td>\n<\/tr>\n<tr>\n<th scope=\"row\" style=\"text-align: left\">RICHARD NIEZGODZKI<\/th>\n<td align=\"right\">30<\/td>\n<td align=\"right\">10.03%<\/td>\n<\/tr>\n<tr>\n<th scope=\"row\" style=\"text-align: left\">JOHN W SMITH<\/th>\n<td align=\"right\">20<\/td>\n<td align=\"right\">6.69%<\/td>\n<\/tr>\n<tr>\n<th scope=\"row\" style=\"text-align: left\">RICHARD KURITZ<\/th>\n<td class=\"winner\" align=\"right\">66<\/td>\n<td class=\"winner\" align=\"right\">22.07%<\/td>\n<\/tr>\n<tr>\n<th scope=\"row\" style=\"text-align: left\">KENT JENKINS<\/th>\n<td align=\"right\">59<\/td>\n<td align=\"right\">19.73%<\/td>\n<\/tr>\n<tr>\n<th scope=\"row\" style=\"text-align: left\">Total<\/th>\n<td align=\"right\">299<\/td>\n<td align=\"right\">100.00%<\/td>\n<\/tr>\n<\/tbody>\n<\/table>\n<p>&nbsp;<\/p>\n<hr \/>\n<table role=\"presentation\" width=\"80%\">\n<tbody>\n<tr>\n<td>DIRECTOR, DISTRITO DE AGUAS DEL CONDADO MARIANA RANCHOS<\/td>\n<\/tr>\n<tr>\n<td>3\/3 100.00%<\/td>\n<\/tr>\n<\/tbody>\n<\/table>\n<table class=\"sovTableResults\">\n<tbody>\n<tr>\n<th><\/th>\n<th align=\"right\"><strong>Conteo de Votos<\/strong><\/th>\n<th align=\"right\"><strong>Porcentaje<\/strong><\/th>\n<\/tr>\n<tr>\n<th scope=\"row\" style=\"text-align: left\">JOSEPH W. MONROE<\/th>\n<td align=\"right\">79<\/td>\n<td align=\"right\">20.36%<\/td>\n<\/tr>\n<tr>\n<th scope=\"row\" style=\"text-align: left\">DICK FORTYUNE<\/th>\n<td class=\"winner\" align=\"right\">135<\/td>\n<td class=\"winner\" align=\"right\">34.79%<\/td>\n<\/tr>\n<tr>\n<th scope=\"row\" style=\"text-align: left\">ROBERT W. CRITZMAN<\/th>\n<td class=\"winner\" align=\"right\">93<\/td>\n<td class=\"winner\" align=\"right\">23.97%<\/td>\n<\/tr>\n<tr>\n<th scope=\"row\" style=\"text-align: left\">RONALD E DODGE<\/th>\n<td class=\"winner\" align=\"right\">81<\/td>\n<td class=\"winner\" align=\"right\">20.88%<\/td>\n<\/tr>\n<tr>\n<th scope=\"row\" style=\"text-align: left\">Total<\/th>\n<td align=\"right\">388<\/td>\n<td align=\"right\">100.00%<\/td>\n<\/tr>\n<\/tbody>\n<\/table>\n<p>&nbsp;<\/p>\n<hr \/>\n<table role=\"presentation\" width=\"80%\">\n<tbody>\n<tr>\n<td>DIRECTOR, DISTRITO DE PROTECCI\u00d3N CONTRA INCENDIOS INDEPENDIENTE CHINO VALLEY<\/td>\n<\/tr>\n<tr>\n<td>98\/98 100.00%<\/td>\n<\/tr>\n<\/tbody>\n<\/table>\n<table class=\"sovTableResults\">\n<tbody>\n<tr>\n<th><\/th>\n<th align=\"right\"><strong>Conteo de Votos<\/strong><\/th>\n<th align=\"right\"><strong>Porcentaje<\/strong><\/th>\n<\/tr>\n<tr>\n<th scope=\"row\" style=\"text-align: left\">WINN WILLIAMS<\/th>\n<td align=\"right\">3,310<\/td>\n<td align=\"right\">19.86%<\/td>\n<\/tr>\n<tr>\n<th scope=\"row\" style=\"text-align: left\">ED GRAY<\/th>\n<td class=\"winner\" align=\"right\">5,947<\/td>\n<td class=\"winner\" align=\"right\">35.69%<\/td>\n<\/tr>\n<tr>\n<th scope=\"row\" style=\"text-align: left\">DAVID A. VOIGT<\/th>\n<td align=\"right\">1,173<\/td>\n<td align=\"right\">7.04%<\/td>\n<\/tr>\n<tr>\n<th scope=\"row\" style=\"text-align: left\">JAMES &#8221;JIM&#8221; ESPINOSA<\/th>\n<td class=\"winner\" align=\"right\">6,233<\/td>\n<td class=\"winner\" align=\"right\">37.41%<\/td>\n<\/tr>\n<tr>\n<th scope=\"row\" style=\"text-align: left\">Total<\/th>\n<td align=\"right\">16,663<\/td>\n<td align=\"right\">100.00%<\/td>\n<\/tr>\n<\/tbody>\n<\/table>\n<p>&nbsp;<\/p>\n<hr \/>\n<table role=\"presentation\" width=\"80%\">\n<tbody>\n<tr>\n<td>DIRECTOR, DISTRITO DE PROTECCI\u00d3N CONTRA INCENDIOS CREST FOREST<\/td>\n<\/tr>\n<tr>\n<td>43\/43 100.00%<\/td>\n<\/tr>\n<\/tbody>\n<\/table>\n<table class=\"sovTableResults\">\n<tbody>\n<tr>\n<th><\/th>\n<th align=\"right\"><strong>Conteo de Votos<\/strong><\/th>\n<th align=\"right\"><strong>Porcentaje<\/strong><\/th>\n<\/tr>\n<tr>\n<th scope=\"row\" style=\"text-align: left\">MARK E MACHAL<\/th>\n<td class=\"winner\" align=\"right\">1,263<\/td>\n<td class=\"winner\" align=\"right\">32.72%<\/td>\n<\/tr>\n<tr>\n<th scope=\"row\" style=\"text-align: left\">SHAWN BAUER<\/th>\n<td class=\"winner\" align=\"right\">1,021<\/td>\n<td class=\"winner\" align=\"right\">26.45%<\/td>\n<\/tr>\n<tr>\n<th scope=\"row\" style=\"text-align: left\">ROBERT &#8221;BOB&#8221; SPINDLER<\/th>\n<td align=\"right\">691<\/td>\n<td align=\"right\">17.90%<\/td>\n<\/tr>\n<tr>\n<th scope=\"row\" style=\"text-align: left\">LESLIE DODGE TAYLOR<\/th>\n<td class=\"winner\" align=\"right\">885<\/td>\n<td class=\"winner\" align=\"right\">22.93%<\/td>\n<\/tr>\n<tr>\n<th scope=\"row\" style=\"text-align: left\">Total<\/th>\n<td align=\"right\">3,860<\/td>\n<td align=\"right\">100.00%<\/td>\n<\/tr>\n<\/tbody>\n<\/table>\n<p>&nbsp;<\/p>\n<hr \/>\n<table role=\"presentation\" width=\"80%\">\n<tbody>\n<tr>\n<td>DIRECTOR, DISTRITO DE AGUAS TWENTYNINE PALMS<\/td>\n<\/tr>\n<tr>\n<td>11\/11 100.00%<\/td>\n<\/tr>\n<\/tbody>\n<\/table>\n<table class=\"sovTableResults\">\n<tbody>\n<tr>\n<th><\/th>\n<th align=\"right\"><strong>Conteo de Votos<\/strong><\/th>\n<th align=\"right\"><strong>Porcentaje<\/strong><\/th>\n<\/tr>\n<tr>\n<th scope=\"row\" style=\"text-align: left\">ALAN R. ANTHONY<\/th>\n<td align=\"right\">774<\/td>\n<td align=\"right\">19.55%<\/td>\n<\/tr>\n<tr>\n<th scope=\"row\" style=\"text-align: left\">ROGER L. SHINAVER<\/th>\n<td class=\"winner\" align=\"right\">853<\/td>\n<td class=\"winner\" align=\"right\">21.54%<\/td>\n<\/tr>\n<tr>\n<th scope=\"row\" style=\"text-align: left\">PHYLLIS LA LONDE<\/th>\n<td align=\"right\">329<\/td>\n<td align=\"right\">8.31%<\/td>\n<\/tr>\n<tr>\n<th scope=\"row\" style=\"text-align: left\">CHANCEY CHAMBERS<\/th>\n<td class=\"winner\" align=\"right\">928<\/td>\n<td class=\"winner\" align=\"right\">23.43%<\/td>\n<\/tr>\n<tr>\n<th scope=\"row\" style=\"text-align: left\">PHILIP C. CISNEROS<\/th>\n<td class=\"winner\" align=\"right\">1,076<\/td>\n<td class=\"winner\" align=\"right\">27.17%<\/td>\n<\/tr>\n<tr>\n<th scope=\"row\" style=\"text-align: left\">Total<\/th>\n<td align=\"right\">3,960<\/td>\n<td align=\"right\">100.00%<\/td>\n<\/tr>\n<\/tbody>\n<\/table>\n<p>&nbsp;<\/p>\n<hr \/>\n<table role=\"presentation\" width=\"80%\">\n<tbody>\n<tr>\n<td>PREGUNTA, DISTRITO DE AGUAS DEL CONDADO MARIANA RANCHOS<\/td>\n<\/tr>\n<tr>\n<td>3\/3 100.00%<\/td>\n<\/tr>\n<\/tbody>\n<\/table>\n<table class=\"sovTableResults\">\n<tbody>\n<tr>\n<th><\/th>\n<th align=\"right\"><strong>Conteo de Votos<\/strong><\/th>\n<th align=\"right\"><strong>Porcentaje<\/strong><\/th>\n<\/tr>\n<tr>\n<th scope=\"row\" style=\"text-align: left\">S\u00cd<\/th>\n<td class=\"winner\" align=\"right\">131<\/td>\n<td class=\"winner\" align=\"right\">89.12%<\/td>\n<\/tr>\n<tr>\n<th scope=\"row\" style=\"text-align: left\">NO<\/th>\n<td align=\"right\">16<\/td>\n<td align=\"right\">10.88%<\/td>\n<\/tr>\n<tr>\n<th scope=\"row\" style=\"text-align: left\">Total<\/th>\n<td align=\"right\">147<\/td>\n<td align=\"right\">100.00%<\/td>\n<\/tr>\n<\/tbody>\n<\/table>\n<p>&nbsp;<\/p>\n<hr \/>\n<table role=\"presentation\" width=\"80%\">\n<tbody>\n<tr>\n<td>PREGUNTA, DISTRITO DE AGUAS DEL CONDADO ARROWBEAR PARK<\/td>\n<\/tr>\n<tr>\n<td>1\/1 100.00%<\/td>\n<\/tr>\n<\/tbody>\n<\/table>\n<table class=\"sovTableResults\">\n<tbody>\n<tr>\n<th><\/th>\n<th align=\"right\"><strong>Conteo de Votos<\/strong><\/th>\n<th align=\"right\"><strong>Porcentaje<\/strong><\/th>\n<\/tr>\n<tr>\n<th scope=\"row\" style=\"text-align: left\">S\u00cd<\/th>\n<td class=\"winner\" align=\"right\">118<\/td>\n<td class=\"winner\" align=\"right\">86.76%<\/td>\n<\/tr>\n<tr>\n<th scope=\"row\" style=\"text-align: left\">NO<\/th>\n<td align=\"right\">18<\/td>\n<td align=\"right\">13.24%<\/td>\n<\/tr>\n<tr>\n<th scope=\"row\" style=\"text-align: left\">Total<\/th>\n<td align=\"right\">136<\/td>\n<td align=\"right\">100.00%<\/td>\n<\/tr>\n<\/tbody>\n<\/table>\n<p>&nbsp;<\/p>\n<hr \/>\n<table role=\"presentation\" width=\"80%\">\n<tbody>\n<tr>\n<td>PREGUNTA, DISTRITO DE PROTECCI\u00d3N CONTRA INCENDIOS INDEPENDIENTE CHINO VALLEY<\/td>\n<\/tr>\n<tr>\n<td>98\/98 100.00%<\/td>\n<\/tr>\n<\/tbody>\n<\/table>\n<table class=\"sovTableResults\">\n<tbody>\n<tr>\n<th><\/th>\n<th align=\"right\"><strong>Conteo de Votos<\/strong><\/th>\n<th align=\"right\"><strong>Porcentaje<\/strong><\/th>\n<\/tr>\n<tr>\n<th scope=\"row\" style=\"text-align: left\">S\u00cd<\/th>\n<td class=\"winner\" align=\"right\">7,644<\/td>\n<td class=\"winner\" align=\"right\">89.97%<\/td>\n<\/tr>\n<tr>\n<th scope=\"row\" style=\"text-align: left\">NO<\/th>\n<td align=\"right\">852<\/td>\n<td align=\"right\">10.03%<\/td>\n<\/tr>\n<tr>\n<th scope=\"row\" style=\"text-align: left\">Total<\/th>\n<td align=\"right\">8,496<\/td>\n<td align=\"right\">100.00%<\/td>\n<\/tr>\n<\/tbody>\n<\/table>\n<p>&nbsp;<\/p>\n<hr \/>\n<table role=\"presentation\" width=\"80%\">\n<tbody>\n<tr>\n<td>PREGUNTA, DISTRITO DE PROTECCI\u00d3N CONTRA INCENDIOS CREST FOREST<\/td>\n<\/tr>\n<tr>\n<td>43\/43 100.00%<\/td>\n<\/tr>\n<\/tbody>\n<\/table>\n<table class=\"sovTableResults\">\n<tbody>\n<tr>\n<th><\/th>\n<th align=\"right\"><strong>Conteo de Votos<\/strong><\/th>\n<th align=\"right\"><strong>Porcentaje<\/strong><\/th>\n<\/tr>\n<tr>\n<th scope=\"row\" style=\"text-align: left\">S\u00cd<\/th>\n<td class=\"winner\" align=\"right\">1,277<\/td>\n<td class=\"winner\" align=\"right\">89.61%<\/td>\n<\/tr>\n<tr>\n<th scope=\"row\" style=\"text-align: left\">NO<\/th>\n<td align=\"right\">148<\/td>\n<td align=\"right\">10.39%<\/td>\n<\/tr>\n<tr>\n<th scope=\"row\" style=\"text-align: left\">Total<\/th>\n<td align=\"right\">1,425<\/td>\n<td align=\"right\">100.00%<\/td>\n<\/tr>\n<\/tbody>\n<\/table>\n<p>&nbsp;<\/p>\n<hr \/>\n<table role=\"presentation\" width=\"80%\">\n<tbody>\n<tr>\n<td>PREGUNTA, DISTRITO DE AGUAS TWENTYNINE PALMS<\/td>\n<\/tr>\n<tr>\n<td>11\/11 100.00%<\/td>\n<\/tr>\n<\/tbody>\n<\/table>\n<table class=\"sovTableResults\">\n<tbody>\n<tr>\n<th><\/th>\n<th align=\"right\"><strong>Conteo de Votos<\/strong><\/th>\n<th align=\"right\"><strong>Porcentaje<\/strong><\/th>\n<\/tr>\n<tr>\n<th scope=\"row\" style=\"text-align: left\">S\u00cd<\/th>\n<td class=\"winner\" align=\"right\">1,207<\/td>\n<td class=\"winner\" align=\"right\">90.89%<\/td>\n<\/tr>\n<tr>\n<th scope=\"row\" style=\"text-align: left\">NO<\/th>\n<td align=\"right\">121<\/td>\n<td align=\"right\">9.11%<\/td>\n<\/tr>\n<tr>\n<th scope=\"row\" style=\"text-align: left\">Total<\/th>\n<td align=\"right\">1,328<\/td>\n<td align=\"right\">100.00%<\/td>\n<\/tr>\n<\/tbody>\n<\/table>\n<\/div>\n\n  <\/section>\n\n\t","protected":false},"excerpt":{"rendered":"<p>Declaraci\u00f3n de Votos Emitidos Contienda N\u00famero de p\u00e1gina DIRECTOR, DISTRITO DE AGUAS DEL CONDADO ARROWBEAR PARK [pdf] 1 DIRECTOR, DISTRITO DE AGUAS DEL CONDADO MARIANA RANCHOS [pdf] 2 DIRECTOR, DISTRITO DE PROTECCI\u00d3N CONTRA INCENDIOS INDEPENDIENTE CHINO VALLEY [pdf] 3 DIRECTOR, DISTRITO DE PROTECCI\u00d3N CONTRA INCENDIOS CREST FOREST [pdf] 5 DIRECTOR,<span class=\"ellipsis\">&#8230;<\/span><\/p>\n","protected":false},"author":19,"featured_media":37382,"parent":36237,"menu_order":0,"comment_status":"closed","ping_status":"closed","template":"templates\/rov-left-sidebar-template.php","meta":{"_acf_changed":false,"footnotes":""},"class_list":["post-36384","page","type-page","status-publish","has-post-thumbnail","hentry"],"acf":[],"_links":{"self":[{"href":"https:\/\/elections.sbcounty.gov\/es\/wp-json\/wp\/v2\/pages\/36384","targetHints":{"allow":["GET"]}}],"collection":[{"href":"https:\/\/elections.sbcounty.gov\/es\/wp-json\/wp\/v2\/pages"}],"about":[{"href":"https:\/\/elections.sbcounty.gov\/es\/wp-json\/wp\/v2\/types\/page"}],"author":[{"embeddable":true,"href":"https:\/\/elections.sbcounty.gov\/es\/wp-json\/wp\/v2\/users\/19"}],"replies":[{"embeddable":true,"href":"https:\/\/elections.sbcounty.gov\/es\/wp-json\/wp\/v2\/comments?post=36384"}],"version-history":[{"count":6,"href":"https:\/\/elections.sbcounty.gov\/es\/wp-json\/wp\/v2\/pages\/36384\/revisions"}],"predecessor-version":[{"id":84460,"href":"https:\/\/elections.sbcounty.gov\/es\/wp-json\/wp\/v2\/pages\/36384\/revisions\/84460"}],"up":[{"embeddable":true,"href":"https:\/\/elections.sbcounty.gov\/es\/wp-json\/wp\/v2\/pages\/36237"}],"wp:featuredmedia":[{"embeddable":true,"href":"https:\/\/elections.sbcounty.gov\/es\/wp-json\/wp\/v2\/media\/37382"}],"wp:attachment":[{"href":"https:\/\/elections.sbcounty.gov\/es\/wp-json\/wp\/v2\/media?parent=36384"}],"curies":[{"name":"wp","href":"https:\/\/api.w.org\/{rel}","templated":true}]}}