{"id":36252,"date":"2021-12-08T22:28:12","date_gmt":"2021-12-08T22:28:12","guid":{"rendered":"https:\/\/www.elections.sbcounty.gov\/?page_id=36252"},"modified":"2023-11-07T18:15:48","modified_gmt":"2023-11-08T02:15:48","slug":"0317","status":"publish","type":"page","link":"https:\/\/elections.sbcounty.gov\/es\/elections\/2009\/0317\/","title":{"rendered":"Elecciones Municipales Especiales de la Ciudad de San Bernardino"},"content":{"rendered":"  <section data-isd-block-id=\"rov-content-blockblock_bfa039f6eb21aeeffa665f8f0c395209\"\n\t\t\t\t\t\t\t\t\t\t \t\t\t\t\t\t\t\t\t\t\t class=\"card-style main-content-wrapper rov-card-style mb-4\">\n\n\t<h2 class=\"block-subtitle blue\">\u00daltima Actualizaci\u00f3n: 23 de marzo de 2009 a las 11:25 AM<\/h2>\n\n\t<div class=\"ctnr-block-content\"><table role=\"presentation\" width=\"80%\">\n<tbody>\n<tr>\n<td>Registro y N\u00famero de Votantes<\/td>\n<\/tr>\n<tr>\n<td>12,559 Voters<\/td>\n<\/tr>\n<\/tbody>\n<\/table>\n<table class=\"sovTableResults\">\n<tbody>\n<tr>\n<th><\/th>\n<th align=\"right\"><strong>Conteo de Votos<\/strong><\/th>\n<th align=\"right\"><strong>Porcentaje<\/strong><\/th>\n<\/tr>\n<tr>\n<th scope=\"row\" style=\"text-align: left\">N\u00famero de Votantes del Distrito Electoral<\/th>\n<td align=\"right\">3,227<\/td>\n<td align=\"right\">25.69%<\/td>\n<\/tr>\n<tr>\n<th scope=\"row\" style=\"text-align: left\">Total<\/th>\n<td align=\"right\">3,227<\/td>\n<td align=\"right\">25.69%<\/td>\n<\/tr>\n<\/tbody>\n<\/table>\n<p>&nbsp;<\/p>\n<hr \/>\n<table role=\"presentation\" width=\"80%\">\n<tbody>\n<tr>\n<td id=\"contest\">Miembro del Concejo Municipal de San Bernardino Distrito Electoral 4<\/td>\n<\/tr>\n<tr>\n<td id=\"processed\">33\/33 100.00%<\/td>\n<\/tr>\n<\/tbody>\n<\/table>\n<table>\n<tbody>\n<tr>\n<th><\/th>\n<th align=\"right\"><strong>Conteo de Votos<\/strong><\/th>\n<th align=\"right\"><strong>Porcentaje<\/strong><\/th>\n<\/tr>\n<tr>\n<th scope=\"row\" style=\"text-align: left\">SAMAN SAMAN<\/th>\n<td align=\"right\">54<\/td>\n<td align=\"right\">1.69%<\/td>\n<\/tr>\n<tr>\n<th scope=\"row\" style=\"text-align: left\">FRED SHORETT<\/th>\n<td class=\"winner\" align=\"right\">2,330<\/td>\n<td class=\"winner\" align=\"right\">72.77%<\/td>\n<\/tr>\n<tr>\n<th scope=\"row\" style=\"text-align: left\">JOE ARNETT<\/th>\n<td align=\"right\">636<\/td>\n<td align=\"right\">19.86%<\/td>\n<\/tr>\n<tr>\n<th scope=\"row\" style=\"text-align: left\">JOHN VALDIVIA<\/th>\n<td align=\"right\">182<\/td>\n<td align=\"right\">5.68%<\/td>\n<\/tr>\n<tr>\n<th scope=\"row\" style=\"text-align: left\">Total<\/th>\n<td align=\"right\">3,202<\/td>\n<td align=\"right\">100.00%<\/td>\n<\/tr>\n<\/tbody>\n<\/table>\n<\/div>\n\n  <\/section>\n\n\t\n\n\n\n","protected":false},"excerpt":{"rendered":"<p>\u00daltima Actualizaci\u00f3n: 23 de marzo de 2009 a las 11:25 AM Registro y N\u00famero de Votantes 12,559 Voters Conteo de Votos Porcentaje N\u00famero de Votantes del Distrito Electoral 3,227 25.69% Total 3,227 25.69% &nbsp; Miembro del Concejo Municipal de San Bernardino Distrito Electoral 4 33\/33 100.00% Conteo de Votos Porcentaje<span class=\"ellipsis\">&#8230;<\/span><\/p>\n","protected":false},"author":19,"featured_media":37382,"parent":36237,"menu_order":0,"comment_status":"closed","ping_status":"closed","template":"templates\/rov-left-sidebar-template.php","meta":{"_acf_changed":false,"footnotes":""},"class_list":["post-36252","page","type-page","status-publish","has-post-thumbnail","hentry"],"acf":[],"_links":{"self":[{"href":"https:\/\/elections.sbcounty.gov\/es\/wp-json\/wp\/v2\/pages\/36252","targetHints":{"allow":["GET"]}}],"collection":[{"href":"https:\/\/elections.sbcounty.gov\/es\/wp-json\/wp\/v2\/pages"}],"about":[{"href":"https:\/\/elections.sbcounty.gov\/es\/wp-json\/wp\/v2\/types\/page"}],"author":[{"embeddable":true,"href":"https:\/\/elections.sbcounty.gov\/es\/wp-json\/wp\/v2\/users\/19"}],"replies":[{"embeddable":true,"href":"https:\/\/elections.sbcounty.gov\/es\/wp-json\/wp\/v2\/comments?post=36252"}],"version-history":[{"count":1,"href":"https:\/\/elections.sbcounty.gov\/es\/wp-json\/wp\/v2\/pages\/36252\/revisions"}],"predecessor-version":[{"id":78840,"href":"https:\/\/elections.sbcounty.gov\/es\/wp-json\/wp\/v2\/pages\/36252\/revisions\/78840"}],"up":[{"embeddable":true,"href":"https:\/\/elections.sbcounty.gov\/es\/wp-json\/wp\/v2\/pages\/36237"}],"wp:featuredmedia":[{"embeddable":true,"href":"https:\/\/elections.sbcounty.gov\/es\/wp-json\/wp\/v2\/media\/37382"}],"wp:attachment":[{"href":"https:\/\/elections.sbcounty.gov\/es\/wp-json\/wp\/v2\/media?parent=36252"}],"curies":[{"name":"wp","href":"https:\/\/api.w.org\/{rel}","templated":true}]}}