{"id":36201,"date":"2021-12-08T22:14:53","date_gmt":"2021-12-08T22:14:53","guid":{"rendered":"https:\/\/www.elections.sbcounty.gov\/?page_id=36201"},"modified":"2024-06-26T16:19:51","modified_gmt":"2024-06-26T23:19:51","slug":"0603","status":"publish","type":"page","link":"https:\/\/elections.sbcounty.gov\/es\/elections\/2008\/0603\/","title":{"rendered":"Elecciones Primarias Estatales"},"content":{"rendered":"  <section data-isd-block-id=\"rov-content-blockblock_8fab6192d58417d721f47b1b44321296\"\n\t\t\t\t\t\t\t\t\t\t \t\t\t\t\t\t\t\t\t\t\t class=\"card-style main-content-wrapper rov-card-style mb-4\">\n\n\t<h2 class=\"block-subtitle blue\">Archivo de Elecciones Primarias Estatales del 3 de junio de 2008<\/h2>\n\n\t<div class=\"ctnr-block-content\"><p><a href=\"https:\/\/www.sbcounty.gov\/uploads\/ROV\/Elections\/2008\/15DayCloseSummary_06-2008.pdf\" target=\"_blank\" rel=\"noopener\">Resumen del Registro de Votantes Calificados de 15 D\u00edas<\/a>\u00a0[pdf]<br \/>\n<a href=\"https:\/\/www.sbcounty.gov\/uploads\/ROV\/Elections\/2008\/0603\/06-03-2008_election_results.pdf\" target=\"_blank\" rel=\"noopener\">Resultados de las Elecciones<\/a>\u00a0[pdf]<\/p>\n<p>Declaraci\u00f3n de Votos Emitidos<\/p>\n<table id=\"sovIndex\" style=\"background-color: white;width: 70%;border-collapse: collapse;border: 1px\">\n<tbody>\n<tr style=\"background-color: #000084;color: white;font-weight: bold\">\n<th><strong>Contienda<\/strong><\/th>\n<th><strong>N\u00famero de p\u00e1gina<\/strong><\/th>\n<\/tr>\n<tr style=\"background-color: #f9f9f9;color: black\">\n<td><a href=\"https:\/\/www.sbcounty.gov\/uploads\/ROV\/Elections\/2008\/0603\/1DEMOCRAT_CONGRESS_25TH.pdf\" target=\"_blank\" rel=\"noopener\">DEM\u00d3CRATA \u00a025\u00ba DISTRITO DEL CONGRESO<\/a> [pdf]<\/td>\n<td>1<\/td>\n<\/tr>\n<tr style=\"background-color: #eeeeee;color: black\">\n<td><a href=\"https:\/\/www.sbcounty.gov\/uploads\/ROV\/Elections\/2008\/0603\/5DEMOCRAT_CONGRESS_26TH.pdf\" target=\"_blank\" rel=\"noopener\">DEM\u00d3CRATA \u00a026\u00ba DISTRITO DEL CONGRESO<\/a> [pdf]<\/td>\n<td>5<\/td>\n<\/tr>\n<tr style=\"background-color: #f9f9f9;color: black\">\n<td><a href=\"https:\/\/www.sbcounty.gov\/uploads\/ROV\/Elections\/2008\/0603\/11DEMOCRAT_CONGRESS_41ST.pdf\" target=\"_blank\" rel=\"noopener\">DEM\u00d3CRATA \u00a041\u00ba DISTRITO DEL CONGRESO<\/a> [pdf]<\/td>\n<td>11<\/td>\n<\/tr>\n<tr style=\"background-color: #eeeeee;color: black\">\n<td><a href=\"https:\/\/www.sbcounty.gov\/uploads\/ROV\/Elections\/2008\/0603\/24DEMOCRAT_CONGRESS_42ND.pdf\" target=\"_blank\" rel=\"noopener\">DEM\u00d3CRATA \u00a042\u00ba DISTRITO DEL CONGRESO<\/a> [pdf]<\/td>\n<td>24<\/td>\n<\/tr>\n<tr style=\"background-color: #f9f9f9;color: black\">\n<td><a href=\"https:\/\/www.sbcounty.gov\/uploads\/ROV\/Elections\/2008\/0603\/27DEMOCRAT_CONGRESS_43RD.pdf\" target=\"_blank\" rel=\"noopener\">DEM\u00d3CRATA \u00a043\u00ba DISTRITO DEL CONGRESO<\/a> [pdf]<\/td>\n<td>27<\/td>\n<\/tr>\n<tr style=\"background-color: #eeeeee;color: black\">\n<td><a href=\"https:\/\/www.sbcounty.gov\/uploads\/ROV\/Elections\/2008\/0603\/38DEMOCRAT_STATE_SENATOR_DISTRICT_17.pdf\" target=\"_blank\" rel=\"noopener\">SENADOR ESTATAL DEM\u00d3CRATA DISTRITO 17<\/a> [pdf]<\/td>\n<td>38<\/td>\n<\/tr>\n<tr style=\"background-color: #f9f9f9;color: black\">\n<td><a href=\"https:\/\/www.sbcounty.gov\/uploads\/ROV\/Elections\/2008\/0603\/44DEMOCRAT_STATE_SENATOR_DISTRICT_29.pdf\" target=\"_blank\" rel=\"noopener\">SENADOR ESTATAL DEM\u00d3CRATA DISTRITO 29<\/a> [pdf]<\/td>\n<td>44<\/td>\n<\/tr>\n<tr style=\"background-color: #eeeeee;color: black\">\n<td><a href=\"https:\/\/www.sbcounty.gov\/uploads\/ROV\/Elections\/2008\/0603\/47DEMOCRAT_STATE_SENATOR_DISTRICT_31.pdf\" target=\"_blank\" rel=\"noopener\">SENADOR ESTATAL DEM\u00d3CRATA DISTRITO 31<\/a> [pdf]<\/td>\n<td>47<\/td>\n<\/tr>\n<tr style=\"background-color: #f9f9f9;color: black\">\n<td><a href=\"https:\/\/www.sbcounty.gov\/uploads\/ROV\/Elections\/2008\/0603\/60DEMOCRAT_STATE_ASSEMBLY_DISTRICT_32.pdf\" target=\"_blank\" rel=\"noopener\">DEM\u00d3CRATA \u00a0DISTRITO DE ASAMBLEA 32 DEL ESTADO<\/a> [pdf]<\/td>\n<td>60<\/td>\n<\/tr>\n<tr style=\"background-color: #eeeeee;color: black\">\n<td><a href=\"https:\/\/www.sbcounty.gov\/uploads\/ROV\/Elections\/2008\/0603\/61DEMOCRAT_STATE_ASSEMBLY_DISTRICT_34.pdf\" target=\"_blank\" rel=\"noopener\">DEM\u00d3CRATA \u00a0DISTRITO DE ASAMBLEA 34 DEL ESTADO<\/a> [pdf]<\/td>\n<td>61<\/td>\n<\/tr>\n<tr style=\"background-color: #f9f9f9;color: black\">\n<td><a href=\"https:\/\/www.sbcounty.gov\/uploads\/ROV\/Elections\/2008\/0603\/63DEMOCRAT_STATE_ASSEMBLY_DISTRICT_36.pdf\" target=\"_blank\" rel=\"noopener\">DEM\u00d3CRATA \u00a0DISTRITO DE ASAMBLEA 36 DEL ESTADO<\/a> [pdf]<\/td>\n<td>63<\/td>\n<\/tr>\n<tr style=\"background-color: #eeeeee;color: black\">\n<td><a href=\"https:\/\/www.sbcounty.gov\/uploads\/ROV\/Elections\/2008\/0603\/67DEMOCRAT_STATE_ASSEMBLY_DISTRICT_59.pdf\" target=\"_blank\" rel=\"noopener\">DEM\u00d3CRATA \u00a0DISTRITO DE ASAMBLEA 59 DEL ESTADO<\/a> [pdf]<\/td>\n<td>67<\/td>\n<\/tr>\n<tr style=\"background-color: #f9f9f9;color: black\">\n<td><a href=\"https:\/\/www.sbcounty.gov\/uploads\/ROV\/Elections\/2008\/0603\/73DEMOCRAT_STATE_ASSEMBLY_DISTRICT_60.pdf\" target=\"_blank\" rel=\"noopener\">DEM\u00d3CRATA \u00a0DISTRITO DE ASAMBLEA 60 DEL ESTADO<\/a> [pdf]<\/td>\n<td>73<\/td>\n<\/tr>\n<tr style=\"background-color: #eeeeee;color: black\">\n<td><a href=\"https:\/\/www.sbcounty.gov\/uploads\/ROV\/Elections\/2008\/0603\/75DEMOCRAT_STATE_ASSEMBLY_DISTRICT_61.pdf\" target=\"_blank\" rel=\"noopener\">DEM\u00d3CRATA \u00a0DISTRITO DE ASAMBLEA 61 DEL ESTADO<\/a> [pdf]<\/td>\n<td>75<\/td>\n<\/tr>\n<tr style=\"background-color: #f9f9f9;color: black\">\n<td><a href=\"https:\/\/www.sbcounty.gov\/uploads\/ROV\/Elections\/2008\/0603\/79DEMOCRAT_STATE_ASSEMBLY_DISTRICT_62.pdf\" target=\"_blank\" rel=\"noopener\">DEM\u00d3CRATA \u00a0DISTRITO DE ASAMBLEA 62 DEL ESTADO<\/a> [pdf]<\/td>\n<td>79<\/td>\n<\/tr>\n<tr style=\"background-color: #eeeeee;color: black\">\n<td><a href=\"https:\/\/www.sbcounty.gov\/uploads\/ROV\/Elections\/2008\/0603\/86DEMOCRAT_STATE_ASSEMBLY_DISTRICT_63.pdf\" target=\"_blank\" rel=\"noopener\">DEM\u00d3CRATA \u00a0DISTRITO DE ASAMBLEA 63 DEL ESTADO<\/a> [pdf]<\/td>\n<td>86<\/td>\n<\/tr>\n<tr style=\"background-color: #f9f9f9;color: black\">\n<td><a href=\"https:\/\/www.sbcounty.gov\/uploads\/ROV\/Elections\/2008\/0603\/96DEMOCRAT_STATE_ASSEMBLY_DISTRICT_65.pdf\" target=\"_blank\" rel=\"noopener\">DEM\u00d3CRATA \u00a0DISTRITO DE ASAMBLEA 65 DEL ESTADO<\/a> [pdf]<\/td>\n<td>96<\/td>\n<\/tr>\n<tr style=\"background-color: #eeeeee;color: black\">\n<td><a href=\"https:\/\/www.sbcounty.gov\/uploads\/ROV\/Elections\/2008\/0603\/99DEMOCRAT__(AD)_COUNTY_CENTRAL_COMM._36TH.pdf\" target=\"_blank\" rel=\"noopener\">DEM\u00d3CRATA (AD\\) COMIT\u00c9 CENTRAL DEL CONDADO 36<\/a> [pdf]<\/td>\n<td>99<\/td>\n<\/tr>\n<tr style=\"background-color: #f9f9f9;color: black\">\n<td><a href=\"https:\/\/www.sbcounty.gov\/uploads\/ROV\/Elections\/2008\/0603\/103DEMOCRAT_(AD)_COUNTY_CENTRAL_COMM._62ND.pdf\" target=\"_blank\" rel=\"noopener\">DEM\u00d3CRATA (AD\\) \u00a0COMIT\u00c9 CENTRAL DEL CONDADO 62<\/a> [pdf]<\/td>\n<td>103<\/td>\n<\/tr>\n<tr style=\"background-color: #eeeeee;color: black\">\n<td><a href=\"https:\/\/www.sbcounty.gov\/uploads\/ROV\/Elections\/2008\/0603\/117DEMOCRAT_(AD)_COUNTY_CENTRAL_COMM._63RD.pdf\" target=\"_blank\" rel=\"noopener\">DEM\u00d3CRATA (AD\\) \u00a0COMIT\u00c9 CENTRAL DEL CONDADO 63<\/a> [pdf]<\/td>\n<td>117<\/td>\n<\/tr>\n<tr style=\"background-color: #f9f9f9;color: black\">\n<td><a href=\"https:\/\/www.sbcounty.gov\/uploads\/ROV\/Elections\/2008\/0603\/127REPUBLICAN_CONGRESS_25TH.pdf\" target=\"_blank\" rel=\"noopener\">REPUBLICANO \u00a025\u00ba DISTRITO DEL CONGRESO<\/a> [pdf]<\/td>\n<td>127<\/td>\n<\/tr>\n<tr style=\"background-color: #eeeeee;color: black\">\n<td><a href=\"https:\/\/www.sbcounty.gov\/uploads\/ROV\/Elections\/2008\/0603\/131REPUBLICAN_CONGRESS_26TH.pdf\" target=\"_blank\" rel=\"noopener\">REPUBLICANO \u00a026\u00ba DISTRITO DEL CONGRESO<\/a> [pdf]<\/td>\n<td>131<\/td>\n<\/tr>\n<tr style=\"background-color: #f9f9f9;color: black\">\n<td><a href=\"https:\/\/www.sbcounty.gov\/uploads\/ROV\/Elections\/2008\/0603\/137REPUBLICAN_CONGRESS_41ST.pdf\" target=\"_blank\" rel=\"noopener\">REPUBLICANO \u00a041\u00ba DISTRITO DEL CONGRESO<\/a> [pdf]<\/td>\n<td>137<\/td>\n<\/tr>\n<tr style=\"background-color: #eeeeee;color: black\">\n<td><a href=\"https:\/\/www.sbcounty.gov\/uploads\/ROV\/Elections\/2008\/0603\/150REPUBLICAN_CONGRESS_42ND.pdf\" target=\"_blank\" rel=\"noopener\">REPUBLICANO \u00a042\u00ba DISTRITO DEL CONGRESO<\/a> [pdf]<\/td>\n<td>150<\/td>\n<\/tr>\n<tr style=\"background-color: #f9f9f9;color: black\">\n<td><a href=\"https:\/\/www.sbcounty.gov\/uploads\/ROV\/Elections\/2008\/0603\/153REPUBLICAN_CONGRESS_43RD.pdf\" target=\"_blank\" rel=\"noopener\">REPUBLICANO \u00a043\u00ba DISTRITO DEL CONGRESO<\/a> [pdf]<\/td>\n<td>153<\/td>\n<\/tr>\n<tr style=\"background-color: #eeeeee;color: black\">\n<td><a href=\"https:\/\/www.sbcounty.gov\/uploads\/ROV\/Elections\/2008\/0603\/164REPUBLICAN_STATE_SENATOR_DISTRICT_17.pdf\" target=\"_blank\" rel=\"noopener\">SENADOR ESTATAL REPUBLICANO DISTRITO 17<\/a> [pdf]<\/td>\n<td>164<\/td>\n<\/tr>\n<tr style=\"background-color: #f9f9f9;color: black\">\n<td><a href=\"https:\/\/www.sbcounty.gov\/uploads\/ROV\/Elections\/2008\/0603\/170REPUBLICAN_STATE_SENATOR_DISTRICT_29.pdf\" target=\"_blank\" rel=\"noopener\">SENADOR ESTATAL REPUBLICANO DISTRITO 29<\/a> [pdf]<\/td>\n<td>170<\/td>\n<\/tr>\n<tr style=\"background-color: #eeeeee;color: black\">\n<td><a href=\"https:\/\/www.sbcounty.gov\/uploads\/ROV\/Elections\/2008\/0603\/173REPUBLICAN_STATE_SENATOR_DISTRICT_31.pdf\" target=\"_blank\" rel=\"noopener\">SENADOR ESTATAL REPUBLICANO DISTRITO 31<\/a> [pdf]<\/td>\n<td>173<\/td>\n<\/tr>\n<tr style=\"background-color: #f9f9f9;color: black\">\n<td><a href=\"https:\/\/www.sbcounty.gov\/uploads\/ROV\/Elections\/2008\/0603\/186REPUBLICAN_STATE_ASSEMBLY_DISTRICT_32.pdf\" target=\"_blank\" rel=\"noopener\">REPUBLICANO \u00a0DISTRITO DE ASAMBLEA 32 DEL ESTADO<\/a> [pdf]<\/td>\n<td>186<\/td>\n<\/tr>\n<tr style=\"background-color: #eeeeee;color: black\">\n<td><a href=\"https:\/\/www.sbcounty.gov\/uploads\/ROV\/Elections\/2008\/0603\/187REPUBLICAN_STATE_ASSEMBLY_DISTRICT_34.pdf\" target=\"_blank\" rel=\"noopener\">REPUBLICANO \u00a0DISTRITO DE ASAMBLEA 34 DEL ESTADO<\/a> [pdf]<\/td>\n<td>187<\/td>\n<\/tr>\n<tr style=\"background-color: #f9f9f9;color: black\">\n<td><a href=\"https:\/\/www.sbcounty.gov\/uploads\/ROV\/Elections\/2008\/0603\/189REPUBLICAN_STATE_ASSEMBLY_DISTRICT_36.pdf\" target=\"_blank\" rel=\"noopener\">REPUBLICANO \u00a0DISTRITO DE ASAMBLEA 36 DEL ESTADO<\/a> [pdf]<\/td>\n<td>189<\/td>\n<\/tr>\n<tr style=\"background-color: #eeeeee;color: black\">\n<td><a href=\"https:\/\/www.sbcounty.gov\/uploads\/ROV\/Elections\/2008\/0603\/193REPUBLICAN_STATE_ASSEMBLY_DISTRICT_59.pdf\" target=\"_blank\" rel=\"noopener\">REPUBLICANO \u00a0DISTRITO DE ASAMBLEA 59 DEL ESTADO<\/a> [pdf]<\/td>\n<td>193<\/td>\n<\/tr>\n<tr style=\"background-color: #f9f9f9;color: black\">\n<td><a href=\"https:\/\/www.sbcounty.gov\/uploads\/ROV\/Elections\/2008\/0603\/199REPUBLICAN_STATE_ASSEMBLY_DISTRICT_60.pdf\" target=\"_blank\" rel=\"noopener\">REPUBLICANO \u00a0DISTRITO DE ASAMBLEA 60 DEL ESTADO<\/a> [pdf]<\/td>\n<td>199<\/td>\n<\/tr>\n<tr style=\"background-color: #eeeeee;color: black\">\n<td><a href=\"https:\/\/www.sbcounty.gov\/uploads\/ROV\/Elections\/2008\/0603\/201REPUBLICAN_STATE_ASSEMBLY_DISTRICT_61.pdf\" target=\"_blank\" rel=\"noopener\">REPUBLICANO \u00a0DISTRITO DE ASAMBLEA 61 DEL ESTADO<\/a> [pdf]<\/td>\n<td>201<\/td>\n<\/tr>\n<tr style=\"background-color: #f9f9f9;color: black\">\n<td><a href=\"https:\/\/www.sbcounty.gov\/uploads\/ROV\/Elections\/2008\/0603\/205REPUBLICAN_STATE_ASSEMBLY_DISTRICT_63.pdf\" target=\"_blank\" rel=\"noopener\">REPUBLICANO \u00a0DISTRITO DE ASAMBLEA 63 DEL ESTADO<\/a> [pdf]<\/td>\n<td>205<\/td>\n<\/tr>\n<tr style=\"background-color: #eeeeee;color: black\">\n<td><a href=\"https:\/\/www.sbcounty.gov\/uploads\/ROV\/Elections\/2008\/0603\/215REPUBLICAN_STATE_ASSEMBLY_DISTRICT_65.pdf\" target=\"_blank\" rel=\"noopener\">REPUBLICANO \u00a0DISTRITO DE ASAMBLEA 65 DEL ESTADO<\/a> [pdf]<\/td>\n<td>215<\/td>\n<\/tr>\n<tr style=\"background-color: #f9f9f9;color: black\">\n<td><a href=\"https:\/\/www.sbcounty.gov\/uploads\/ROV\/Elections\/2008\/0603\/218REPUBLICAN_COUNTY_CENTRAL_COMMITTEE_1ST_SUP._DIST.pdf\" target=\"_blank\" rel=\"noopener\">COMIT\u00c9 CENTRAL DEL CONDADO DEL PARTIDO REPUBLICANO 1\u00ba DISTRITO DE SUPERVISI\u00d3N<\/a> [pdf]<\/td>\n<td>218<\/td>\n<\/tr>\n<tr style=\"background-color: #eeeeee;color: black\">\n<td><a href=\"https:\/\/www.sbcounty.gov\/uploads\/ROV\/Elections\/2008\/0603\/234REPUBLICAN_COUNTY_CENTRAL_COMMITTEE_2ND_SUP._DIST.pdf\" target=\"_blank\" rel=\"noopener\">COMIT\u00c9 CENTRAL DEL CONDADO DEL PARTIDO REPUBLICANO 2\u00ba DISTRITO DE SUPERVISI\u00d3N<\/a> [pdf]<\/td>\n<td>234<\/td>\n<\/tr>\n<tr style=\"background-color: #f9f9f9;color: black\">\n<td><a href=\"https:\/\/www.sbcounty.gov\/uploads\/ROV\/Elections\/2008\/0603\/242REPUBLICAN_COUNTY_CENTRAL_COMMITTEE_3RD_SUP._DIST.pdf\" target=\"_blank\" rel=\"noopener\">COMIT\u00c9 CENTRAL DEL CONDADO DEL PARTIDO REPUBLICANO 3\u00ba DISTRITO DE SUPERVISI\u00d3N<\/a> [pdf]<\/td>\n<td>242<\/td>\n<\/tr>\n<tr style=\"background-color: #eeeeee;color: black\">\n<td><a href=\"https:\/\/www.sbcounty.gov\/uploads\/ROV\/Elections\/2008\/0603\/262REPUBLICAN_COUNTY_CENTRAL_COMMITTEE_4TH_SUP._DIST.pdf\" target=\"_blank\" rel=\"noopener\">COMIT\u00c9 CENTRAL DEL CONDADO DEL PARTIDO REPUBLICANO 4\u00ba DISTRITO DE SUPERVISI\u00d3N<\/a> [pdf]<\/td>\n<td>262<\/td>\n<\/tr>\n<tr style=\"background-color: #f9f9f9;color: black\">\n<td><a href=\"https:\/\/www.sbcounty.gov\/uploads\/ROV\/Elections\/2008\/0603\/268LIBERTARIAN_CONGRESS_26TH.pdf\" target=\"_blank\" rel=\"noopener\">LIBERTARIO \u00a026\u00ba DISTRITO DEL CONGRESO<\/a> [pdf]<\/td>\n<td>268<\/td>\n<\/tr>\n<tr style=\"background-color: #eeeeee;color: black\">\n<td><a href=\"https:\/\/www.sbcounty.gov\/uploads\/ROV\/Elections\/2008\/0603\/274LIBERTARIAN_STATE_SENATOR_DISTRICT_29.pdf\" target=\"_blank\" rel=\"noopener\">SENADOR ESTATAL DEL PARTIDO LIBERTARIO DISTRITO 29<\/a> [pdf]<\/td>\n<td>274<\/td>\n<\/tr>\n<tr style=\"background-color: #f9f9f9;color: black\">\n<td><a href=\"https:\/\/www.sbcounty.gov\/uploads\/ROV\/Elections\/2008\/0603\/277LIBERTARIAN_STATE_ASSEMBLY_DISTRICT_59.pdf\" target=\"_blank\" rel=\"noopener\">LIBERTARIO \u00a0DISTRITO DE ASAMBLEA 59 DEL ESTADO<\/a> [pdf]<\/td>\n<td>277<\/td>\n<\/tr>\n<tr style=\"background-color: #eeeeee;color: black\">\n<td><a href=\"https:\/\/www.sbcounty.gov\/uploads\/ROV\/Elections\/2008\/0603\/283LIBERTARIAN_STATE_ASSEMBLY_DISTRICT_61.pdf\" target=\"_blank\" rel=\"noopener\">LIBERTARIO \u00a0DISTRITO DE ASAMBLEA 61 DEL ESTADO<\/a> [pdf]<\/td>\n<td>283<\/td>\n<\/tr>\n<tr style=\"background-color: #f9f9f9;color: black\">\n<td><a href=\"https:\/\/www.sbcounty.gov\/uploads\/ROV\/Elections\/2008\/0603\/287SAN_BERNARDINO.pdf\" target=\"_blank\" rel=\"noopener\">SAN BERNARDINO<\/a> [pdf]<\/td>\n<td>287<\/td>\n<\/tr>\n<tr style=\"background-color: #eeeeee;color: black\">\n<td><a href=\"https:\/\/www.sbcounty.gov\/uploads\/ROV\/Elections\/2008\/0603\/355NON_PARTISAN_BOARD_OF_SUPERVISORS_FIRST_DIST.pdf\" target=\"_blank\" rel=\"noopener\">NO PARTIDARIO \u00a0JUNTA DE SUPERVISORES PRIMER DISTRITO<\/a> [pdf]<\/td>\n<td>355<\/td>\n<\/tr>\n<tr style=\"background-color: #f9f9f9;color: black\">\n<td><a href=\"https:\/\/www.sbcounty.gov\/uploads\/ROV\/Elections\/2008\/0603\/363NON_PARTISAN_BOARD_OF_SUPERVISORS_THIRD_DIST.pdf\" target=\"_blank\" rel=\"noopener\">NO PARTIDARIO \u00a0JUNTA DE SUPERVISORES TERCER DISTRITO<\/a> [pdf]<\/td>\n<td>363<\/td>\n<\/tr>\n<tr style=\"background-color: #eeeeee;color: black\">\n<td><a href=\"https:\/\/www.sbcounty.gov\/uploads\/ROV\/Elections\/2008\/0603\/373NON_PARTISAN_BOARD_OF_SUPERVISORS_FIFTH_DIST.pdf\" target=\"_blank\" rel=\"noopener\">NO PARTIDARIO \u00a0JUNTA DE SUPERVISORES QUINTO DISTRITO<\/a> [pdf]<\/td>\n<td>373<\/td>\n<\/tr>\n<tr style=\"background-color: #f9f9f9;color: black\">\n<td><a href=\"https:\/\/www.sbcounty.gov\/uploads\/ROV\/Elections\/2008\/0603\/379NON_PARTISAN_MEMBER,_CITY_COUNCIL_LOMA_LINDA.pdf\" target=\"_blank\" rel=\"noopener\">MIEMBRO NO PARTIDARIO, CONCEJO MUNICIPAL DE LOMA LINDA<\/a> [pdf]<\/td>\n<td>379<\/td>\n<\/tr>\n<tr style=\"background-color: #eeeeee;color: black\">\n<td><a href=\"https:\/\/www.sbcounty.gov\/uploads\/ROV\/Elections\/2008\/0603\/380COLTON.pdf\" target=\"_blank\" rel=\"noopener\">COLTON<\/a> [pdf]<\/td>\n<td>380<\/td>\n<\/tr>\n<tr style=\"background-color: #f9f9f9;color: black\">\n<td><a href=\"https:\/\/www.sbcounty.gov\/uploads\/ROV\/Elections\/2008\/0603\/384CALIFORNIA.pdf\" target=\"_blank\" rel=\"noopener\">CALIFORNIA<\/a> [pdf]<\/td>\n<td>384<\/td>\n<\/tr>\n<tr style=\"background-color: #eeeeee;color: black\">\n<td><a href=\"https:\/\/www.sbcounty.gov\/uploads\/ROV\/Elections\/2008\/0603\/452NON_PARTISAN_MEASURE_N.pdf\" target=\"_blank\" rel=\"noopener\">MEDIDA N NO PARTIDARIA<\/a> [pdf]<\/td>\n<td>452<\/td>\n<\/tr>\n<tr style=\"background-color: #f9f9f9;color: black\">\n<td><a href=\"https:\/\/www.sbcounty.gov\/uploads\/ROV\/Elections\/2008\/0603\/453NON_PARTISAN_MEASURE_O.pdf\" target=\"_blank\" rel=\"noopener\">MEDIDA O NO PARTIDARIA<\/a> [pdf]<\/td>\n<td>453<\/td>\n<\/tr>\n<tr style=\"background-color: #eeeeee;color: black\">\n<td><a href=\"https:\/\/www.sbcounty.gov\/uploads\/ROV\/Elections\/2008\/0603\/454NON_PARTISAN_MEASURE_P.pdf\" target=\"_blank\" rel=\"noopener\">MEDIDA P NO PARTIDARIA<\/a> [pdf]<\/td>\n<td>454<\/td>\n<\/tr>\n<tr style=\"background-color: #f9f9f9;color: black\">\n<td><a href=\"https:\/\/www.sbcounty.gov\/uploads\/ROV\/Elections\/2008\/0603\/456NON_PARTISAN_MEASURE_Q.pdf\" target=\"_blank\" rel=\"noopener\">MEDIDA Q NO PARTIDARIA<\/a> [pdf]<\/td>\n<td>456<\/td>\n<\/tr>\n<\/tbody>\n<\/table>\n<p>&nbsp;<\/p>\n<\/div>\n\n  <\/section>\n\n\t\n\n\n\n","protected":false},"excerpt":{"rendered":"<p>Archivo de Elecciones Primarias Estatales del 3 de junio de 2008 Resumen del Registro de Votantes Calificados de 15 D\u00edas\u00a0[pdf] Resultados de las Elecciones\u00a0[pdf] Declaraci\u00f3n de Votos Emitidos Contienda N\u00famero de p\u00e1gina DEM\u00d3CRATA \u00a025\u00ba DISTRITO DEL CONGRESO [pdf] 1 DEM\u00d3CRATA \u00a026\u00ba DISTRITO DEL CONGRESO [pdf] 5 DEM\u00d3CRATA \u00a041\u00ba DISTRITO DEL<span class=\"ellipsis\">&#8230;<\/span><\/p>\n","protected":false},"author":19,"featured_media":37382,"parent":36168,"menu_order":0,"comment_status":"closed","ping_status":"closed","template":"templates\/rov-left-sidebar-no-title-template.php","meta":{"_acf_changed":false,"footnotes":""},"class_list":["post-36201","page","type-page","status-publish","has-post-thumbnail","hentry"],"acf":[],"_links":{"self":[{"href":"https:\/\/elections.sbcounty.gov\/es\/wp-json\/wp\/v2\/pages\/36201","targetHints":{"allow":["GET"]}}],"collection":[{"href":"https:\/\/elections.sbcounty.gov\/es\/wp-json\/wp\/v2\/pages"}],"about":[{"href":"https:\/\/elections.sbcounty.gov\/es\/wp-json\/wp\/v2\/types\/page"}],"author":[{"embeddable":true,"href":"https:\/\/elections.sbcounty.gov\/es\/wp-json\/wp\/v2\/users\/19"}],"replies":[{"embeddable":true,"href":"https:\/\/elections.sbcounty.gov\/es\/wp-json\/wp\/v2\/comments?post=36201"}],"version-history":[{"count":3,"href":"https:\/\/elections.sbcounty.gov\/es\/wp-json\/wp\/v2\/pages\/36201\/revisions"}],"predecessor-version":[{"id":84469,"href":"https:\/\/elections.sbcounty.gov\/es\/wp-json\/wp\/v2\/pages\/36201\/revisions\/84469"}],"up":[{"embeddable":true,"href":"https:\/\/elections.sbcounty.gov\/es\/wp-json\/wp\/v2\/pages\/36168"}],"wp:featuredmedia":[{"embeddable":true,"href":"https:\/\/elections.sbcounty.gov\/es\/wp-json\/wp\/v2\/media\/37382"}],"wp:attachment":[{"href":"https:\/\/elections.sbcounty.gov\/es\/wp-json\/wp\/v2\/media?parent=36201"}],"curies":[{"name":"wp","href":"https:\/\/api.w.org\/{rel}","templated":true}]}}