{"id":36183,"date":"2021-12-08T22:10:53","date_gmt":"2021-12-08T22:10:53","guid":{"rendered":"https:\/\/www.elections.sbcounty.gov\/?page_id=36183"},"modified":"2024-06-26T16:21:01","modified_gmt":"2024-06-26T23:21:01","slug":"0205","status":"publish","type":"page","link":"https:\/\/elections.sbcounty.gov\/es\/elections\/2008\/0205\/","title":{"rendered":"Elecciones Primarias Presidenciales"},"content":{"rendered":"  <section data-isd-block-id=\"rov-content-blockblock_d993d43de60f79517ca94986ed562026\"\n\t\t\t\t\t\t\t\t\t\t \t\t\t\t\t\t\t\t\t\t\t class=\"card-style main-content-wrapper rov-card-style mb-4\">\n\n\t<h2 class=\"block-subtitle blue\">Archivo de Elecciones Primarias Presidenciales del 5 de febrero de 2008<\/h2>\n\n\t<div class=\"ctnr-block-content\"><p><a href=\"https:\/\/www.sbcounty.gov\/uploads\/ROV\/Elections\/2008\/15DayCloseSummary_02-2008.pdf\" target=\"_blank\" rel=\"noopener\">Resumen del Registro de Votantes Calificados de 15 D\u00edas<\/a>\u00a0[pdf]<br \/>\n<a href=\"https:\/\/www.sbcounty.gov\/uploads\/ROV\/Elections\/2008\/0205\/SOV\/02-05-2008_election_results.pdf\" target=\"_blank\" rel=\"noopener\">Resultados de las Elecciones<\/a>\u00a0[pdf]<\/p>\n<p><strong>Declaraci\u00f3n de Votos Emitidos<\/strong><\/p>\n<table id=\"sovIndex\" style=\"background-color: white;border-width: 1px;border-style: none;width: 70%;border-collapse: collapse\">\n<tbody>\n<tr style=\"color: white;background-color: #000084;font-weight: bold\">\n<th><strong>Contienda<\/strong><\/th>\n<th><strong>N\u00famero de p\u00e1gina<\/strong><\/th>\n<\/tr>\n<tr style=\"color: black;background-color: #f9f9f9\">\n<td><a href=\"https:\/\/www.sbcounty.gov\/uploads\/ROV\/Elections\/2008\/0205\/SOV\/1DEMOCRAT%20%20PRESIDENTIAL%20PREFERENCE.pdf\" target=\"_blank\" rel=\"noopener\">PREFERENCIA PRESIDENCIAL DEM\u00d3CRATA<\/a> [pdf]<\/td>\n<td>1<\/td>\n<\/tr>\n<tr style=\"color: black;background-color: #eeeeee\">\n<td><a href=\"https:\/\/www.sbcounty.gov\/uploads\/ROV\/Elections\/2008\/0205\/SOV\/35REPUBLICAN%20%20REP%20PRESIDENTIAL%20PREFERENCE.pdf\" target=\"_blank\" rel=\"noopener\">PREFERENCIA PRESIDENCIAL REPUBLICANO REP<\/a> [pdf]<\/td>\n<td>35<\/td>\n<\/tr>\n<tr style=\"color: black;background-color: #f9f9f9\">\n<td><a href=\"https:\/\/www.sbcounty.gov\/uploads\/ROV\/Elections\/2008\/0205\/SOV\/69AMERICAN%20INDEPENDENT%20%20PRESIDENTIAL%20PREFERENCE.pdf\" target=\"_blank\" rel=\"noopener\">PREFERENCIA PRESIDENCIAL INDEPENDIENTE AMERICANO<\/a> [pdf]<\/td>\n<td>69<\/td>\n<\/tr>\n<tr style=\"color: black;background-color: #eeeeee\">\n<td><a href=\"https:\/\/www.sbcounty.gov\/uploads\/ROV\/Elections\/2008\/0205\/SOV\/103PEACE%20AND%20FREEDOM%20%20PRESIDENTIAL%20PREFERENCE.pdf\" target=\"_blank\" rel=\"noopener\">PREFERENCIA PRESIDENCIAL DEL PARTIDO DE PAZ Y LIBERTAD<\/a> [pdf]<\/td>\n<td>103<\/td>\n<\/tr>\n<tr style=\"color: black;background-color: #f9f9f9\">\n<td><a href=\"https:\/\/www.sbcounty.gov\/uploads\/ROV\/Elections\/2008\/0205\/SOV\/137LIBERTARIAN%20%20PRESIDENTIAL%20PREFERENCE.pdf\" target=\"_blank\" rel=\"noopener\">PREFERENCIA PRESIDENCIAL DEL PARTIDO LIBERTARIO<\/a> [pdf]<\/td>\n<td>137<\/td>\n<\/tr>\n<tr style=\"color: black;background-color: #eeeeee\">\n<td><a href=\"https:\/\/www.sbcounty.gov\/uploads\/ROV\/Elections\/2008\/0205\/SOV\/171GREEN%20%20PRESIDENTIAL%20PREFERENCE.pdf\" target=\"_blank\" rel=\"noopener\">PREFERENCIA PRESIDENCIAL DEL PARTIDO VERDE<\/a> [pdf]<\/td>\n<td>171<\/td>\n<\/tr>\n<tr style=\"color: black;background-color: #f9f9f9\">\n<td><a href=\"https:\/\/www.sbcounty.gov\/uploads\/ROV\/Elections\/2008\/0205\/SOV\/205CALIFORNIA.pdf\" target=\"_blank\" rel=\"noopener\">PROPUESTAS DE CALIFORNIA<\/a> [pdf]<\/td>\n<td>205<\/td>\n<\/tr>\n<tr style=\"color: black;background-color: #eeeeee\">\n<td><a href=\"https:\/\/www.sbcounty.gov\/uploads\/ROV\/Elections\/2008\/0205\/SOV\/443NON%20PARTISAN%20%20MEASURE%20I%20-%20PHELAN%20PINON%20HILLS%20CSD.pdf\" target=\"_blank\" rel=\"noopener\">MEDIDA I &#8211; DISTRITO DE SERVICIOS COMUNITARIOS PHELAN PINON HILLS<\/a> [pdf]<\/td>\n<td>443<\/td>\n<\/tr>\n<tr style=\"color: black;background-color: #f9f9f9\">\n<td><a href=\"https:\/\/www.sbcounty.gov\/uploads\/ROV\/Elections\/2008\/0205\/SOV\/444NON%20PARTISAN%20%20PHELAN%20PINON%20HILLS%20CSD%20DIRECTOR-FT.pdf\" target=\"_blank\" rel=\"noopener\">DIRECTOR DEL DISTRITO DE SERVICIOS COMUNITARIOS PHELAN PINON HILLS-FT<\/a> [pdf]<\/td>\n<td>444<\/td>\n<\/tr>\n<tr style=\"color: black;background-color: #eeeeee\">\n<td><a href=\"https:\/\/www.sbcounty.gov\/uploads\/ROV\/Elections\/2008\/0205\/SOV\/445NON%20PARTISAN%20%20MEASURE%20M%20-%20S.B.%20COMM.COLLEGE.pdf\" target=\"_blank\" rel=\"noopener\">MEDIDA M \u2013 DISTRITO COLEGIO COMUNITARIO DE SAN BERNARDINO<\/a> [pdf]<\/td>\n<td>445<\/td>\n<\/tr>\n<tr style=\"color: black;background-color: #f9f9f9\">\n<td><a href=\"https:\/\/www.sbcounty.gov\/uploads\/ROV\/Elections\/2008\/0205\/SOV\/460NON%20PARTISAN%20%20MEASURE%20J%20-%20REDLANDS%20USD.pdf\" target=\"_blank\" rel=\"noopener\">MEDIDA J \u2013 DISTRITO ESCOLAR UNIFICADO REDLANDS<\/a> [pdf]<\/td>\n<td>460<\/td>\n<\/tr>\n<tr style=\"color: black;background-color: #eeeeee\">\n<td><a href=\"https:\/\/www.sbcounty.gov\/uploads\/ROV\/Elections\/2008\/0205\/SOV\/464NON%20PARTISAN%20%20MEASURE%20K%20-%20UPLAND%20USD%20BOND.pdf\" target=\"_blank\" rel=\"noopener\">MEDIDA K \u2013 BONO DEL DISTRITO ESCOLAR UNIFICADO UPLAND<\/a> [pdf]<\/td>\n<td>464<\/td>\n<\/tr>\n<tr style=\"color: black;background-color: #f9f9f9\">\n<td><a href=\"https:\/\/www.sbcounty.gov\/uploads\/ROV\/Elections\/2008\/0205\/SOV\/466NON%20PARTISAN%20%20MEASURE%20L%20-%20S.B.%20CITY%20-%20UTILITY%20USERS%20TAX.pdf\" target=\"_blank\" rel=\"noopener\">MEDIDA L \u2013 CIUDAD DE SAN BERNARDINO \u2013 IMPUESTOS PARA LOS USUARIOS DE SERVICIOS P\u00daBLICOS<\/a> [pdf]<\/td>\n<td>466<\/td>\n<\/tr>\n<\/tbody>\n<\/table>\n<p>&nbsp;<\/p>\n<\/div>\n\n  <\/section>\n\n\t","protected":false},"excerpt":{"rendered":"<p>Archivo de Elecciones Primarias Presidenciales del 5 de febrero de 2008 Resumen del Registro de Votantes Calificados de 15 D\u00edas\u00a0[pdf] Resultados de las Elecciones\u00a0[pdf] Declaraci\u00f3n de Votos Emitidos Contienda N\u00famero de p\u00e1gina PREFERENCIA PRESIDENCIAL DEM\u00d3CRATA [pdf] 1 PREFERENCIA PRESIDENCIAL REPUBLICANO REP [pdf] 35 PREFERENCIA PRESIDENCIAL INDEPENDIENTE AMERICANO [pdf] 69 PREFERENCIA<span class=\"ellipsis\">&#8230;<\/span><\/p>\n","protected":false},"author":19,"featured_media":37382,"parent":36168,"menu_order":0,"comment_status":"closed","ping_status":"closed","template":"templates\/rov-left-sidebar-no-title-template.php","meta":{"_acf_changed":false,"footnotes":""},"class_list":["post-36183","page","type-page","status-publish","has-post-thumbnail","hentry"],"acf":[],"_links":{"self":[{"href":"https:\/\/elections.sbcounty.gov\/es\/wp-json\/wp\/v2\/pages\/36183","targetHints":{"allow":["GET"]}}],"collection":[{"href":"https:\/\/elections.sbcounty.gov\/es\/wp-json\/wp\/v2\/pages"}],"about":[{"href":"https:\/\/elections.sbcounty.gov\/es\/wp-json\/wp\/v2\/types\/page"}],"author":[{"embeddable":true,"href":"https:\/\/elections.sbcounty.gov\/es\/wp-json\/wp\/v2\/users\/19"}],"replies":[{"embeddable":true,"href":"https:\/\/elections.sbcounty.gov\/es\/wp-json\/wp\/v2\/comments?post=36183"}],"version-history":[{"count":3,"href":"https:\/\/elections.sbcounty.gov\/es\/wp-json\/wp\/v2\/pages\/36183\/revisions"}],"predecessor-version":[{"id":84472,"href":"https:\/\/elections.sbcounty.gov\/es\/wp-json\/wp\/v2\/pages\/36183\/revisions\/84472"}],"up":[{"embeddable":true,"href":"https:\/\/elections.sbcounty.gov\/es\/wp-json\/wp\/v2\/pages\/36168"}],"wp:featuredmedia":[{"embeddable":true,"href":"https:\/\/elections.sbcounty.gov\/es\/wp-json\/wp\/v2\/media\/37382"}],"wp:attachment":[{"href":"https:\/\/elections.sbcounty.gov\/es\/wp-json\/wp\/v2\/media?parent=36183"}],"curies":[{"name":"wp","href":"https:\/\/api.w.org\/{rel}","templated":true}]}}