{"id":36087,"date":"2021-12-08T21:54:39","date_gmt":"2021-12-08T21:54:39","guid":{"rendered":"https:\/\/www.elections.sbcounty.gov\/?page_id=36087"},"modified":"2024-06-26T16:23:14","modified_gmt":"2024-06-26T23:23:14","slug":"sov","status":"publish","type":"page","link":"https:\/\/elections.sbcounty.gov\/es\/elections\/2006\/0606\/sov\/","title":{"rendered":"SOV"},"content":{"rendered":"  <section data-isd-block-id=\"rov-content-blockblock_7027450b6038dd5c867af43a87adf690\"\n\t\t\t\t\t\t\t\t\t\t \t\t\t\t\t\t\t\t\t\t\t class=\"card-style main-content-wrapper rov-card-style mb-4\">\n\n\t<h2 class=\"block-subtitle blue\">Archivo de Elecciones Primarias Directas para Gobernador del 6 de junio de 2006<\/h2>\n\n\t<div class=\"ctnr-block-content\"><p><strong>Declaraci\u00f3n de Votos Emitidos<\/strong><\/p>\n<table id=\"sovIndex\" style=\"background-color: white;width: 90%;border-collapse: collapse;border: 1px\">\n<tbody>\n<tr style=\"background-color: #000084;color: white;font-weight: bold\">\n<th><strong>Contienda\/Partido<\/strong><\/th>\n<th><strong>N\u00famero de p\u00e1gina<\/strong><\/th>\n<\/tr>\n<tr style=\"background-color: #f9f9f9;color: black\">\n<td><a href=\"https:\/\/www.sbcounty.gov\/uploads\/ROV\/Elections\/2006\/0606\/SOV\/2006-06-06_SOV_DEM_1.pdf\" target=\"_blank\" rel=\"noopener\">Partido Dem\u00f3crata<\/a> [pdf]<\/td>\n<td>1<\/td>\n<\/tr>\n<tr style=\"background-color: #eeeeee;color: black\">\n<td><a href=\"https:\/\/www.sbcounty.gov\/uploads\/ROV\/Elections\/2006\/0606\/SOV\/2006-06-06_SOV_REP_421.pdf\" target=\"_blank\" rel=\"noopener\">Partido Republicano<\/a> [pdf]<\/td>\n<td>421<\/td>\n<\/tr>\n<tr style=\"background-color: #f9f9f9;color: black\">\n<td><a href=\"https:\/\/www.sbcounty.gov\/uploads\/ROV\/Elections\/2006\/0606\/SOV\/2006-06-06%20SOV_AI_832.pdf\" target=\"_blank\" rel=\"noopener\">Partido Americano Independiente<\/a> [pdf]<\/td>\n<td>832<\/td>\n<\/tr>\n<tr style=\"background-color: #eeeeee;color: black\">\n<td><a href=\"https:\/\/www.sbcounty.gov\/uploads\/ROV\/Elections\/2006\/0606\/SOV\/2006-06-06%20SOV_GRN_1076.pdf\" target=\"_blank\" rel=\"noopener\">Partido Verde<\/a> [pdf]<\/td>\n<td>1076<\/td>\n<\/tr>\n<tr style=\"background-color: #f9f9f9;color: black\">\n<td><a href=\"https:\/\/www.sbcounty.gov\/uploads\/ROV\/Elections\/2006\/0606\/SOV\/2006-06-06%20SOV_LIB_1354.pdf\" target=\"_blank\" rel=\"noopener\">Partido Libertario<\/a> [pdf]<\/td>\n<td>1354<\/td>\n<\/tr>\n<tr style=\"background-color: #eeeeee;color: black\">\n<td><a href=\"https:\/\/www.sbcounty.gov\/uploads\/ROV\/Elections\/2006\/0606\/SOV\/2006-06-06%20SOV_PF_1655.pdf\" target=\"_blank\" rel=\"noopener\">Partido Paz y Libertad<\/a> [pdf]<\/td>\n<td>1655<\/td>\n<\/tr>\n<tr style=\"background-color: #f9f9f9;color: black\">\n<td><a href=\"https:\/\/www.sbcounty.gov\/uploads\/ROV\/Elections\/2006\/0606\/SOV\/2006-06-06%20SOV_SuperiorCourt_1965.pdf\" target=\"_blank\" rel=\"noopener\">Corte Superior<\/a> [pdf]<\/td>\n<td>1965<\/td>\n<\/tr>\n<tr style=\"background-color: #eeeeee;color: black\">\n<td><a href=\"https:\/\/www.sbcounty.gov\/uploads\/ROV\/Elections\/2006\/0606\/SOV\/2006-06-06%20SOV_SupPublicInsruct_2067.pdf\" target=\"_blank\" rel=\"noopener\">Supervisor de Instrucci\u00f3n P\u00fablica<\/a> [pdf]<\/td>\n<td>2067<\/td>\n<\/tr>\n<tr style=\"background-color: #f9f9f9;color: black\">\n<td><a href=\"https:\/\/www.sbcounty.gov\/uploads\/ROV\/Elections\/2006\/0606\/SOV\/2006-06-06%20SOV_CountySuperintendent_2101.pdf\" target=\"_blank\" rel=\"noopener\">Superintendente de Escuelas del Condado<\/a> [pdf]<\/td>\n<td>2101<\/td>\n<\/tr>\n<tr style=\"background-color: #eeeeee;color: black\">\n<td><a href=\"https:\/\/www.sbcounty.gov\/uploads\/ROV\/Elections\/2006\/0606\/SOV\/2006-06-06%20SOV_BrdSup2_2135.pdf\" target=\"_blank\" rel=\"noopener\">Miembro de la Junta de Supervisores del 2\u00ba Distrito<\/a> [pdf]<\/td>\n<td>2135<\/td>\n<\/tr>\n<tr style=\"background-color: #f9f9f9;color: black\">\n<td><a href=\"https:\/\/www.sbcounty.gov\/uploads\/ROV\/Elections\/2006\/0606\/SOV\/2006-06-06%20SOV_BrdSup4_2142.pdf\" target=\"_blank\" rel=\"noopener\">Miembro de la Junta de Supervisores del 4\u00ba Distrito<\/a> [pdf]<\/td>\n<td>2142<\/td>\n<\/tr>\n<tr style=\"background-color: #eeeeee;color: black\">\n<td><a href=\"https:\/\/www.sbcounty.gov\/uploads\/ROV\/Elections\/2006\/0606\/SOV\/2006-06-06%20SOV_CountySB-2148.pdf\" target=\"_blank\" rel=\"noopener\">Cargos del Condado de San Bernardino<\/a> [pdf]<\/td>\n<td>2148<\/td>\n<\/tr>\n<tr style=\"background-color: #f9f9f9;color: black\">\n<td><a href=\"https:\/\/www.sbcounty.gov\/uploads\/ROV\/Elections\/2006\/0606\/SOV\/2006-06-06%20SOV_CityCouncilLomaLinda_2318.pdf\" target=\"_blank\" rel=\"noopener\">Concejo Municipal de Loma Linda<\/a> [pdf]<\/td>\n<td>2318<\/td>\n<\/tr>\n<tr style=\"background-color: #eeeeee;color: black\">\n<td><a href=\"https:\/\/www.sbcounty.gov\/uploads\/ROV\/Elections\/2006\/0606\/SOV\/2006-06-06%20SOV_Measures_2320.pdf\" target=\"_blank\" rel=\"noopener\">Medidas<\/a> [pdf]<\/td>\n<td>2320<\/td>\n<\/tr>\n<tr style=\"background-color: #f9f9f9;color: black\">\n<td><a href=\"https:\/\/www.sbcounty.gov\/uploads\/ROV\/Elections\/2006\/0606\/SOV\/2006-06-06%20SOV_CityofBarstow_2404.pdf\" target=\"_blank\" rel=\"noopener\">Remoci\u00f3n del Concejo Municipal de Barstow<\/a> [pdf]<\/td>\n<td>2404<\/td>\n<\/tr>\n<tr>\n<td><\/td>\n<\/tr>\n<\/tbody>\n<\/table>\n<\/div>\n\n  <\/section>\n\n\t","protected":false},"excerpt":{"rendered":"<p>Archivo de Elecciones Primarias Directas para Gobernador del 6 de junio de 2006 Declaraci\u00f3n de Votos Emitidos Contienda\/Partido N\u00famero de p\u00e1gina Partido Dem\u00f3crata [pdf] 1 Partido Republicano [pdf] 421 Partido Americano Independiente [pdf] 832 Partido Verde [pdf] 1076 Partido Libertario [pdf] 1354 Partido Paz y Libertad [pdf] 1655 Corte Superior<span class=\"ellipsis\">&#8230;<\/span><\/p>\n","protected":false},"author":19,"featured_media":37382,"parent":36075,"menu_order":0,"comment_status":"closed","ping_status":"closed","template":"templates\/rov-left-sidebar-no-title-template.php","meta":{"_acf_changed":false,"footnotes":""},"class_list":["post-36087","page","type-page","status-publish","has-post-thumbnail","hentry"],"acf":[],"_links":{"self":[{"href":"https:\/\/elections.sbcounty.gov\/es\/wp-json\/wp\/v2\/pages\/36087","targetHints":{"allow":["GET"]}}],"collection":[{"href":"https:\/\/elections.sbcounty.gov\/es\/wp-json\/wp\/v2\/pages"}],"about":[{"href":"https:\/\/elections.sbcounty.gov\/es\/wp-json\/wp\/v2\/types\/page"}],"author":[{"embeddable":true,"href":"https:\/\/elections.sbcounty.gov\/es\/wp-json\/wp\/v2\/users\/19"}],"replies":[{"embeddable":true,"href":"https:\/\/elections.sbcounty.gov\/es\/wp-json\/wp\/v2\/comments?post=36087"}],"version-history":[{"count":2,"href":"https:\/\/elections.sbcounty.gov\/es\/wp-json\/wp\/v2\/pages\/36087\/revisions"}],"predecessor-version":[{"id":84478,"href":"https:\/\/elections.sbcounty.gov\/es\/wp-json\/wp\/v2\/pages\/36087\/revisions\/84478"}],"up":[{"embeddable":true,"href":"https:\/\/elections.sbcounty.gov\/es\/wp-json\/wp\/v2\/pages\/36075"}],"wp:featuredmedia":[{"embeddable":true,"href":"https:\/\/elections.sbcounty.gov\/es\/wp-json\/wp\/v2\/media\/37382"}],"wp:attachment":[{"href":"https:\/\/elections.sbcounty.gov\/es\/wp-json\/wp\/v2\/media?parent=36087"}],"curies":[{"name":"wp","href":"https:\/\/api.w.org\/{rel}","templated":true}]}}