{"id":35910,"date":"2021-12-08T19:54:40","date_gmt":"2021-12-08T19:54:40","guid":{"rendered":"https:\/\/www.elections.sbcounty.gov\/?page_id=35910"},"modified":"2024-06-26T16:24:47","modified_gmt":"2024-06-26T23:24:47","slug":"1102","status":"publish","type":"page","link":"https:\/\/elections.sbcounty.gov\/es\/elections\/2004\/1102\/","title":{"rendered":"1102"},"content":{"rendered":"  <section data-isd-block-id=\"rov-content-blockblock_2f184707296a13844137a1a43f52c234\"\n\t\t\t\t\t\t\t\t\t\t \t\t\t\t\t\t\t\t\t\t\t class=\"card-style main-content-wrapper rov-card-style mb-4\">\n\n\t<h2 class=\"block-subtitle blue\">Archivo de 2 de noviembre de 2004 \u2013 Declaraci\u00f3n de Votos Emitidos<\/h2>\n\n\t<div class=\"ctnr-block-content\"><p><strong>Elecciones Generales Presidenciales del 2 de noviembre de 2004<\/strong><\/p>\n<p><a href=\"https:\/\/www.sbcounty.gov\/uploads\/ROV\/Elections\/2004\/2004-11-02%20ElectionResults.pdf\" target=\"_blank\" rel=\"noopener\">Resultados de las Elecciones<\/a>\u00a0[pdf]<\/p>\n<p><strong>Declaraci\u00f3n de Votos Emitidos<\/strong><\/p>\n<table id=\"sovIndex\" style=\"background-color: white;width: 75%;border-collapse: collapse;border: 1px\">\n<tbody>\n<tr style=\"background-color: #000084;color: white;font-weight: bold\">\n<th><strong>Contienda<\/strong><\/th>\n<th><strong>N\u00famero de p\u00e1gina<\/strong><\/th>\n<\/tr>\n<tr style=\"background-color: #eeeeee;color: black\">\n<td><a href=\"https:\/\/www.sbcounty.gov\/uploads\/ROV\/Elections\/2004\/1102\/SOV\/1_PRESandVP.pdf\" target=\"_blank\" rel=\"noopener\">PRESIDENTE Y VICEPRESIDENTE<\/a> [pdf]<\/td>\n<td>1<\/td>\n<\/tr>\n<tr style=\"background-color: #f9f9f9;color: black\">\n<td><a href=\"https:\/\/www.sbcounty.gov\/uploads\/ROV\/Elections\/2004\/1102\/SOV\/32_US_SENATOR.pdf\" target=\"_blank\" rel=\"noopener\">SENADOR DE E.E,U.U.<\/a> [pdf]<\/td>\n<td>32<\/td>\n<\/tr>\n<tr style=\"background-color: #eeeeee;color: black\">\n<td><a href=\"https:\/\/www.sbcounty.gov\/uploads\/ROV\/Elections\/2004\/1102\/SOV\/63_US_REP_25TH.pdf\" target=\"_blank\" rel=\"noopener\">REPRESENTANTE DE EE. UU. \u2013 DISTRITO 25<\/a> [pdf]<\/td>\n<td>63<\/td>\n<\/tr>\n<tr style=\"background-color: #f9f9f9;color: black\">\n<td><a href=\"https:\/\/www.sbcounty.gov\/uploads\/ROV\/Elections\/2004\/1102\/SOV\/68_US_REP_26TH.pdf\" target=\"_blank\" rel=\"noopener\">REPRESENTANTE DE EE. UU. \u2013 DISTRITO 26<\/a> [pdf]<\/td>\n<td>68<\/td>\n<\/tr>\n<tr style=\"background-color: #eeeeee;color: black\">\n<td><a href=\"https:\/\/www.sbcounty.gov\/uploads\/ROV\/Elections\/2004\/1102\/SOV\/75_US_REP_41ST.pdf\" target=\"_blank\" rel=\"noopener\">REPRESENTANTE DE EE. UU. \u2013 DISTRITO 41<\/a> [pdf]<\/td>\n<td>75<\/td>\n<\/tr>\n<tr style=\"background-color: #f9f9f9;color: black\">\n<td><a href=\"https:\/\/www.sbcounty.gov\/uploads\/ROV\/Elections\/2004\/1102\/SOV\/89_US_REP_42ND.pdf\" target=\"_blank\" rel=\"noopener\">REPRESENTANTE DE EE. UU. \u2013 DISTRITO 42<\/a> [pdf]<\/td>\n<td>89<\/td>\n<\/tr>\n<tr style=\"background-color: #eeeeee;color: black\">\n<td><a href=\"https:\/\/www.sbcounty.gov\/uploads\/ROV\/Elections\/2004\/1102\/SOV\/94_US_REP_43RD.pdf\" target=\"_blank\" rel=\"noopener\">REPRESENTANTE DE EE. UU. \u2013 DISTRITO 43<\/a> [pdf]<\/td>\n<td>94<\/td>\n<\/tr>\n<tr style=\"background-color: #f9f9f9;color: black\">\n<td><a href=\"https:\/\/www.sbcounty.gov\/uploads\/ROV\/Elections\/2004\/1102\/SOV\/105_STATE_SENATOR_DIST_17.pdf\" target=\"_blank\" rel=\"noopener\">SENADOR ESTATAL \u2013 DISTRITO 17<\/a> [pdf]<\/td>\n<td>105<\/td>\n<\/tr>\n<tr style=\"background-color: #eeeeee;color: black\">\n<td><a href=\"https:\/\/www.sbcounty.gov\/uploads\/ROV\/Elections\/2004\/1102\/SOV\/112_STATE_SENATOR_DIST_29.pdf\" target=\"_blank\" rel=\"noopener\">SENADOR ESTATAL &#8211; DISTRITO 29<\/a> [pdf]<\/td>\n<td>112<\/td>\n<\/tr>\n<tr style=\"background-color: #f9f9f9;color: black\">\n<td><a href=\"https:\/\/www.sbcounty.gov\/uploads\/ROV\/Elections\/2004\/1102\/SOV\/117_STATE_SENATOR_DIST_31.pdf\" target=\"_blank\" rel=\"noopener\">SENADOR ESTATAL \u2013 DISTRITO 31<\/a> [pdf]<\/td>\n<td>117<\/td>\n<\/tr>\n<tr style=\"background-color: #eeeeee;color: black\">\n<td><a href=\"https:\/\/www.sbcounty.gov\/uploads\/ROV\/Elections\/2004\/1102\/SOV\/130_STATE_ASSEMBLY_DIST_32.pdf\" target=\"_blank\" rel=\"noopener\">ASAMBLEA DEL ESTADO \u2013 DISTRITO 32<\/a> [pdf]<\/td>\n<td>130<\/td>\n<\/tr>\n<tr style=\"background-color: #f9f9f9;color: black\">\n<td><a href=\"https:\/\/www.sbcounty.gov\/uploads\/ROV\/Elections\/2004\/1102\/SOV\/133_STATE_ASSEMBLY_DIST_34.pdf\" target=\"_blank\" rel=\"noopener\">ASAMBLEA DEL ESTADO \u2013 DISTRITO 34<\/a> [pdf]<\/td>\n<td>133<\/td>\n<\/tr>\n<tr style=\"background-color: #eeeeee;color: black\">\n<td><a href=\"https:\/\/www.sbcounty.gov\/uploads\/ROV\/Elections\/2004\/1102\/SOV\/137_STATE_ASSEMBLY_DIST_36.pdf\" target=\"_blank\" rel=\"noopener\">ASAMBLEA DEL ESTADO \u2013 DISTRITO 36<\/a> [pdf]<\/td>\n<td>137<\/td>\n<\/tr>\n<tr style=\"background-color: #f9f9f9;color: black\">\n<td><a href=\"https:\/\/www.sbcounty.gov\/uploads\/ROV\/Elections\/2004\/1102\/SOV\/142_STATE_ASSEMBLY_DIST_59.pdf\" target=\"_blank\" rel=\"noopener\">ASAMBLEA DEL ESTADO \u2013 DISTRITO 59<\/a> [pdf]<\/td>\n<td>142<\/td>\n<\/tr>\n<tr style=\"background-color: #eeeeee;color: black\">\n<td><a href=\"https:\/\/www.sbcounty.gov\/uploads\/ROV\/Elections\/2004\/1102\/SOV\/149_STATE_ASSEMBLY_DIST_60.pdf\" target=\"_blank\" rel=\"noopener\">ASAMBLEA DEL ESTADO \u2013 DISTRITO 60<\/a> [pdf]<\/td>\n<td>149<\/td>\n<\/tr>\n<tr style=\"background-color: #f9f9f9;color: black\">\n<td><a href=\"https:\/\/www.sbcounty.gov\/uploads\/ROV\/Elections\/2004\/1102\/SOV\/153_STATE_ASSEMBLY_DIST_61.pdf\" target=\"_blank\" rel=\"noopener\">ASAMBLEA DEL ESTADO \u2013 DISTRITO 61<\/a> [pdf]<\/td>\n<td>153<\/td>\n<\/tr>\n<tr style=\"background-color: #eeeeee;color: black\">\n<td><a href=\"https:\/\/www.sbcounty.gov\/uploads\/ROV\/Elections\/2004\/1102\/SOV\/159_STATE_ASSEMBLY_DIST_62.pdf\" target=\"_blank\" rel=\"noopener\">ASAMBLEA DEL ESTADO \u2013 DISTRITO 62<\/a> [pdf]<\/td>\n<td>159<\/td>\n<\/tr>\n<tr style=\"background-color: #f9f9f9;color: black\">\n<td><a href=\"https:\/\/www.sbcounty.gov\/uploads\/ROV\/Elections\/2004\/1102\/SOV\/167_STATE_ASSEMBLY_DIST_63.pdf\" target=\"_blank\" rel=\"noopener\">ASAMBLEA DEL ESTADO \u2013 DISTRITO 63<\/a> [pdf]<\/td>\n<td>167<\/td>\n<\/tr>\n<tr style=\"background-color: #eeeeee;color: black\">\n<td><a href=\"https:\/\/www.sbcounty.gov\/uploads\/ROV\/Elections\/2004\/1102\/SOV\/178_STATE_ASSEMBLY_DIST_65.pdf\" target=\"_blank\" rel=\"noopener\">ASAMBLEA DEL ESTADO \u2013 DISTRITO 65<\/a> [pdf]<\/td>\n<td>178<\/td>\n<\/tr>\n<tr style=\"background-color: #f9f9f9;color: black\">\n<td><a href=\"https:\/\/www.sbcounty.gov\/uploads\/ROV\/Elections\/2004\/1102\/SOV\/183_MEMBER_BRD_SUP_4TH.pdf\" target=\"_blank\" rel=\"noopener\">MIEMBRO, JUNTA DE SUPERVISORES, DISTRITO 4<\/a> [pdf]<\/td>\n<td>183<\/td>\n<\/tr>\n<tr style=\"background-color: #eeeeee;color: black\">\n<td><a href=\"https:\/\/www.sbcounty.gov\/uploads\/ROV\/Elections\/2004\/1102\/SOV\/190_MEMBER_BRD_SUP_5TH.pdf\" target=\"_blank\" rel=\"noopener\">MIEMBRO, JUNTA DE SUPERVISORES, DISTRITO 5<\/a> [pdf]<\/td>\n<td>190<\/td>\n<\/tr>\n<tr style=\"background-color: #f9f9f9;color: black\">\n<td><a href=\"https:\/\/www.sbcounty.gov\/uploads\/ROV\/Elections\/2004\/1102\/SOV\/198_CITY_ADELANTO.pdf\" target=\"_blank\" rel=\"noopener\">CIUDAD DE ADELANTO<\/a> [pdf]<\/td>\n<td>198<\/td>\n<\/tr>\n<tr style=\"background-color: #eeeeee;color: black\">\n<td><a href=\"https:\/\/www.sbcounty.gov\/uploads\/ROV\/Elections\/2004\/1102\/SOV\/201_MEMBER_TOWN_COUNCIL_APPLE_VALLEY.pdf\" target=\"_blank\" rel=\"noopener\">MIEMBRO, CONCEJO DEL PUEBLO DE APPLE VALLEY<\/a> [pdf]<\/td>\n<td>201<\/td>\n<\/tr>\n<tr style=\"background-color: #f9f9f9;color: black\">\n<td><a href=\"https:\/\/www.sbcounty.gov\/uploads\/ROV\/Elections\/2004\/1102\/SOV\/205_MAYOR_BARSTOW.pdf\" target=\"_blank\" rel=\"noopener\">ALCALDE DE BARSTOW<\/a> [pdf]<\/td>\n<td>205<\/td>\n<\/tr>\n<tr style=\"background-color: #eeeeee;color: black\">\n<td><a href=\"https:\/\/www.sbcounty.gov\/uploads\/ROV\/Elections\/2004\/1102\/SOV\/208_CITY_BARSTOW.pdf\" target=\"_blank\" rel=\"noopener\">CIUDAD DE BARSTOW<\/a> [pdf]<\/td>\n<td>208<\/td>\n<\/tr>\n<tr style=\"background-color: #f9f9f9;color: black\">\n<td><a href=\"https:\/\/www.sbcounty.gov\/uploads\/ROV\/Elections\/2004\/1102\/SOV\/211_CITY_TREASURER_BARSTOW.pdf\" target=\"_blank\" rel=\"noopener\">TESORERO MUNICIPAL DE BARSTOW<\/a> [pdf]<\/td>\n<td>211<\/td>\n<\/tr>\n<tr style=\"background-color: #eeeeee;color: black\">\n<td><a href=\"https:\/\/www.sbcounty.gov\/uploads\/ROV\/Elections\/2004\/1102\/SOV\/214_MEMBER_CITY_COUNCIL_BIG_BEAR_LAKE.pdf\" target=\"_blank\" rel=\"noopener\">MIEMBRO, CONCEJO MUNICIPAL DE BIG BEAR LAKE<\/a> [pdf]<\/td>\n<td>214<\/td>\n<\/tr>\n<tr style=\"background-color: #f9f9f9;color: black\">\n<td><a href=\"https:\/\/www.sbcounty.gov\/uploads\/ROV\/Elections\/2004\/1102\/SOV\/217_CITY_OF_CHINO.pdf\" target=\"_blank\" rel=\"noopener\">CIUDAD DE CHINO<\/a> [pdf]<\/td>\n<td>217<\/td>\n<\/tr>\n<tr style=\"background-color: #eeeeee;color: black\">\n<td><a href=\"https:\/\/www.sbcounty.gov\/uploads\/ROV\/Elections\/2004\/1102\/SOV\/220_MEMBER_CITY_COUNCIL_CHINO_HILLS.pdf\" target=\"_blank\" rel=\"noopener\">MIEMBRO, CONCEJO MUNICIPAL DE CHINO HILLS<\/a> [pdf]<\/td>\n<td>220<\/td>\n<\/tr>\n<tr style=\"background-color: #f9f9f9;color: black\">\n<td><a href=\"https:\/\/www.sbcounty.gov\/uploads\/ROV\/Elections\/2004\/1102\/SOV\/224_CITY_OF_COLTON.pdf\" target=\"_blank\" rel=\"noopener\">CIUDAD DE COLTON<\/a> [pdf]<\/td>\n<td>224<\/td>\n<\/tr>\n<tr style=\"background-color: #eeeeee;color: black\">\n<td><a href=\"https:\/\/www.sbcounty.gov\/uploads\/ROV\/Elections\/2004\/1102\/SOV\/227_MEMBER_CITY_COUNCIL_COLTON_3_DIST.pdf\" target=\"_blank\" rel=\"noopener\">MIEMBRO, CONCEJO MUNICIPAL DE COLTON, DISTRITO 3<\/a> [pdf]<\/td>\n<td>227<\/td>\n<\/tr>\n<tr style=\"background-color: #f9f9f9;color: black\">\n<td><a href=\"https:\/\/www.sbcounty.gov\/uploads\/ROV\/Elections\/2004\/1102\/SOV\/230_MEMBER_CITY_COUNCIL_COLTON_5_DIST.pdf\" target=\"_blank\" rel=\"noopener\">MIEMBRO, CONCEJO MUNICIPAL DE COLTON, DISTRITO 5<\/a> [pdf]<\/td>\n<td>230<\/td>\n<\/tr>\n<tr style=\"background-color: #eeeeee;color: black\">\n<td><a href=\"https:\/\/www.sbcounty.gov\/uploads\/ROV\/Elections\/2004\/1102\/SOV\/233_MEMBER_CITY_COUNCIL_COLTON_6_DIST.pdf\" target=\"_blank\" rel=\"noopener\">MIEMBRO, CONCEJO MUNICIPAL DE COLTON, DISTRITO 6<\/a> [pdf]<\/td>\n<td>233<\/td>\n<\/tr>\n<tr style=\"background-color: #f9f9f9;color: black\">\n<td><a href=\"https:\/\/www.sbcounty.gov\/uploads\/ROV\/Elections\/2004\/1102\/SOV\/236_MEMBER_CITY_COUNCIL_FONTANA.pdf\" target=\"_blank\" rel=\"noopener\">MIEMBRO, CONCEJO MUNICIPAL DE FONTANA<\/a> [pdf]<\/td>\n<td>236<\/td>\n<\/tr>\n<tr style=\"background-color: #eeeeee;color: black\">\n<td><a href=\"https:\/\/www.sbcounty.gov\/uploads\/ROV\/Elections\/2004\/1102\/SOV\/240_MEMBER_CITY_COUNCIL_GRD_TERRACE.pdf\" target=\"_blank\" rel=\"noopener\">MIEMBRO, CONCEJO MUNICIPAL DE GRAND TERRACE<\/a> [pdf]<\/td>\n<td>240<\/td>\n<\/tr>\n<tr style=\"background-color: #f9f9f9;color: black\">\n<td><a href=\"https:\/\/www.sbcounty.gov\/uploads\/ROV\/Elections\/2004\/1102\/SOV\/243_MEMBER_CITY_COUNCIL_HESPERIA.pdf\" target=\"_blank\" rel=\"noopener\">MIEMBRO, CONCEJO MUNICIPAL DE HESPERIA<\/a> [pdf]<\/td>\n<td>243<\/td>\n<\/tr>\n<tr style=\"background-color: #eeeeee;color: black\">\n<td><a href=\"https:\/\/www.sbcounty.gov\/uploads\/ROV\/Elections\/2004\/1102\/SOV\/247_MEMBER_CITY_COUNCIL_HIGHLAND.pdf\" target=\"_blank\" rel=\"noopener\">MIEMBRO, CONCEJO MUNICIPAL DE HIGHLAND<\/a> [pdf]<\/td>\n<td>247<\/td>\n<\/tr>\n<tr style=\"background-color: #f9f9f9;color: black\">\n<td><a href=\"https:\/\/www.sbcounty.gov\/uploads\/ROV\/Elections\/2004\/1102\/SOV\/250_MEMBER_CITY_COUNCIL_MONTCLAIR.pdf\" target=\"_blank\" rel=\"noopener\">MIEMBRO, CONCEJO MUNICIPAL DE MONTCLAIR<\/a> [pdf]<\/td>\n<td>250<\/td>\n<\/tr>\n<tr style=\"background-color: #eeeeee;color: black\">\n<td><a href=\"https:\/\/www.sbcounty.gov\/uploads\/ROV\/Elections\/2004\/1102\/SOV\/253_MEMBER_CITY_COUNCIL_ONTARIO.pdf\" target=\"_blank\" rel=\"noopener\">MIEMBRO, CONCEJO MUNICIPAL DE ONTARIO<\/a> [pdf]<\/td>\n<td>253<\/td>\n<\/tr>\n<tr style=\"background-color: #f9f9f9;color: black\">\n<td><a href=\"https:\/\/www.sbcounty.gov\/uploads\/ROV\/Elections\/2004\/1102\/SOV\/257_CITY_ONTARIO.pdf\" target=\"_blank\" rel=\"noopener\">CIUDAD DE ONTARIO<\/a> [pdf]<\/td>\n<td>257<\/td>\n<\/tr>\n<tr style=\"background-color: #eeeeee;color: black\">\n<td><a href=\"https:\/\/www.sbcounty.gov\/uploads\/ROV\/Elections\/2004\/1102\/SOV\/261_CITY_RANCHO_CUCAMONGA.pdf\" target=\"_blank\" rel=\"noopener\">CIUDAD DE RANCHO CUCAMONGA<\/a> [pdf]<\/td>\n<td>261<\/td>\n<\/tr>\n<tr style=\"background-color: #f9f9f9;color: black\">\n<td><a href=\"https:\/\/www.sbcounty.gov\/uploads\/ROV\/Elections\/2004\/1102\/SOV\/266_CITY_TREASURER_RANCHO_CUCAMONGA.pdf\" target=\"_blank\" rel=\"noopener\">TESORERO MUNICIPAL, RANCHO CUCAMONGA<\/a> [pdf]<\/td>\n<td>266<\/td>\n<\/tr>\n<tr style=\"background-color: #eeeeee;color: black\">\n<td><a href=\"https:\/\/www.sbcounty.gov\/uploads\/ROV\/Elections\/2004\/1102\/SOV\/271_CITY_RIALTO.pdf\" target=\"_blank\" rel=\"noopener\">CIUDAD DE RIALTO<\/a> [pdf]<\/td>\n<td>271<\/td>\n<\/tr>\n<tr style=\"background-color: #f9f9f9;color: black\">\n<td><a href=\"https:\/\/www.sbcounty.gov\/uploads\/ROV\/Elections\/2004\/1102\/SOV\/279_MEMBER_CITY_COUNCIL_29PALMS.pdf\" target=\"_blank\" rel=\"noopener\">MIEMBRO, CONCEJO MUNICIPAL DE TWENTYNINE PALMS<\/a> [pdf]<\/td>\n<td>279<\/td>\n<\/tr>\n<tr style=\"background-color: #eeeeee;color: black\">\n<td><a href=\"https:\/\/www.sbcounty.gov\/uploads\/ROV\/Elections\/2004\/1102\/SOV\/282_CITY_UPLAND.pdf\" target=\"_blank\" rel=\"noopener\">CIUDAD DE UPLAND<\/a> [pdf]<\/td>\n<td>282<\/td>\n<\/tr>\n<tr style=\"background-color: #f9f9f9;color: black\">\n<td><a href=\"https:\/\/www.sbcounty.gov\/uploads\/ROV\/Elections\/2004\/1102\/SOV\/286_MEMBER_CITY_COUNCIL_VICTORVILLE.pdf\" target=\"_blank\" rel=\"noopener\">MIEMBRO, CONCEJO MUNICIPAL DE VICTORVILLE<\/a> [pdf]<\/td>\n<td>286<\/td>\n<\/tr>\n<tr style=\"background-color: #eeeeee;color: black\">\n<td><a href=\"https:\/\/www.sbcounty.gov\/uploads\/ROV\/Elections\/2004\/1102\/SOV\/290_MEMBER_CITY_COUNCIL_YUCAIPA.pdf\" target=\"_blank\" rel=\"noopener\">MIEMBRO, CONCEJO MUNICIPAL DE YUCAIPA<\/a> [pdf]<\/td>\n<td>290<\/td>\n<\/tr>\n<tr style=\"background-color: #f9f9f9;color: black\">\n<td><a href=\"https:\/\/www.sbcounty.gov\/uploads\/ROV\/Elections\/2004\/1102\/SOV\/293_MEMBER_TOWN_COUNCIL_YUCCA_VALLEY.pdf\" target=\"_blank\" rel=\"noopener\">MIEMBRO, CONCEJO DEL PUEBLO DE YUCCA VALLEY<\/a> [pdf]<\/td>\n<td>293<\/td>\n<\/tr>\n<tr style=\"background-color: #eeeeee;color: black\">\n<td><a href=\"https:\/\/www.sbcounty.gov\/uploads\/ROV\/Elections\/2004\/1102\/SOV\/296_CHINO_VALLEY_GOV_BRD_MBR_UNIFIED.pdf\" target=\"_blank\" rel=\"noopener\">CHINO VALLEY, MIEMBRO DE LA JUNTA GOBERNANTE, DISTRITO ESCOLAR UNIFICADO<\/a> [pdf]<\/td>\n<td>296<\/td>\n<\/tr>\n<tr style=\"background-color: #f9f9f9;color: black\">\n<td><a href=\"https:\/\/www.sbcounty.gov\/uploads\/ROV\/Elections\/2004\/1102\/SOV\/301_MUROC_JT_GOV_BRD_MBR_UNIFIED_TA_3D_FT.pdf\" target=\"_blank\" rel=\"noopener\">DISTRITO ESCOLAR UNIFICADO CONJUNTO MUROC, MIEMBRO DE LA JUNTA GOBERNANTE, \u00c1REA FIDECOMISARIO FT 3D<\/a> [pdf]<\/td>\n<td>301<\/td>\n<\/tr>\n<tr style=\"background-color: #eeeeee;color: black\">\n<td><a href=\"https:\/\/www.sbcounty.gov\/uploads\/ROV\/Elections\/2004\/1102\/SOV\/304_SIERRA_SANDS_GOV_BRD_MBR_UNIFIED.pdf\" target=\"_blank\" rel=\"noopener\">SIERRA SANDS, MIEMBRO DE LA JUNTA GOBERNANTE, DISTRITO ESCOLAR UNIFICADO<\/a> [pdf]<\/td>\n<td>304<\/td>\n<\/tr>\n<tr style=\"background-color: #f9f9f9;color: black\">\n<td><a href=\"https:\/\/www.sbcounty.gov\/uploads\/ROV\/Elections\/2004\/1102\/SOV\/307_CHINO_VALLEY_INDEPENDENT_FIRE.pdf\" target=\"_blank\" rel=\"noopener\">DISTRITO DE PROTECCI\u00d3N CONTRA INCENDIOS INDEPENDIENTE CHINO VALLEY<\/a> [pdf]<\/td>\n<td>307<\/td>\n<\/tr>\n<tr style=\"background-color: #eeeeee;color: black\">\n<td><a href=\"https:\/\/www.sbcounty.gov\/uploads\/ROV\/Elections\/2004\/1102\/SOV\/312_IE_UTIL_AGENCY_MUNI_WATER_DIST.pdf\" target=\"_blank\" rel=\"noopener\">DISTRITO MUNICIPAL DE AGUAS AGENCIA DE SERVICIOS P\u00daBLICOS INLAND EMPIRE<\/a> [pdf]<\/td>\n<td>312<\/td>\n<\/tr>\n<tr style=\"background-color: #f9f9f9;color: black\">\n<td><a href=\"https:\/\/www.sbcounty.gov\/uploads\/ROV\/Elections\/2004\/1102\/SOV\/322_HESPERIA_REC_PARK_DISTRICT.pdf\" target=\"_blank\" rel=\"noopener\">DISTRITO DE PARQUES Y RECREACI\u00d3N HESPERIA<\/a> [pdf]<\/td>\n<td>322<\/td>\n<\/tr>\n<tr style=\"background-color: #eeeeee;color: black\">\n<td><a href=\"https:\/\/www.sbcounty.gov\/uploads\/ROV\/Elections\/2004\/1102\/SOV\/326_BEAUMONT_CHERRY_VALLEY_WATER_DIST_DIV_2.pdf\" target=\"_blank\" rel=\"noopener\">DISTRITO DE AGUAS BEAUMONT \u2013 CHERRY VALLEY DIVISI\u00d3N 2<\/a> [pdf]<\/td>\n<td>326<\/td>\n<\/tr>\n<tr style=\"background-color: #f9f9f9;color: black\">\n<td><a href=\"https:\/\/www.sbcounty.gov\/uploads\/ROV\/Elections\/2004\/1102\/SOV\/329_INDIAN_WELLS_VALLEY_WATER_DIST_FT.pdf\" target=\"_blank\" rel=\"noopener\">DISTRITO DE AGUAS INDIAN WELLS VALLEY FT<\/a> [pdf]<\/td>\n<td>329<\/td>\n<\/tr>\n<tr style=\"background-color: #eeeeee;color: black\">\n<td><a href=\"https:\/\/www.sbcounty.gov\/uploads\/ROV\/Elections\/2004\/1102\/SOV\/332_BEAR_VALLEY_COMM_DIR_HEALTHCARE_DIST.pdf\" target=\"_blank\" rel=\"noopener\">DIRECTOR, DISTRITO DE ATENCI\u00d3N M\u00c9DICA, COMUNIDAD DE BEAR VALLEY<\/a> [pdf]<\/td>\n<td>332<\/td>\n<\/tr>\n<tr style=\"background-color: #f9f9f9;color: black\">\n<td><a href=\"https:\/\/www.sbcounty.gov\/uploads\/ROV\/Elections\/2004\/1102\/SOV\/335_HI_DESERT_MEMORIAL_HD.pdf\" target=\"_blank\" rel=\"noopener\">DIRECTOR, DISTRITO DE ATENCI\u00d3N M\u00c9DICA, HI-DESERT MEMORIAL<\/a> [pdf]<\/td>\n<td>335<\/td>\n<\/tr>\n<tr style=\"background-color: #eeeeee;color: black\">\n<td><a href=\"https:\/\/www.sbcounty.gov\/uploads\/ROV\/Elections\/2004\/1102\/SOV\/339_PROPOSITIONS.pdf\" target=\"_blank\" rel=\"noopener\">PROPUESTAS<\/a> [pdf]<\/td>\n<td>339<\/td>\n<\/tr>\n<tr style=\"background-color: #f9f9f9;color: black\">\n<td><a href=\"https:\/\/www.sbcounty.gov\/uploads\/ROV\/Elections\/2004\/1102\/SOV\/463_MEASURES.pdf\" target=\"_blank\" rel=\"noopener\">MEDIDAS<\/a> [pdf]<\/td>\n<td>463<\/td>\n<\/tr>\n<\/tbody>\n<\/table>\n<p>&nbsp;<\/p>\n<\/div>\n\n  <\/section>\n\n\t","protected":false},"excerpt":{"rendered":"<p>Archivo de 2 de noviembre de 2004 \u2013 Declaraci\u00f3n de Votos Emitidos Elecciones Generales Presidenciales del 2 de noviembre de 2004 Resultados de las Elecciones\u00a0[pdf] Declaraci\u00f3n de Votos Emitidos Contienda N\u00famero de p\u00e1gina PRESIDENTE Y VICEPRESIDENTE [pdf] 1 SENADOR DE E.E,U.U. [pdf] 32 REPRESENTANTE DE EE. UU. \u2013 DISTRITO 25<span class=\"ellipsis\">&#8230;<\/span><\/p>\n","protected":false},"author":19,"featured_media":37382,"parent":35811,"menu_order":0,"comment_status":"closed","ping_status":"closed","template":"templates\/rov-left-sidebar-no-title-template.php","meta":{"_acf_changed":false,"footnotes":""},"class_list":["post-35910","page","type-page","status-publish","has-post-thumbnail","hentry"],"acf":[],"_links":{"self":[{"href":"https:\/\/elections.sbcounty.gov\/es\/wp-json\/wp\/v2\/pages\/35910","targetHints":{"allow":["GET"]}}],"collection":[{"href":"https:\/\/elections.sbcounty.gov\/es\/wp-json\/wp\/v2\/pages"}],"about":[{"href":"https:\/\/elections.sbcounty.gov\/es\/wp-json\/wp\/v2\/types\/page"}],"author":[{"embeddable":true,"href":"https:\/\/elections.sbcounty.gov\/es\/wp-json\/wp\/v2\/users\/19"}],"replies":[{"embeddable":true,"href":"https:\/\/elections.sbcounty.gov\/es\/wp-json\/wp\/v2\/comments?post=35910"}],"version-history":[{"count":3,"href":"https:\/\/elections.sbcounty.gov\/es\/wp-json\/wp\/v2\/pages\/35910\/revisions"}],"predecessor-version":[{"id":84481,"href":"https:\/\/elections.sbcounty.gov\/es\/wp-json\/wp\/v2\/pages\/35910\/revisions\/84481"}],"up":[{"embeddable":true,"href":"https:\/\/elections.sbcounty.gov\/es\/wp-json\/wp\/v2\/pages\/35811"}],"wp:featuredmedia":[{"embeddable":true,"href":"https:\/\/elections.sbcounty.gov\/es\/wp-json\/wp\/v2\/media\/37382"}],"wp:attachment":[{"href":"https:\/\/elections.sbcounty.gov\/es\/wp-json\/wp\/v2\/media?parent=35910"}],"curies":[{"name":"wp","href":"https:\/\/api.w.org\/{rel}","templated":true}]}}