{"id":35103,"date":"2021-12-06T17:22:15","date_gmt":"2021-12-06T17:22:15","guid":{"rendered":"https:\/\/www.elections.sbcounty.gov\/?page_id=35103"},"modified":"2026-04-03T17:22:10","modified_gmt":"2026-04-04T00:22:10","slug":"hsvewinformation","status":"publish","type":"page","link":"https:\/\/elections.sbcounty.gov\/es\/community-outreach\/hsvewinformation\/","title":{"rendered":"Semanas de Educaci\u00f3n para el Votante en Escuelas Preparatorias"},"content":{"rendered":"  <section data-isd-block-id=\"rov-content-blockblock_2c69644f9a6217c3e0a0eabb366b60bb\"\n\t\t\t\t\t\t\t\t\t\t \t\t\t\t\t\t\t\t\t\t\t class=\"card-style main-content-wrapper rov-card-style mb-4\">\n\n\t<h2 class=\"block-subtitle blue\">Semanas de Educaci\u00f3n para el Votante en Escuelas Preparatorias<\/h2>\n\n\t<div class=\"ctnr-block-content\"><p>El C\u00f3digo de Educaci\u00f3n de California designa las \u00faltimas dos semanas completas de abril y septiembre para que sean las Semanas de Educaci\u00f3n para los Votantes en Escuelas Preparatorias\u00a0y les da autoridad a las escuelas para designar estudiantes como &#8220;coordinadores de divulgaci\u00f3n para los votantes.&#8221; \u00a0Esto les da la oportunidad a los estudiantes de volverse participantes activos y comprometidos con nuestra democracia\u00a0y\u00a0encaminar a estos estudiantes en una vida de compromiso c\u00edvico y votaci\u00f3n.<\/p>\n<p>La Secretaria de Estado proporciona recursos para facilitar que las escuelas participen. \u00a0Los maestros pueden ayudar a los estudiantes elegibles a preinscribirse o registrarse para votar mediante un formulario en papel o en l\u00ednea. \u00a0Los coordinadores de divulgaci\u00f3n para los votantes pueden dirigir las campa\u00f1as de registro y otras actividades escolares que tengan como objetivo la participaci\u00f3n c\u00edvica.<\/p>\n<p>Utiliza el <a href=\"https:\/\/uploads.rov.sbcounty.gov\/ROV\/es\/CommunityOutreach\/HSVEW\/HSVEW_StarterKit.pdf\">Kit de Herramientas de Semanas de Educaci\u00f3n para los Votante en Escuelas Preparatorias<\/a> [pdf] para educar estudiantes de preparatorias sobre el registro y el pre-registro de votantes, as\u00ed como sobre sus opciones y oportunidades de voto.<\/p>\n<\/div>\n\n  <\/section>\n\n\t\n\n\n<div class=\"wp-block-columns is-layout-flex wp-container-core-columns-is-layout-9d6595d7 wp-block-columns-is-layout-flex\">\n<div class=\"wp-block-column is-layout-flow wp-block-column-is-layout-flow\" style=\"flex-basis:60%\">  <section data-isd-block-id=\"rov-content-blockblock_a1924017cd111fc214afc0426f93a129\"\n\t\t\t\t\t\t\t\t\t\t \t\t\t\t\t\t\t\t\t\t\t class=\"card-style main-content-wrapper rov-card-style mb-4\">\n\n\t<h2 class=\"block-subtitle blue\">Family Feud: Edici\u00f3n para la educaci\u00f3n de los votantes<\/h2>\n\n\t<div class=\"ctnr-block-content\"><p><iframe width=\"720\" height=\"405\" src=\"https:\/\/www.youtube.com\/embed\/T_gB6Kq0btQ?feature=oembed?loop=1&#038;showinfo=0&#038;enablejsapi=1&#038;rel=0&#038;modestbranding=1\" frameborder=\"0\" allow=\"accelerometer; autoplay; clipboard-write; encrypted-media; gyroscope; picture-in-picture; web-share\" referrerpolicy=\"strict-origin-when-cross-origin\" allowfullscreen title=\"High School Family Feud: Voter Education Edition- Academy of Academic Excellence (Apple Valley)\"><\/iframe><\/p>\n<\/div>\n\n  <\/section>\n\n\t<\/div>\n\n\n\n<div class=\"wp-block-column is-layout-flow wp-block-column-is-layout-flow\" style=\"flex-basis:40%\">  <section data-isd-block-id=\"rov-content-blockblock_ba10ce88bb2b6e2c2bae8b6cfc136d22\"\n\t\t\t\t\t\t\t\t\t\t \t\t\t\t\t\t\t\t\t\t\t class=\"card-style main-content-wrapper rov-card-style mb-4\">\n\n\t<h2 class=\"block-subtitle blue\">\u00a1Reg\u00edstrese para Votar!<\/h2>\n\n\t<div class=\"ctnr-block-content\"><p><img decoding=\"async\" class=\"alignnone  wp-image-93549\" src=\"https:\/\/elections.sbcounty.gov\/es\/wp-content\/uploads\/sites\/4\/2026\/03\/HSVEW_2026-300x226.jpg\" alt=\"Teenagers preregistering to vote\" width=\"801\" height=\"604\" srcset=\"https:\/\/elections.sbcounty.gov\/es\/wp-content\/uploads\/sites\/4\/2026\/03\/HSVEW_2026-300x226.jpg 300w, https:\/\/elections.sbcounty.gov\/es\/wp-content\/uploads\/sites\/4\/2026\/03\/HSVEW_2026-1024x773.jpg 1024w, https:\/\/elections.sbcounty.gov\/es\/wp-content\/uploads\/sites\/4\/2026\/03\/HSVEW_2026-768x580.jpg 768w, https:\/\/elections.sbcounty.gov\/es\/wp-content\/uploads\/sites\/4\/2026\/03\/HSVEW_2026.jpg 1130w\" sizes=\"(max-width: 801px) 100vw, 801px\" \/><\/p>\n<\/div>\n\n  <\/section>\n\n\t<\/div>\n<\/div>\n\n\n  <section data-isd-block-id=\"rov-content-blockblock_e10ce52f26c8a81cbde551c7f0250dd0\"\n\t\t\t\t\t\t\t\t\t\t \t\t\t\t\t\t\t\t\t\t\t class=\"card-style main-content-wrapper rov-card-style mb-4\">\n\n\t<h2 class=\"block-subtitle blue\">Preinscribirse<\/h2>\n\n\t<div class=\"ctnr-block-content\"><p><img decoding=\"async\" class=\"alignnone wp-image-89026 \" src=\"https:\/\/elections.sbcounty.gov\/es\/wp-content\/uploads\/sites\/4\/2025\/04\/Banner_2026PreReg-300x126.png\" alt=\"\" width=\"2017\" height=\"847\" srcset=\"https:\/\/elections.sbcounty.gov\/es\/wp-content\/uploads\/sites\/4\/2025\/04\/Banner_2026PreReg-300x126.png 300w, https:\/\/elections.sbcounty.gov\/es\/wp-content\/uploads\/sites\/4\/2025\/04\/Banner_2026PreReg-1024x429.png 1024w, https:\/\/elections.sbcounty.gov\/es\/wp-content\/uploads\/sites\/4\/2025\/04\/Banner_2026PreReg-768x322.png 768w, https:\/\/elections.sbcounty.gov\/es\/wp-content\/uploads\/sites\/4\/2025\/04\/Banner_2026PreReg-1536x644.png 1536w, https:\/\/elections.sbcounty.gov\/es\/wp-content\/uploads\/sites\/4\/2025\/04\/Banner_2026PreReg-2048x859.png 2048w\" sizes=\"(max-width: 2017px) 100vw, 2017px\" \/><\/p>\n<\/div>\n\n  <\/section>\n\n\t\n\n  <section data-isd-block-id=\"rov-content-blockblock_b141645ea67920f94064950af2ba1451\"\n\t\t\t\t\t\t\t\t\t\t \t\t\t\t\t\t\t\t\t\t\t class=\"card-style main-content-wrapper rov-card-style mb-4\">\n\n\t<h2 class=\"block-subtitle blue\">\u00a1Su Preparatoria Debe Estar Aqu\u00ed!<\/h2>\n\n\t<div class=\"ctnr-block-content\"><p><img decoding=\"async\" class=\"alignnone wp-image-35163 size-full\" src=\"https:\/\/uploads.rov.sbcounty.gov\/ROV\/es\/CommunityOutreach\/HSVEW\/shareyourstory.png \" alt=\"share your story\" width=\"590\" height=\"363\" \/><\/p>\n<p>Si desea compartir c\u00f3mo particip\u00f3 su escuela en las Semanas de Educaci\u00f3n para los Votantes en Escuelas Preparatorias comun\u00edquese con nosotros a Communications@rov.sbcounty.gov.<\/p>\n<p>Tema: HSVEW<\/p>\n<\/div>\n\n  <\/section>\n\n\t\n\n\n\n","protected":false},"excerpt":{"rendered":"<p>Semanas de Educaci\u00f3n para el Votante en Escuelas Preparatorias El C\u00f3digo de Educaci\u00f3n de California designa las \u00faltimas dos semanas completas de abril y septiembre para que sean las Semanas de Educaci\u00f3n para los Votantes en Escuelas Preparatorias\u00a0y les da autoridad a las escuelas para designar estudiantes como &#8220;coordinadores de<span class=\"ellipsis\">&#8230;<\/span><\/p>\n","protected":false},"author":19,"featured_media":37382,"parent":144,"menu_order":0,"comment_status":"closed","ping_status":"closed","template":"templates\/rov-left-sidebar-no-dynamic-template.php","meta":{"_acf_changed":false,"footnotes":""},"class_list":["post-35103","page","type-page","status-publish","has-post-thumbnail","hentry"],"acf":[],"_links":{"self":[{"href":"https:\/\/elections.sbcounty.gov\/es\/wp-json\/wp\/v2\/pages\/35103","targetHints":{"allow":["GET"]}}],"collection":[{"href":"https:\/\/elections.sbcounty.gov\/es\/wp-json\/wp\/v2\/pages"}],"about":[{"href":"https:\/\/elections.sbcounty.gov\/es\/wp-json\/wp\/v2\/types\/page"}],"author":[{"embeddable":true,"href":"https:\/\/elections.sbcounty.gov\/es\/wp-json\/wp\/v2\/users\/19"}],"replies":[{"embeddable":true,"href":"https:\/\/elections.sbcounty.gov\/es\/wp-json\/wp\/v2\/comments?post=35103"}],"version-history":[{"count":21,"href":"https:\/\/elections.sbcounty.gov\/es\/wp-json\/wp\/v2\/pages\/35103\/revisions"}],"predecessor-version":[{"id":93947,"href":"https:\/\/elections.sbcounty.gov\/es\/wp-json\/wp\/v2\/pages\/35103\/revisions\/93947"}],"up":[{"embeddable":true,"href":"https:\/\/elections.sbcounty.gov\/es\/wp-json\/wp\/v2\/pages\/144"}],"wp:featuredmedia":[{"embeddable":true,"href":"https:\/\/elections.sbcounty.gov\/es\/wp-json\/wp\/v2\/media\/37382"}],"wp:attachment":[{"href":"https:\/\/elections.sbcounty.gov\/es\/wp-json\/wp\/v2\/media?parent=35103"}],"curies":[{"name":"wp","href":"https:\/\/api.w.org\/{rel}","templated":true}]}}