{"id":35064,"date":"2021-12-03T23:00:36","date_gmt":"2021-12-03T23:00:36","guid":{"rendered":"https:\/\/www.elections.sbcounty.gov\/?page_id=35064"},"modified":"2026-03-25T11:46:31","modified_gmt":"2026-03-25T18:46:31","slug":"voter-education","status":"publish","type":"page","link":"https:\/\/elections.sbcounty.gov\/es\/community-outreach\/voter-education\/","title":{"rendered":"Educaci\u00f3n para el Votante"},"content":{"rendered":"  <section data-isd-block-id=\"rov-content-blockblock_b5130e1dea7639623407be1c24d0ede5\"\n\t\t\t\t\t\t\t\t\t\t \t\t\t\t\t\t\t\t\t\t\t class=\"card-style main-content-wrapper rov-card-style mb-4\">\n\n\t<h2 class=\"block-subtitle blue\">Alcance de Educaci\u00f3n para el Votante<\/h2>\n\n\t<div class=\"ctnr-block-content\"><p><a href=\"https:\/\/elections.sbcounty.gov\/es\/faqs\/\">Preguntas Frecuentas para la Elecci\u00f3n Especial de la Ciudad de Ontario de 24 de marzo de 2026<\/a><\/p>\n<p>Infograf\u00eda de Informaci\u00f3n al Votante [pr\u00f3ximamente disponible]<\/p>\n<\/div>\n\n  <\/section>\n\n\t\n\n  <section data-isd-block-id=\"rov-content-blockblock_f867d2f3c28b50ae5330644322211e40\"\n\t\t\t\t\t\t\t\t\t\t \t\t\t\t\t\t\t\t\t\t\t class=\"card-style main-content-wrapper rov-card-style mb-4\">\n\n\t<h2 class=\"block-subtitle blue\">Kits de Herramientas de Comunicaci\u00f3n para los Campeones de la Educaci\u00f3n para el Votante<\/h2>\n\n\t<div class=\"ctnr-block-content\"><p>El Registro de Votantes se compromete a proteger el derecho de cada votante inscrito a emitir su voto de forma segura. Para ayudar a los votantes a comprender mejor c\u00f3mo el Condado de San Bernardino se est\u00e1 preparando para las Elecciones Primarias Directas Estatales del 2 de junio de 2026, hemos elaborado este Kit de Herramientas de Comunicaci\u00f3n para uso compartido. Con publicaciones de redes sociales, hojas de datos y m\u00e1s, el kit de herramientas cubre toda la informaci\u00f3n que necesita saber.<\/p>\n<p>Consulte el\u00a0Kit de Herramientas de Comunicaci\u00f3n para los Campeones de la Educaci\u00f3n para el Votante [pr\u00f3ximamente disponible]<\/p>\n<\/div>\n\n  <\/section>\n\n\t","protected":false},"excerpt":{"rendered":"<p>Alcance de Educaci\u00f3n para el Votante Preguntas Frecuentas para la Elecci\u00f3n Especial de la Ciudad de Ontario de 24 de marzo de 2026 Infograf\u00eda de Informaci\u00f3n al Votante [pr\u00f3ximamente disponible] Kits de Herramientas de Comunicaci\u00f3n para los Campeones de la Educaci\u00f3n para el Votante El Registro de Votantes se compromete<span class=\"ellipsis\">&#8230;<\/span><\/p>\n","protected":false},"author":19,"featured_media":37382,"parent":144,"menu_order":0,"comment_status":"closed","ping_status":"closed","template":"templates\/rov-left-sidebar-no-title-template.php","meta":{"_acf_changed":false,"footnotes":""},"class_list":["post-35064","page","type-page","status-publish","has-post-thumbnail","hentry"],"acf":[],"_links":{"self":[{"href":"https:\/\/elections.sbcounty.gov\/es\/wp-json\/wp\/v2\/pages\/35064","targetHints":{"allow":["GET"]}}],"collection":[{"href":"https:\/\/elections.sbcounty.gov\/es\/wp-json\/wp\/v2\/pages"}],"about":[{"href":"https:\/\/elections.sbcounty.gov\/es\/wp-json\/wp\/v2\/types\/page"}],"author":[{"embeddable":true,"href":"https:\/\/elections.sbcounty.gov\/es\/wp-json\/wp\/v2\/users\/19"}],"replies":[{"embeddable":true,"href":"https:\/\/elections.sbcounty.gov\/es\/wp-json\/wp\/v2\/comments?post=35064"}],"version-history":[{"count":8,"href":"https:\/\/elections.sbcounty.gov\/es\/wp-json\/wp\/v2\/pages\/35064\/revisions"}],"predecessor-version":[{"id":93842,"href":"https:\/\/elections.sbcounty.gov\/es\/wp-json\/wp\/v2\/pages\/35064\/revisions\/93842"}],"up":[{"embeddable":true,"href":"https:\/\/elections.sbcounty.gov\/es\/wp-json\/wp\/v2\/pages\/144"}],"wp:featuredmedia":[{"embeddable":true,"href":"https:\/\/elections.sbcounty.gov\/es\/wp-json\/wp\/v2\/media\/37382"}],"wp:attachment":[{"href":"https:\/\/elections.sbcounty.gov\/es\/wp-json\/wp\/v2\/media?parent=35064"}],"curies":[{"name":"wp","href":"https:\/\/api.w.org\/{rel}","templated":true}]}}