{"id":2517,"date":"2019-04-11T23:25:40","date_gmt":"2019-04-11T23:25:40","guid":{"rendered":"https:\/\/www.elections.sbcounty.gov\/?page_id=2517"},"modified":"2025-04-18T17:58:08","modified_gmt":"2025-04-19T00:58:08","slug":"county","status":"publish","type":"page","link":"https:\/\/elections.sbcounty.gov\/es\/elected-officials-candidates\/county\/","title":{"rendered":"Condado"},"content":{"rendered":"  <section data-isd-block-id=\"rov-content-blockblock_36854524ab04fd3ef315938b9bf7ac44\"\n\t\t\t\t\t\t\t\t\t\t \t\t\t\t\t\t\t\t\t\t\t class=\"card-style main-content-wrapper rov-card-style mb-4\">\n\n\t<h2 class=\"block-subtitle blue\">Funcionarios Electos del Condado de San Bernardino<\/h2>\n\n\t<div class=\"ctnr-block-content\"><table style=\"border-collapse: collapse\" border=\"1\">\n<thead>\n<tr style=\"color: white;font-weight: bold;background-color: black\">\n<th>Funcionario Electo<\/th>\n<th>Tel\u00e9fono<\/th>\n<th>Sitio web<\/th>\n<th>Correo electr\u00f3nico<\/th>\n<\/tr>\n<\/thead>\n<tbody>\n<tr style=\"color: white;font-weight: bold;background-color: grey\">\n<td colspan=\"4\">Superintendente de Escuelas del Condado<\/td>\n<\/tr>\n<tr>\n<td>ALEJANDRE, THEODORE<\/td>\n<td>(909)386-2406<\/td>\n<td><a href=\"https:\/\/www.sbcss.net\/superintendent\" target=\"_blank\" rel=\"noopener\" aria-label=\"Haga Clic Aqu\u00ed para superintendent\">Haga Clic Aqu\u00ed<\/a><\/td>\n<td>michelle.ottoson@sbcss.net<\/td>\n<\/tr>\n<tr style=\"color: white;font-weight: bold;background-color: grey\">\n<td colspan=\"4\">Supervisor del Condado Distrito 1<\/td>\n<\/tr>\n<tr>\n<td>COOK, PAUL<\/td>\n<td>(760)995-8100<\/td>\n<td><a href=\"https:\/\/bosd1.sbcounty.gov\/\" target=\"_blank\" rel=\"noopener\" aria-label=\"Haga Clic Aqu\u00ed para board of supervisors, district 1 \">Haga Clic Aqu\u00ed<\/a><\/td>\n<td>Ninguno registrado.<\/td>\n<\/tr>\n<tr style=\"color: white;font-weight: bold;background-color: grey\">\n<td colspan=\"4\"><strong>Supervisor del Condado Distrito 2<\/strong><\/td>\n<\/tr>\n<tr>\n<td>ARMENDAREZ, JESSE<\/td>\n<td>(909)387-4833<\/td>\n<td><a href=\"https:\/\/bosd2.sbcounty.gov\/\" target=\"_blank\" rel=\"noopener\" aria-label=\"Haga Clic Aqu\u00ed para board of supervisors, district 2\">Haga Clic Aqu\u00ed<\/a><\/td>\n<td>Supervisor.Armendarez@bos.sbcounty.gov<\/td>\n<\/tr>\n<tr style=\"color: white;font-weight: bold;background-color: grey\">\n<td colspan=\"4\"><strong>Supervisor del Condado Distrito <\/strong>3<\/td>\n<\/tr>\n<tr>\n<td>ROWE, DAWN<\/td>\n<td>(909)387-4855<\/td>\n<td><a href=\"https:\/\/bosd3.sbcounty.gov\/\" target=\"_blank\" rel=\"noopener\" aria-label=\"Haga Clic Aqu\u00ed para board of supervisors, district 3\">Haga Clic Aqu\u00ed<\/a><\/td>\n<td><span class=\"email-text\">SupervisorRowe@sbcounty.gov<\/span><\/td>\n<\/tr>\n<tr style=\"color: white;font-weight: bold;background-color: grey\">\n<td colspan=\"4\"><strong>Supervisor del Condado Distrito\u00a0<\/strong> 4<\/td>\n<\/tr>\n<tr>\n<td>HAGMAN, CURT C<\/td>\n<td>(909)465-5265<\/td>\n<td><a href=\"https:\/\/bosd4.sbcounty.gov\/\" target=\"_blank\" rel=\"noopener\" aria-label=\"Haga Clic Aqu\u00ed para board of supervisors, district 4\">Haga Clic Aqu\u00ed<\/a><\/td>\n<td>Ninguno registrado.<\/td>\n<\/tr>\n<tr style=\"color: white;font-weight: bold;background-color: grey\">\n<td colspan=\"4\"><strong>Supervisor del Condado Distrito<\/strong> 5<\/td>\n<\/tr>\n<tr>\n<td>BACA, JOE JR<\/td>\n<td>(909)387-4565<\/td>\n<td><a href=\"https:\/\/bosd5.sbcounty.gov\/\" target=\"_blank\" rel=\"noopener\" aria-label=\"Haga Clic Aqu\u00ed para board of supervisors, district 5\">Haga Clic Aqu\u00ed<\/a><\/td>\n<td>Supervisor.Baca@bos.sbcounty.gov<\/td>\n<\/tr>\n<tr style=\"color: white;font-weight: bold;background-color: grey\">\n<td colspan=\"4\">Tasador \/ Funcionario del Registro P\u00fablico<\/td>\n<\/tr>\n<tr>\n<td>GONZALES, JOSIE<\/td>\n<td>(909)387-8307<\/td>\n<td><a href=\"https:\/\/arc.sbcounty.gov\/\" target=\"_blank\" rel=\"noopener\" aria-label=\"Haga Clic Aqu\u00ed para Assessor-Recorder Bob Dutton \">Haga Clic Aqu\u00ed<\/a><\/td>\n<td>Ninguno registrado.<\/td>\n<\/tr>\n<tr style=\"color: white;font-weight: bold;background-color: grey\">\n<td colspan=\"4\">Auditor-Contralor \/ Tesorero \/ Recaudador de Impuestos<\/td>\n<\/tr>\n<tr>\n<td>MASON, ENSEN<\/td>\n<td>(909)382-7014<\/td>\n<td><a href=\"https:\/\/www.sbcountyatc.gov\/home\" target=\"_blank\" rel=\"noopener\" aria-label=\"Haga Clic Aqu\u00ed para Auditor-Controller\/Treasurer\/Tax Collector Ensen Mason\">Haga Clic Aqu\u00ed<\/a><\/td>\n<td>Ninguno registrado.<\/td>\n<\/tr>\n<tr style=\"color: white;font-weight: bold;background-color: grey\">\n<td colspan=\"4\">Abogado de Distrito<\/td>\n<\/tr>\n<tr>\n<td>ANDERSON, JASON<\/td>\n<td>(909)382-3800<\/td>\n<td><a href=\"https:\/\/da.sbcounty.gov\/\" target=\"_blank\" rel=\"noopener\" aria-label=\"Haga Clic Aqu\u00ed para 36th District Attorney of San Bernardino County, Jason Anderson\">Haga Clic Aqu\u00ed<\/a><\/td>\n<td>Ninguno registrado.<\/td>\n<\/tr>\n<tr style=\"color: white;font-weight: bold;background-color: grey\">\n<td colspan=\"4\">Alguacil \/ Forense \/ P\u00fablico Administrador<\/td>\n<\/tr>\n<tr>\n<td>DICUS, SHANNON DAVID<\/td>\n<td>(909)387-8313<\/td>\n<td><a href=\"https:\/\/wp.sbcounty.gov\/sheriff\/programs\/sheriffs-executive-staff\/\" target=\"_blank\" rel=\"noopener\" aria-label=\"Haga Clic Aqu\u00ed para San Bernardino county sheriffs-executive-staff\">Haga Clic Aqu\u00ed<\/a><\/td>\n<td>Ninguno registrado.<\/td>\n<\/tr>\n<\/tbody>\n<\/table>\n<\/div>\n\n  <\/section>\n\n\t","protected":false},"excerpt":{"rendered":"<p>Funcionarios Electos del Condado de San Bernardino Funcionario Electo Tel\u00e9fono Sitio web Correo electr\u00f3nico Superintendente de Escuelas del Condado ALEJANDRE, THEODORE (909)386-2406 Haga Clic Aqu\u00ed michelle.ottoson@sbcss.net Supervisor del Condado Distrito 1 COOK, PAUL (760)995-8100 Haga Clic Aqu\u00ed Ninguno registrado. Supervisor del Condado Distrito 2 ARMENDAREZ, JESSE (909)387-4833 Haga Clic Aqu\u00ed<span class=\"ellipsis\">&#8230;<\/span><\/p>\n","protected":false},"author":19,"featured_media":37382,"parent":126,"menu_order":0,"comment_status":"closed","ping_status":"closed","template":"templates\/rov-left-sidebar-template.php","meta":{"_acf_changed":false,"footnotes":""},"class_list":["post-2517","page","type-page","status-publish","has-post-thumbnail","hentry"],"acf":[],"_links":{"self":[{"href":"https:\/\/elections.sbcounty.gov\/es\/wp-json\/wp\/v2\/pages\/2517","targetHints":{"allow":["GET"]}}],"collection":[{"href":"https:\/\/elections.sbcounty.gov\/es\/wp-json\/wp\/v2\/pages"}],"about":[{"href":"https:\/\/elections.sbcounty.gov\/es\/wp-json\/wp\/v2\/types\/page"}],"author":[{"embeddable":true,"href":"https:\/\/elections.sbcounty.gov\/es\/wp-json\/wp\/v2\/users\/19"}],"replies":[{"embeddable":true,"href":"https:\/\/elections.sbcounty.gov\/es\/wp-json\/wp\/v2\/comments?post=2517"}],"version-history":[{"count":12,"href":"https:\/\/elections.sbcounty.gov\/es\/wp-json\/wp\/v2\/pages\/2517\/revisions"}],"predecessor-version":[{"id":89149,"href":"https:\/\/elections.sbcounty.gov\/es\/wp-json\/wp\/v2\/pages\/2517\/revisions\/89149"}],"up":[{"embeddable":true,"href":"https:\/\/elections.sbcounty.gov\/es\/wp-json\/wp\/v2\/pages\/126"}],"wp:featuredmedia":[{"embeddable":true,"href":"https:\/\/elections.sbcounty.gov\/es\/wp-json\/wp\/v2\/media\/37382"}],"wp:attachment":[{"href":"https:\/\/elections.sbcounty.gov\/es\/wp-json\/wp\/v2\/media?parent=2517"}],"curies":[{"name":"wp","href":"https:\/\/api.w.org\/{rel}","templated":true}]}}