{"id":16457,"date":"2019-05-06T14:41:44","date_gmt":"2019-05-06T14:41:44","guid":{"rendered":"https:\/\/www.elections.sbcounty.gov\/?page_id=16457"},"modified":"2025-05-08T17:02:52","modified_gmt":"2025-05-09T00:02:52","slug":"myelectiongatewayinfo","status":"publish","type":"page","link":"https:\/\/elections.sbcounty.gov\/es\/voterregistration\/myelectiongatewayinfo\/","title":{"rendered":"My Elections Gateway"},"content":{"rendered":"  <section data-isd-block-id=\"rov-content-blockblock_144a507b06b8c2f9d0ddb60a37cff3e4\"\n\t\t\t\t\t\t\t\t\t\t \t\t\t\t\t\t\t\t\t\t\t class=\"card-style main-content-wrapper rov-card-style mb-4\">\n\n\t<h2 class=\"block-subtitle red\">My Elections Gateway<\/h2>\n\n\t<div class=\"ctnr-block-content\"><p><a href=\"https:\/\/meg.rov.sbcounty.gov\/\" target=\"_blank\" rel=\"noopener\"><img decoding=\"async\" class=\"myelectiongateway-img alignright wp-image-23031 m-3\" src=\"https:\/\/elections.sbcounty.gov\/wp-content\/uploads\/2019\/06\/logo-me-gateway-box.png\" alt=\"My Elections Gateway\" width=\"200\" height=\"185\" \/><\/a><\/p>\n<p><span style=\"font-size: 1.5em;font-weight: bold\">M<\/span>y\u00a0<span style=\"font-size: 1.5em;font-weight: bold\">E<\/span>lections Gateway es una nueva aplicaci\u00f3n que desarroll\u00f3 el Registro de Votantes del Condado de San Bernardino que brinda a los votantes registrados del condado acceso a informaci\u00f3n personalizada sobre las elecciones.<\/p>\n<p>De este modo, usted ahora tiene dos maneras de obtener informaci\u00f3n sobre las elecciones en el Condado de San Bernardino.<\/p>\n<p style=\"padding-left: 40px\">1. Puede buscar la informaci\u00f3n que necesita en el sitio web del Registro de Votantes, o bien<br \/>\n2. Registrarse en My Elections Gateway para que se recupere su informaci\u00f3n y est\u00e9 disponible para usted.<\/p>\n<p><a href=\"https:\/\/meg.rov.sbcounty.gov\/\" rel=\"noopener\"><img decoding=\"async\" class=\"alignnone wp-image-24414 size-full\" src=\"https:\/\/elections.sbcounty.gov\/wp-content\/uploads\/2019\/06\/bttn-sign-in-land.png\" alt=\"Sign In\" width=\"77\" height=\"54\" \/><\/a><br \/>\nDespu\u00e9s de iniciar sesi\u00f3n, podr\u00e1 acceder a informaci\u00f3n personalizada sobre las elecciones, que incluye:<\/p>\n<div id=\"meList\"><strong>REGISTRO DEL VOTANTE<\/strong><br \/>\n\u2605 El Estado de Mi Registro<br \/>\n\u2605 Mis Ubicaciones de Registro<br \/>\n\u2605 Mis Distritos<\/div>\n<div><\/div>\n<div><strong>VOTACI\u00d3N<\/strong><br \/>\n\u2605 Mi Gu\u00eda de Informaci\u00f3n para el Votante y Boleta de Muestra<br \/>\n\u2605 Mi Casilla Electoral<br \/>\n\u2605 Mapa de Lugares para Depositar las Boletas por Correo<br \/>\n\u2605 Estado de Mi Boleta de Voto por Correo<br \/>\n\u2605 Mis Resultados de las Elecciones<br \/>\n\u2605 Estado de Mi Boleta Provisional<br \/>\n\u2605 Mi Historial de Votaci\u00f3n &#8211; <em>Mi Historial de Votaci\u00f3n no est\u00e1 disponible en este momento. Por favor llame al Registro de Votantes al 909-387-8300 para obtener su historial de votaci\u00f3n.<\/em><\/div>\n<div><\/div>\n<div><strong>ELECCIONES<\/strong><br \/>\n\u2605 Mis Elecciones<\/div>\n<div><\/div>\n<div><strong>FUNCIONARIOS ELECTOS Y CANDIDATOS<\/strong><br \/>\n\u2605 Mis Funcionarios Electos<br \/>\n\u2605 Registros Financieros de las Campa\u00f1as de Mis Funcionarios Electos<\/div>\n<div><\/div>\n<div><strong>OTROS<\/strong><br \/>\n\u2605 Mis Comentarios<\/div>\n<\/div>\n\n  <\/section>\n\n\t","protected":false},"excerpt":{"rendered":"<p>My Elections Gateway My\u00a0Elections Gateway es una nueva aplicaci\u00f3n que desarroll\u00f3 el Registro de Votantes del Condado de San Bernardino que brinda a los votantes registrados del condado acceso a informaci\u00f3n personalizada sobre las elecciones. De este modo, usted ahora tiene dos maneras de obtener informaci\u00f3n sobre las elecciones en<span class=\"ellipsis\">&#8230;<\/span><\/p>\n","protected":false},"author":19,"featured_media":37382,"parent":105,"menu_order":0,"comment_status":"closed","ping_status":"closed","template":"templates\/rov-full-width-no-title-template.php","meta":{"_acf_changed":false,"footnotes":""},"class_list":["post-16457","page","type-page","status-publish","has-post-thumbnail","hentry"],"acf":[],"_links":{"self":[{"href":"https:\/\/elections.sbcounty.gov\/es\/wp-json\/wp\/v2\/pages\/16457","targetHints":{"allow":["GET"]}}],"collection":[{"href":"https:\/\/elections.sbcounty.gov\/es\/wp-json\/wp\/v2\/pages"}],"about":[{"href":"https:\/\/elections.sbcounty.gov\/es\/wp-json\/wp\/v2\/types\/page"}],"author":[{"embeddable":true,"href":"https:\/\/elections.sbcounty.gov\/es\/wp-json\/wp\/v2\/users\/19"}],"replies":[{"embeddable":true,"href":"https:\/\/elections.sbcounty.gov\/es\/wp-json\/wp\/v2\/comments?post=16457"}],"version-history":[{"count":8,"href":"https:\/\/elections.sbcounty.gov\/es\/wp-json\/wp\/v2\/pages\/16457\/revisions"}],"predecessor-version":[{"id":89769,"href":"https:\/\/elections.sbcounty.gov\/es\/wp-json\/wp\/v2\/pages\/16457\/revisions\/89769"}],"up":[{"embeddable":true,"href":"https:\/\/elections.sbcounty.gov\/es\/wp-json\/wp\/v2\/pages\/105"}],"wp:featuredmedia":[{"embeddable":true,"href":"https:\/\/elections.sbcounty.gov\/es\/wp-json\/wp\/v2\/media\/37382"}],"wp:attachment":[{"href":"https:\/\/elections.sbcounty.gov\/es\/wp-json\/wp\/v2\/media?parent=16457"}],"curies":[{"name":"wp","href":"https:\/\/api.w.org\/{rel}","templated":true}]}}