{"id":1578,"date":"2019-04-10T19:17:38","date_gmt":"2019-04-10T19:17:38","guid":{"rendered":"https:\/\/www.elections.sbcounty.gov\/?page_id=1578"},"modified":"2026-03-24T09:45:19","modified_gmt":"2026-03-24T16:45:19","slug":"mailballotdropoff","status":"publish","type":"page","link":"https:\/\/elections.sbcounty.gov\/es\/voting\/mailballotdropoff\/","title":{"rendered":"Lugares para Depositar las Boletas de Voto por Correo"},"content":{"rendered":"  <section data-isd-block-id=\"rov-content-blockblock_22fa4b139b0b95c1285fc80cb2e5441f\"\n\t\t\t\t\t\t\t\t\t\t \t\t\t\t\t\t\t\t\t\t\t class=\"card-style main-content-wrapper rov-card-style mb-4\">\n\n\t<h2 class=\"block-subtitle blue\">24 de marzo de 2026, Elecci\u00f3n Especial de la Ciudad de Ontario<\/h2>\n\n\t<div class=\"ctnr-block-content\"><p>La lista de Lugares para Depositar las Boletas asigna los lugares de todo el Condado de San Bernardino en los que los votantes pueden depositar sus Boletas de Voto por Correo para la Elecci\u00f3n Especial de la Ciudad de Ontario de 24 de marzo de 2026.<\/p>\n<ul>\n<li>Consulte la lista de los\u00a0<a href=\"https:\/\/uploads.rov.sbcounty.gov\/ROV\/es\/News\/2026\/0324\/PublicNotice_MailBallot_DropOffLocations.pdf\">Lugares para Depositar las Boletas por Correo<\/a> [pdf].\n<ul>\n<li>Los buzones para depositar boletas por correo seguros y al aire libre estar\u00e1n abiertos desde el lunes 23 de febrero hasta las 8 p.m. el martes 24 de marzo.<\/li>\n<li>Los buzones para depositar boletas por correo con personal estar\u00e1n disponibles a partir del lunes 23 de febrero hasta el d\u00eda de las elecciones, 24 de marzo, durante el horario laboral normal.<\/li>\n<\/ul>\n<\/li>\n<li>Para obtener m\u00e1s informaci\u00f3n sobre la devoluci\u00f3n de las boletas por correo, visite la p\u00e1gina\u00a0<a href=\"https:\/\/elections.sbcounty.gov\/es\/Voting\/\">Opciones de Votaci\u00f3n<\/a>.<\/li>\n<\/ul>\n<\/div>\n\n  <\/section>\n\n\t\n\n  <section data-isd-block-id=\"rov-content-blockblock_4799e1e05c6673cd0f930dd3f52a53d4\"\n\t\t\t\t\t\t\t\t\t\t \t\t\t\t\t\t\t\t\t\t\t\tid=\"0624\"\n\t\t\t\t\t\t\t\t\t\t\t\t\t\t\t   \t\t\t\t\t\t\t\t\t\t\t class=\"card-style main-content-wrapper rov-card-style mb-4\">\n\n\t<h2 class=\"block-subtitle blue\">2 de junio de 2026, Elecciones Primarias Directas Estatales<\/h2>\n\n\t<div class=\"ctnr-block-content\"><p>El mapa de Lugares para Depositar las Boletas asigna los lugares de todo el Condado de San Bernardino en los que los votantes pueden depositar sus Boletas de Voto por Correo para las Elecciones Primarias Directas Estatales de 2 de junio de 2026.<\/p>\n<p>Consulte un mapa en pantalla completa de los\u00a0Lugares para Depositar las Boletas de Voto por Correo [pr\u00f3ximamente disponible].<\/p>\n<ul>\n<li>Consulte la lista de los\u00a0Lugares para Depositar las Boletas por Correo [pr\u00f3ximamente disponible].\n<ul>\n<li>Los buzones para depositar boletas por correo seguros y al aire libre estar\u00e1n abiertos desde el lunes 4 de mayo hasta las 8 p.m. el martes 2 de junio.<\/li>\n<li>Los buzones para depositar boletas por correo con personal estar\u00e1n disponibles a partir del lunes 4 de mayo hasta el d\u00eda de las elecciones, 2 de junio, durante el horario laboral normal.<\/li>\n<\/ul>\n<\/li>\n<li>Para obtener m\u00e1s informaci\u00f3n sobre la devoluci\u00f3n de las boletas por correo, visite la p\u00e1gina\u00a0<a href=\"https:\/\/elections.sbcounty.gov\/es\/Voting\/\">Opciones de Votaci\u00f3n<\/a>.<\/li>\n<\/ul>\n<\/div>\n\n  <\/section>\n\n\t","protected":false},"excerpt":{"rendered":"<p>24 de marzo de 2026, Elecci\u00f3n Especial de la Ciudad de Ontario La lista de Lugares para Depositar las Boletas asigna los lugares de todo el Condado de San Bernardino en los que los votantes pueden depositar sus Boletas de Voto por Correo para la Elecci\u00f3n Especial de la Ciudad<span class=\"ellipsis\">&#8230;<\/span><\/p>\n","protected":false},"author":19,"featured_media":37382,"parent":114,"menu_order":0,"comment_status":"closed","ping_status":"closed","template":"templates\/rov-left-sidebar-template.php","meta":{"_acf_changed":false,"footnotes":""},"class_list":["post-1578","page","type-page","status-publish","has-post-thumbnail","hentry"],"acf":[],"_links":{"self":[{"href":"https:\/\/elections.sbcounty.gov\/es\/wp-json\/wp\/v2\/pages\/1578","targetHints":{"allow":["GET"]}}],"collection":[{"href":"https:\/\/elections.sbcounty.gov\/es\/wp-json\/wp\/v2\/pages"}],"about":[{"href":"https:\/\/elections.sbcounty.gov\/es\/wp-json\/wp\/v2\/types\/page"}],"author":[{"embeddable":true,"href":"https:\/\/elections.sbcounty.gov\/es\/wp-json\/wp\/v2\/users\/19"}],"replies":[{"embeddable":true,"href":"https:\/\/elections.sbcounty.gov\/es\/wp-json\/wp\/v2\/comments?post=1578"}],"version-history":[{"count":28,"href":"https:\/\/elections.sbcounty.gov\/es\/wp-json\/wp\/v2\/pages\/1578\/revisions"}],"predecessor-version":[{"id":93716,"href":"https:\/\/elections.sbcounty.gov\/es\/wp-json\/wp\/v2\/pages\/1578\/revisions\/93716"}],"up":[{"embeddable":true,"href":"https:\/\/elections.sbcounty.gov\/es\/wp-json\/wp\/v2\/pages\/114"}],"wp:featuredmedia":[{"embeddable":true,"href":"https:\/\/elections.sbcounty.gov\/es\/wp-json\/wp\/v2\/media\/37382"}],"wp:attachment":[{"href":"https:\/\/elections.sbcounty.gov\/es\/wp-json\/wp\/v2\/media?parent=1578"}],"curies":[{"name":"wp","href":"https:\/\/api.w.org\/{rel}","templated":true}]}}