{"id":156,"date":"2019-03-27T22:40:22","date_gmt":"2019-03-27T22:40:22","guid":{"rendered":"https:\/\/www.elections.sbcounty.gov\/?page_id=156"},"modified":"2024-06-28T16:09:26","modified_gmt":"2024-06-28T23:09:26","slug":"contact-us","status":"publish","type":"page","link":"https:\/\/elections.sbcounty.gov\/es\/contact-us\/","title":{"rendered":"El Registro de Votantes est\u00e1 Aqu\u00ed para Servirle"},"content":{"rendered":"\n<p>Si tiene alguna pregunta, no dude en comunicarse con nosotros a trav\u00e9s de nuestro <strong><a href=\"https:\/\/elections.sbcounty.gov\/es\/contact-us\/Llene-el-formulario\/\">formulario en l\u00ednea<\/a><\/strong>.<br \/><\/p>\n\n\n\n<div class=\"wp-block-columns has-2-columns is-layout-flex wp-container-core-columns-is-layout-9d6595d7 wp-block-columns-is-layout-flex\">\n<div class=\"wp-block-column is-layout-flow wp-block-column-is-layout-flow\">\n<p><strong>Direcci\u00f3n:<\/strong><\/p>\n\n\n\n<p>Oficina del Registro de Votantes del Condado de San&nbsp;Bernardino<br \/>777 East Rialto Avenue<br \/>San Bernardino, CA 92415-0770<\/p>\n\n\n\n\n<\/div>\n\n\n\n<div class=\"wp-block-column is-layout-flow wp-block-column-is-layout-flow\">\n<p><strong>Correo electr\u00f3nico:<\/strong><\/p>\n\n\n\n<p><a href=\"mailto:communications@rov.sbcounty.gov\">Communications@rov.sbcounty.gov<\/a><br \/><a href=\"mailto:pollworkers@rov.sbcounty.gov\">PollWorkers@rov.sbcounty.gov<\/a><br \/><a href=\"mailto:voterregistrations@rov.sbcounty.gov\">VoterRegistrations@rov.sbcounty.gov<\/a><br \/><a href=\"mailto:mailballots@rov.sbcounty.gov\">MailBallots@rov.sbcounty.gov<\/a> <\/p>\n<\/div>\n<\/div>\n\n\n\n<p><strong>D\u00f3nde estamos ubicados:<\/strong><\/p>\n\n\n\t<iframe data-isd-block-id=\"iframe-block_3d9e4ef7ea4ab1c54a5ed6d04e818b37\" class=\"isd-blocks-iframe \" src=\"https:\/\/www.bing.com\/maps\/embed?v=3&#038;cp=34.100799~-117.269084&#038;lvl=15&#038;w=800&#038;h=400&#038;sty=r&#038;typ=d&#038;pp=~~34.100835~-117.271186&#038;ps=&#038;dir=0&#038;mkt=en-us&#038;src=SHELL&#038;form=BMEMJS\" height=\"400\" frameborder=\"0\" title=\"Where we are located:\"><\/iframe>\n\t\n\n\n<p><a rel=\"noreferrer noopener\" href=\"https:\/\/www.bing.com\/maps\/?cp=34.100799~-117.269084&amp;sty=r&amp;lvl=15&amp;where1=34.100835,-117.271186&amp;mm_embed=map\" target=\"_blank\">Ampliar el Mapa<\/a> | <a rel=\"noreferrer noopener\" href=\"https:\/\/www.bing.com\/maps\/?cp=34.100799~-117.269084&amp;sty=r&amp;lvl=15&amp;rtp=~pos.34.100835_-117.271186__&amp;mm_embed=dir\" target=\"_blank\">C\u00f3mo Llegar<\/a> | <a rel=\"noreferrer noopener\" href=\"https:\/\/www.bing.com\/maps\/?cp=pph3rq56tnty&amp;sty=b&amp;lvl=18&amp;where1=34.100835,-117.271186&amp;mm_embed=be\" target=\"_blank\">A Vista de P\u00e1jaro<\/a><\/p>\n\n\n\n<p><strong>Nota:<\/strong>&nbsp;El correo electr\u00f3nico para el formulario en l\u00ednea se revisa normalmente una vez al d\u00eda durante el horario regular de oficina (de lunes a viernes entre las 8 a.m. y las 5 p.m.). Hacemos todo lo posible por responder todas las consultas oportunamente. Sin embargo, puede haber retrasos en los periodos de mayor afluencia de las elecciones y en el caso de preguntas que requieren una investigaci\u00f3n especial. Si su pregunta requiere atenci\u00f3n inmediata o si hay una fecha l\u00edmite implicada, llame a nuestra oficina al (909)&nbsp;387-8300 o al n\u00famero gratuito (800) 881-8683.<\/p>\n","protected":false},"excerpt":{"rendered":"<p>Si tiene alguna pregunta, no dude en comunicarse con nosotros a trav\u00e9s de nuestro formulario en l\u00ednea. Direcci\u00f3n: Oficina del Registro de Votantes del Condado de San&nbsp;Bernardino777 East Rialto AvenueSan Bernardino, CA 92415-0770 Correo electr\u00f3nico: Communications@rov.sbcounty.govPollWorkers@rov.sbcounty.govVoterRegistrations@rov.sbcounty.govMailBallots@rov.sbcounty.gov D\u00f3nde estamos ubicados: Ampliar el Mapa | C\u00f3mo Llegar | A Vista de P\u00e1jaro<span class=\"ellipsis\">&#8230;<\/span><\/p>\n","protected":false},"author":19,"featured_media":37382,"parent":0,"menu_order":0,"comment_status":"closed","ping_status":"closed","template":"templates\/rov-left-sidebar-template.php","meta":{"_acf_changed":false,"footnotes":""},"class_list":["post-156","page","type-page","status-publish","has-post-thumbnail","hentry"],"acf":[],"_links":{"self":[{"href":"https:\/\/elections.sbcounty.gov\/es\/wp-json\/wp\/v2\/pages\/156","targetHints":{"allow":["GET"]}}],"collection":[{"href":"https:\/\/elections.sbcounty.gov\/es\/wp-json\/wp\/v2\/pages"}],"about":[{"href":"https:\/\/elections.sbcounty.gov\/es\/wp-json\/wp\/v2\/types\/page"}],"author":[{"embeddable":true,"href":"https:\/\/elections.sbcounty.gov\/es\/wp-json\/wp\/v2\/users\/19"}],"replies":[{"embeddable":true,"href":"https:\/\/elections.sbcounty.gov\/es\/wp-json\/wp\/v2\/comments?post=156"}],"version-history":[{"count":4,"href":"https:\/\/elections.sbcounty.gov\/es\/wp-json\/wp\/v2\/pages\/156\/revisions"}],"predecessor-version":[{"id":84583,"href":"https:\/\/elections.sbcounty.gov\/es\/wp-json\/wp\/v2\/pages\/156\/revisions\/84583"}],"wp:featuredmedia":[{"embeddable":true,"href":"https:\/\/elections.sbcounty.gov\/es\/wp-json\/wp\/v2\/media\/37382"}],"wp:attachment":[{"href":"https:\/\/elections.sbcounty.gov\/es\/wp-json\/wp\/v2\/media?parent=156"}],"curies":[{"name":"wp","href":"https:\/\/api.w.org\/{rel}","templated":true}]}}