{"id":144,"date":"2019-03-27T22:39:45","date_gmt":"2019-03-27T22:39:45","guid":{"rendered":"https:\/\/www.elections.sbcounty.gov\/?page_id=144"},"modified":"2026-03-25T11:33:16","modified_gmt":"2026-03-25T18:33:16","slug":"community-outreach","status":"publish","type":"page","link":"https:\/\/elections.sbcounty.gov\/es\/community-outreach\/","title":{"rendered":"Alcance Comunitario"},"content":{"rendered":"  <section data-isd-block-id=\"rov-content-blockblock_8a9c37454df49e7fcb8a2db71589124e\"\n\t\t\t\t\t\t\t\t\t\t \t\t\t\t\t\t\t\t\t\t\t class=\"card-style main-content-wrapper rov-card-style mb-4\">\n\n\t<h2 class=\"block-subtitle blue\">Campa\u00f1as de Registro de Votantes<\/h2>\n\n\t<div class=\"ctnr-block-content\"><p>Las Campa\u00f1as de Registro de Votantes son iniciativas para aumentar el n\u00famero de votantes registrados. Cualquiera que distribuya tarjetas de registraci\u00f3n de votantes en California debe estar familiarizado con <a href=\"https:\/\/www.sos.ca.gov\/elections\/publications-and-resources\/guide-vr-drives\" target=\"_blank\" rel=\"noopener\">las reglas y las regulaciones para realizar campa\u00f1as de registro de votantes<\/a>.<\/p>\n<p><strong>Clase de Capacitaci\u00f3n en L\u00ednea Disponible para el Registro de Votantes<\/strong><\/p>\n<p>El Registro de Votantes del Condado de San Bernardino ofrece una Clase de Capacitaci\u00f3n en l\u00ednea para el Registro de Votantes [actualmente no disponible] para personas y grupos que realizan Campa\u00f1as de Registro de Votantes.<\/p>\n<p>Si desea recoger 50 o m\u00e1s tarjetas de registraci\u00f3n de votantes en la oficina del Registro de Votantes del Condado de San Bernardino, necesitar\u00e1 presentar un certificado de finalizaci\u00f3n de esta Clase de Capacitaci\u00f3n para el Registro de Votantes [actualmente no disponible]. La clase debe tomarse una sola vez.<\/p>\n<p>Tome la clase cuando le convenga. Empiece aqu\u00ed [actualmente no disponible].<\/p>\n<\/div>\n\n  <\/section>\n\n\t\n\n\n<div class=\"wp-block-columns is-layout-flex wp-container-core-columns-is-layout-9d6595d7 wp-block-columns-is-layout-flex\">\n<div class=\"wp-block-column is-layout-flow wp-block-column-is-layout-flow\" style=\"flex-basis:50%\">  <section data-isd-block-id=\"rov-content-blockblock_b90c7e5949449b9e24f7e6fb1eca6e53\"\n\t\t\t\t\t\t\t\t\t\t \t\t\t\t\t\t\t\t\t\t\t class=\"card-style main-content-wrapper rov-card-style mb-4\">\n\n\t<h2 class=\"block-subtitle blue\">Solicite un Orador del Registro de Votantes<\/h2>\n\n\t<div class=\"ctnr-block-content\"><p>El Registro de Votantes tiene disponibilidad limitada para hablar en eventos comunitarios. Para solicitar una presentaci\u00f3n, por favor env\u00ede un <a href=\"https:\/\/uploads.rov.sbcounty.gov\/ROV\/es\/CommunityOutreach\/Form_VoterEducation_Request.pdf\" target=\"_blank\" rel=\"noopener\">Formulario de Solicitud de Educaci\u00f3n para Votantes<\/a>\u00a0[pdf].<\/p>\n<p>Por favor tenga en cuenta que:<\/p>\n<ul>\n<li>Presentar una solicitud no garantiza que se pueda proporcionar un\u00a0orador.<\/li>\n<li>La disponibilidad es limitada en las semanas previas a las elecciones.<\/li>\n<\/ul>\n<\/div>\n\n  <\/section>\n\n\t<\/div>\n\n\n\n<div class=\"wp-block-column is-layout-flow wp-block-column-is-layout-flow\" style=\"flex-basis:50%\">\n<figure class=\"wp-block-image size-full is-resized\"><img decoding=\"async\" width=\"789\" height=\"542\" src=\"https:\/\/elections.sbcounty.gov\/es\/wp-content\/uploads\/sites\/4\/2026\/03\/HSVEW_2026-4.png\" alt=\"dos mujeres present\u00e1ndose para la divulgaci\u00f3n\" class=\"wp-image-93764\" style=\"aspect-ratio:1.4557857250338566;width:1038px;height:auto\" srcset=\"https:\/\/elections.sbcounty.gov\/es\/wp-content\/uploads\/sites\/4\/2026\/03\/HSVEW_2026-4.png 789w, https:\/\/elections.sbcounty.gov\/es\/wp-content\/uploads\/sites\/4\/2026\/03\/HSVEW_2026-4-300x206.png 300w, https:\/\/elections.sbcounty.gov\/es\/wp-content\/uploads\/sites\/4\/2026\/03\/HSVEW_2026-4-768x528.png 768w\" sizes=\"(max-width: 789px) 100vw, 789px\" \/><\/figure>\n<\/div>\n<\/div>\n\n\n\n<div class=\"wp-block-columns is-layout-flex wp-container-core-columns-is-layout-9d6595d7 wp-block-columns-is-layout-flex\">\n<div class=\"wp-block-column is-layout-flow wp-block-column-is-layout-flow\" style=\"flex-basis:50%\">\n<figure class=\"wp-block-image size-large is-resized\"><img decoding=\"async\" width=\"1024\" height=\"753\" src=\"https:\/\/elections.sbcounty.gov\/es\/wp-content\/uploads\/sites\/4\/2026\/03\/VVC_ConstitutionDay_2025-09-17-2-1024x753.jpg\" alt=\"Evento de mesa con 4 formas de votar pancartas y sorteos\" class=\"wp-image-93758\" style=\"width:1038px;height:auto\" srcset=\"https:\/\/elections.sbcounty.gov\/es\/wp-content\/uploads\/sites\/4\/2026\/03\/VVC_ConstitutionDay_2025-09-17-2-1024x753.jpg 1024w, https:\/\/elections.sbcounty.gov\/es\/wp-content\/uploads\/sites\/4\/2026\/03\/VVC_ConstitutionDay_2025-09-17-2-300x221.jpg 300w, https:\/\/elections.sbcounty.gov\/es\/wp-content\/uploads\/sites\/4\/2026\/03\/VVC_ConstitutionDay_2025-09-17-2-768x565.jpg 768w, https:\/\/elections.sbcounty.gov\/es\/wp-content\/uploads\/sites\/4\/2026\/03\/VVC_ConstitutionDay_2025-09-17-2.jpg 1441w\" sizes=\"(max-width: 1024px) 100vw, 1024px\" \/><\/figure>\n<\/div>\n\n\n\n<div class=\"wp-block-column is-layout-flow wp-block-column-is-layout-flow\" style=\"flex-basis:50%\">  <section data-isd-block-id=\"rov-content-blockblock_5fe0b76d463d0eaa115da17b681486f5\"\n\t\t\t\t\t\t\t\t\t\t \t\t\t\t\t\t\t\t\t\t\t class=\"card-style main-content-wrapper rov-card-style mb-4\">\n\n\t<h2 class=\"block-subtitle blue\">Solicite el Registro de Votantes en tu evento<\/h2>\n\n\t<div class=\"ctnr-block-content\"><p><span id=\"tgtAlignment_0\" class=\"ts-alignment-element\" data-is-focusable=\"true\">El<\/span> <span id=\"tgtAlignment_1\" class=\"ts-alignment-element\" data-is-focusable=\"true\">Registro<\/span> <span id=\"tgtAlignment_2\" class=\"ts-alignment-element\" data-is-focusable=\"true\">de<\/span> <span id=\"tgtAlignment_3\" class=\"ts-alignment-element\" data-is-focusable=\"true\">Votantes<\/span> <span id=\"tgtAlignment_4\" class=\"ts-alignment-element\" data-is-focusable=\"true\">puede<\/span> <span id=\"tgtAlignment_5\" class=\"ts-alignment-element\" data-is-focusable=\"true\">presentar<\/span> <span id=\"tgtAlignment_6\" class=\"ts-alignment-element\" data-is-focusable=\"true\">su<\/span> <span id=\"tgtAlignment_7\" class=\"ts-alignment-element\" data-is-focusable=\"true\">pr\u00f3ximo<\/span> <span id=\"tgtAlignment_8\" class=\"ts-alignment-element\" data-is-focusable=\"true\">evento<\/span> <span id=\"tgtAlignment_9\" class=\"ts-alignment-element\" data-is-focusable=\"true\">con<\/span> <span id=\"tgtAlignment_10\" class=\"ts-alignment-element\" data-is-focusable=\"true\">los<\/span> <span id=\"tgtAlignment_11\" class=\"ts-alignment-element\" data-is-focusable=\"true\">servicios<\/span> <span id=\"tgtAlignment_12\" class=\"ts-alignment-element\" data-is-focusable=\"true\">de<\/span> <span id=\"tgtAlignment_13\" class=\"ts-alignment-element\" data-is-focusable=\"true\">educaci\u00f3n<\/span> <span id=\"tgtAlignment_14\" class=\"ts-alignment-element\" data-is-focusable=\"true\">al<\/span> <span id=\"tgtAlignment_15\" class=\"ts-alignment-element\" data-is-focusable=\"true\">votante<\/span>. Las solicitudes se realizan presentando una <a href=\"https:\/\/uploads.rov.sbcounty.gov\/ROV\/es\/CommunityOutreach\/Form_OutreachEvent_Request.pdf\" target=\"_blank\" rel=\"noopener\">Formulario de solicitud de evento de extensi\u00f3n<\/a>\u00a0[pdf].<\/p>\n<p>Por favor tenga en cuenta que:<\/p>\n<ul>\n<li>Presentar una solicitud no garantiza que se pueda proporcionar el Registro de Votantes.<\/li>\n<li>La disponibilidad es limitada en las semanas previas a las elecciones.<\/li>\n<\/ul>\n<\/div>\n\n  <\/section>\n\n\t<\/div>\n<\/div>\n\n\n  <section data-isd-block-id=\"rov-content-blockblock_0de644e5d1caf08bd3d899f66e9fc043\"\n\t\t\t\t\t\t\t\t\t\t \t\t\t\t\t\t\t\t\t\t\t\tid=\"BM\"\n\t\t\t\t\t\t\t\t\t\t\t\t\t\t\t   \t\t\t\t\t\t\t\t\t\t\t class=\"card-style main-content-wrapper rov-card-style mb-4\">\n\n\t<h2 class=\"block-subtitle blue\">Acerca de BallotMobile<\/h2>\n\n\t<div class=\"ctnr-block-content\"><p>BallotMobile: El Programa M\u00f3vil de Educaci\u00f3n para Votantes lleva educaci\u00f3n para votantes directamente a las comunidades de todo el Condado de San Bernardino. Ayuda a los residentes a aprender c\u00f3mo registrarse para votar, emitir su voto, convertirse en trabajadores electorales para el D\u00eda de las Elecciones y m\u00e1s. El Registro de Votantes se compromete a informar al p\u00fablico sobre el proceso de votaci\u00f3n para que todos tengan lo necesario para participar con confianza en las elecciones.<\/p>\n<p>Visite el Registro de Votantes en cualquiera de los pr\u00f3ximos eventos:<\/p>\n<ul>\n<li style=\"list-style-type: none\">\n<ul>\n<li>Sabado, 28 de marzo de 2026, 10 a.m. &#8211; 2 p.m.<\/li>\n<\/ul>\n<\/li>\n<\/ul>\n<p style=\"padding-left: 120px\">Super Rock Star Walk N Roll Event &#8211; 800 W. Pioneer Ave., Redlands<\/p>\n<ul>\n<li style=\"list-style-type: none\">\n<ul>\n<li>\u00a0Jueves, 16 de abril de 2026, 10:30 a.m. \u2013 1:45 p.m.<\/li>\n<\/ul>\n<\/li>\n<\/ul>\n<p style=\"padding-left: 120px\">Arroyo Valley High School College and Career Fair- 1881 W. Base Line St., San Bernardino<\/p>\n<\/div>\n\n  <\/section>\n\n\t\n\n\n<figure class=\"wp-block-image size-large is-resized\"><img decoding=\"async\" width=\"1024\" height=\"719\" src=\"https:\/\/elections.sbcounty.gov\/es\/wp-content\/uploads\/sites\/4\/2026\/03\/BM_DO-3-C-1024x719.jpg\" alt=\"Ballot mobile  en el aparcamiento\" class=\"wp-image-93761\" style=\"width:1453px;height:auto\" srcset=\"https:\/\/elections.sbcounty.gov\/es\/wp-content\/uploads\/sites\/4\/2026\/03\/BM_DO-3-C-1024x719.jpg 1024w, https:\/\/elections.sbcounty.gov\/es\/wp-content\/uploads\/sites\/4\/2026\/03\/BM_DO-3-C-300x211.jpg 300w, https:\/\/elections.sbcounty.gov\/es\/wp-content\/uploads\/sites\/4\/2026\/03\/BM_DO-3-C-768x539.jpg 768w, https:\/\/elections.sbcounty.gov\/es\/wp-content\/uploads\/sites\/4\/2026\/03\/BM_DO-3-C-1536x1079.jpg 1536w, https:\/\/elections.sbcounty.gov\/es\/wp-content\/uploads\/sites\/4\/2026\/03\/BM_DO-3-C-2048x1439.jpg 2048w\" sizes=\"(max-width: 1024px) 100vw, 1024px\" \/><\/figure>\n\n\n\n\n","protected":false},"excerpt":{"rendered":"<p>Campa\u00f1as de Registro de Votantes Las Campa\u00f1as de Registro de Votantes son iniciativas para aumentar el n\u00famero de votantes registrados. Cualquiera que distribuya tarjetas de registraci\u00f3n de votantes en California debe estar familiarizado con las reglas y las regulaciones para realizar campa\u00f1as de registro de votantes. Clase de Capacitaci\u00f3n en<span class=\"ellipsis\">&#8230;<\/span><\/p>\n","protected":false},"author":19,"featured_media":37382,"parent":0,"menu_order":0,"comment_status":"closed","ping_status":"closed","template":"templates\/rov-left-sidebar-template.php","meta":{"_acf_changed":false,"footnotes":""},"class_list":["post-144","page","type-page","status-publish","has-post-thumbnail","hentry"],"acf":[],"_links":{"self":[{"href":"https:\/\/elections.sbcounty.gov\/es\/wp-json\/wp\/v2\/pages\/144","targetHints":{"allow":["GET"]}}],"collection":[{"href":"https:\/\/elections.sbcounty.gov\/es\/wp-json\/wp\/v2\/pages"}],"about":[{"href":"https:\/\/elections.sbcounty.gov\/es\/wp-json\/wp\/v2\/types\/page"}],"author":[{"embeddable":true,"href":"https:\/\/elections.sbcounty.gov\/es\/wp-json\/wp\/v2\/users\/19"}],"replies":[{"embeddable":true,"href":"https:\/\/elections.sbcounty.gov\/es\/wp-json\/wp\/v2\/comments?post=144"}],"version-history":[{"count":11,"href":"https:\/\/elections.sbcounty.gov\/es\/wp-json\/wp\/v2\/pages\/144\/revisions"}],"predecessor-version":[{"id":93836,"href":"https:\/\/elections.sbcounty.gov\/es\/wp-json\/wp\/v2\/pages\/144\/revisions\/93836"}],"wp:featuredmedia":[{"embeddable":true,"href":"https:\/\/elections.sbcounty.gov\/es\/wp-json\/wp\/v2\/media\/37382"}],"wp:attachment":[{"href":"https:\/\/elections.sbcounty.gov\/es\/wp-json\/wp\/v2\/media?parent=144"}],"curies":[{"name":"wp","href":"https:\/\/api.w.org\/{rel}","templated":true}]}}