{"id":138,"date":"2019-03-27T22:39:29","date_gmt":"2019-03-27T22:39:29","guid":{"rendered":"https:\/\/www.elections.sbcounty.gov\/?page_id=138"},"modified":"2026-04-24T16:06:23","modified_gmt":"2026-04-24T23:06:23","slug":"news","status":"publish","type":"page","link":"https:\/\/elections.sbcounty.gov\/es\/news\/","title":{"rendered":"Comunicados de Prensa y Avisos P\u00fablicos"},"content":{"rendered":"  <section data-isd-block-id=\"rov-content-blockblock_7ff140b763146b2f8ca864062ecebe60\"\n\t\t\t\t\t\t\t\t\t\t \t\t\t\t\t\t\t\t\t\t\t class=\"card-style main-content-wrapper rov-card-style mb-4\">\n\n\t<h2 class=\"block-subtitle blue\">Elecciones Primarias Directas a Nivel Estatal \u2013 2 de junio de 2026<\/h2>\n\n\t<div class=\"ctnr-block-content\"><p>24-06-2026\u00a0 <a class=\"docaccess-activated\" href=\"https:\/\/uploads.rov.sbcounty.gov\/ROV\/es\/News\/2026\/0602\/PublicNotice_ObservationSchedule.pdf\" target=\"_blank\" rel=\"noopener\" data-docaccess-url=\"https:\/\/uploads.rov.sbcounty.gov\/ROV\/es\/News\/2025\/1104\/PublicNotice_ObservationSchedule.pdf\" data-url-hash=\"8899f0716188749b446fb27d9bacba6c628faca1eee50fd5072af4c8fa6fcf78\" data-url-status=\"disabled\">Aviso P\u00fablico \u2013 Calendario de Observaci\u00f3n<\/a><\/p>\n<p>24-04-2026\u00a0 <a class=\"docaccess-activated\" href=\"https:\/\/uploads.rov.sbcounty.gov\/rov\/es\/News\/2026\/0602\/PublicNotice_PollingPlaceCentralCount.pdf\" target=\"_blank\" rel=\"noopener\" data-docaccess-url=\"https:\/\/uploads.rov.sbcounty.gov\/rov\/es\/News\/2025\/1104\/PublicNotice_PollingPlaceCentralCount.pdf\" data-url-hash=\"c13c49fd6655bd1764100f0df818a9cac4b8970ef78234e4559bd81859c160ee\" data-url-status=\"disabled\">Aviso P\u00fablico \u2013 Aviso sobre las Casillas Electorales y el Lugar de Conteo Central<\/a><\/p>\n<p>14-04-2026\u00a0 <a class=\"docaccess-activated\" href=\"https:\/\/uploads.rov.sbcounty.gov\/ROV\/es\/News\/2026\/0602\/PublicNotice_AppointmentsInLieuSchools.pdf\" target=\"_blank\" rel=\"noopener\" data-docaccess-url=\"https:\/\/uploads.rov.sbcounty.gov\/ROV\/es\/News\/2024\/1105\/PublicNotice_AppointmentsInLieuSchools.pdf\" data-url-hash=\"d5af6a2c4b98fd17391076a504efe2ab18d9e9e385e81c38957ae79f3d6577a1\" data-url-status=\"disabled\">Aviso P\u00fablico \u2013 Designaciones a Distritos Escolares en Lugar de Elecciones<\/a><\/p>\n<p>14-04-2026\u00a0 <a class=\"docaccess-activated\" href=\"https:\/\/uploads.rov.sbcounty.gov\/ROV\/es\/News\/2026\/0602\/PublicNotice_MailBallot_DropOffLocations.pdf\" target=\"_blank\" rel=\"noopener\" data-docaccess-url=\"https:\/\/uploads.rov.sbcounty.gov\/ROV\/es\/News\/2025\/1104\/PublicNotice_MailBallot_DropOffLocations.pdf\" data-url-hash=\"8c5349cb4772c5d47a1785fc1fc06a48fdcf3a264873c26e4c45da87887ff119\" data-url-status=\"disabled\">Aviso P\u00fablico \u2013 Lugares para Depositar las Boletas por Correo<\/a><\/p>\n<p>12-03-2026\u00a0 <a class=\"docaccess-activated\" href=\"https:\/\/elections.cdn.sos.ca.gov\/ccrov\/2026\/march\/26057wk.pdf?utm_content=&amp;utm_medium=email&amp;utm_source=govdelivery\" target=\"_blank\" rel=\"noopener\" data-docaccess-source-url=\"https:\/\/uploads.rov.sbcounty.gov\/ROV\/News\/2024\/0305\/SOSRandomAlpha.pdf\" data-url-hash=\"fb638c54b9029157838fc5fced1ca36d743e521f93c34398e36c96e35edf4dcb\" data-url-status=\"disabled\">Sorteo para Orden Aleatorizado de las Letras del Alfabeto del Secretario de Estado<\/a><\/p>\n<p>12-03-2026\u00a0 <a class=\"docaccess-activated\" href=\"https:\/\/uploads.rov.sbcounty.gov\/ROV\/es\/News\/2026\/0602\/PublicNotice_RandomizedAlphabetDraw.pdf\" target=\"_blank\" rel=\"noopener\" data-docaccess-source-url=\"https:\/\/uploads.rov.sbcounty.gov\/ROV\/News\/2024\/0305\/PublicNotice_RandomizedAlphabetDraw.pdf\" data-url-hash=\"fc788adea24c4cbd5365e117175dcc94fce25ec613381b3fa3c14a3e04f25f96\" data-url-status=\"disabled\">Sorteo para Orden Aleatorizado de las Letras del Alfabeto del Condado de San Bernardino<\/a><\/p>\n<p>10-03-2026\u00a0 <a class=\"docaccess-activated\" href=\"https:\/\/uploads.rov.sbcounty.gov\/ROV\/es\/News\/2026\/0602\/PublicNotice_InvitationRandomAlphaDraw.pdf\" target=\"_blank\" rel=\"noopener\" data-docaccess-source-url=\"https:\/\/uploads.rov.sbcounty.gov\/ROV\/es\/News\/2024\/1105\/PublicNotice_InvitationRandomAlphaDraw.pdf\" data-url-hash=\"ed6c4c45e5ac709aa9512a7c1b861c41664d6fdf26cfbf56f3a373f83ec98853\" data-url-status=\"disabled\">Aviso P\u00fablico \u2013 Invitaci\u00f3n para Presenciar el Sorteo de Orden Aleatorizado de las Letras del Alfabeto<\/a><\/p>\n<p>09-03-2026<strong>\u00a0\u00a0<\/strong><a href=\"https:\/\/uploads.rov.sbcounty.gov\/ROV\/es\/News\/2026\/0602\/PublicNotice_MeasureLetterAssignment.pdf\" target=\"_blank\" rel=\"noopener\">Aviso P\u00fablico \u2013 Asignaci\u00f3n de Letras de Medidas<\/a><\/p>\n<p>06-03-2026\u00a0 <a href=\"https:\/\/uploads.rov.sbcounty.gov\/ROV\/es\/News\/2026\/0602\/PublicNotice_CandidateFilingExtension.pdf\" target=\"_blank\" rel=\"noopener\">Aviso P\u00fablico \u2013 Pr\u00f3rrogas de la Fecha L\u00edmite de Presentaci\u00f3n de Candidatos para Cargos Locales<\/a><\/p>\n<p>04-02-2026\u00a0 <a href=\"https:\/\/uploads.rov.sbcounty.gov\/ROV\/es\/News\/2026\/0602\/PressRelease_CandidateFilingBegins.pdf\" target=\"_blank\" rel=\"noopener\">Comunicado de Prensa \u2013 Comienza la Presentaci\u00f3n de Candidatos<\/a><\/p>\n<p>06-01-2026\u00a0 <a href=\"https:\/\/elections.cdn.sos.ca.gov\/statewide-elections\/2026-primary\/proclamation.pdf\" target=\"_blank\" rel=\"noopener\">Proclamaci\u00f3n del Gobernador: Elecciones Primarias Directas a Nivel Estatal<\/a><\/p>\n<p>23-12-2025\u00a0 <a href=\"https:\/\/uploads.rov.sbcounty.gov\/ROV\/News\/2026\/0602\/SanBernardino_NoticeOfOffices.pdf\" target=\"_blank\" rel=\"noopener\">Aviso del Secretario de Estado Sobre los Cargos para los que se Deben Nominar Candidatos<\/a><\/p>\n<p>11-12-2025\u00a0 <a href=\"https:\/\/uploads.rov.sbcounty.gov\/ROV\/es\/Elections\/2026\/0602\/PublicNotice_OfficesUpForElection.pdf\">Aviso P\u00fablico \u2013 Cargos por Elegir<\/a><\/p>\n<\/div>\n\n  <\/section>\n\n\t\n\n  <section data-isd-block-id=\"rov-content-blockblock_d3ea29430e73b4756d56106ab418a0c2\"\n\t\t\t\t\t\t\t\t\t\t \t\t\t\t\t\t\t\t\t\t\t class=\"card-style main-content-wrapper rov-card-style mb-4\">\n\n\t<h2 class=\"block-subtitle blue\">Elecci\u00f3n Especial de la Ciudad de Ontario \u2013 24 de marzo de 2026<\/h2>\n\n\t<div class=\"ctnr-block-content\"><p>15-04-2026\u00a0 <a class=\"docaccess-activated\" href=\"https:\/\/uploads.rov.sbcounty.gov\/ROV\/News\/2026\/0324\/Certification_ElectionResults.pdf\" target=\"_blank\" rel=\"noopener\" data-docaccess-url=\"https:\/\/uploads.rov.sbcounty.gov\/ROV\/News\/2025\/0624\/Certification_ElectionResults.pdf\" data-url-hash=\"a122b9576712e419b8c621e3ed5a00b0e13b18e7c22eccb158021569c7affe28\" data-url-status=\"disabled\">Certificaci\u00f3n de los Resultados de las Elecciones<\/a><\/p>\n<p>08-04-2026\u00a0 <a class=\"docaccess-activated\" href=\"https:\/\/uploads.rov.sbcounty.gov\/rov\/News\/2026\/0324\/Report_PollWorkersWorked.pdf\" target=\"_blank\" rel=\"noopener\" data-docaccess-source-url=\"https:\/\/uploads.rov.sbcounty.gov\/rov\/News\/2025\/1104\/Report_PollWorkersWorked.pdf\" data-url-hash=\"d9fcf635850d20c98162bc08d7aca93b2d482d9b31f02f20c69df58140d83c5e\" data-url-status=\"disabled\">Aviso P\u00fablico \u2013 Trabajadores de Casillas Electorales que Trabajaron<\/a><\/p>\n<p>23-03-2026\u00a0 <a class=\"docaccess-activated\" href=\"https:\/\/uploads.rov.sbcounty.gov\/rov\/es\/News\/2026\/0324\/Report_PollWorkersAssigned.pdf\" target=\"_blank\" rel=\"noopener\" data-docaccess-source-url=\"https:\/\/uploads.rov.sbcounty.gov\/rov\/es\/News\/2025\/1104\/Report_PollWorkersAssigned.pdf\" data-url-hash=\"7ab1229028b9afd82b8360747dc4836b08bb0f8bc106a94a53ea0ed5b6e3a15d\" data-url-status=\"disabled\">Aviso P\u00fablico \u2013 Trabajadores de Casillas Electorales Asignados<\/a><\/p>\n<p>23-02-2026\u00a0 <a class=\"docaccess-activated\" href=\"https:\/\/uploads.rov.sbcounty.gov\/rov\/es\/News\/2026\/0324\/PublicNotice_PollingPlaceCentralCount.pdf\" target=\"_blank\" rel=\"noopener\" data-docaccess-source-url=\"https:\/\/uploads.rov.sbcounty.gov\/rov\/es\/News\/2025\/1104\/PublicNotice_PollingPlaceCentralCount.pdf\" data-url-hash=\"c13c49fd6655bd1764100f0df818a9cac4b8970ef78234e4559bd81859c160ee\" data-url-status=\"disabled\">Aviso P\u00fablico \u2013 Aviso sobre las Casillas Electorales y el Lugar de Conteo Central<\/a><\/p>\n<p>19-02-2026\u00a0 <a class=\"docaccess-activated\" href=\"https:\/\/uploads.rov.sbcounty.gov\/rov\/News\/2026\/0324\/Certification_L&amp;ATest.pdf\" target=\"_blank\" rel=\"noopener\" data-docaccess-source-url=\"https:\/\/uploads.rov.sbcounty.gov\/rov\/News\/2025\/1104\/Certification_L&amp;ATest.pdf\" data-url-hash=\"c550de74b00a89837eaf52e2e6be83f8e0596f40129e4fd1dc3d31f4265c138f\" data-url-status=\"disabled\">Certificaci\u00f3n por parte de la Junta de L\u00f3gica y Precisi\u00f3n<\/a><\/p>\n<p>13-02-2026\u00a0 <a href=\"https:\/\/uploads.rov.sbcounty.gov\/ROV\/es\/News\/2026\/0324\/PublicNotice_ObservationSchedule.pdf\" target=\"_blank\" rel=\"noopener\">Aviso P\u00fablico \u2013 Calendario de Observaci\u00f3n<\/a><\/p>\n<p>06-02-2026\u00a0 <a href=\"https:\/\/uploads.rov.sbcounty.gov\/ROV\/es\/News\/2026\/0324\/PublicNotice_MailBallot_DropOffLocations.pdf\" target=\"_blank\" rel=\"noopener\">Aviso P\u00fablico \u2013 Lugares para Depositar las Boletas por Correo<\/a><\/p>\n<p>29-12-2025<strong>\u00a0\u00a0<\/strong><a href=\"https:\/\/uploads.rov.sbcounty.gov\/ROV\/es\/News\/2026\/0324\/PublicNotice_MeasureLetterAssignment.pdf\" target=\"_blank\" rel=\"noopener\">Aviso P\u00fablico \u2013 Asignaci\u00f3n de Letras de Medidas<\/a><\/p>\n<\/div>\n\n  <\/section>\n\n\t\n\n\n<h2 class=\"wp-block-heading block-subtitle\"><\/h2>\n\n\n\n\n","protected":false},"excerpt":{"rendered":"<p>Elecciones Primarias Directas a Nivel Estatal \u2013 2 de junio de 2026 24-06-2026\u00a0 Aviso P\u00fablico \u2013 Calendario de Observaci\u00f3n 24-04-2026\u00a0 Aviso P\u00fablico \u2013 Aviso sobre las Casillas Electorales y el Lugar de Conteo Central 14-04-2026\u00a0 Aviso P\u00fablico \u2013 Designaciones a Distritos Escolares en Lugar de Elecciones 14-04-2026\u00a0 Aviso P\u00fablico \u2013<span class=\"ellipsis\">&#8230;<\/span><\/p>\n","protected":false},"author":19,"featured_media":37382,"parent":0,"menu_order":0,"comment_status":"closed","ping_status":"closed","template":"templates\/rov-left-sidebar-template.php","meta":{"_acf_changed":false,"footnotes":""},"class_list":["post-138","page","type-page","status-publish","has-post-thumbnail","hentry"],"acf":[],"_links":{"self":[{"href":"https:\/\/elections.sbcounty.gov\/es\/wp-json\/wp\/v2\/pages\/138","targetHints":{"allow":["GET"]}}],"collection":[{"href":"https:\/\/elections.sbcounty.gov\/es\/wp-json\/wp\/v2\/pages"}],"about":[{"href":"https:\/\/elections.sbcounty.gov\/es\/wp-json\/wp\/v2\/types\/page"}],"author":[{"embeddable":true,"href":"https:\/\/elections.sbcounty.gov\/es\/wp-json\/wp\/v2\/users\/19"}],"replies":[{"embeddable":true,"href":"https:\/\/elections.sbcounty.gov\/es\/wp-json\/wp\/v2\/comments?post=138"}],"version-history":[{"count":139,"href":"https:\/\/elections.sbcounty.gov\/es\/wp-json\/wp\/v2\/pages\/138\/revisions"}],"predecessor-version":[{"id":94098,"href":"https:\/\/elections.sbcounty.gov\/es\/wp-json\/wp\/v2\/pages\/138\/revisions\/94098"}],"wp:featuredmedia":[{"embeddable":true,"href":"https:\/\/elections.sbcounty.gov\/es\/wp-json\/wp\/v2\/media\/37382"}],"wp:attachment":[{"href":"https:\/\/elections.sbcounty.gov\/es\/wp-json\/wp\/v2\/media?parent=138"}],"curies":[{"name":"wp","href":"https:\/\/api.w.org\/{rel}","templated":true}]}}