{"id":132,"date":"2019-03-27T22:39:16","date_gmt":"2019-03-27T22:39:16","guid":{"rendered":"https:\/\/www.elections.sbcounty.gov\/?page_id=132"},"modified":"2026-03-19T16:22:56","modified_gmt":"2026-03-19T23:22:56","slug":"election-workers","status":"publish","type":"page","link":"https:\/\/elections.sbcounty.gov\/es\/election-workers\/","title":{"rendered":"Informaci\u00f3n sobre Trabajadores Electorales"},"content":{"rendered":"  <section data-isd-block-id=\"rov-content-blockblock_7a75af288baa6e69d5a7a51e50c4979e\"\n\t\t\t\t\t\t\t\t\t\t \t\t\t\t\t\t\t\t\t\t\t\tid=\"whatis\"\n\t\t\t\t\t\t\t\t\t\t\t\t\t\t\t   \t\t\t\t\t\t\t\t\t\t\t class=\"card-style main-content-wrapper rov-card-style mb-4\">\n\n\t<h2 class=\"block-subtitle blue\">\u00bfQu\u00e9 es el Programa de Trabajadores Electorales?<\/h2>\n\n\t<div class=\"ctnr-block-content\"><p>Los Trabajadores Electorales son voluntarios y voluntarias de la comunidad que apoyan las operaciones de los centros de votaci\u00f3n en todo el Condado.<\/p>\n<p>Como Trabajador Electoral, usted cumplir\u00e1 un deber c\u00edvico vital para garantizar que se preserve el derecho al voto. \u00a1Tambi\u00e9n es una excelente manera de brindar servicios a la comunidad, participar en el proceso democr\u00e1tico y ganar dinero extra!<\/p>\n<p><strong>Requisitos:\u00a0\u00a0<\/strong><\/p>\n<p style=\"padding-left: 40px\">Para ser elegible usted debe:<\/p>\n<ul>\n<li style=\"list-style-type: none\">\n<ul>\n<li>Tener al menos 18 a\u00f1os de edad y ser un votante registrado en el Estado de California<\/li>\n<li>Leer, escribir y comprender ingl\u00e9s<\/li>\n<li>Asistir a una sesi\u00f3n de capacitaci\u00f3n obligatoria de 2 horas<\/li>\n<li>Trabajar el D\u00eda de las Elecciones desde las 6:00 a.m. hasta aproximadamente las 9:30 p.m.<\/li>\n<\/ul>\n<\/li>\n<\/ul>\n<p><strong>Funciones y estipendios:\u00a0 <\/strong><\/p>\n<p style=\"padding-left: 40px\">Hay tres roles disponibles:<\/p>\n<ul>\n<li style=\"list-style-type: none\">\n<ul>\n<li>Empleado: $255<\/li>\n<li>Supervisor Asistente: $260<\/li>\n<li>Supervisor: $300<\/li>\n<li>Capacitaci\u00f3n:\n<ul>\n<li>Capacitaci\u00f3n de Empleados: $30<\/li>\n<li>Capacitaci\u00f3n de Supervisores: $60<\/li>\n<\/ul>\n<\/li>\n<li>Incentivo Biling\u00fce: $20<\/li>\n<\/ul>\n<\/li>\n<\/ul>\n<p>Nota: Para ser elegibles para recibir el incentivo biling\u00fce, los trabajadores electorales deben hablar ingl\u00e9s con fluidez y uno o m\u00e1s de los siguientes idiomas: chino, hindi, indonesio, jemer, coreano, lao, malayo, nepal\u00ed, espa\u00f1ol, tagalo, tailand\u00e9s o vietnamita.<\/p>\n<p><strong>Funciones: <\/strong><\/p>\n<p style=\"padding-left: 40px\">Las principales funciones son:<\/p>\n<ul>\n<li style=\"list-style-type: none\">\n<ul>\n<li>Preparar, abrir y cerrar el centro de votaci\u00f3n<\/li>\n<li>Distribuir y recibir boletas oficiales para los votantes<\/li>\n<li>Ayudar a los votantes en todos los aspectos del proceso de votaci\u00f3n<\/li>\n<\/ul>\n<\/li>\n<\/ul>\n<\/div>\n\n  <\/section>\n\n\t\n\n  <section data-isd-block-id=\"rov-content-blockblock_93edcbf963d9740cb39dfaca7193b8e5\"\n\t\t\t\t\t\t\t\t\t\t \t\t\t\t\t\t\t\t\t\t\t\tid=\"county\"\n\t\t\t\t\t\t\t\t\t\t\t\t\t\t\t   \t\t\t\t\t\t\t\t\t\t\t class=\"card-style main-content-wrapper rov-card-style mb-4\">\n\n\t<h2 class=\"block-subtitle blue\">\u00bfEn qu\u00e9 se diferencia el Programa de Trabajadores Electorales para los Empleados del Condado?<\/h2>\n\n\t<div class=\"ctnr-block-content\"><p>El Programa de Trabajadores Electorales para Empleados del Condado difiere del programa est\u00e1ndar en t\u00e9rminos de requisitos y estado del tiempo de trabajo.<\/p>\n<p><strong>Requisitos:<\/strong><\/p>\n<p style=\"padding-left: 40px\">Para ser elegible usted debe:<\/p>\n<ul>\n<li style=\"list-style-type: none\">\n<ul>\n<li>Ser un empleado del Condado, incluidos, entre otros, un empleado regular, un Empleado del Servicio P\u00fablico (PSE), un empleado de refuerzo o recurrente, o un empleado contratado<\/li>\n<li>Tener una buena relaci\u00f3n con su supervisor o supervisora<\/li>\n<li>Tener al menos 18 a\u00f1os de edad o m\u00e1s antes del D\u00eda de las Elecciones<\/li>\n<li>Enviar una solicitud completa del Programa de Trabajadores Electorales para Empleados del Condado para cada elecci\u00f3n<\/li>\n<li>Leer, escribir y comprender ingl\u00e9s<\/li>\n<li>Asistir a las sesiones de formaci\u00f3n obligatorias<\/li>\n<li>Tener transporte al centro de votaci\u00f3n<\/li>\n<\/ul>\n<\/li>\n<\/ul>\n<p><strong>Tiempo de Trabajo del Empleado:<\/strong><\/p>\n<ul>\n<li>Los empleados del Condado no est\u00e1n obligados a (y no deben) utilizar d\u00edas de vacaciones para asistir a capacitaciones o trabajar en las elecciones.<\/li>\n<li>Los empleados del Condado recibir\u00e1n su salario regular, que puede incluir horas extras y reembolsos de millaje seg\u00fan el Memorando De Entendimiento del empleado y las ordenanzas, pol\u00edticas y procedimientos aplicables.<\/li>\n<li>Los empleados del Condado codificar\u00e1n todas las horas electorales en EMACS (Sistema de Gesti\u00f3n y Compensaci\u00f3n de Empleados) utilizando el c\u00f3digo TRC \u2018POLLS\u2019 y no recibir\u00e1n un pago de estipendio por separado por completar las tareas del D\u00eda de las Elecciones.<\/li>\n<\/ul>\n<p>Se recomienda a los Empleados del Condado interesados en desempe\u00f1arse como trabajadores electorales que completen la <a href=\"https:\/\/uploads.rov.sbcounty.gov\/ROV\/ElectionWorker\/PollWorkerApplicationCounty.pdf\">Solicitud de Empleados del Condado como Trabajadores Electorales<\/a> [pdf].<\/p>\n<\/div>\n\n  <\/section>\n\n\t\n\n  <section data-isd-block-id=\"rov-content-blockblock_0067e36aa741816fb636106d0df1d834\"\n\t\t\t\t\t\t\t\t\t\t \t\t\t\t\t\t\t\t\t\t\t\tid=\"student\"\n\t\t\t\t\t\t\t\t\t\t\t\t\t\t\t   \t\t\t\t\t\t\t\t\t\t\t class=\"card-style main-content-wrapper rov-card-style mb-4\">\n\n\t<h2 class=\"block-subtitle blue\">\u00bfEn qu\u00e9 se diferencia el Programa de Trabajador Electoral Estudiantil?<\/h2>\n\n\t<div class=\"ctnr-block-content\"><p>Desempe\u00f1arse como estudiantes de secundaria trabajadores electorales es una gran oportunidad para aprender sobre el proceso democr\u00e1tico mientras brindan servicios a la comunidad y ganan dinero.\u00a0 El Programa de Trabajador Electoral Estudiantil se diferencia del programa normal en tres aspectos: en t\u00e9rminos de requisitos, roles disponibles y c\u00f3mo postularse.<\/p>\n<p><strong>Requisitos:<\/strong><\/p>\n<p style=\"padding-left: 40px\">Para ser elegible el estudiante debe:<\/p>\n<ul>\n<li style=\"list-style-type: none\">\n<ul>\n<li>Ser un estudiante de secundaria de al menos 16 a\u00f1os de edad<\/li>\n<li>Tener un buen desempe\u00f1o acad\u00e9mico<\/li>\n<li>Poder leer, escribir y comprender ingl\u00e9s<\/li>\n<li>Trabajar el D\u00eda de las Elecciones desde las 6 a.m. hasta aproximadamente las 9:30 p.m.<\/li>\n<li>Asistir a una sesi\u00f3n de capacitaci\u00f3n obligatoria de 2 horas, que se lleva a cabo en el campus<\/li>\n<li>Tener transporte al centro de votaci\u00f3n<\/li>\n<\/ul>\n<\/li>\n<\/ul>\n<p><strong>Rol y estipendio:<\/strong><\/p>\n<p style=\"padding-left: 40px\">A los Trabajadores Electorales Estudiantiles se les asignar\u00e1 el puesto de Secretario o Secretario T\u00e9cnico y se les pagar\u00e1 <strong>$285<\/strong> por el D\u00eda de las Elecciones y su clase de capacitaci\u00f3n de 2 horas.<\/p>\n<p><strong>Beneficios para el Estudiante:<\/strong><\/p>\n<ul>\n<li>A los estudiantes se les brinda la oportunidad de adquirir experiencia pr\u00e1ctica al aprender c\u00f3mo se llevan a cabo las elecciones y adquirir una apreciaci\u00f3n de por vida del proceso democr\u00e1tico.<\/li>\n<li>Los estudiantes reciben capacitaci\u00f3n sobre c\u00f3mo brindar servicios a los votantes en las urnas para su funci\u00f3n espec\u00edfica; esta experiencia en las urnas puede ayudar con su experiencia laboral futura.<\/li>\n<li>La presencia de estudiantes inspira a otros alumnos a preinscribirse y votar cuando cumplan 18 a\u00f1os de edad y\/o convertirse en Trabajadores Electorales en el futuro.<\/li>\n<li>Los estudiantes muestran a su comunidad el apoyo de la pr\u00f3xima generaci\u00f3n de votantes y al mismo tiempo conocen gente nueva.<\/li>\n<\/ul>\n<p><strong>C\u00f3mo Postularse:<\/strong><\/p>\n<p>Comun\u00edcate con el Coordinador del Programa de Trabajador Electoral Estudiantil para obtener m\u00e1s informaci\u00f3n. Si tu escuela no participa en nuestro programa, comun\u00edcate con nuestra oficina y p\u00eddele a tu director que tambi\u00e9n se comunique con nosotros.<\/p>\n<\/div>\n\n  <\/section>\n\n\t\n\n  <section data-isd-block-id=\"rov-content-blockblock_027c7e922bd13007f4b434a2433e1ec9\"\n\t\t\t\t\t\t\t\t\t\t \t\t\t\t\t\t\t\t\t\t\t\tid=\"training\"\n\t\t\t\t\t\t\t\t\t\t\t\t\t\t\t   \t\t\t\t\t\t\t\t\t\t\t class=\"card-style main-content-wrapper rov-card-style mb-4\">\n\n\t<h2 class=\"block-subtitle blue\">\u00bfEn qu\u00e9 consiste la Capacitaci\u00f3n de los Trabajadores Electorales?<\/h2>\n\n\t<div class=\"ctnr-block-content\"><p>Todos los Trabajadores Electorales deben completar una clase de capacitaci\u00f3n b\u00e1sica obligatoria de 2 horas.\u00a0 La clase de capacitaci\u00f3n incluye simulaci\u00f3n pr\u00e1ctica donde los participantes practican situaciones con las que se pueden encontrar en un centro de votaci\u00f3n el D\u00eda de las Elecciones. Las capacitaciones se llevar\u00e1n a cabo en varios lugares del Condado de San Bernardino.<\/p>\n<p>Los Trabajadores Electorales deben tener una cita programada para poder asistir a una clase de capacitaci\u00f3n. Se aceptan personas sin cita previa para la Capacitaci\u00f3n B\u00e1sica, pero es mejor inscribirse para garantizar que haya lugares disponibles.<\/p>\n<p>Durante la capacitaci\u00f3n, se realizar\u00e1n evaluaciones de los aprendices para identificar a los trabajadores que cumplen con los requisitos m\u00ednimos para trabajar el D\u00eda de las Elecciones.\u00a0 Se realizar\u00e1n evaluaciones de desempe\u00f1o para identificar las fortalezas de un trabajador potencial.\u00a0 Estas evaluaciones se utilizan para colocar a los Trabajadores Electorales en el rol adecuado el D\u00eda de las Elecciones o para darles la oportunidad de asistir a una capacitaci\u00f3n avanzada.<\/p>\n<p>Consulte el Cronograma de Clases para la <a href=\"https:\/\/elections.sbcounty.gov\/es\/election-workers\/pollworkerclassschedule\/\">Capacitaci\u00f3n B\u00e1sica obligatoria de 2 horas para Trabajadores Electorales<\/a><\/p>\n<\/div>\n\n  <\/section>\n\n\t\n\n  <section data-isd-block-id=\"rov-content-blockblock_9a14c3c012d3ed776d12ef5c572f5015\"\n\t\t\t\t\t\t\t\t\t\t \t\t\t\t\t\t\t\t\t\t\t\tid=\"videos\"\n\t\t\t\t\t\t\t\t\t\t\t\t\t\t\t   \t\t\t\t\t\t\t\t\t\t\t class=\"card-style main-content-wrapper rov-card-style mb-4\">\n\n\t<h2 class=\"block-subtitle blue\">Material de Capacitaci\u00f3n para los Trabajadores Electorales<\/h2>\n\n\t<div class=\"ctnr-block-content\"><p>Manual del Trabajador Electoral [pr\u00f3ximamente disponible]<\/p>\n<p><a href=\"https:\/\/www.youtube.com\/watch?v=RoJN_ijwRik\" target=\"_blank\" rel=\"noopener\">C\u00f3mo Construir Urnas Electorales<\/a> [enlace externo]<\/p>\n<p><a href=\"https:\/\/www.youtube.com\/watch?v=nzVJTzbcnUg\" target=\"_blank\" rel=\"noopener\">C\u00f3mo instalar las Cabinas de Votaci\u00f3n<\/a> [enlace externo]<\/p>\n<p><a href=\"https:\/\/uploads.rov.sbcounty.gov\/ROV\/es\/ElectionWorker\/Disability_Sensitivity_at_the_Polls.pdf\" target=\"_blank\" rel=\"noopener\">Sensibilidad sobre la Discapacidad en las Urnas<\/a> [pdf]<\/p>\n<p><a href=\"https:\/\/www.youtube.com\/watch?v=Ir-3-r1gBfE\" target=\"_blank\" rel=\"noopener\">C\u00f3mo Interactuar con los Votantes Discapacitados<\/a> [enlace externo]<\/p>\n<p><a href=\"https:\/\/uploads.rov.sbcounty.gov\/ROV\/es\/ElectionWorker\/Guide_PollPad_FullGuide.pdf\" target=\"_blank\" rel=\"noopener\">Gu\u00eda de la Tableta Electoral con escenarios<\/a> [pdf]<\/p>\n<p>Gu\u00eda para Trabajadores Electorales para el Dispositivo de Marcar Boletas (BMD) [pr\u00f3ximamente disponible]<\/p>\n<p><a href=\"https:\/\/www.youtube.com\/watch?v=ONo203FATwM\" target=\"_blank\" rel=\"noopener\">T\u00e9cnicas de Desescalada de Conflictos<\/a> [enlace externo]<\/p>\n<p><a href=\"https:\/\/www.youtube.com\/watch?v=eR8Zzp6E8sI\" target=\"_blank\" rel=\"noopener\">Desescalar un Argumento<\/a> [enlace externo]<\/p>\n<p><a href=\"https:\/\/uploads.rov.sbcounty.gov\/ROV\/ElectionWorker\/De-EscalationHandout_CISA.pdf\" target=\"_blank\" rel=\"noopener\">Manual de Desescalada de CISA <\/a>\u00a0[pdf]<\/p>\n<\/div>\n\n  <\/section>\n\n\t","protected":false},"excerpt":{"rendered":"<p>\u00bfQu\u00e9 es el Programa de Trabajadores Electorales? Los Trabajadores Electorales son voluntarios y voluntarias de la comunidad que apoyan las operaciones de los centros de votaci\u00f3n en todo el Condado. Como Trabajador Electoral, usted cumplir\u00e1 un deber c\u00edvico vital para garantizar que se preserve el derecho al voto. \u00a1Tambi\u00e9n es<span class=\"ellipsis\">&#8230;<\/span><\/p>\n","protected":false},"author":19,"featured_media":37382,"parent":0,"menu_order":0,"comment_status":"closed","ping_status":"closed","template":"templates\/rov-left-sidebar-template.php","meta":{"_acf_changed":false,"footnotes":""},"class_list":["post-132","page","type-page","status-publish","has-post-thumbnail","hentry"],"acf":[],"_links":{"self":[{"href":"https:\/\/elections.sbcounty.gov\/es\/wp-json\/wp\/v2\/pages\/132","targetHints":{"allow":["GET"]}}],"collection":[{"href":"https:\/\/elections.sbcounty.gov\/es\/wp-json\/wp\/v2\/pages"}],"about":[{"href":"https:\/\/elections.sbcounty.gov\/es\/wp-json\/wp\/v2\/types\/page"}],"author":[{"embeddable":true,"href":"https:\/\/elections.sbcounty.gov\/es\/wp-json\/wp\/v2\/users\/19"}],"replies":[{"embeddable":true,"href":"https:\/\/elections.sbcounty.gov\/es\/wp-json\/wp\/v2\/comments?post=132"}],"version-history":[{"count":25,"href":"https:\/\/elections.sbcounty.gov\/es\/wp-json\/wp\/v2\/pages\/132\/revisions"}],"predecessor-version":[{"id":93608,"href":"https:\/\/elections.sbcounty.gov\/es\/wp-json\/wp\/v2\/pages\/132\/revisions\/93608"}],"wp:featuredmedia":[{"embeddable":true,"href":"https:\/\/elections.sbcounty.gov\/es\/wp-json\/wp\/v2\/media\/37382"}],"wp:attachment":[{"href":"https:\/\/elections.sbcounty.gov\/es\/wp-json\/wp\/v2\/media?parent=132"}],"curies":[{"name":"wp","href":"https:\/\/api.w.org\/{rel}","templated":true}]}}