{"id":126,"date":"2019-03-27T22:39:02","date_gmt":"2019-03-27T22:39:02","guid":{"rendered":"https:\/\/www.elections.sbcounty.gov\/?page_id=126"},"modified":"2026-03-05T14:57:05","modified_gmt":"2026-03-05T22:57:05","slug":"elected-officials-candidates","status":"publish","type":"page","link":"https:\/\/elections.sbcounty.gov\/es\/elected-officials-candidates\/","title":{"rendered":"Funcionarios Electos y Candidatos"},"content":{"rendered":"  <section data-isd-block-id=\"rov-content-blockblock_5465d0fc695c4c126047126758372e9c\"\n\t\t\t\t\t\t\t\t\t\t \t\t\t\t\t\t\t\t\t\t\t class=\"card-style main-content-wrapper rov-card-style mb-4\">\n\n\t<h2 class=\"block-subtitle blue\">Funcionarios Electos<\/h2>\n\n\t<div class=\"ctnr-block-content\"><p>En los siguientes enlaces encontrar\u00e1 una lista de los funcionarios electos que ocupan actualmente los cargos:<\/p>\n<p><img decoding=\"async\" class=\"alignright wp-image-35361 size-medium\" src=\"https:\/\/elections.sbcounty.gov\/es\/wp-content\/uploads\/sites\/4\/2021\/12\/EOO-logo-me-gateway-box-1-1-300x277.png\" alt=\"imagen del logo de &quot;my elections gateway&quot;\" width=\"300\" height=\"277\" srcset=\"https:\/\/elections.sbcounty.gov\/es\/wp-content\/uploads\/sites\/4\/2021\/12\/EOO-logo-me-gateway-box-1-1-300x277.png 300w, https:\/\/elections.sbcounty.gov\/es\/wp-content\/uploads\/sites\/4\/2021\/12\/EOO-logo-me-gateway-box-1-1.png 598w\" sizes=\"(max-width: 300px) 100vw, 300px\" \/><a href=\"https:\/\/elections.sbcounty.gov\/es\/elected-officials-candidates\/federal\/\">Funcionarios Electos Federales<\/a><\/p>\n<p><a href=\"https:\/\/elections.sbcounty.gov\/es\/elected-officials-candidates\/state\/\">Funcionarios Electos Estatales<\/a><\/p>\n<p><a href=\"https:\/\/elections.sbcounty.gov\/es\/elected-officials-candidates\/county\/\">Funcionarios Electos del Condado<\/a><\/p>\n<p><a href=\"https:\/\/elections.sbcounty.gov\/es\/elected-officials-candidates\/municipal\/\">Funcionarios Electos de las Ciudades<\/a><\/p>\n<p><a href=\"https:\/\/elections.sbcounty.gov\/es\/elected-officials-candidates\/school\/\">Funcionarios Electos de Distritos Escolares<\/a><\/p>\n<p><a href=\"https:\/\/elections.sbcounty.gov\/es\/elected-officials-candidates\/special-district\/\">Funcionarios Electos de Distritos Especiales<\/a><\/p>\n<p>Para obtener una lista personalizada de sus funcionarios electos, utilice <a href=\"https:\/\/elections.sbcounty.gov\/es\/voterregistration\/myelectiongatewayinfo\/\">My\u00a0Elections Gateway<\/a>.<\/p>\n<\/div>\n\n  <\/section>\n\n\t\n\n  <section data-isd-block-id=\"rov-content-blockblock_2919fc7141af01e581ed6e23f6ef6176\"\n\t\t\t\t\t\t\t\t\t\t \t\t\t\t\t\t\t\t\t\t\t\tid=\"candidate-information\"\n\t\t\t\t\t\t\t\t\t\t\t\t\t\t\t   \t\t\t\t\t\t\t\t\t\t\t class=\"card-style main-content-wrapper rov-card-style mb-4\">\n\n\t<h2 class=\"block-subtitle blue\">Informaci\u00f3n del Candidato<\/h2>\n\n\t<div class=\"ctnr-block-content\"><p><strong>Informaci\u00f3n sobre la Presentaci\u00f3n de Candidatos para la Elecciones Primarias Directas Estatales del 2 de junio de 2026:<\/strong><\/p>\n<ul>\n<li>Vea la <a href=\"https:\/\/uploads.rov.sbcounty.gov\/ROV\/Elections\/2026\/0602\/Guide_CandidateFiling.pdf\" target=\"_blank\" rel=\"noopener\">Gu\u00eda de Presentaci\u00f3n de Candidatos<\/a> [pdf] para la Elecciones Primarias Directas Estatales del 2 de junio de 2026.<\/li>\n<li>Consulte los\u00a0Costos Estimados de las Declaraciones de los Candidatos [pr\u00f3ximamente disponible]<\/li>\n<li><a href=\"https:\/\/outlook.office365.com\/book\/CandidateFilingCalendar@sbcounty.gov\/?ismsaljsauthenabled\">Programe una cita para la presentaci\u00f3n de la solicitud<\/a><\/li>\n<\/ul>\n<p><strong>Formulario de Declaraci\u00f3n del Candidato:<\/strong><\/p>\n<ul>\n<li>Use el <a href=\"https:\/\/uploads.rov.sbcounty.gov\/ROV\/ElectedOfficialsAndCandidates\/Form_CandidateStatement.docx\" target=\"_blank\" rel=\"noopener\">Formulario de Declaraci\u00f3n del Candidato<\/a> [docx] para preparar una declaraci\u00f3n de candidato para su impresi\u00f3n en la Gu\u00eda de Informaci\u00f3n para el Votante del Condado.<\/li>\n<\/ul>\n<p><strong>Declaraci\u00f3n de Responsabilidad de Carteles Pol\u00edticos Temporales:<\/strong><\/p>\n<p>Los candidatos y las campa\u00f1as que coloquen carteles pol\u00edticos temporales deben presentar una Declaraci\u00f3n de Responsabilidad ante el Departamento de Transporte de California, en la que nombren a la persona responsable de retirar los carteles. \u00a0Pueden existir restricciones adicionales sobre la colocaci\u00f3n de carteles pol\u00edticos. Para obtener m\u00e1s informaci\u00f3n, vea la Gu\u00eda de Presentaci\u00f3n de Candidatos.<\/p>\n<ul>\n<li><a href=\"https:\/\/uploads.rov.sbcounty.gov\/ROV\/ElectedOfficialsAndCandidates\/ODA0027_Statement_of_Responsibility_for_Temporary_Political_Signs.pdf\" target=\"_blank\" rel=\"noopener\">Declaraci\u00f3n de Responsabilidad de Carteles Pol\u00edticos Temporales<\/a> [pdf]<\/li>\n<\/ul>\n<\/div>\n\n  <\/section>\n\n\t\n\n  <section data-isd-block-id=\"rov-content-blockblock_e6f558bd7664564ac4d7a247dcd665e3\"\n\t\t\t\t\t\t\t\t\t\t \t\t\t\t\t\t\t\t\t\t\t\tid=\"campaign\"\n\t\t\t\t\t\t\t\t\t\t\t\t\t\t\t   \t\t\t\t\t\t\t\t\t\t\t class=\"card-style main-content-wrapper rov-card-style mb-4\">\n\n\t<h2 class=\"block-subtitle blue\">Informaci\u00f3n sobre Financiamiento de Campa\u00f1as<\/h2>\n\n\t<div class=\"ctnr-block-content\"><p><strong>Registros de Financiamiento de Campa\u00f1as:<\/strong><\/p>\n<p><a href=\"https:\/\/public.netfile.com\/pub2\/?aid=SBD\" target=\"_blank\" rel=\"noopener\">Busque Registros de Financiamiento de Campa\u00f1as<\/a><\/p>\n<p><a href=\"https:\/\/netfile.com\/idp\/Account\/SignIn\" target=\"_blank\" rel=\"noopener\">Presente Registros de Financiamiento de Campa\u00f1as<\/a><\/p>\n<p><a href=\"https:\/\/www.fppc.ca.gov\/\" target=\"_blank\" rel=\"noopener\">Comisi\u00f3n de Pr\u00e1cticas Pol\u00edticas Justas<\/a><\/p>\n<ul>\n<li><a href=\"https:\/\/www.fppc.ca.gov\/learn\/training-and-outreach\/upcoming-training-opportunities\/\" target=\"_blank\" rel=\"noopener\">Capacitaci\u00f3n y Divulgaci\u00f3n para Candidatos, Tesoreros y Comit\u00e9s<\/a><\/li>\n<li><a href=\"https:\/\/www.fppc.ca.gov\/learn\/campaign-rules\/when-and-where-to-file-campaign-statements\/\" target=\"_blank\" rel=\"noopener\">Cu\u00e1ndo y D\u00f3nde hay que Presentar las Declaraciones de Campa\u00f1a<\/a><\/li>\n<\/ul>\n<p><a href=\"https:\/\/uploads.rov.sbcounty.gov\/ROV\/ElectedOfficialsAndCandidates\/CAC\/ORD4479.pdf\" target=\"_blank\" rel=\"noopener\">C\u00f3digos de Reforma del Financiamiento de Campa\u00f1as del Condado de San Bernardino<\/a><\/p>\n<p>Para obtener informaci\u00f3n adicional, visite el <a href=\"https:\/\/cal-access.sos.ca.gov\/Campaign\/\" target=\"_blank\" rel=\"noopener\">sitio web de Cal-Access<\/a>, que ofrece m\u00e1s informaci\u00f3n financiera facilitada por candidatos estatales, donantes, cabilderos y otros.<\/p>\n<\/div>\n\n  <\/section>\n\n\t\n\n  <section data-isd-block-id=\"rov-content-blockblock_66717fe7192e71ba6176059b5e0ac17a\"\n\t\t\t\t\t\t\t\t\t\t \t\t\t\t\t\t\t\t\t\t\t\tid=\"voterlist\"\n\t\t\t\t\t\t\t\t\t\t\t\t\t\t\t   \t\t\t\t\t\t\t\t\t\t\t class=\"card-style main-content-wrapper rov-card-style mb-4\">\n\n\t<h2 class=\"block-subtitle blue\">Lista de Votantes de las Casillas Electorales &#8211; Elecci\u00f3n Especial Estatal de 2025<\/h2>\n\n\t<div class=\"ctnr-block-content\"><p>Para campa\u00f1as que dan seguimiento a la participaci\u00f3n de los votantes:<\/p>\n<ul>\n<li>Vea la <a href=\"https:\/\/elections.sbcounty.gov\/elections\/2025\/1104\/voterlist\/\">Lista de Votantes de la Elecci\u00f3n Especial Estatal de 2025<\/a> para hacer un seguimiento de los votantes que han votado en una casilla electoral del Condado de San Bernardino.<\/li>\n<li>La lista puede visualizarse por casilla electoral o por distrito electoral.<\/li>\n<li>Esta lista se actualiza cada hora mientras est\u00e1n abiertas las casillas.\n<ul>\n<li>Las casillas electorales abren el 4 de noviembre de 7 a.m. a 8 p.m.<\/li>\n<\/ul>\n<\/li>\n<\/ul>\n<\/div>\n\n  <\/section>\n\n\t","protected":false},"excerpt":{"rendered":"<p>Funcionarios Electos En los siguientes enlaces encontrar\u00e1 una lista de los funcionarios electos que ocupan actualmente los cargos: Funcionarios Electos Federales Funcionarios Electos Estatales Funcionarios Electos del Condado Funcionarios Electos de las Ciudades Funcionarios Electos de Distritos Escolares Funcionarios Electos de Distritos Especiales Para obtener una lista personalizada de sus<span class=\"ellipsis\">&#8230;<\/span><\/p>\n","protected":false},"author":19,"featured_media":37382,"parent":0,"menu_order":0,"comment_status":"closed","ping_status":"closed","template":"templates\/rov-left-sidebar-template.php","meta":{"_acf_changed":false,"footnotes":""},"class_list":["post-126","page","type-page","status-publish","has-post-thumbnail","hentry"],"acf":[],"_links":{"self":[{"href":"https:\/\/elections.sbcounty.gov\/es\/wp-json\/wp\/v2\/pages\/126","targetHints":{"allow":["GET"]}}],"collection":[{"href":"https:\/\/elections.sbcounty.gov\/es\/wp-json\/wp\/v2\/pages"}],"about":[{"href":"https:\/\/elections.sbcounty.gov\/es\/wp-json\/wp\/v2\/types\/page"}],"author":[{"embeddable":true,"href":"https:\/\/elections.sbcounty.gov\/es\/wp-json\/wp\/v2\/users\/19"}],"replies":[{"embeddable":true,"href":"https:\/\/elections.sbcounty.gov\/es\/wp-json\/wp\/v2\/comments?post=126"}],"version-history":[{"count":42,"href":"https:\/\/elections.sbcounty.gov\/es\/wp-json\/wp\/v2\/pages\/126\/revisions"}],"predecessor-version":[{"id":93372,"href":"https:\/\/elections.sbcounty.gov\/es\/wp-json\/wp\/v2\/pages\/126\/revisions\/93372"}],"wp:featuredmedia":[{"embeddable":true,"href":"https:\/\/elections.sbcounty.gov\/es\/wp-json\/wp\/v2\/media\/37382"}],"wp:attachment":[{"href":"https:\/\/elections.sbcounty.gov\/es\/wp-json\/wp\/v2\/media?parent=126"}],"curies":[{"name":"wp","href":"https:\/\/api.w.org\/{rel}","templated":true}]}}