{"id":1206,"date":"2019-04-11T20:59:30","date_gmt":"2019-04-11T20:59:30","guid":{"rendered":"https:\/\/www.elections.sbcounty.gov\/?page_id=1206"},"modified":"2026-03-05T15:06:40","modified_gmt":"2026-03-05T23:06:40","slug":"community-resources-links","status":"publish","type":"page","link":"https:\/\/elections.sbcounty.gov\/es\/community-outreach\/community-resources-links\/","title":{"rendered":"Recursos y Enlaces de la Comunidad"},"content":{"rendered":"  <section data-isd-block-id=\"rov-content-blockblock_d5b45c896daaa5131b1bb6d0dfafc840\"\n\t\t\t\t\t\t\t\t\t\t \t\t\t\t\t\t\t\t\t\t\t class=\"card-style main-content-wrapper rov-card-style mb-4\">\n\n\t<h2 class=\"block-subtitle blue\">Recursos del Registro de Votantes<\/h2>\n\n\t<div class=\"ctnr-block-content\"><p><a href=\"https:\/\/www.sbcounty.gov\/uploads\/ROV\/CommunityOutreach\/Form_SpeakerRequest.pdf\" target=\"_blank\" rel=\"noopener\">Solicitud para un Orador del Registro de Votantes<\/a> [pdf]<br \/>\n<a href=\"https:\/\/www.arcgis.com\/apps\/mapviewer\/index.html?webmap=75b3d0a7073a441983573d98952f761e&amp;extent=-117.7863,33.9057,-117.2888,34.1243\" target=\"_blank\" rel=\"noopener\">Mapa de Participaci\u00f3n de Votantes por Distrito Electoral<\/a><\/p>\n<\/div>\n\n  <\/section>\n\n\t\n\n  <section data-isd-block-id=\"rov-content-blockblock_911402e962ddd5e54b82da22eeaf1462\"\n\t\t\t\t\t\t\t\t\t\t \t\t\t\t\t\t\t\t\t\t\t class=\"card-style main-content-wrapper rov-card-style mb-4\">\n\n\t<h2 class=\"block-subtitle blue\">Recursos Estatales<\/h2>\n\n\t<div class=\"ctnr-block-content\"><p><a href=\"https:\/\/caconnect.org\/relay\/\" target=\"_blank\" rel=\"noopener\">Servicio de Retransmisi\u00f3n de California<\/a><br \/>\n<a href=\"https:\/\/www.sos.ca.gov\/\" target=\"_blank\" rel=\"noopener\">Secretaria de Estado de California<\/a><br \/>\n<a href=\"https:\/\/www.sos.ca.gov\/elections\/help-america-vote-act\" target=\"_blank\" rel=\"noopener\">Ley Para Ayudar a Am\u00e9rica a Votar (HAVA)<\/a><br \/>\n<a href=\"https:\/\/leginfo.legislature.ca.gov\/faces\/codes_displaySection.xhtml?lawCode=ELEC&amp;sectionNum=14201.\" target=\"_blank\" rel=\"noopener\">Asistencia de Idiomas \u2013 C\u00f3digo Electoral 14201<\/a><br \/>\n<a href=\"https:\/\/www.sos.ca.gov\/elections\/publications-and-resources\/polling-place-accessibility-guidelines\" target=\"_blank\" rel=\"noopener\">Requisitos de Accesibilidad en las Casillas Electorales<\/a><br \/>\n<a href=\"https:\/\/www.sos.ca.gov\/elections\/publications-and-resources\/voter-complaint\" target=\"_blank\" rel=\"noopener\">Formularios de Conformidad de la Secretaria de Estado<\/a><br \/>\n<a href=\"https:\/\/www.sos.ca.gov\/elections\/publications-and-resources\/guide-vr-drives\" target=\"_blank\" rel=\"noopener\">Gu\u00eda de la Secretaria de Estado para las Campa\u00f1as de Registro de Votantes<\/a><br \/>\n<a href=\"https:\/\/www.sos.ca.gov\/elections\/voting-resources\/voting-california\/voter-hotlines\" target=\"_blank\" rel=\"noopener\">L\u00edneas Directas para Votantes de la Secretaria de Estado<\/a><br \/>\n<a href=\"https:\/\/www.sos.ca.gov\/elections\/laac\" target=\"_blank\" rel=\"noopener\">Comit\u00e9 Asesor Estatal de Accesibilidad de Idiomas<\/a><br \/>\n<a href=\"https:\/\/www.sos.ca.gov\/elections\/vaac\" target=\"_blank\" rel=\"noopener\">Comit\u00e9 Asesor Estatal de Accesibilidad al Voto<\/a><br \/>\n<a href=\"https:\/\/elections.cdn.sos.ca.gov\/voter-bill-of-rights\/spanish.pdf\" target=\"_blank\" rel=\"noopener\"><u>Declaraci\u00f3n de Derechos del Votante <\/u><\/a><\/p>\n<\/div>\n\n  <\/section>\n\n\t\n\n  <section data-isd-block-id=\"rov-content-blockblock_6a48c2d17ba9c5a21a28c4a1dbbf0984\"\n\t\t\t\t\t\t\t\t\t\t \t\t\t\t\t\t\t\t\t\t\t class=\"card-style main-content-wrapper rov-card-style mb-4\">\n\n\t<h2 class=\"block-subtitle blue\">Recursos Federales<\/h2>\n\n\t<div class=\"ctnr-block-content\"><p><a href=\"https:\/\/www.ada.gov\/\" target=\"_blank\" rel=\"noopener\">Ley para Estadounidenses con Discapacidades<\/a><br \/>\n<a href=\"https:\/\/www.fcc.gov\/consumers\/guides\/telecommunications-relay-service-trs\" target=\"_blank\" rel=\"noopener\">FCC \u2013 Gu\u00eda del Consumidor para el Servicio de Retransmisi\u00f3n de Telecomunicaciones<\/a><br \/>\n<a href=\"https:\/\/www.eac.gov\/\" target=\"_blank\" rel=\"noopener\">Comisi\u00f3n de Asistencia Electoral (EAC) de EE. UU.<\/a><br \/>\n<a href=\"https:\/\/www.census.gov\/\" target=\"_blank\" rel=\"noopener\">Oficina de Censos de EE. UU.<\/a><br \/>\n<a href=\"https:\/\/www.justice.gov\/crt\/about-language-minority-voting-rights\" target=\"_blank\" rel=\"noopener\">Ley de Derechos Electorales \u2013 Secci\u00f3n 203<\/a><\/p>\n<\/div>\n\n  <\/section>\n\n\t\n\n  <section data-isd-block-id=\"rov-content-blockblock_2c85e1fcd1799628a9929d5edbc7cbc1\"\n\t\t\t\t\t\t\t\t\t\t \t\t\t\t\t\t\t\t\t\t\t class=\"card-style main-content-wrapper rov-card-style mb-4\">\n\n\t<h2 class=\"block-subtitle blue\">Recursos Adicionales<\/h2>\n\n\t<div class=\"ctnr-block-content\"><p>L\u00edneas Directas de Asian Americans Advancing Justice el D\u00eda de las Elecciones &#8211; (888) 274-8683<\/p>\n<ul>\n<li>Se ofrece asistencia biling\u00fce en ingl\u00e9s, mandar\u00edn (\u666e\u901a\u8a71), canton\u00e9s (\u5ee3\u6771\u8a71), coreano (\ud55c\uad6d\uc5b4), vietnamita (ti\u1ebfng Vi\u1ec7t), tagalo, urdu (\u0627\u0631\u062f\u0648), hindi (\u0939\u093f\u0902\u0926\u0940), bengal\u00ed\/bangla (\u09ac\u09be\u0982\u09b2\u09be) y punjabi (\u0a2a\u0a70\u0a1c\u0a3e\u0a2c\u0a40)<\/li>\n<\/ul>\n<p><a href=\"https:\/\/www.disabilityrightsca.org\/\" target=\"_blank\" rel=\"noopener\">Disability Rights California<\/a>\u00a0\u2013 L\u00ednea Directa para Votantes con Discapacidad el D\u00eda de las Elecciones (888) 569-7955<br \/>\n<a href=\"https:\/\/www.lwv.org\/elections\" target=\"_blank\" rel=\"noopener\">League of Women Voters<\/a><br \/>\n<a href=\"https:\/\/naleo.org\/\" target=\"_blank\" rel=\"noopener\">National Association of Latino Elected and Appointed Officials (NALEO)<\/a>\u2013 L\u00ednea Directa de Ve y Vota (888) 839-8682<br \/>\n<a href=\"https:\/\/todec.org\/\" target=\"_blank\" rel=\"noopener\">TODEC<\/a><br \/>\n<a href=\"https:\/\/www.youtube.com\/watch?v=3hMj8Y0EFlc\" target=\"_blank\" rel=\"noopener\">Video de YouTube: Making and Receiving a TTY call (C\u00f3mo hacer y recibir una llamada TTY)<\/a><\/p>\n<\/div>\n\n  <\/section>\n\n\t\n\n\n\n","protected":false},"excerpt":{"rendered":"<p>Recursos del Registro de Votantes Solicitud para un Orador del Registro de Votantes [pdf] Mapa de Participaci\u00f3n de Votantes por Distrito Electoral Recursos Estatales Servicio de Retransmisi\u00f3n de California Secretaria de Estado de California Ley Para Ayudar a Am\u00e9rica a Votar (HAVA) Asistencia de Idiomas \u2013 C\u00f3digo Electoral 14201 Requisitos<span class=\"ellipsis\">&#8230;<\/span><\/p>\n","protected":false},"author":19,"featured_media":37382,"parent":144,"menu_order":0,"comment_status":"closed","ping_status":"closed","template":"templates\/rov-left-sidebar-template.php","meta":{"_acf_changed":false,"footnotes":""},"class_list":["post-1206","page","type-page","status-publish","has-post-thumbnail","hentry"],"acf":[],"_links":{"self":[{"href":"https:\/\/elections.sbcounty.gov\/es\/wp-json\/wp\/v2\/pages\/1206","targetHints":{"allow":["GET"]}}],"collection":[{"href":"https:\/\/elections.sbcounty.gov\/es\/wp-json\/wp\/v2\/pages"}],"about":[{"href":"https:\/\/elections.sbcounty.gov\/es\/wp-json\/wp\/v2\/types\/page"}],"author":[{"embeddable":true,"href":"https:\/\/elections.sbcounty.gov\/es\/wp-json\/wp\/v2\/users\/19"}],"replies":[{"embeddable":true,"href":"https:\/\/elections.sbcounty.gov\/es\/wp-json\/wp\/v2\/comments?post=1206"}],"version-history":[{"count":5,"href":"https:\/\/elections.sbcounty.gov\/es\/wp-json\/wp\/v2\/pages\/1206\/revisions"}],"predecessor-version":[{"id":93378,"href":"https:\/\/elections.sbcounty.gov\/es\/wp-json\/wp\/v2\/pages\/1206\/revisions\/93378"}],"up":[{"embeddable":true,"href":"https:\/\/elections.sbcounty.gov\/es\/wp-json\/wp\/v2\/pages\/144"}],"wp:featuredmedia":[{"embeddable":true,"href":"https:\/\/elections.sbcounty.gov\/es\/wp-json\/wp\/v2\/media\/37382"}],"wp:attachment":[{"href":"https:\/\/elections.sbcounty.gov\/es\/wp-json\/wp\/v2\/media?parent=1206"}],"curies":[{"name":"wp","href":"https:\/\/api.w.org\/{rel}","templated":true}]}}