{"id":105,"date":"2019-03-27T22:38:09","date_gmt":"2019-03-27T22:38:09","guid":{"rendered":"https:\/\/www.elections.sbcounty.gov\/?page_id=105"},"modified":"2019-03-27T22:38:09","modified_gmt":"2019-03-27T22:38:09","slug":"voterregistration","status":"publish","type":"page","link":"https:\/\/elections.sbcounty.gov\/es\/voterregistration\/","title":{"rendered":"Registro de Votantes"},"content":{"rendered":"  <section data-isd-block-id=\"rov-content-blockblock_5d4249ec840901a83019b54bf4bea468\"\n\t\t\t\t\t\t\t\t\t\t \t\t\t\t\t\t\t\t\t\t\t class=\"card-style main-content-wrapper rov-card-style mb-4\">\n\n\t<h2 class=\"block-subtitle blue\">Declaraci\u00f3n de Privacidad del Votante<\/h2>\n\n\t<div class=\"ctnr-block-content\"><p>La informaci\u00f3n de su declaraci\u00f3n jurada de registro de votante ser\u00e1 usada por los funcionarios electorales para enviarle tanto informaci\u00f3n oficial sobre el proceso de votaci\u00f3n, como la ubicaci\u00f3n de su casilla electoral y los temas y candidatos que aparecer\u00e1n en la boleta. El uso comercial de la informaci\u00f3n del registro de votantes est\u00e1 prohibido por la ley y es un delito menor.<\/p>\n<p>La informaci\u00f3n sobre los votantes puede facilitarse a un candidato a un cargo, a un comit\u00e9 de una medida a votaci\u00f3n o a otra persona con prop\u00f3sitos electorales, acad\u00e9micos, period\u00edsticos, pol\u00edticos o gubernamentales, seg\u00fan determine el Secretario de Estado. Los n\u00fameros de la licencia de conducir y del seguro social, o su firma como se muestra en su tarjeta de registraci\u00f3n de votante no pueden ser divulgados para estos prop\u00f3sitos.<\/p>\n<p>Si tiene alguna pregunta sobre el uso de la informaci\u00f3n de los votantes o desea reportar un presunto uso indebido de dicha informaci\u00f3n, llame a la L\u00ednea Directa del Votante del Secretario de Estado de California al (800)\u00a0345-VOTE (8683).<\/p>\n<p>Ciertos votantes que se enfrentan a situaciones que ponen en peligro su vida pueden calificar para la condici\u00f3n de votante confidencial. Para obtener m\u00e1s informaci\u00f3n sobre el programa Seguridad en el Hogar del Secretario de Estado de California, llame al (877) 322-5227 o visite la p\u00e1gina web <a href=\"https:\/\/www.sos.ca.gov\/registries\/safe-home\" target=\"_blank\" rel=\"noopener\">Seguridad en el Hogar<\/a> del Secretario de Estado de California.<\/p>\n<\/div>\n\n  <\/section>\n\n\t","protected":false},"excerpt":{"rendered":"<p>Declaraci\u00f3n de Privacidad del Votante La informaci\u00f3n de su declaraci\u00f3n jurada de registro de votante ser\u00e1 usada por los funcionarios electorales para enviarle tanto informaci\u00f3n oficial sobre el proceso de votaci\u00f3n, como la ubicaci\u00f3n de su casilla electoral y los temas y candidatos que aparecer\u00e1n en la boleta. El uso<span class=\"ellipsis\">&#8230;<\/span><\/p>\n","protected":false},"author":19,"featured_media":37382,"parent":0,"menu_order":0,"comment_status":"closed","ping_status":"closed","template":"templates\/rov-left-sidebar-template.php","meta":{"_acf_changed":false,"footnotes":""},"class_list":["post-105","page","type-page","status-publish","has-post-thumbnail","hentry"],"acf":[],"_links":{"self":[{"href":"https:\/\/elections.sbcounty.gov\/es\/wp-json\/wp\/v2\/pages\/105","targetHints":{"allow":["GET"]}}],"collection":[{"href":"https:\/\/elections.sbcounty.gov\/es\/wp-json\/wp\/v2\/pages"}],"about":[{"href":"https:\/\/elections.sbcounty.gov\/es\/wp-json\/wp\/v2\/types\/page"}],"author":[{"embeddable":true,"href":"https:\/\/elections.sbcounty.gov\/es\/wp-json\/wp\/v2\/users\/19"}],"replies":[{"embeddable":true,"href":"https:\/\/elections.sbcounty.gov\/es\/wp-json\/wp\/v2\/comments?post=105"}],"version-history":[{"count":0,"href":"https:\/\/elections.sbcounty.gov\/es\/wp-json\/wp\/v2\/pages\/105\/revisions"}],"wp:featuredmedia":[{"embeddable":true,"href":"https:\/\/elections.sbcounty.gov\/es\/wp-json\/wp\/v2\/media\/37382"}],"wp:attachment":[{"href":"https:\/\/elections.sbcounty.gov\/es\/wp-json\/wp\/v2\/media?parent=105"}],"curies":[{"name":"wp","href":"https:\/\/api.w.org\/{rel}","templated":true}]}}